{"id":431914,"date":"2024-09-19T09:00:15","date_gmt":"2024-09-19T09:00:16","guid":{"rendered":"https:\/\/www.erresse-shop.it\/?post_type=product&#038;p=431914"},"modified":"2024-10-16T08:12:08","modified_gmt":"2024-10-16T08:12:08","slug":"le-creuset-sarten-de-hierro-fundido-para-risotto-24-cm-naranja","status":"publish","type":"product","link":"https:\/\/www.erresse-shop.it\/es\/shop\/sartenes-y-ollas\/cazuelas\/le-creuset-sarten-de-hierro-fundido-para-risotto-24-cm-naranja\/","title":{"rendered":"LE CREUSET Sart\u00e9n de hierro fundido para Risotto 24 cm Naranja"},"content":{"rendered":"<p>\u200dDise\u00f1ada con lados inclinados y una gran superficie, esta sart\u00e9n para risotto es ideal para dorar, saltear, estofar y fre\u00edr. Hierva caldo o prepare salsas desde cero para obtener sabores del siguiente nivel. Construida en hierro fundido vitrificado, distribuye el calor de manera uniforme y mejora el proceso de cocci\u00f3n. Cuando tus platos est\u00e9n listos, lleva tus creaciones a la mesa para disfrutar de comidas memorables con tus seres queridos.<\/p>\n<ul>\n<li>Nuestro pomo resistente al calor (hasta 260\u00b0C) est\u00e1 dise\u00f1ado para un excelente agarre, incluso cuando se utiliza una agarradera para levantar la tapa.<\/li>\n<li>Mangos de ensue\u00f1o: Gracias a nuestros mangos grandes, podr\u00e1s pasar f\u00e1cilmente de la estufa a la mesa, incluso usando guantes para horno.<\/li>\n<li>Versatilidad: Este producto es apto para horno, vitrocer\u00e1mica y horno en modo grill.<\/li>\n<li>Comida de gran sabor: el hierro fundido vitrificado retiene el calor para cocinar y dorar de manera uniforme. Tus deliciosas creaciones se mantendr\u00e1n calientes por m\u00e1s tiempo incluso en la mesa.<\/li>\n<li>Conserva la suculencia: Nuestra tapa conserva el vapor generado al cocinar los alimentos y realza los sabores, para obtener resultados de cocci\u00f3n extraordinarios.<\/li>\n<li>F\u00e1cil de agarrar: las asas elegantes y c\u00f3modas le permiten levantar el producto de forma segura.<\/li>\n<li>Lo mejor de su clase: Nuestros productos se fabrican con los mejores materiales en f\u00e1bricas ubicadas en todo el mundo para garantizar la calidad que espera de Le Creuset.<\/li>\n<\/ul>\n<p>Material: hierro fundido vitrificado<br \/>\nMedidas: 32,5 cm, 25,2 cm, 14,7 cm<br \/>\nFabricado en: Francia<br \/>\nGarant\u00eda: de por vida<\/p>\n<p><strong>Fuente de calor:<\/strong><\/p>\n<ul>\n<li>Horno<\/li>\n<li>Modo grill del horno<\/li>\n<li>Placa el\u00e9ctrica<\/li>\n<li>Cer\u00e1mica de vidrio<\/li>\n<li>encimera de gas<\/li>\n<li>Placa de inducci\u00f3n<\/li>\n<\/ul>\n","protected":false},"excerpt":{"rendered":"<p>\u200dDise\u00f1ada con lados inclinados y una gran superficie, esta sart\u00e9n para risotto es ideal para dorar, saltear, estofar y fre\u00edr.<\/p>\n","protected":false},"featured_media":452092,"template":"","meta":{"_acf_changed":false,"inline_featured_image":false},"product_cat":[16072,16058],"product_tag":[16211,16137,20719,16158,16654,21333,16449],"acf":[],"yoast_head":"<!-- This site is optimized with the Yoast SEO Premium plugin v18.6 (Yoast SEO v19.13) - https:\/\/yoast.com\/wordpress\/plugins\/seo\/ -->\n<title>LE CREUSET Sart\u00e9n de hierro fundido para Risotto 24 cm Naranja - Erresse Shop<\/title>\n<meta name=\"description\" content=\"\u200dDise\u00f1ada con lados inclinados y una gran superficie, esta sart\u00e9n para risotto es ideal para dorar, saltear, estofar y fre\u00edr. Hierva caldo o prepare\" \/>\n<meta name=\"robots\" content=\"index, follow, max-snippet:-1, max-image-preview:large, max-video-preview:-1\" \/>\n<link rel=\"canonical\" href=\"https:\/\/www.erresse-shop.it\/es\/shop\/sartenes-y-ollas\/cazuelas\/le-creuset-sarten-de-hierro-fundido-para-risotto-24-cm-naranja\/\" \/>\n<meta property=\"og:locale\" content=\"es_ES\" \/>\n<meta property=\"og:type\" content=\"article\" \/>\n<meta property=\"og:title\" content=\"LE CREUSET Sart\u00e9n de hierro fundido para Risotto 24 cm Naranja\" \/>\n<meta property=\"og:description\" content=\"\u200dDise\u00f1ada con lados inclinados y una gran superficie, esta sart\u00e9n para risotto es ideal para dorar, saltear, estofar y fre\u00edr. Hierva caldo o prepare\" \/>\n<meta property=\"og:url\" content=\"https:\/\/www.erresse-shop.it\/es\/shop\/sartenes-y-ollas\/cazuelas\/le-creuset-sarten-de-hierro-fundido-para-risotto-24-cm-naranja\/\" \/>\n<meta property=\"og:site_name\" content=\"Erresse Shop\" \/>\n<meta property=\"article:modified_time\" content=\"2024-10-16T08:12:08+00:00\" \/>\n<meta property=\"og:image\" content=\"https:\/\/www.erresse-shop.it\/wp-content\/uploads\/2024\/09\/LE-CREUSET-Tegame-Risotto-in-Ghisa-24-cm-Arancio.webp\" \/>\n\t<meta property=\"og:image:width\" content=\"1200\" \/>\n\t<meta property=\"og:image:height\" content=\"1200\" \/>\n\t<meta property=\"og:image:type\" content=\"image\/webp\" \/>\n<meta name=\"twitter:card\" content=\"summary_large_image\" \/>\n<script type=\"application\/ld+json\" class=\"yoast-schema-graph\">{\"@context\":\"https:\/\/schema.org\",\"@graph\":[{\"@type\":\"WebPage\",\"@id\":\"https:\/\/www.erresse-shop.it\/es\/shop\/sartenes-y-ollas\/cazuelas\/le-creuset-sarten-de-hierro-fundido-para-risotto-24-cm-naranja\/\",\"url\":\"https:\/\/www.erresse-shop.it\/es\/shop\/sartenes-y-ollas\/cazuelas\/le-creuset-sarten-de-hierro-fundido-para-risotto-24-cm-naranja\/\",\"name\":\"LE CREUSET Sart\u00e9n de hierro fundido para Risotto 24 cm Naranja - Erresse Shop\",\"isPartOf\":{\"@id\":\"https:\/\/www.erresse-shop.it\/es\/#website\"},\"datePublished\":\"2024-09-19T09:00:16+00:00\",\"dateModified\":\"2024-10-16T08:12:08+00:00\",\"description\":\"\u200dDise\u00f1ada con lados inclinados y una gran superficie, esta sart\u00e9n para risotto es ideal para dorar, saltear, estofar y fre\u00edr. Hierva caldo o prepare\",\"breadcrumb\":{\"@id\":\"https:\/\/www.erresse-shop.it\/es\/shop\/sartenes-y-ollas\/cazuelas\/le-creuset-sarten-de-hierro-fundido-para-risotto-24-cm-naranja\/#breadcrumb\"},\"inLanguage\":\"es\",\"potentialAction\":[{\"@type\":\"ReadAction\",\"target\":[\"https:\/\/www.erresse-shop.it\/es\/shop\/sartenes-y-ollas\/cazuelas\/le-creuset-sarten-de-hierro-fundido-para-risotto-24-cm-naranja\/\"]}]},{\"@type\":\"BreadcrumbList\",\"@id\":\"https:\/\/www.erresse-shop.it\/es\/shop\/sartenes-y-ollas\/cazuelas\/le-creuset-sarten-de-hierro-fundido-para-risotto-24-cm-naranja\/#breadcrumb\",\"itemListElement\":[{\"@type\":\"ListItem\",\"position\":1,\"name\":\"Home\",\"item\":\"https:\/\/www.erresse-shop.it\/es\/\"},{\"@type\":\"ListItem\",\"position\":2,\"name\":\"Shop\",\"item\":\"https:\/\/www.erresse-shop.it\/es\/shop\/\"},{\"@type\":\"ListItem\",\"position\":3,\"name\":\"LE CREUSET Sart\u00e9n de hierro fundido para Risotto 24 cm Naranja\"}]},{\"@type\":\"WebSite\",\"@id\":\"https:\/\/www.erresse-shop.it\/es\/#website\",\"url\":\"https:\/\/www.erresse-shop.it\/es\/\",\"name\":\"Erresse Shop\",\"description\":\"Articoli di qualit\u00e0 per la casa\",\"potentialAction\":[{\"@type\":\"SearchAction\",\"target\":{\"@type\":\"EntryPoint\",\"urlTemplate\":\"https:\/\/www.erresse-shop.it\/es\/?s={search_term_string}\"},\"query-input\":\"required name=search_term_string\"}],\"inLanguage\":\"es\"}]}<\/script>\n<!-- \/ Yoast SEO Premium plugin. -->","yoast_head_json":{"title":"LE CREUSET Sart\u00e9n de hierro fundido para Risotto 24 cm Naranja - Erresse Shop","description":"\u200dDise\u00f1ada con lados inclinados y una gran superficie, esta sart\u00e9n para risotto es ideal para dorar, saltear, estofar y fre\u00edr. Hierva caldo o prepare","robots":{"index":"index","follow":"follow","max-snippet":"max-snippet:-1","max-image-preview":"max-image-preview:large","max-video-preview":"max-video-preview:-1"},"canonical":"https:\/\/www.erresse-shop.it\/es\/shop\/sartenes-y-ollas\/cazuelas\/le-creuset-sarten-de-hierro-fundido-para-risotto-24-cm-naranja\/","og_locale":"es_ES","og_type":"article","og_title":"LE CREUSET Sart\u00e9n de hierro fundido para Risotto 24 cm Naranja","og_description":"\u200dDise\u00f1ada con lados inclinados y una gran superficie, esta sart\u00e9n para risotto es ideal para dorar, saltear, estofar y fre\u00edr. Hierva caldo o prepare","og_url":"https:\/\/www.erresse-shop.it\/es\/shop\/sartenes-y-ollas\/cazuelas\/le-creuset-sarten-de-hierro-fundido-para-risotto-24-cm-naranja\/","og_site_name":"Erresse Shop","article_modified_time":"2024-10-16T08:12:08+00:00","og_image":[{"width":1200,"height":1200,"url":"https:\/\/www.erresse-shop.it\/wp-content\/uploads\/2024\/09\/LE-CREUSET-Tegame-Risotto-in-Ghisa-24-cm-Arancio.webp","type":"image\/webp"}],"twitter_card":"summary_large_image","schema":{"@context":"https:\/\/schema.org","@graph":[{"@type":"WebPage","@id":"https:\/\/www.erresse-shop.it\/es\/shop\/sartenes-y-ollas\/cazuelas\/le-creuset-sarten-de-hierro-fundido-para-risotto-24-cm-naranja\/","url":"https:\/\/www.erresse-shop.it\/es\/shop\/sartenes-y-ollas\/cazuelas\/le-creuset-sarten-de-hierro-fundido-para-risotto-24-cm-naranja\/","name":"LE CREUSET Sart\u00e9n de hierro fundido para Risotto 24 cm Naranja - Erresse Shop","isPartOf":{"@id":"https:\/\/www.erresse-shop.it\/es\/#website"},"datePublished":"2024-09-19T09:00:16+00:00","dateModified":"2024-10-16T08:12:08+00:00","description":"\u200dDise\u00f1ada con lados inclinados y una gran superficie, esta sart\u00e9n para risotto es ideal para dorar, saltear, estofar y fre\u00edr. Hierva caldo o prepare","breadcrumb":{"@id":"https:\/\/www.erresse-shop.it\/es\/shop\/sartenes-y-ollas\/cazuelas\/le-creuset-sarten-de-hierro-fundido-para-risotto-24-cm-naranja\/#breadcrumb"},"inLanguage":"es","potentialAction":[{"@type":"ReadAction","target":["https:\/\/www.erresse-shop.it\/es\/shop\/sartenes-y-ollas\/cazuelas\/le-creuset-sarten-de-hierro-fundido-para-risotto-24-cm-naranja\/"]}]},{"@type":"BreadcrumbList","@id":"https:\/\/www.erresse-shop.it\/es\/shop\/sartenes-y-ollas\/cazuelas\/le-creuset-sarten-de-hierro-fundido-para-risotto-24-cm-naranja\/#breadcrumb","itemListElement":[{"@type":"ListItem","position":1,"name":"Home","item":"https:\/\/www.erresse-shop.it\/es\/"},{"@type":"ListItem","position":2,"name":"Shop","item":"https:\/\/www.erresse-shop.it\/es\/shop\/"},{"@type":"ListItem","position":3,"name":"LE CREUSET Sart\u00e9n de hierro fundido para Risotto 24 cm Naranja"}]},{"@type":"WebSite","@id":"https:\/\/www.erresse-shop.it\/es\/#website","url":"https:\/\/www.erresse-shop.it\/es\/","name":"Erresse Shop","description":"Articoli di qualit\u00e0 per la casa","potentialAction":[{"@type":"SearchAction","target":{"@type":"EntryPoint","urlTemplate":"https:\/\/www.erresse-shop.it\/es\/?s={search_term_string}"},"query-input":"required name=search_term_string"}],"inLanguage":"es"}]}},"df_price":128.25,"df_sale_price":128.25,"df_regular_price":285,"df_image_link":"https:\/\/www.erresse-shop.it\/wp-content\/uploads\/2024\/09\/LE-CREUSET-Tegame-Risotto-in-Ghisa-24-cm-Arancio-300x300.jpg","_links":{"self":[{"href":"https:\/\/www.erresse-shop.it\/es\/wp-json\/wp\/v2\/product\/431914"}],"collection":[{"href":"https:\/\/www.erresse-shop.it\/es\/wp-json\/wp\/v2\/product"}],"about":[{"href":"https:\/\/www.erresse-shop.it\/es\/wp-json\/wp\/v2\/types\/product"}],"wp:featuredmedia":[{"embeddable":true,"href":"https:\/\/www.erresse-shop.it\/es\/wp-json\/wp\/v2\/media\/452092"}],"wp:attachment":[{"href":"https:\/\/www.erresse-shop.it\/es\/wp-json\/wp\/v2\/media?parent=431914"}],"wp:term":[{"taxonomy":"product_cat","embeddable":true,"href":"https:\/\/www.erresse-shop.it\/es\/wp-json\/wp\/v2\/product_cat?post=431914"},{"taxonomy":"product_tag","embeddable":true,"href":"https:\/\/www.erresse-shop.it\/es\/wp-json\/wp\/v2\/product_tag?post=431914"}],"curies":[{"name":"wp","href":"https:\/\/api.w.org\/{rel}","templated":true}]}}