{"id":431841,"date":"2024-09-19T07:39:14","date_gmt":"2024-09-19T07:39:16","guid":{"rendered":"https:\/\/www.erresse-shop.it\/?post_type=product&#038;p=431841"},"modified":"2024-12-16T00:00:06","modified_gmt":"2024-12-16T00:00:06","slug":"boska-set-de-fondue-electrico-pro-12-piezas","status":"publish","type":"product","link":"https:\/\/www.erresse-shop.it\/es\/shop\/cocina\/accesorios\/boska-set-de-fondue-electrico-pro-12-piezas\/","title":{"rendered":"BOSKA Set de Fondue El\u00e9ctrico Pro 12 Piezas"},"content":{"rendered":"<p>Con este elegante y duradero set de fondue (220 V) tendr\u00e1 el set ideal para todo tipo de fondue (chocolate, queso, caldo o bourguignonne). Adem\u00e1s, no necesita hornillo, la olla se calienta sola. La olla de fondue el\u00e9ctrica de hierro fundido con revestimiento de esmalte antiadherente tiene una capacidad de 2,15 litros. Gracias al rechaud con pr\u00e1ctico control de temperatura, siempre encontrar\u00e1 la temperatura ideal para su velada de fondue. El aparato mantiene la temperatura seleccionada y garantiza horas de disfrute sin preocupaciones. El paquete tambi\u00e9n incluye 8 tenedores de fondue de acero inoxidable con asas de roble, 1 protector contra salpicaduras y un bajoplato de roble.<\/p>\n<p><strong>Especificaciones t\u00e9cnicas<\/strong><\/p>\n<p>Color: Negro<br \/>\nMaterial: Hierro fundido, Roble<br \/>\nDimensiones del producto: \u00d840&#215;28,5 cm<\/p>\n","protected":false},"excerpt":{"rendered":"<p>Con este elegante y duradero set de fondue (220 V) tendr\u00e1 el set ideal para todo tipo de fondue (chocolate,<\/p>\n","protected":false},"featured_media":436833,"template":"","meta":{"_acf_changed":false,"inline_featured_image":false},"product_cat":[16041,16040],"product_tag":[16256],"acf":[],"yoast_head":"<!-- This site is optimized with the Yoast SEO Premium plugin v18.6 (Yoast SEO v19.13) - https:\/\/yoast.com\/wordpress\/plugins\/seo\/ -->\n<title>BOSKA Set de Fondue El\u00e9ctrico Pro 12 Piezas - Erresse Shop<\/title>\n<meta name=\"description\" content=\"Con este elegante y duradero set de fondue (220 V) tendr\u00e1 el set ideal para todo tipo de fondue (chocolate, queso, caldo o bourguignonne). Adem\u00e1s, no\" \/>\n<meta name=\"robots\" content=\"index, follow, max-snippet:-1, max-image-preview:large, max-video-preview:-1\" \/>\n<link rel=\"canonical\" href=\"https:\/\/www.erresse-shop.it\/es\/shop\/cocina\/accesorios\/boska-set-de-fondue-electrico-pro-12-piezas\/\" \/>\n<meta property=\"og:locale\" content=\"es_ES\" \/>\n<meta property=\"og:type\" content=\"article\" \/>\n<meta property=\"og:title\" content=\"BOSKA Set de Fondue El\u00e9ctrico Pro 12 Piezas\" \/>\n<meta property=\"og:description\" content=\"Con este elegante y duradero set de fondue (220 V) tendr\u00e1 el set ideal para todo tipo de fondue (chocolate, queso, caldo o bourguignonne). Adem\u00e1s, no\" \/>\n<meta property=\"og:url\" content=\"https:\/\/www.erresse-shop.it\/es\/shop\/cocina\/accesorios\/boska-set-de-fondue-electrico-pro-12-piezas\/\" \/>\n<meta property=\"og:site_name\" content=\"Erresse Shop\" \/>\n<meta property=\"article:modified_time\" content=\"2024-12-16T00:00:06+00:00\" \/>\n<meta property=\"og:image\" content=\"https:\/\/www.erresse-shop.it\/wp-content\/uploads\/2024\/09\/BOSKA-Set-Fonduta-Elettrico-Pro-12-Pezzi.jpg\" \/>\n\t<meta property=\"og:image:width\" content=\"1200\" \/>\n\t<meta property=\"og:image:height\" content=\"1200\" \/>\n\t<meta property=\"og:image:type\" content=\"image\/jpeg\" \/>\n<meta name=\"twitter:card\" content=\"summary_large_image\" \/>\n<script type=\"application\/ld+json\" class=\"yoast-schema-graph\">{\"@context\":\"https:\/\/schema.org\",\"@graph\":[{\"@type\":\"WebPage\",\"@id\":\"https:\/\/www.erresse-shop.it\/es\/shop\/cocina\/accesorios\/boska-set-de-fondue-electrico-pro-12-piezas\/\",\"url\":\"https:\/\/www.erresse-shop.it\/es\/shop\/cocina\/accesorios\/boska-set-de-fondue-electrico-pro-12-piezas\/\",\"name\":\"BOSKA Set de Fondue El\u00e9ctrico Pro 12 Piezas - Erresse Shop\",\"isPartOf\":{\"@id\":\"https:\/\/www.erresse-shop.it\/es\/#website\"},\"datePublished\":\"2024-09-19T07:39:16+00:00\",\"dateModified\":\"2024-12-16T00:00:06+00:00\",\"description\":\"Con este elegante y duradero set de fondue (220 V) tendr\u00e1 el set ideal para todo tipo de fondue (chocolate, queso, caldo o bourguignonne). Adem\u00e1s, no\",\"breadcrumb\":{\"@id\":\"https:\/\/www.erresse-shop.it\/es\/shop\/cocina\/accesorios\/boska-set-de-fondue-electrico-pro-12-piezas\/#breadcrumb\"},\"inLanguage\":\"es\",\"potentialAction\":[{\"@type\":\"ReadAction\",\"target\":[\"https:\/\/www.erresse-shop.it\/es\/shop\/cocina\/accesorios\/boska-set-de-fondue-electrico-pro-12-piezas\/\"]}]},{\"@type\":\"BreadcrumbList\",\"@id\":\"https:\/\/www.erresse-shop.it\/es\/shop\/cocina\/accesorios\/boska-set-de-fondue-electrico-pro-12-piezas\/#breadcrumb\",\"itemListElement\":[{\"@type\":\"ListItem\",\"position\":1,\"name\":\"Home\",\"item\":\"https:\/\/www.erresse-shop.it\/es\/\"},{\"@type\":\"ListItem\",\"position\":2,\"name\":\"Shop\",\"item\":\"https:\/\/www.erresse-shop.it\/es\/shop\/\"},{\"@type\":\"ListItem\",\"position\":3,\"name\":\"BOSKA Set de Fondue El\u00e9ctrico Pro 12 Piezas\"}]},{\"@type\":\"WebSite\",\"@id\":\"https:\/\/www.erresse-shop.it\/es\/#website\",\"url\":\"https:\/\/www.erresse-shop.it\/es\/\",\"name\":\"Erresse Shop\",\"description\":\"Articoli di qualit\u00e0 per la casa\",\"potentialAction\":[{\"@type\":\"SearchAction\",\"target\":{\"@type\":\"EntryPoint\",\"urlTemplate\":\"https:\/\/www.erresse-shop.it\/es\/?s={search_term_string}\"},\"query-input\":\"required name=search_term_string\"}],\"inLanguage\":\"es\"}]}<\/script>\n<!-- \/ Yoast SEO Premium plugin. -->","yoast_head_json":{"title":"BOSKA Set de Fondue El\u00e9ctrico Pro 12 Piezas - Erresse Shop","description":"Con este elegante y duradero set de fondue (220 V) tendr\u00e1 el set ideal para todo tipo de fondue (chocolate, queso, caldo o bourguignonne). Adem\u00e1s, no","robots":{"index":"index","follow":"follow","max-snippet":"max-snippet:-1","max-image-preview":"max-image-preview:large","max-video-preview":"max-video-preview:-1"},"canonical":"https:\/\/www.erresse-shop.it\/es\/shop\/cocina\/accesorios\/boska-set-de-fondue-electrico-pro-12-piezas\/","og_locale":"es_ES","og_type":"article","og_title":"BOSKA Set de Fondue El\u00e9ctrico Pro 12 Piezas","og_description":"Con este elegante y duradero set de fondue (220 V) tendr\u00e1 el set ideal para todo tipo de fondue (chocolate, queso, caldo o bourguignonne). Adem\u00e1s, no","og_url":"https:\/\/www.erresse-shop.it\/es\/shop\/cocina\/accesorios\/boska-set-de-fondue-electrico-pro-12-piezas\/","og_site_name":"Erresse Shop","article_modified_time":"2024-12-16T00:00:06+00:00","og_image":[{"width":1200,"height":1200,"url":"https:\/\/www.erresse-shop.it\/wp-content\/uploads\/2024\/09\/BOSKA-Set-Fonduta-Elettrico-Pro-12-Pezzi.jpg","type":"image\/jpeg"}],"twitter_card":"summary_large_image","schema":{"@context":"https:\/\/schema.org","@graph":[{"@type":"WebPage","@id":"https:\/\/www.erresse-shop.it\/es\/shop\/cocina\/accesorios\/boska-set-de-fondue-electrico-pro-12-piezas\/","url":"https:\/\/www.erresse-shop.it\/es\/shop\/cocina\/accesorios\/boska-set-de-fondue-electrico-pro-12-piezas\/","name":"BOSKA Set de Fondue El\u00e9ctrico Pro 12 Piezas - Erresse Shop","isPartOf":{"@id":"https:\/\/www.erresse-shop.it\/es\/#website"},"datePublished":"2024-09-19T07:39:16+00:00","dateModified":"2024-12-16T00:00:06+00:00","description":"Con este elegante y duradero set de fondue (220 V) tendr\u00e1 el set ideal para todo tipo de fondue (chocolate, queso, caldo o bourguignonne). Adem\u00e1s, no","breadcrumb":{"@id":"https:\/\/www.erresse-shop.it\/es\/shop\/cocina\/accesorios\/boska-set-de-fondue-electrico-pro-12-piezas\/#breadcrumb"},"inLanguage":"es","potentialAction":[{"@type":"ReadAction","target":["https:\/\/www.erresse-shop.it\/es\/shop\/cocina\/accesorios\/boska-set-de-fondue-electrico-pro-12-piezas\/"]}]},{"@type":"BreadcrumbList","@id":"https:\/\/www.erresse-shop.it\/es\/shop\/cocina\/accesorios\/boska-set-de-fondue-electrico-pro-12-piezas\/#breadcrumb","itemListElement":[{"@type":"ListItem","position":1,"name":"Home","item":"https:\/\/www.erresse-shop.it\/es\/"},{"@type":"ListItem","position":2,"name":"Shop","item":"https:\/\/www.erresse-shop.it\/es\/shop\/"},{"@type":"ListItem","position":3,"name":"BOSKA Set de Fondue El\u00e9ctrico Pro 12 Piezas"}]},{"@type":"WebSite","@id":"https:\/\/www.erresse-shop.it\/es\/#website","url":"https:\/\/www.erresse-shop.it\/es\/","name":"Erresse Shop","description":"Articoli di qualit\u00e0 per la casa","potentialAction":[{"@type":"SearchAction","target":{"@type":"EntryPoint","urlTemplate":"https:\/\/www.erresse-shop.it\/es\/?s={search_term_string}"},"query-input":"required name=search_term_string"}],"inLanguage":"es"}]}},"df_price":179.95,"df_sale_price":179.95,"df_regular_price":219,"df_image_link":"https:\/\/www.erresse-shop.it\/wp-content\/uploads\/2024\/09\/BOSKA-Set-Fonduta-Elettrico-Pro-12-Pezzi-300x300.jpg","_links":{"self":[{"href":"https:\/\/www.erresse-shop.it\/es\/wp-json\/wp\/v2\/product\/431841"}],"collection":[{"href":"https:\/\/www.erresse-shop.it\/es\/wp-json\/wp\/v2\/product"}],"about":[{"href":"https:\/\/www.erresse-shop.it\/es\/wp-json\/wp\/v2\/types\/product"}],"wp:featuredmedia":[{"embeddable":true,"href":"https:\/\/www.erresse-shop.it\/es\/wp-json\/wp\/v2\/media\/436833"}],"wp:attachment":[{"href":"https:\/\/www.erresse-shop.it\/es\/wp-json\/wp\/v2\/media?parent=431841"}],"wp:term":[{"taxonomy":"product_cat","embeddable":true,"href":"https:\/\/www.erresse-shop.it\/es\/wp-json\/wp\/v2\/product_cat?post=431841"},{"taxonomy":"product_tag","embeddable":true,"href":"https:\/\/www.erresse-shop.it\/es\/wp-json\/wp\/v2\/product_tag?post=431841"}],"curies":[{"name":"wp","href":"https:\/\/api.w.org\/{rel}","templated":true}]}}