{"id":431792,"date":"2024-09-19T07:09:35","date_gmt":"2024-09-19T07:09:37","guid":{"rendered":"https:\/\/www.erresse-shop.it\/?post_type=product&#038;p=431792"},"modified":"2024-10-16T08:18:50","modified_gmt":"2024-10-16T08:18:50","slug":"global-cuchillo-kiritsuke-15-cm","status":"publish","type":"product","link":"https:\/\/www.erresse-shop.it\/es\/shop\/cocina\/cuchillos\/cuchillos-de-cocina\/global-cuchillo-kiritsuke-15-cm\/","title":{"rendered":"GLOBAL Cuchillo Kiritsuke 15 cm"},"content":{"rendered":"<p>El Kiritsuke es un cuchillo de pescado para todos los trabajos, desde eviscerar, cortar y filetear hasta porcionar, por ejemplo, filetes y sashimi. Los cuchillos de la l\u00ednea GS son cuchillos de cocina m\u00e1s bien peque\u00f1os. Cada uno de ellos dispone de una hoja de corte con n\u00facleo de acero inoxidable CROMOVA 18 de alta calidad y un mango ergon\u00f3mico de acero inoxidable perfectamente equilibrado. Con una dureza \u00f3ptima de la hoja de 56-58 grados Rockwell, los cuchillos de la serie GS no s\u00f3lo se caracterizan por una excelente retenci\u00f3n del filo y manejo, sino que tambi\u00e9n impresionan por su resistencia a la herrumbre y la oxidaci\u00f3n.<\/p>\n<p>Especificaciones del producto:<\/p>\n<p>Longitud de la hoja 15 cm<br \/>\nLongitud total 28 cm<\/p>\n<p><strong>Material<\/strong>: Acero<\/p>\n<p><strong>MADE IN JAPAN<\/strong><\/p>\n","protected":false},"excerpt":{"rendered":"<p>El Kiritsuke es un cuchillo de pescado para todos los trabajos, desde eviscerar, cortar y filetear hasta porcionar, por ejemplo,<\/p>\n","protected":false},"featured_media":437437,"template":"","meta":{"_acf_changed":false,"inline_featured_image":false},"product_cat":[16040,16043,16047],"product_tag":[16432,20107],"acf":[],"yoast_head":"<!-- This site is optimized with the Yoast SEO Premium plugin v18.6 (Yoast SEO v19.13) - https:\/\/yoast.com\/wordpress\/plugins\/seo\/ -->\n<title>GLOBAL Cuchillo Kiritsuke 15 cm - Erresse Shop<\/title>\n<meta name=\"description\" content=\"El Kiritsuke es un cuchillo de pescado para todos los trabajos, desde eviscerar, cortar y filetear hasta porcionar, por ejemplo, filetes y sashimi. Los\" \/>\n<meta name=\"robots\" content=\"index, follow, max-snippet:-1, max-image-preview:large, max-video-preview:-1\" \/>\n<link rel=\"canonical\" href=\"https:\/\/www.erresse-shop.it\/es\/shop\/cocina\/cuchillos\/cuchillos-de-cocina\/global-cuchillo-kiritsuke-15-cm\/\" \/>\n<meta property=\"og:locale\" content=\"es_ES\" \/>\n<meta property=\"og:type\" content=\"article\" \/>\n<meta property=\"og:title\" content=\"GLOBAL Cuchillo Kiritsuke 15 cm\" \/>\n<meta property=\"og:description\" content=\"El Kiritsuke es un cuchillo de pescado para todos los trabajos, desde eviscerar, cortar y filetear hasta porcionar, por ejemplo, filetes y sashimi. Los\" \/>\n<meta property=\"og:url\" content=\"https:\/\/www.erresse-shop.it\/es\/shop\/cocina\/cuchillos\/cuchillos-de-cocina\/global-cuchillo-kiritsuke-15-cm\/\" \/>\n<meta property=\"og:site_name\" content=\"Erresse Shop\" \/>\n<meta property=\"article:modified_time\" content=\"2024-10-16T08:18:50+00:00\" \/>\n<meta property=\"og:image\" content=\"https:\/\/www.erresse-shop.it\/wp-content\/uploads\/2024\/09\/GLOBAL-Coltello-Kiritsuke-15-cm.jpg\" \/>\n\t<meta property=\"og:image:width\" content=\"1200\" \/>\n\t<meta property=\"og:image:height\" content=\"1200\" \/>\n\t<meta property=\"og:image:type\" content=\"image\/jpeg\" \/>\n<meta name=\"twitter:card\" content=\"summary_large_image\" \/>\n<script type=\"application\/ld+json\" class=\"yoast-schema-graph\">{\"@context\":\"https:\/\/schema.org\",\"@graph\":[{\"@type\":\"WebPage\",\"@id\":\"https:\/\/www.erresse-shop.it\/es\/shop\/cocina\/cuchillos\/cuchillos-de-cocina\/global-cuchillo-kiritsuke-15-cm\/\",\"url\":\"https:\/\/www.erresse-shop.it\/es\/shop\/cocina\/cuchillos\/cuchillos-de-cocina\/global-cuchillo-kiritsuke-15-cm\/\",\"name\":\"GLOBAL Cuchillo Kiritsuke 15 cm - Erresse Shop\",\"isPartOf\":{\"@id\":\"https:\/\/www.erresse-shop.it\/es\/#website\"},\"datePublished\":\"2024-09-19T07:09:37+00:00\",\"dateModified\":\"2024-10-16T08:18:50+00:00\",\"description\":\"El Kiritsuke es un cuchillo de pescado para todos los trabajos, desde eviscerar, cortar y filetear hasta porcionar, por ejemplo, filetes y sashimi. Los\",\"breadcrumb\":{\"@id\":\"https:\/\/www.erresse-shop.it\/es\/shop\/cocina\/cuchillos\/cuchillos-de-cocina\/global-cuchillo-kiritsuke-15-cm\/#breadcrumb\"},\"inLanguage\":\"es\",\"potentialAction\":[{\"@type\":\"ReadAction\",\"target\":[\"https:\/\/www.erresse-shop.it\/es\/shop\/cocina\/cuchillos\/cuchillos-de-cocina\/global-cuchillo-kiritsuke-15-cm\/\"]}]},{\"@type\":\"BreadcrumbList\",\"@id\":\"https:\/\/www.erresse-shop.it\/es\/shop\/cocina\/cuchillos\/cuchillos-de-cocina\/global-cuchillo-kiritsuke-15-cm\/#breadcrumb\",\"itemListElement\":[{\"@type\":\"ListItem\",\"position\":1,\"name\":\"Home\",\"item\":\"https:\/\/www.erresse-shop.it\/es\/\"},{\"@type\":\"ListItem\",\"position\":2,\"name\":\"Shop\",\"item\":\"https:\/\/www.erresse-shop.it\/es\/shop\/\"},{\"@type\":\"ListItem\",\"position\":3,\"name\":\"GLOBAL Cuchillo Kiritsuke 15 cm\"}]},{\"@type\":\"WebSite\",\"@id\":\"https:\/\/www.erresse-shop.it\/es\/#website\",\"url\":\"https:\/\/www.erresse-shop.it\/es\/\",\"name\":\"Erresse Shop\",\"description\":\"Articoli di qualit\u00e0 per la casa\",\"potentialAction\":[{\"@type\":\"SearchAction\",\"target\":{\"@type\":\"EntryPoint\",\"urlTemplate\":\"https:\/\/www.erresse-shop.it\/es\/?s={search_term_string}\"},\"query-input\":\"required name=search_term_string\"}],\"inLanguage\":\"es\"}]}<\/script>\n<!-- \/ Yoast SEO Premium plugin. -->","yoast_head_json":{"title":"GLOBAL Cuchillo Kiritsuke 15 cm - Erresse Shop","description":"El Kiritsuke es un cuchillo de pescado para todos los trabajos, desde eviscerar, cortar y filetear hasta porcionar, por ejemplo, filetes y sashimi. Los","robots":{"index":"index","follow":"follow","max-snippet":"max-snippet:-1","max-image-preview":"max-image-preview:large","max-video-preview":"max-video-preview:-1"},"canonical":"https:\/\/www.erresse-shop.it\/es\/shop\/cocina\/cuchillos\/cuchillos-de-cocina\/global-cuchillo-kiritsuke-15-cm\/","og_locale":"es_ES","og_type":"article","og_title":"GLOBAL Cuchillo Kiritsuke 15 cm","og_description":"El Kiritsuke es un cuchillo de pescado para todos los trabajos, desde eviscerar, cortar y filetear hasta porcionar, por ejemplo, filetes y sashimi. Los","og_url":"https:\/\/www.erresse-shop.it\/es\/shop\/cocina\/cuchillos\/cuchillos-de-cocina\/global-cuchillo-kiritsuke-15-cm\/","og_site_name":"Erresse Shop","article_modified_time":"2024-10-16T08:18:50+00:00","og_image":[{"width":1200,"height":1200,"url":"https:\/\/www.erresse-shop.it\/wp-content\/uploads\/2024\/09\/GLOBAL-Coltello-Kiritsuke-15-cm.jpg","type":"image\/jpeg"}],"twitter_card":"summary_large_image","schema":{"@context":"https:\/\/schema.org","@graph":[{"@type":"WebPage","@id":"https:\/\/www.erresse-shop.it\/es\/shop\/cocina\/cuchillos\/cuchillos-de-cocina\/global-cuchillo-kiritsuke-15-cm\/","url":"https:\/\/www.erresse-shop.it\/es\/shop\/cocina\/cuchillos\/cuchillos-de-cocina\/global-cuchillo-kiritsuke-15-cm\/","name":"GLOBAL Cuchillo Kiritsuke 15 cm - Erresse Shop","isPartOf":{"@id":"https:\/\/www.erresse-shop.it\/es\/#website"},"datePublished":"2024-09-19T07:09:37+00:00","dateModified":"2024-10-16T08:18:50+00:00","description":"El Kiritsuke es un cuchillo de pescado para todos los trabajos, desde eviscerar, cortar y filetear hasta porcionar, por ejemplo, filetes y sashimi. Los","breadcrumb":{"@id":"https:\/\/www.erresse-shop.it\/es\/shop\/cocina\/cuchillos\/cuchillos-de-cocina\/global-cuchillo-kiritsuke-15-cm\/#breadcrumb"},"inLanguage":"es","potentialAction":[{"@type":"ReadAction","target":["https:\/\/www.erresse-shop.it\/es\/shop\/cocina\/cuchillos\/cuchillos-de-cocina\/global-cuchillo-kiritsuke-15-cm\/"]}]},{"@type":"BreadcrumbList","@id":"https:\/\/www.erresse-shop.it\/es\/shop\/cocina\/cuchillos\/cuchillos-de-cocina\/global-cuchillo-kiritsuke-15-cm\/#breadcrumb","itemListElement":[{"@type":"ListItem","position":1,"name":"Home","item":"https:\/\/www.erresse-shop.it\/es\/"},{"@type":"ListItem","position":2,"name":"Shop","item":"https:\/\/www.erresse-shop.it\/es\/shop\/"},{"@type":"ListItem","position":3,"name":"GLOBAL Cuchillo Kiritsuke 15 cm"}]},{"@type":"WebSite","@id":"https:\/\/www.erresse-shop.it\/es\/#website","url":"https:\/\/www.erresse-shop.it\/es\/","name":"Erresse Shop","description":"Articoli di qualit\u00e0 per la casa","potentialAction":[{"@type":"SearchAction","target":{"@type":"EntryPoint","urlTemplate":"https:\/\/www.erresse-shop.it\/es\/?s={search_term_string}"},"query-input":"required name=search_term_string"}],"inLanguage":"es"}]}},"df_price":75.905,"df_sale_price":75.905,"df_regular_price":79.9,"df_image_link":"https:\/\/www.erresse-shop.it\/wp-content\/uploads\/2024\/09\/GLOBAL-Coltello-Kiritsuke-15-cm-300x300.jpg","_links":{"self":[{"href":"https:\/\/www.erresse-shop.it\/es\/wp-json\/wp\/v2\/product\/431792"}],"collection":[{"href":"https:\/\/www.erresse-shop.it\/es\/wp-json\/wp\/v2\/product"}],"about":[{"href":"https:\/\/www.erresse-shop.it\/es\/wp-json\/wp\/v2\/types\/product"}],"wp:featuredmedia":[{"embeddable":true,"href":"https:\/\/www.erresse-shop.it\/es\/wp-json\/wp\/v2\/media\/437437"}],"wp:attachment":[{"href":"https:\/\/www.erresse-shop.it\/es\/wp-json\/wp\/v2\/media?parent=431792"}],"wp:term":[{"taxonomy":"product_cat","embeddable":true,"href":"https:\/\/www.erresse-shop.it\/es\/wp-json\/wp\/v2\/product_cat?post=431792"},{"taxonomy":"product_tag","embeddable":true,"href":"https:\/\/www.erresse-shop.it\/es\/wp-json\/wp\/v2\/product_tag?post=431792"}],"curies":[{"name":"wp","href":"https:\/\/api.w.org\/{rel}","templated":true}]}}