{"id":428356,"date":"2024-08-06T10:53:03","date_gmt":"2024-08-06T10:53:04","guid":{"rendered":"https:\/\/www.erresse-shop.it\/?post_type=product&#038;p=428356"},"modified":"2024-10-16T10:45:16","modified_gmt":"2024-10-16T10:45:16","slug":"zwilling-cuchillo-para-verduras-8-cm-professional-s","status":"publish","type":"product","link":"https:\/\/www.erresse-shop.it\/es\/shop\/cocina\/cuchillos\/cuchillos-de-cocina\/zwilling-cuchillo-para-verduras-8-cm-professional-s\/","title":{"rendered":"ZWILLING Cuchillo para Verduras 8 cm Professional S"},"content":{"rendered":"<p>El vers\u00e1til cuchillo para verduras ZWILLING ya goza de popularidad entre los cocineros profesionales de todo el mundo. Su hoja resistente, su borde liso y su punta estable le permiten limpiar, pelar y cortar frutas y verduras con habilidad y facilidad. El cuchillo para verduras es un complemento imprescindible para los cuchillos de cualquier cocina moderna y preocupada por la salud. El cuchillo SIGMAFORGE\u00ae cuenta con un fino forjado a partir de una sola pieza de acero de f\u00f3rmula especial ZWILLING, que combina de manera \u00f3ptima los componentes de cromo y carbono. La hoja FRIODUR\u00ae se somete a un endurecimiento criog\u00e9nico especial, lo que le da a su cuchillo para verduras una hoja particularmente afilada, resistente a la corrosi\u00f3n y flexible. La geometr\u00eda impecable y el borde preciso hacen que cortar frutas y verduras sea m\u00e1s f\u00e1cil y r\u00e1pido. Con un mango de pl\u00e1stico s\u00f3lido y continuo, el cuchillo de 8 cm es c\u00f3modo de sostener incluso para trabajos prolongados. El nudo evita que los dedos se resbalen, mientras que la superficie continua hasta el mango garantiza un uso c\u00f3modo y sencillo. El cuchillo multiusos compacto de la gama FOUR STAR\u00ae est\u00e1 dise\u00f1ado para ser vers\u00e1til, satisfacer necesidades importantes y, por lo tanto, es ideal para la preparaci\u00f3n diaria de alimentos.<\/p>\n<ul>\n<li>Hoja tratada con endurecimiento criog\u00e9nico FRIODUR\u00ae para una resistencia excepcional a los bordes y a la corrosi\u00f3n.<\/li>\n<li>Acero inoxidable de f\u00f3rmula especial, materiales ZWILLING con composici\u00f3n especial: estos cuchillos son robustos, resistentes a la corrosi\u00f3n y flexibles al mismo tiempo.<\/li>\n<li>Cuchillo SIGMAFORGE\u00ae: forjado fino de una sola pieza<\/li>\n<li>Superficie continua desde el mango hasta la hoja.<\/li>\n<li>Mango de pl\u00e1stico ergon\u00f3mico: Para un uso f\u00e1cil y seguro del cuchillo.<\/li>\n<\/ul>\n","protected":false},"excerpt":{"rendered":"<p>El vers\u00e1til cuchillo para verduras ZWILLING ya goza de popularidad entre los cocineros profesionales de todo el mundo. Su hoja<\/p>\n","protected":false},"featured_media":437667,"template":"","meta":{"_acf_changed":false,"inline_featured_image":false},"product_cat":[16040,16043,16047],"product_tag":[16162,16432,16510,25264,16511,16406],"acf":[],"yoast_head":"<!-- This site is optimized with the Yoast SEO Premium plugin v18.6 (Yoast SEO v19.13) - https:\/\/yoast.com\/wordpress\/plugins\/seo\/ -->\n<title>ZWILLING Cuchillo para Verduras 8 cm Professional S - Erresse Shop<\/title>\n<meta name=\"description\" content=\"El vers\u00e1til cuchillo para verduras ZWILLING ya goza de popularidad entre los cocineros profesionales de todo el mundo. Su hoja resistente, su borde liso y\" \/>\n<meta name=\"robots\" content=\"index, follow, max-snippet:-1, max-image-preview:large, max-video-preview:-1\" \/>\n<link rel=\"canonical\" href=\"https:\/\/www.erresse-shop.it\/es\/shop\/cocina\/cuchillos\/cuchillos-de-cocina\/zwilling-cuchillo-para-verduras-8-cm-professional-s\/\" \/>\n<meta property=\"og:locale\" content=\"es_ES\" \/>\n<meta property=\"og:type\" content=\"article\" \/>\n<meta property=\"og:title\" content=\"ZWILLING Cuchillo para Verduras 8 cm Professional S\" \/>\n<meta property=\"og:description\" content=\"El vers\u00e1til cuchillo para verduras ZWILLING ya goza de popularidad entre los cocineros profesionales de todo el mundo. Su hoja resistente, su borde liso y\" \/>\n<meta property=\"og:url\" content=\"https:\/\/www.erresse-shop.it\/es\/shop\/cocina\/cuchillos\/cuchillos-de-cocina\/zwilling-cuchillo-para-verduras-8-cm-professional-s\/\" \/>\n<meta property=\"og:site_name\" content=\"Erresse Shop\" \/>\n<meta property=\"article:modified_time\" content=\"2024-10-16T10:45:16+00:00\" \/>\n<meta property=\"og:image\" content=\"https:\/\/www.erresse-shop.it\/wp-content\/uploads\/2024\/08\/ZWILLING-Coltello-da-verdura-8-cm-Professional-S.jpg\" \/>\n\t<meta property=\"og:image:width\" content=\"1200\" \/>\n\t<meta property=\"og:image:height\" content=\"1200\" \/>\n\t<meta property=\"og:image:type\" content=\"image\/jpeg\" \/>\n<meta name=\"twitter:card\" content=\"summary_large_image\" \/>\n<script type=\"application\/ld+json\" class=\"yoast-schema-graph\">{\"@context\":\"https:\/\/schema.org\",\"@graph\":[{\"@type\":\"WebPage\",\"@id\":\"https:\/\/www.erresse-shop.it\/es\/shop\/cocina\/cuchillos\/cuchillos-de-cocina\/zwilling-cuchillo-para-verduras-8-cm-professional-s\/\",\"url\":\"https:\/\/www.erresse-shop.it\/es\/shop\/cocina\/cuchillos\/cuchillos-de-cocina\/zwilling-cuchillo-para-verduras-8-cm-professional-s\/\",\"name\":\"ZWILLING Cuchillo para Verduras 8 cm Professional S - Erresse Shop\",\"isPartOf\":{\"@id\":\"https:\/\/www.erresse-shop.it\/es\/#website\"},\"datePublished\":\"2024-08-06T10:53:04+00:00\",\"dateModified\":\"2024-10-16T10:45:16+00:00\",\"description\":\"El vers\u00e1til cuchillo para verduras ZWILLING ya goza de popularidad entre los cocineros profesionales de todo el mundo. Su hoja resistente, su borde liso y\",\"breadcrumb\":{\"@id\":\"https:\/\/www.erresse-shop.it\/es\/shop\/cocina\/cuchillos\/cuchillos-de-cocina\/zwilling-cuchillo-para-verduras-8-cm-professional-s\/#breadcrumb\"},\"inLanguage\":\"es\",\"potentialAction\":[{\"@type\":\"ReadAction\",\"target\":[\"https:\/\/www.erresse-shop.it\/es\/shop\/cocina\/cuchillos\/cuchillos-de-cocina\/zwilling-cuchillo-para-verduras-8-cm-professional-s\/\"]}]},{\"@type\":\"BreadcrumbList\",\"@id\":\"https:\/\/www.erresse-shop.it\/es\/shop\/cocina\/cuchillos\/cuchillos-de-cocina\/zwilling-cuchillo-para-verduras-8-cm-professional-s\/#breadcrumb\",\"itemListElement\":[{\"@type\":\"ListItem\",\"position\":1,\"name\":\"Home\",\"item\":\"https:\/\/www.erresse-shop.it\/es\/\"},{\"@type\":\"ListItem\",\"position\":2,\"name\":\"Shop\",\"item\":\"https:\/\/www.erresse-shop.it\/es\/shop\/\"},{\"@type\":\"ListItem\",\"position\":3,\"name\":\"ZWILLING Cuchillo para Verduras 8 cm Professional S\"}]},{\"@type\":\"WebSite\",\"@id\":\"https:\/\/www.erresse-shop.it\/es\/#website\",\"url\":\"https:\/\/www.erresse-shop.it\/es\/\",\"name\":\"Erresse Shop\",\"description\":\"Articoli di qualit\u00e0 per la casa\",\"potentialAction\":[{\"@type\":\"SearchAction\",\"target\":{\"@type\":\"EntryPoint\",\"urlTemplate\":\"https:\/\/www.erresse-shop.it\/es\/?s={search_term_string}\"},\"query-input\":\"required name=search_term_string\"}],\"inLanguage\":\"es\"}]}<\/script>\n<!-- \/ Yoast SEO Premium plugin. -->","yoast_head_json":{"title":"ZWILLING Cuchillo para Verduras 8 cm Professional S - Erresse Shop","description":"El vers\u00e1til cuchillo para verduras ZWILLING ya goza de popularidad entre los cocineros profesionales de todo el mundo. Su hoja resistente, su borde liso y","robots":{"index":"index","follow":"follow","max-snippet":"max-snippet:-1","max-image-preview":"max-image-preview:large","max-video-preview":"max-video-preview:-1"},"canonical":"https:\/\/www.erresse-shop.it\/es\/shop\/cocina\/cuchillos\/cuchillos-de-cocina\/zwilling-cuchillo-para-verduras-8-cm-professional-s\/","og_locale":"es_ES","og_type":"article","og_title":"ZWILLING Cuchillo para Verduras 8 cm Professional S","og_description":"El vers\u00e1til cuchillo para verduras ZWILLING ya goza de popularidad entre los cocineros profesionales de todo el mundo. Su hoja resistente, su borde liso y","og_url":"https:\/\/www.erresse-shop.it\/es\/shop\/cocina\/cuchillos\/cuchillos-de-cocina\/zwilling-cuchillo-para-verduras-8-cm-professional-s\/","og_site_name":"Erresse Shop","article_modified_time":"2024-10-16T10:45:16+00:00","og_image":[{"width":1200,"height":1200,"url":"https:\/\/www.erresse-shop.it\/wp-content\/uploads\/2024\/08\/ZWILLING-Coltello-da-verdura-8-cm-Professional-S.jpg","type":"image\/jpeg"}],"twitter_card":"summary_large_image","schema":{"@context":"https:\/\/schema.org","@graph":[{"@type":"WebPage","@id":"https:\/\/www.erresse-shop.it\/es\/shop\/cocina\/cuchillos\/cuchillos-de-cocina\/zwilling-cuchillo-para-verduras-8-cm-professional-s\/","url":"https:\/\/www.erresse-shop.it\/es\/shop\/cocina\/cuchillos\/cuchillos-de-cocina\/zwilling-cuchillo-para-verduras-8-cm-professional-s\/","name":"ZWILLING Cuchillo para Verduras 8 cm Professional S - Erresse Shop","isPartOf":{"@id":"https:\/\/www.erresse-shop.it\/es\/#website"},"datePublished":"2024-08-06T10:53:04+00:00","dateModified":"2024-10-16T10:45:16+00:00","description":"El vers\u00e1til cuchillo para verduras ZWILLING ya goza de popularidad entre los cocineros profesionales de todo el mundo. Su hoja resistente, su borde liso y","breadcrumb":{"@id":"https:\/\/www.erresse-shop.it\/es\/shop\/cocina\/cuchillos\/cuchillos-de-cocina\/zwilling-cuchillo-para-verduras-8-cm-professional-s\/#breadcrumb"},"inLanguage":"es","potentialAction":[{"@type":"ReadAction","target":["https:\/\/www.erresse-shop.it\/es\/shop\/cocina\/cuchillos\/cuchillos-de-cocina\/zwilling-cuchillo-para-verduras-8-cm-professional-s\/"]}]},{"@type":"BreadcrumbList","@id":"https:\/\/www.erresse-shop.it\/es\/shop\/cocina\/cuchillos\/cuchillos-de-cocina\/zwilling-cuchillo-para-verduras-8-cm-professional-s\/#breadcrumb","itemListElement":[{"@type":"ListItem","position":1,"name":"Home","item":"https:\/\/www.erresse-shop.it\/es\/"},{"@type":"ListItem","position":2,"name":"Shop","item":"https:\/\/www.erresse-shop.it\/es\/shop\/"},{"@type":"ListItem","position":3,"name":"ZWILLING Cuchillo para Verduras 8 cm Professional S"}]},{"@type":"WebSite","@id":"https:\/\/www.erresse-shop.it\/es\/#website","url":"https:\/\/www.erresse-shop.it\/es\/","name":"Erresse Shop","description":"Articoli di qualit\u00e0 per la casa","potentialAction":[{"@type":"SearchAction","target":{"@type":"EntryPoint","urlTemplate":"https:\/\/www.erresse-shop.it\/es\/?s={search_term_string}"},"query-input":"required name=search_term_string"}],"inLanguage":"es"}]}},"df_price":23.975,"df_sale_price":23.975,"df_regular_price":47.95,"df_image_link":"https:\/\/www.erresse-shop.it\/wp-content\/uploads\/2024\/08\/ZWILLING-Coltello-da-verdura-8-cm-Professional-S-300x300.jpg","_links":{"self":[{"href":"https:\/\/www.erresse-shop.it\/es\/wp-json\/wp\/v2\/product\/428356"}],"collection":[{"href":"https:\/\/www.erresse-shop.it\/es\/wp-json\/wp\/v2\/product"}],"about":[{"href":"https:\/\/www.erresse-shop.it\/es\/wp-json\/wp\/v2\/types\/product"}],"wp:featuredmedia":[{"embeddable":true,"href":"https:\/\/www.erresse-shop.it\/es\/wp-json\/wp\/v2\/media\/437667"}],"wp:attachment":[{"href":"https:\/\/www.erresse-shop.it\/es\/wp-json\/wp\/v2\/media?parent=428356"}],"wp:term":[{"taxonomy":"product_cat","embeddable":true,"href":"https:\/\/www.erresse-shop.it\/es\/wp-json\/wp\/v2\/product_cat?post=428356"},{"taxonomy":"product_tag","embeddable":true,"href":"https:\/\/www.erresse-shop.it\/es\/wp-json\/wp\/v2\/product_tag?post=428356"}],"curies":[{"name":"wp","href":"https:\/\/api.w.org\/{rel}","templated":true}]}}