{"id":428313,"date":"2024-08-06T10:35:38","date_gmt":"2024-08-06T10:35:39","guid":{"rendered":"https:\/\/www.erresse-shop.it\/?post_type=product&#038;p=428313"},"modified":"2024-10-16T10:47:17","modified_gmt":"2024-10-16T10:47:17","slug":"zwilling-set-de-3-cuchillos-profesional-s","status":"publish","type":"product","link":"https:\/\/www.erresse-shop.it\/es\/shop\/cocina\/cuchillos\/cuchillos-de-cocina\/zwilling-set-de-3-cuchillos-profesional-s\/","title":{"rendered":"ZWILLING Set de 3 cuchillos Profesional S"},"content":{"rendered":"<p>Los chefs profesionales de todo el mundo aprecian la alta calidad y la comodidad que ofrece el juego de cuchillos de tres piezas ZWILLING. Ahora t\u00fa tambi\u00e9n puedes aprovechar todo lo que te ofrece la serie de cuchillos PROFESSIONAL \u201cS\u201d. Este juego de cuchillos de alta calidad se puede utilizar para cortar, cortar en cubitos o pelar frutas, verduras, carne y otros ingredientes e incluye un cuchillo pelador corto y vers\u00e1til, un cuchillo para carne delgado y resistente y un cuchillo de chef grande y de hoja ancha. Con los tres cuchillos multiusos de este set de alta calidad, cualquier cocina, ya sea profesional o dom\u00e9stica, estar\u00e1 preparada para afrontar cualquier situaci\u00f3n. Cada cuchillo est\u00e1 hecho de una aleaci\u00f3n de acero especial, que garantiza la durabilidad de la hoja incluso despu\u00e9s de un uso frecuente. Cada hoja SIGMAFORGE\u00ae est\u00e1 forjada a partir de una sola pieza de acero y se somete a un innovador proceso de endurecimiento criog\u00e9nico, que la hace flexible, resistente a la corrosi\u00f3n y capaz de mantener su filo. El mango sint\u00e9tico con el cl\u00e1sico dise\u00f1o de tres remaches presenta un nudo que evita que los dedos se resbalen sobre la hoja. La continuidad entre el nudo y el mango aumenta la facilidad de uso y garantiza que el cuchillo sea siempre c\u00f3modo de sostener, independientemente de la t\u00e9cnica de corte utilizada. Cree una cocina de nivel profesional en su hogar con este innovador juego de cuchillos de tres piezas de ZWILLING. El juego incluye 1 cuchillo mondador (10 cm), 1 cuchillo para carne (16 cm), 1 cuchillo de chef (20 cm).<\/p>\n<ul>\n<li>Hoja tratada con endurecimiento criog\u00e9nico FRIODUR\u00ae para una excepcional retenci\u00f3n de bordes y resistencia a la corrosi\u00f3n.<\/li>\n<li>Acero inoxidable con la f\u00f3rmula especial de ZWILLING para cuchillos robustos, resistentes a la corrosi\u00f3n y flexibles<\/li>\n<li>Cuchillo SIGMAFORGE\u00ae forjado con precisi\u00f3n a partir de una sola pieza de acero<\/li>\n<li>Ausencia de juntas entre mango y hoja.<\/li>\n<li>Mango ergon\u00f3mico en material sint\u00e9tico con dise\u00f1o de tres remaches, para un uso seguro y c\u00f3modo del cuchillo.<\/li>\n<\/ul>\n","protected":false},"excerpt":{"rendered":"<p>Los chefs profesionales de todo el mundo aprecian la alta calidad y la comodidad que ofrece el juego de cuchillos<\/p>\n","protected":false},"featured_media":469380,"template":"","meta":{"_acf_changed":false,"inline_featured_image":false},"product_cat":[16040,16043,16047],"product_tag":[25039,16162,16432,20101,16528,16510,25264,16511,25023],"acf":[],"yoast_head":"<!-- This site is optimized with the Yoast SEO Premium plugin v18.6 (Yoast SEO v19.13) - https:\/\/yoast.com\/wordpress\/plugins\/seo\/ -->\n<title>ZWILLING Set de 3 cuchillos Profesional S - Erresse Shop<\/title>\n<meta name=\"description\" content=\"Los chefs profesionales de todo el mundo aprecian la alta calidad y la comodidad que ofrece el juego de cuchillos de tres piezas ZWILLING. Ahora t\u00fa\" \/>\n<meta name=\"robots\" content=\"index, follow, max-snippet:-1, max-image-preview:large, max-video-preview:-1\" \/>\n<link rel=\"canonical\" href=\"https:\/\/www.erresse-shop.it\/es\/shop\/cocina\/cuchillos\/cuchillos-de-cocina\/zwilling-set-de-3-cuchillos-profesional-s\/\" \/>\n<meta property=\"og:locale\" content=\"es_ES\" \/>\n<meta property=\"og:type\" content=\"article\" \/>\n<meta property=\"og:title\" content=\"ZWILLING Set de 3 cuchillos Profesional S\" \/>\n<meta property=\"og:description\" content=\"Los chefs profesionales de todo el mundo aprecian la alta calidad y la comodidad que ofrece el juego de cuchillos de tres piezas ZWILLING. Ahora t\u00fa\" \/>\n<meta property=\"og:url\" content=\"https:\/\/www.erresse-shop.it\/es\/shop\/cocina\/cuchillos\/cuchillos-de-cocina\/zwilling-set-de-3-cuchillos-profesional-s\/\" \/>\n<meta property=\"og:site_name\" content=\"Erresse Shop\" \/>\n<meta property=\"article:modified_time\" content=\"2024-10-16T10:47:17+00:00\" \/>\n<meta property=\"og:image\" content=\"https:\/\/www.erresse-shop.it\/wp-content\/uploads\/2024\/08\/ZWILLING-Set-3-Coltelli-Professional-S.png\" \/>\n\t<meta property=\"og:image:width\" content=\"800\" \/>\n\t<meta property=\"og:image:height\" content=\"800\" \/>\n\t<meta property=\"og:image:type\" content=\"image\/png\" \/>\n<meta name=\"twitter:card\" content=\"summary_large_image\" \/>\n<script type=\"application\/ld+json\" class=\"yoast-schema-graph\">{\"@context\":\"https:\/\/schema.org\",\"@graph\":[{\"@type\":\"WebPage\",\"@id\":\"https:\/\/www.erresse-shop.it\/es\/shop\/cocina\/cuchillos\/cuchillos-de-cocina\/zwilling-set-de-3-cuchillos-profesional-s\/\",\"url\":\"https:\/\/www.erresse-shop.it\/es\/shop\/cocina\/cuchillos\/cuchillos-de-cocina\/zwilling-set-de-3-cuchillos-profesional-s\/\",\"name\":\"ZWILLING Set de 3 cuchillos Profesional S - Erresse Shop\",\"isPartOf\":{\"@id\":\"https:\/\/www.erresse-shop.it\/es\/#website\"},\"datePublished\":\"2024-08-06T10:35:39+00:00\",\"dateModified\":\"2024-10-16T10:47:17+00:00\",\"description\":\"Los chefs profesionales de todo el mundo aprecian la alta calidad y la comodidad que ofrece el juego de cuchillos de tres piezas ZWILLING. Ahora t\u00fa\",\"breadcrumb\":{\"@id\":\"https:\/\/www.erresse-shop.it\/es\/shop\/cocina\/cuchillos\/cuchillos-de-cocina\/zwilling-set-de-3-cuchillos-profesional-s\/#breadcrumb\"},\"inLanguage\":\"es\",\"potentialAction\":[{\"@type\":\"ReadAction\",\"target\":[\"https:\/\/www.erresse-shop.it\/es\/shop\/cocina\/cuchillos\/cuchillos-de-cocina\/zwilling-set-de-3-cuchillos-profesional-s\/\"]}]},{\"@type\":\"BreadcrumbList\",\"@id\":\"https:\/\/www.erresse-shop.it\/es\/shop\/cocina\/cuchillos\/cuchillos-de-cocina\/zwilling-set-de-3-cuchillos-profesional-s\/#breadcrumb\",\"itemListElement\":[{\"@type\":\"ListItem\",\"position\":1,\"name\":\"Home\",\"item\":\"https:\/\/www.erresse-shop.it\/es\/\"},{\"@type\":\"ListItem\",\"position\":2,\"name\":\"Shop\",\"item\":\"https:\/\/www.erresse-shop.it\/es\/shop\/\"},{\"@type\":\"ListItem\",\"position\":3,\"name\":\"ZWILLING Set de 3 cuchillos Profesional S\"}]},{\"@type\":\"WebSite\",\"@id\":\"https:\/\/www.erresse-shop.it\/es\/#website\",\"url\":\"https:\/\/www.erresse-shop.it\/es\/\",\"name\":\"Erresse Shop\",\"description\":\"Articoli di qualit\u00e0 per la casa\",\"potentialAction\":[{\"@type\":\"SearchAction\",\"target\":{\"@type\":\"EntryPoint\",\"urlTemplate\":\"https:\/\/www.erresse-shop.it\/es\/?s={search_term_string}\"},\"query-input\":\"required name=search_term_string\"}],\"inLanguage\":\"es\"}]}<\/script>\n<!-- \/ Yoast SEO Premium plugin. -->","yoast_head_json":{"title":"ZWILLING Set de 3 cuchillos Profesional S - Erresse Shop","description":"Los chefs profesionales de todo el mundo aprecian la alta calidad y la comodidad que ofrece el juego de cuchillos de tres piezas ZWILLING. Ahora t\u00fa","robots":{"index":"index","follow":"follow","max-snippet":"max-snippet:-1","max-image-preview":"max-image-preview:large","max-video-preview":"max-video-preview:-1"},"canonical":"https:\/\/www.erresse-shop.it\/es\/shop\/cocina\/cuchillos\/cuchillos-de-cocina\/zwilling-set-de-3-cuchillos-profesional-s\/","og_locale":"es_ES","og_type":"article","og_title":"ZWILLING Set de 3 cuchillos Profesional S","og_description":"Los chefs profesionales de todo el mundo aprecian la alta calidad y la comodidad que ofrece el juego de cuchillos de tres piezas ZWILLING. Ahora t\u00fa","og_url":"https:\/\/www.erresse-shop.it\/es\/shop\/cocina\/cuchillos\/cuchillos-de-cocina\/zwilling-set-de-3-cuchillos-profesional-s\/","og_site_name":"Erresse Shop","article_modified_time":"2024-10-16T10:47:17+00:00","og_image":[{"width":800,"height":800,"url":"https:\/\/www.erresse-shop.it\/wp-content\/uploads\/2024\/08\/ZWILLING-Set-3-Coltelli-Professional-S.png","type":"image\/png"}],"twitter_card":"summary_large_image","schema":{"@context":"https:\/\/schema.org","@graph":[{"@type":"WebPage","@id":"https:\/\/www.erresse-shop.it\/es\/shop\/cocina\/cuchillos\/cuchillos-de-cocina\/zwilling-set-de-3-cuchillos-profesional-s\/","url":"https:\/\/www.erresse-shop.it\/es\/shop\/cocina\/cuchillos\/cuchillos-de-cocina\/zwilling-set-de-3-cuchillos-profesional-s\/","name":"ZWILLING Set de 3 cuchillos Profesional S - Erresse Shop","isPartOf":{"@id":"https:\/\/www.erresse-shop.it\/es\/#website"},"datePublished":"2024-08-06T10:35:39+00:00","dateModified":"2024-10-16T10:47:17+00:00","description":"Los chefs profesionales de todo el mundo aprecian la alta calidad y la comodidad que ofrece el juego de cuchillos de tres piezas ZWILLING. Ahora t\u00fa","breadcrumb":{"@id":"https:\/\/www.erresse-shop.it\/es\/shop\/cocina\/cuchillos\/cuchillos-de-cocina\/zwilling-set-de-3-cuchillos-profesional-s\/#breadcrumb"},"inLanguage":"es","potentialAction":[{"@type":"ReadAction","target":["https:\/\/www.erresse-shop.it\/es\/shop\/cocina\/cuchillos\/cuchillos-de-cocina\/zwilling-set-de-3-cuchillos-profesional-s\/"]}]},{"@type":"BreadcrumbList","@id":"https:\/\/www.erresse-shop.it\/es\/shop\/cocina\/cuchillos\/cuchillos-de-cocina\/zwilling-set-de-3-cuchillos-profesional-s\/#breadcrumb","itemListElement":[{"@type":"ListItem","position":1,"name":"Home","item":"https:\/\/www.erresse-shop.it\/es\/"},{"@type":"ListItem","position":2,"name":"Shop","item":"https:\/\/www.erresse-shop.it\/es\/shop\/"},{"@type":"ListItem","position":3,"name":"ZWILLING Set de 3 cuchillos Profesional S"}]},{"@type":"WebSite","@id":"https:\/\/www.erresse-shop.it\/es\/#website","url":"https:\/\/www.erresse-shop.it\/es\/","name":"Erresse Shop","description":"Articoli di qualit\u00e0 per la casa","potentialAction":[{"@type":"SearchAction","target":{"@type":"EntryPoint","urlTemplate":"https:\/\/www.erresse-shop.it\/es\/?s={search_term_string}"},"query-input":"required name=search_term_string"}],"inLanguage":"es"}]}},"df_price":109.95,"df_sale_price":109.95,"df_regular_price":199,"df_image_link":"https:\/\/www.erresse-shop.it\/wp-content\/uploads\/2024\/08\/Zwilling-Set-3-1-300x300.jpg","_links":{"self":[{"href":"https:\/\/www.erresse-shop.it\/es\/wp-json\/wp\/v2\/product\/428313"}],"collection":[{"href":"https:\/\/www.erresse-shop.it\/es\/wp-json\/wp\/v2\/product"}],"about":[{"href":"https:\/\/www.erresse-shop.it\/es\/wp-json\/wp\/v2\/types\/product"}],"wp:featuredmedia":[{"embeddable":true,"href":"https:\/\/www.erresse-shop.it\/es\/wp-json\/wp\/v2\/media\/469380"}],"wp:attachment":[{"href":"https:\/\/www.erresse-shop.it\/es\/wp-json\/wp\/v2\/media?parent=428313"}],"wp:term":[{"taxonomy":"product_cat","embeddable":true,"href":"https:\/\/www.erresse-shop.it\/es\/wp-json\/wp\/v2\/product_cat?post=428313"},{"taxonomy":"product_tag","embeddable":true,"href":"https:\/\/www.erresse-shop.it\/es\/wp-json\/wp\/v2\/product_tag?post=428313"}],"curies":[{"name":"wp","href":"https:\/\/api.w.org\/{rel}","templated":true}]}}