{"id":428272,"date":"2024-08-06T10:02:23","date_gmt":"2024-08-06T10:02:25","guid":{"rendered":"https:\/\/www.erresse-shop.it\/?post_type=product&#038;p=428272"},"modified":"2024-10-16T10:51:46","modified_gmt":"2024-10-16T10:51:46","slug":"zwilling-pro-pelador-de-limones","status":"publish","type":"product","link":"https:\/\/www.erresse-shop.it\/es\/shop\/cocina\/herramientas\/zwilling-pro-pelador-de-limones\/","title":{"rendered":"ZWILLING PRO Pelador de limones"},"content":{"rendered":"<p>Tiras muy finas, gran efecto. Con el rallador ZWILLING Pro Collection se pueden hacer tiras decorativas de c\u00edtricos. Este elegante accesorio de cocina tiene dos secciones separadas para producir diferentes grosores de ralladura con un solo rallador. Las c\u00e1scaras m\u00e1s gruesas son una decoraci\u00f3n perfecta para postres y c\u00f3cteles, mientras que las m\u00e1s finas son ideales para dar un toque extra a comidas y bebidas. Al mismo tiempo, se asegurar\u00e1 de que la parte blanca y m\u00e1s amarga de la c\u00e1scara permanezca en la fruta. El removedor de c\u00e1scaras es f\u00e1cil de manejar, ya que los dise\u00f1adores de fama mundial Matteo Thun y Antonio Rodr\u00edguez pusieron mucho empe\u00f1o en su perfecta funcionalidad durante la fase de desarrollo. El mango ergon\u00f3mico no s\u00f3lo es extremadamente elegante, sino que no resulta inc\u00f3modo cuando se presiona en la palma de la mano, incluso con un uso prolongado. Una l\u00ednea decorativa cortada a l\u00e1ser acent\u00faa el aspecto minimalista que caracteriza a toda la colecci\u00f3n Pro, y el uso de acero inoxidable permite lavar el zester en el lavavajillas.<\/p>\n<ul>\n<li>Dise\u00f1o minimalista de Matteo Thun y Antonio Rodr\u00edguez<\/li>\n<li>Fabricado en acero inoxidable de alta calidad<\/li>\n<li>Mangos de dise\u00f1o ergon\u00f3mico para trabajar sin esfuerzo, con transici\u00f3n<\/li>\n<li>continua hacia el tallo para una m\u00e1xima higiene<\/li>\n<li>Apto para lavavajillas<\/li>\n<li>Para extraer la c\u00e1scara de limones, limas y naranjas<\/li>\n<\/ul>\n","protected":false},"excerpt":{"rendered":"<p>Tiras muy finas, gran efecto. Con el rallador ZWILLING Pro Collection se pueden hacer tiras decorativas de c\u00edtricos. Este elegante<\/p>\n","protected":false},"featured_media":507205,"template":"","meta":{"_acf_changed":false,"inline_featured_image":false},"product_cat":[16040,25335],"product_tag":[25039,17115,16547,25023],"acf":[],"yoast_head":"<!-- This site is optimized with the Yoast SEO Premium plugin v18.6 (Yoast SEO v19.13) - https:\/\/yoast.com\/wordpress\/plugins\/seo\/ -->\n<title>ZWILLING PRO Pelador de limones - Erresse Shop<\/title>\n<meta name=\"description\" content=\"Tiras muy finas, gran efecto. Con el rallador ZWILLING Pro Collection se pueden hacer tiras decorativas de c\u00edtricos. Este elegante accesorio de cocina\" \/>\n<meta name=\"robots\" content=\"index, follow, max-snippet:-1, max-image-preview:large, max-video-preview:-1\" \/>\n<link rel=\"canonical\" href=\"https:\/\/www.erresse-shop.it\/es\/shop\/cocina\/herramientas\/zwilling-pro-pelador-de-limones\/\" \/>\n<meta property=\"og:locale\" content=\"es_ES\" \/>\n<meta property=\"og:type\" content=\"article\" \/>\n<meta property=\"og:title\" content=\"ZWILLING PRO Pelador de limones\" \/>\n<meta property=\"og:description\" content=\"Tiras muy finas, gran efecto. Con el rallador ZWILLING Pro Collection se pueden hacer tiras decorativas de c\u00edtricos. Este elegante accesorio de cocina\" \/>\n<meta property=\"og:url\" content=\"https:\/\/www.erresse-shop.it\/es\/shop\/cocina\/herramientas\/zwilling-pro-pelador-de-limones\/\" \/>\n<meta property=\"og:site_name\" content=\"Erresse Shop\" \/>\n<meta property=\"article:modified_time\" content=\"2024-10-16T10:51:46+00:00\" \/>\n<meta property=\"og:image\" content=\"https:\/\/www.erresse-shop.it\/wp-content\/uploads\/2024\/08\/ZWILLING-PRO-Pelalimoni.png\" \/>\n\t<meta property=\"og:image:width\" content=\"800\" \/>\n\t<meta property=\"og:image:height\" content=\"800\" \/>\n\t<meta property=\"og:image:type\" content=\"image\/png\" \/>\n<meta name=\"twitter:card\" content=\"summary_large_image\" \/>\n<script type=\"application\/ld+json\" class=\"yoast-schema-graph\">{\"@context\":\"https:\/\/schema.org\",\"@graph\":[{\"@type\":\"WebPage\",\"@id\":\"https:\/\/www.erresse-shop.it\/es\/shop\/cocina\/herramientas\/zwilling-pro-pelador-de-limones\/\",\"url\":\"https:\/\/www.erresse-shop.it\/es\/shop\/cocina\/herramientas\/zwilling-pro-pelador-de-limones\/\",\"name\":\"ZWILLING PRO Pelador de limones - Erresse Shop\",\"isPartOf\":{\"@id\":\"https:\/\/www.erresse-shop.it\/es\/#website\"},\"datePublished\":\"2024-08-06T10:02:25+00:00\",\"dateModified\":\"2024-10-16T10:51:46+00:00\",\"description\":\"Tiras muy finas, gran efecto. Con el rallador ZWILLING Pro Collection se pueden hacer tiras decorativas de c\u00edtricos. Este elegante accesorio de cocina\",\"breadcrumb\":{\"@id\":\"https:\/\/www.erresse-shop.it\/es\/shop\/cocina\/herramientas\/zwilling-pro-pelador-de-limones\/#breadcrumb\"},\"inLanguage\":\"es\",\"potentialAction\":[{\"@type\":\"ReadAction\",\"target\":[\"https:\/\/www.erresse-shop.it\/es\/shop\/cocina\/herramientas\/zwilling-pro-pelador-de-limones\/\"]}]},{\"@type\":\"BreadcrumbList\",\"@id\":\"https:\/\/www.erresse-shop.it\/es\/shop\/cocina\/herramientas\/zwilling-pro-pelador-de-limones\/#breadcrumb\",\"itemListElement\":[{\"@type\":\"ListItem\",\"position\":1,\"name\":\"Home\",\"item\":\"https:\/\/www.erresse-shop.it\/es\/\"},{\"@type\":\"ListItem\",\"position\":2,\"name\":\"Shop\",\"item\":\"https:\/\/www.erresse-shop.it\/es\/shop\/\"},{\"@type\":\"ListItem\",\"position\":3,\"name\":\"ZWILLING PRO Pelador de limones\"}]},{\"@type\":\"WebSite\",\"@id\":\"https:\/\/www.erresse-shop.it\/es\/#website\",\"url\":\"https:\/\/www.erresse-shop.it\/es\/\",\"name\":\"Erresse Shop\",\"description\":\"Articoli di qualit\u00e0 per la casa\",\"potentialAction\":[{\"@type\":\"SearchAction\",\"target\":{\"@type\":\"EntryPoint\",\"urlTemplate\":\"https:\/\/www.erresse-shop.it\/es\/?s={search_term_string}\"},\"query-input\":\"required name=search_term_string\"}],\"inLanguage\":\"es\"}]}<\/script>\n<!-- \/ Yoast SEO Premium plugin. -->","yoast_head_json":{"title":"ZWILLING PRO Pelador de limones - Erresse Shop","description":"Tiras muy finas, gran efecto. Con el rallador ZWILLING Pro Collection se pueden hacer tiras decorativas de c\u00edtricos. Este elegante accesorio de cocina","robots":{"index":"index","follow":"follow","max-snippet":"max-snippet:-1","max-image-preview":"max-image-preview:large","max-video-preview":"max-video-preview:-1"},"canonical":"https:\/\/www.erresse-shop.it\/es\/shop\/cocina\/herramientas\/zwilling-pro-pelador-de-limones\/","og_locale":"es_ES","og_type":"article","og_title":"ZWILLING PRO Pelador de limones","og_description":"Tiras muy finas, gran efecto. Con el rallador ZWILLING Pro Collection se pueden hacer tiras decorativas de c\u00edtricos. Este elegante accesorio de cocina","og_url":"https:\/\/www.erresse-shop.it\/es\/shop\/cocina\/herramientas\/zwilling-pro-pelador-de-limones\/","og_site_name":"Erresse Shop","article_modified_time":"2024-10-16T10:51:46+00:00","og_image":[{"width":800,"height":800,"url":"https:\/\/www.erresse-shop.it\/wp-content\/uploads\/2024\/08\/ZWILLING-PRO-Pelalimoni.png","type":"image\/png"}],"twitter_card":"summary_large_image","schema":{"@context":"https:\/\/schema.org","@graph":[{"@type":"WebPage","@id":"https:\/\/www.erresse-shop.it\/es\/shop\/cocina\/herramientas\/zwilling-pro-pelador-de-limones\/","url":"https:\/\/www.erresse-shop.it\/es\/shop\/cocina\/herramientas\/zwilling-pro-pelador-de-limones\/","name":"ZWILLING PRO Pelador de limones - Erresse Shop","isPartOf":{"@id":"https:\/\/www.erresse-shop.it\/es\/#website"},"datePublished":"2024-08-06T10:02:25+00:00","dateModified":"2024-10-16T10:51:46+00:00","description":"Tiras muy finas, gran efecto. Con el rallador ZWILLING Pro Collection se pueden hacer tiras decorativas de c\u00edtricos. Este elegante accesorio de cocina","breadcrumb":{"@id":"https:\/\/www.erresse-shop.it\/es\/shop\/cocina\/herramientas\/zwilling-pro-pelador-de-limones\/#breadcrumb"},"inLanguage":"es","potentialAction":[{"@type":"ReadAction","target":["https:\/\/www.erresse-shop.it\/es\/shop\/cocina\/herramientas\/zwilling-pro-pelador-de-limones\/"]}]},{"@type":"BreadcrumbList","@id":"https:\/\/www.erresse-shop.it\/es\/shop\/cocina\/herramientas\/zwilling-pro-pelador-de-limones\/#breadcrumb","itemListElement":[{"@type":"ListItem","position":1,"name":"Home","item":"https:\/\/www.erresse-shop.it\/es\/"},{"@type":"ListItem","position":2,"name":"Shop","item":"https:\/\/www.erresse-shop.it\/es\/shop\/"},{"@type":"ListItem","position":3,"name":"ZWILLING PRO Pelador de limones"}]},{"@type":"WebSite","@id":"https:\/\/www.erresse-shop.it\/es\/#website","url":"https:\/\/www.erresse-shop.it\/es\/","name":"Erresse Shop","description":"Articoli di qualit\u00e0 per la casa","potentialAction":[{"@type":"SearchAction","target":{"@type":"EntryPoint","urlTemplate":"https:\/\/www.erresse-shop.it\/es\/?s={search_term_string}"},"query-input":"required name=search_term_string"}],"inLanguage":"es"}]}},"df_price":8.475,"df_sale_price":8.475,"df_regular_price":16.95,"df_image_link":"https:\/\/www.erresse-shop.it\/wp-content\/uploads\/2024\/08\/ZWILLING-PRO-Pelalimoni-300x300.jpg","_links":{"self":[{"href":"https:\/\/www.erresse-shop.it\/es\/wp-json\/wp\/v2\/product\/428272"}],"collection":[{"href":"https:\/\/www.erresse-shop.it\/es\/wp-json\/wp\/v2\/product"}],"about":[{"href":"https:\/\/www.erresse-shop.it\/es\/wp-json\/wp\/v2\/types\/product"}],"wp:featuredmedia":[{"embeddable":true,"href":"https:\/\/www.erresse-shop.it\/es\/wp-json\/wp\/v2\/media\/507205"}],"wp:attachment":[{"href":"https:\/\/www.erresse-shop.it\/es\/wp-json\/wp\/v2\/media?parent=428272"}],"wp:term":[{"taxonomy":"product_cat","embeddable":true,"href":"https:\/\/www.erresse-shop.it\/es\/wp-json\/wp\/v2\/product_cat?post=428272"},{"taxonomy":"product_tag","embeddable":true,"href":"https:\/\/www.erresse-shop.it\/es\/wp-json\/wp\/v2\/product_tag?post=428272"}],"curies":[{"name":"wp","href":"https:\/\/api.w.org\/{rel}","templated":true}]}}