{"id":427361,"date":"2024-08-01T12:28:57","date_gmt":"2024-08-01T12:28:59","guid":{"rendered":"https:\/\/www.erresse-shop.it\/?post_type=product&#038;p=427361"},"modified":"2024-10-16T12:32:25","modified_gmt":"2024-10-16T12:32:25","slug":"guzzini-feeling-cuberteria-24-piezas-amarillo","status":"publish","type":"product","link":"https:\/\/www.erresse-shop.it\/es\/shop\/tabla\/cubiertos\/guzzini-feeling-cuberteria-24-piezas-amarillo\/","title":{"rendered":"GUZZINI Feeling Cuberter\u00eda 24 piezas Amarillo"},"content":{"rendered":"<p>La combinaci\u00f3n perfecta de acero y pl\u00e1stico est\u00e1 representada en este juego de cubiertos. El acero inoxidable de la m\u00e1s alta calidad recorre toda la longitud de los cubiertos, en cuyo mango se aplican los preciosos elementos de pl\u00e1stico bicolor.<\/p>\n<ul>\n<li>Dise\u00f1ados para soportar miles de lavados en el lavavajillas, garantizan la m\u00e1xima higiene del material.<\/li>\n<\/ul>\n<p><strong>Material<\/strong>: Acero inoxidable<\/p>\n","protected":false},"excerpt":{"rendered":"<p>La combinaci\u00f3n perfecta de acero y pl\u00e1stico est\u00e1 representada en este juego de cubiertos. El acero inoxidable de la m\u00e1s<\/p>\n","protected":false},"featured_media":462511,"template":"","meta":{"_acf_changed":false,"inline_featured_image":false},"product_cat":[16033,16027],"product_tag":[17199,16759,17200,21823,25023],"acf":[],"yoast_head":"<!-- This site is optimized with the Yoast SEO Premium plugin v18.6 (Yoast SEO v19.13) - https:\/\/yoast.com\/wordpress\/plugins\/seo\/ -->\n<title>GUZZINI Feeling Cuberter\u00eda 24 piezas Amarillo - Erresse Shop<\/title>\n<meta name=\"description\" content=\"La combinaci\u00f3n perfecta de acero y pl\u00e1stico est\u00e1 representada en este juego de cubiertos. El acero inoxidable de la m\u00e1s alta calidad recorre toda la\" \/>\n<meta name=\"robots\" content=\"index, follow, max-snippet:-1, max-image-preview:large, max-video-preview:-1\" \/>\n<link rel=\"canonical\" href=\"https:\/\/www.erresse-shop.it\/es\/shop\/tabla\/cubiertos\/guzzini-feeling-cuberteria-24-piezas-amarillo\/\" \/>\n<meta property=\"og:locale\" content=\"es_ES\" \/>\n<meta property=\"og:type\" content=\"article\" \/>\n<meta property=\"og:title\" content=\"GUZZINI Feeling Cuberter\u00eda 24 piezas Amarillo\" \/>\n<meta property=\"og:description\" content=\"La combinaci\u00f3n perfecta de acero y pl\u00e1stico est\u00e1 representada en este juego de cubiertos. El acero inoxidable de la m\u00e1s alta calidad recorre toda la\" \/>\n<meta property=\"og:url\" content=\"https:\/\/www.erresse-shop.it\/es\/shop\/tabla\/cubiertos\/guzzini-feeling-cuberteria-24-piezas-amarillo\/\" \/>\n<meta property=\"og:site_name\" content=\"Erresse Shop\" \/>\n<meta property=\"article:modified_time\" content=\"2024-10-16T12:32:25+00:00\" \/>\n<meta property=\"og:image\" content=\"https:\/\/www.erresse-shop.it\/wp-content\/uploads\/2024\/08\/GUZZINI-Feeling-Set-Posate-24-pezzi-Giallo.png\" \/>\n\t<meta property=\"og:image:width\" content=\"800\" \/>\n\t<meta property=\"og:image:height\" content=\"800\" \/>\n\t<meta property=\"og:image:type\" content=\"image\/png\" \/>\n<meta name=\"twitter:card\" content=\"summary_large_image\" \/>\n<script type=\"application\/ld+json\" class=\"yoast-schema-graph\">{\"@context\":\"https:\/\/schema.org\",\"@graph\":[{\"@type\":\"WebPage\",\"@id\":\"https:\/\/www.erresse-shop.it\/es\/shop\/tabla\/cubiertos\/guzzini-feeling-cuberteria-24-piezas-amarillo\/\",\"url\":\"https:\/\/www.erresse-shop.it\/es\/shop\/tabla\/cubiertos\/guzzini-feeling-cuberteria-24-piezas-amarillo\/\",\"name\":\"GUZZINI Feeling Cuberter\u00eda 24 piezas Amarillo - Erresse Shop\",\"isPartOf\":{\"@id\":\"https:\/\/www.erresse-shop.it\/es\/#website\"},\"datePublished\":\"2024-08-01T12:28:59+00:00\",\"dateModified\":\"2024-10-16T12:32:25+00:00\",\"description\":\"La combinaci\u00f3n perfecta de acero y pl\u00e1stico est\u00e1 representada en este juego de cubiertos. El acero inoxidable de la m\u00e1s alta calidad recorre toda la\",\"breadcrumb\":{\"@id\":\"https:\/\/www.erresse-shop.it\/es\/shop\/tabla\/cubiertos\/guzzini-feeling-cuberteria-24-piezas-amarillo\/#breadcrumb\"},\"inLanguage\":\"es\",\"potentialAction\":[{\"@type\":\"ReadAction\",\"target\":[\"https:\/\/www.erresse-shop.it\/es\/shop\/tabla\/cubiertos\/guzzini-feeling-cuberteria-24-piezas-amarillo\/\"]}]},{\"@type\":\"BreadcrumbList\",\"@id\":\"https:\/\/www.erresse-shop.it\/es\/shop\/tabla\/cubiertos\/guzzini-feeling-cuberteria-24-piezas-amarillo\/#breadcrumb\",\"itemListElement\":[{\"@type\":\"ListItem\",\"position\":1,\"name\":\"Home\",\"item\":\"https:\/\/www.erresse-shop.it\/es\/\"},{\"@type\":\"ListItem\",\"position\":2,\"name\":\"Shop\",\"item\":\"https:\/\/www.erresse-shop.it\/es\/shop\/\"},{\"@type\":\"ListItem\",\"position\":3,\"name\":\"GUZZINI Feeling Cuberter\u00eda 24 piezas Amarillo\"}]},{\"@type\":\"WebSite\",\"@id\":\"https:\/\/www.erresse-shop.it\/es\/#website\",\"url\":\"https:\/\/www.erresse-shop.it\/es\/\",\"name\":\"Erresse Shop\",\"description\":\"Articoli di qualit\u00e0 per la casa\",\"potentialAction\":[{\"@type\":\"SearchAction\",\"target\":{\"@type\":\"EntryPoint\",\"urlTemplate\":\"https:\/\/www.erresse-shop.it\/es\/?s={search_term_string}\"},\"query-input\":\"required name=search_term_string\"}],\"inLanguage\":\"es\"}]}<\/script>\n<!-- \/ Yoast SEO Premium plugin. -->","yoast_head_json":{"title":"GUZZINI Feeling Cuberter\u00eda 24 piezas Amarillo - Erresse Shop","description":"La combinaci\u00f3n perfecta de acero y pl\u00e1stico est\u00e1 representada en este juego de cubiertos. El acero inoxidable de la m\u00e1s alta calidad recorre toda la","robots":{"index":"index","follow":"follow","max-snippet":"max-snippet:-1","max-image-preview":"max-image-preview:large","max-video-preview":"max-video-preview:-1"},"canonical":"https:\/\/www.erresse-shop.it\/es\/shop\/tabla\/cubiertos\/guzzini-feeling-cuberteria-24-piezas-amarillo\/","og_locale":"es_ES","og_type":"article","og_title":"GUZZINI Feeling Cuberter\u00eda 24 piezas Amarillo","og_description":"La combinaci\u00f3n perfecta de acero y pl\u00e1stico est\u00e1 representada en este juego de cubiertos. El acero inoxidable de la m\u00e1s alta calidad recorre toda la","og_url":"https:\/\/www.erresse-shop.it\/es\/shop\/tabla\/cubiertos\/guzzini-feeling-cuberteria-24-piezas-amarillo\/","og_site_name":"Erresse Shop","article_modified_time":"2024-10-16T12:32:25+00:00","og_image":[{"width":800,"height":800,"url":"https:\/\/www.erresse-shop.it\/wp-content\/uploads\/2024\/08\/GUZZINI-Feeling-Set-Posate-24-pezzi-Giallo.png","type":"image\/png"}],"twitter_card":"summary_large_image","schema":{"@context":"https:\/\/schema.org","@graph":[{"@type":"WebPage","@id":"https:\/\/www.erresse-shop.it\/es\/shop\/tabla\/cubiertos\/guzzini-feeling-cuberteria-24-piezas-amarillo\/","url":"https:\/\/www.erresse-shop.it\/es\/shop\/tabla\/cubiertos\/guzzini-feeling-cuberteria-24-piezas-amarillo\/","name":"GUZZINI Feeling Cuberter\u00eda 24 piezas Amarillo - Erresse Shop","isPartOf":{"@id":"https:\/\/www.erresse-shop.it\/es\/#website"},"datePublished":"2024-08-01T12:28:59+00:00","dateModified":"2024-10-16T12:32:25+00:00","description":"La combinaci\u00f3n perfecta de acero y pl\u00e1stico est\u00e1 representada en este juego de cubiertos. El acero inoxidable de la m\u00e1s alta calidad recorre toda la","breadcrumb":{"@id":"https:\/\/www.erresse-shop.it\/es\/shop\/tabla\/cubiertos\/guzzini-feeling-cuberteria-24-piezas-amarillo\/#breadcrumb"},"inLanguage":"es","potentialAction":[{"@type":"ReadAction","target":["https:\/\/www.erresse-shop.it\/es\/shop\/tabla\/cubiertos\/guzzini-feeling-cuberteria-24-piezas-amarillo\/"]}]},{"@type":"BreadcrumbList","@id":"https:\/\/www.erresse-shop.it\/es\/shop\/tabla\/cubiertos\/guzzini-feeling-cuberteria-24-piezas-amarillo\/#breadcrumb","itemListElement":[{"@type":"ListItem","position":1,"name":"Home","item":"https:\/\/www.erresse-shop.it\/es\/"},{"@type":"ListItem","position":2,"name":"Shop","item":"https:\/\/www.erresse-shop.it\/es\/shop\/"},{"@type":"ListItem","position":3,"name":"GUZZINI Feeling Cuberter\u00eda 24 piezas Amarillo"}]},{"@type":"WebSite","@id":"https:\/\/www.erresse-shop.it\/es\/#website","url":"https:\/\/www.erresse-shop.it\/es\/","name":"Erresse Shop","description":"Articoli di qualit\u00e0 per la casa","potentialAction":[{"@type":"SearchAction","target":{"@type":"EntryPoint","urlTemplate":"https:\/\/www.erresse-shop.it\/es\/?s={search_term_string}"},"query-input":"required name=search_term_string"}],"inLanguage":"es"}]}},"df_price":59.5,"df_sale_price":59.5,"df_regular_price":119,"df_image_link":"https:\/\/www.erresse-shop.it\/wp-content\/uploads\/2024\/08\/GUZZINI-Feeling-Set-Posate-24-pezzi-Giallo-300x300.jpg","_links":{"self":[{"href":"https:\/\/www.erresse-shop.it\/es\/wp-json\/wp\/v2\/product\/427361"}],"collection":[{"href":"https:\/\/www.erresse-shop.it\/es\/wp-json\/wp\/v2\/product"}],"about":[{"href":"https:\/\/www.erresse-shop.it\/es\/wp-json\/wp\/v2\/types\/product"}],"wp:featuredmedia":[{"embeddable":true,"href":"https:\/\/www.erresse-shop.it\/es\/wp-json\/wp\/v2\/media\/462511"}],"wp:attachment":[{"href":"https:\/\/www.erresse-shop.it\/es\/wp-json\/wp\/v2\/media?parent=427361"}],"wp:term":[{"taxonomy":"product_cat","embeddable":true,"href":"https:\/\/www.erresse-shop.it\/es\/wp-json\/wp\/v2\/product_cat?post=427361"},{"taxonomy":"product_tag","embeddable":true,"href":"https:\/\/www.erresse-shop.it\/es\/wp-json\/wp\/v2\/product_tag?post=427361"}],"curies":[{"name":"wp","href":"https:\/\/api.w.org\/{rel}","templated":true}]}}