{"id":424002,"date":"2024-07-25T09:23:52","date_gmt":"2024-07-25T09:23:53","guid":{"rendered":"https:\/\/www.erresse-shop.it\/?post_type=product&#038;p=424002"},"modified":"2024-11-26T14:27:11","modified_gmt":"2024-11-26T14:27:11","slug":"wusthof-classic-ikon-cuchillo-de-cocinero-23-cm","status":"publish","type":"product","link":"https:\/\/www.erresse-shop.it\/es\/shop\/cocina\/cuchillos\/cuchillos-de-cocina\/wusthof-classic-ikon-cuchillo-de-cocinero-23-cm\/","title":{"rendered":"WUSTHOF Classic Ikon Cuchillo de cocinero 23 cm"},"content":{"rendered":"<p>El todoterreno: para picar, picar o cortar carne, pescado, fruta y verdura. Este cuchillo de cocinero participa activamente en muchas tareas de la cocina, hace agradable la preparaci\u00f3n de los alimentos y forma parte del equipamiento b\u00e1sico de todo cocinero profesional y dom\u00e9stico. La media virola, la uni\u00f3n entre el mango y la hoja, reduce el peso del cuchillo, facilitando su manejo. Tambi\u00e9n facilita el afilado de toda la hoja.<\/p>\n<p><strong>Detalles del producto:<\/strong><\/p>\n<ul>\n<li>Hoja de acero inoxidable<\/li>\n<li>Excelente ergonom\u00eda.<\/li>\n<li>Equilibrio perfecto para cortar sin esfuerzo.<\/li>\n<li>Sin espacios entre el mango y la hoja para una higiene perfecta.<\/li>\n<li>Mangos negros de material sint\u00e9tico especial.<\/li>\n<li>Afilado constante a lo largo del tiempo, gracias a la tecnolog\u00eda PEtec &#8211; Precision Edge de W\u00dcSTHOF.<\/li>\n<\/ul>\n","protected":false},"excerpt":{"rendered":"<p>El todoterreno: para picar, picar o cortar carne, pescado, fruta y verdura. Este cuchillo de cocinero participa activamente en muchas<\/p>\n","protected":false},"featured_media":509257,"template":"","meta":{"_acf_changed":false,"inline_featured_image":false},"product_cat":[16040,16043,16047],"product_tag":[16162,16432,21267],"acf":[],"yoast_head":"<!-- This site is optimized with the Yoast SEO Premium plugin v18.6 (Yoast SEO v19.13) - https:\/\/yoast.com\/wordpress\/plugins\/seo\/ -->\n<title>WUSTHOF Classic Ikon Cuchillo de cocinero 23 cm - Erresse Shop<\/title>\n<meta name=\"description\" content=\"El todoterreno: para picar, picar o cortar carne, pescado, fruta y verdura. Este cuchillo de cocinero participa activamente en muchas tareas de la cocina,\" \/>\n<meta name=\"robots\" content=\"index, follow, max-snippet:-1, max-image-preview:large, max-video-preview:-1\" \/>\n<link rel=\"canonical\" href=\"https:\/\/www.erresse-shop.it\/es\/shop\/cocina\/cuchillos\/cuchillos-de-cocina\/wusthof-classic-ikon-cuchillo-de-cocinero-23-cm\/\" \/>\n<meta property=\"og:locale\" content=\"es_ES\" \/>\n<meta property=\"og:type\" content=\"article\" \/>\n<meta property=\"og:title\" content=\"WUSTHOF Classic Ikon Cuchillo de cocinero 23 cm\" \/>\n<meta property=\"og:description\" content=\"El todoterreno: para picar, picar o cortar carne, pescado, fruta y verdura. Este cuchillo de cocinero participa activamente en muchas tareas de la cocina,\" \/>\n<meta property=\"og:url\" content=\"https:\/\/www.erresse-shop.it\/es\/shop\/cocina\/cuchillos\/cuchillos-de-cocina\/wusthof-classic-ikon-cuchillo-de-cocinero-23-cm\/\" \/>\n<meta property=\"og:site_name\" content=\"Erresse Shop\" \/>\n<meta property=\"article:modified_time\" content=\"2024-11-26T14:27:11+00:00\" \/>\n<meta property=\"og:image\" content=\"https:\/\/www.erresse-shop.it\/wp-content\/uploads\/2024\/07\/WUSTHOF-Classic-Ikon-Coltello-Chef-23-cm.png\" \/>\n\t<meta property=\"og:image:width\" content=\"800\" \/>\n\t<meta property=\"og:image:height\" content=\"800\" \/>\n\t<meta property=\"og:image:type\" content=\"image\/png\" \/>\n<meta name=\"twitter:card\" content=\"summary_large_image\" \/>\n<script type=\"application\/ld+json\" class=\"yoast-schema-graph\">{\"@context\":\"https:\/\/schema.org\",\"@graph\":[{\"@type\":\"WebPage\",\"@id\":\"https:\/\/www.erresse-shop.it\/es\/shop\/cocina\/cuchillos\/cuchillos-de-cocina\/wusthof-classic-ikon-cuchillo-de-cocinero-23-cm\/\",\"url\":\"https:\/\/www.erresse-shop.it\/es\/shop\/cocina\/cuchillos\/cuchillos-de-cocina\/wusthof-classic-ikon-cuchillo-de-cocinero-23-cm\/\",\"name\":\"WUSTHOF Classic Ikon Cuchillo de cocinero 23 cm - Erresse Shop\",\"isPartOf\":{\"@id\":\"https:\/\/www.erresse-shop.it\/es\/#website\"},\"datePublished\":\"2024-07-25T09:23:53+00:00\",\"dateModified\":\"2024-11-26T14:27:11+00:00\",\"description\":\"El todoterreno: para picar, picar o cortar carne, pescado, fruta y verdura. Este cuchillo de cocinero participa activamente en muchas tareas de la cocina,\",\"breadcrumb\":{\"@id\":\"https:\/\/www.erresse-shop.it\/es\/shop\/cocina\/cuchillos\/cuchillos-de-cocina\/wusthof-classic-ikon-cuchillo-de-cocinero-23-cm\/#breadcrumb\"},\"inLanguage\":\"es\",\"potentialAction\":[{\"@type\":\"ReadAction\",\"target\":[\"https:\/\/www.erresse-shop.it\/es\/shop\/cocina\/cuchillos\/cuchillos-de-cocina\/wusthof-classic-ikon-cuchillo-de-cocinero-23-cm\/\"]}]},{\"@type\":\"BreadcrumbList\",\"@id\":\"https:\/\/www.erresse-shop.it\/es\/shop\/cocina\/cuchillos\/cuchillos-de-cocina\/wusthof-classic-ikon-cuchillo-de-cocinero-23-cm\/#breadcrumb\",\"itemListElement\":[{\"@type\":\"ListItem\",\"position\":1,\"name\":\"Home\",\"item\":\"https:\/\/www.erresse-shop.it\/es\/\"},{\"@type\":\"ListItem\",\"position\":2,\"name\":\"Shop\",\"item\":\"https:\/\/www.erresse-shop.it\/es\/shop\/\"},{\"@type\":\"ListItem\",\"position\":3,\"name\":\"WUSTHOF Classic Ikon Cuchillo de cocinero 23 cm\"}]},{\"@type\":\"WebSite\",\"@id\":\"https:\/\/www.erresse-shop.it\/es\/#website\",\"url\":\"https:\/\/www.erresse-shop.it\/es\/\",\"name\":\"Erresse Shop\",\"description\":\"Articoli di qualit\u00e0 per la casa\",\"potentialAction\":[{\"@type\":\"SearchAction\",\"target\":{\"@type\":\"EntryPoint\",\"urlTemplate\":\"https:\/\/www.erresse-shop.it\/es\/?s={search_term_string}\"},\"query-input\":\"required name=search_term_string\"}],\"inLanguage\":\"es\"}]}<\/script>\n<!-- \/ Yoast SEO Premium plugin. -->","yoast_head_json":{"title":"WUSTHOF Classic Ikon Cuchillo de cocinero 23 cm - Erresse Shop","description":"El todoterreno: para picar, picar o cortar carne, pescado, fruta y verdura. Este cuchillo de cocinero participa activamente en muchas tareas de la cocina,","robots":{"index":"index","follow":"follow","max-snippet":"max-snippet:-1","max-image-preview":"max-image-preview:large","max-video-preview":"max-video-preview:-1"},"canonical":"https:\/\/www.erresse-shop.it\/es\/shop\/cocina\/cuchillos\/cuchillos-de-cocina\/wusthof-classic-ikon-cuchillo-de-cocinero-23-cm\/","og_locale":"es_ES","og_type":"article","og_title":"WUSTHOF Classic Ikon Cuchillo de cocinero 23 cm","og_description":"El todoterreno: para picar, picar o cortar carne, pescado, fruta y verdura. Este cuchillo de cocinero participa activamente en muchas tareas de la cocina,","og_url":"https:\/\/www.erresse-shop.it\/es\/shop\/cocina\/cuchillos\/cuchillos-de-cocina\/wusthof-classic-ikon-cuchillo-de-cocinero-23-cm\/","og_site_name":"Erresse Shop","article_modified_time":"2024-11-26T14:27:11+00:00","og_image":[{"width":800,"height":800,"url":"https:\/\/www.erresse-shop.it\/wp-content\/uploads\/2024\/07\/WUSTHOF-Classic-Ikon-Coltello-Chef-23-cm.png","type":"image\/png"}],"twitter_card":"summary_large_image","schema":{"@context":"https:\/\/schema.org","@graph":[{"@type":"WebPage","@id":"https:\/\/www.erresse-shop.it\/es\/shop\/cocina\/cuchillos\/cuchillos-de-cocina\/wusthof-classic-ikon-cuchillo-de-cocinero-23-cm\/","url":"https:\/\/www.erresse-shop.it\/es\/shop\/cocina\/cuchillos\/cuchillos-de-cocina\/wusthof-classic-ikon-cuchillo-de-cocinero-23-cm\/","name":"WUSTHOF Classic Ikon Cuchillo de cocinero 23 cm - Erresse Shop","isPartOf":{"@id":"https:\/\/www.erresse-shop.it\/es\/#website"},"datePublished":"2024-07-25T09:23:53+00:00","dateModified":"2024-11-26T14:27:11+00:00","description":"El todoterreno: para picar, picar o cortar carne, pescado, fruta y verdura. Este cuchillo de cocinero participa activamente en muchas tareas de la cocina,","breadcrumb":{"@id":"https:\/\/www.erresse-shop.it\/es\/shop\/cocina\/cuchillos\/cuchillos-de-cocina\/wusthof-classic-ikon-cuchillo-de-cocinero-23-cm\/#breadcrumb"},"inLanguage":"es","potentialAction":[{"@type":"ReadAction","target":["https:\/\/www.erresse-shop.it\/es\/shop\/cocina\/cuchillos\/cuchillos-de-cocina\/wusthof-classic-ikon-cuchillo-de-cocinero-23-cm\/"]}]},{"@type":"BreadcrumbList","@id":"https:\/\/www.erresse-shop.it\/es\/shop\/cocina\/cuchillos\/cuchillos-de-cocina\/wusthof-classic-ikon-cuchillo-de-cocinero-23-cm\/#breadcrumb","itemListElement":[{"@type":"ListItem","position":1,"name":"Home","item":"https:\/\/www.erresse-shop.it\/es\/"},{"@type":"ListItem","position":2,"name":"Shop","item":"https:\/\/www.erresse-shop.it\/es\/shop\/"},{"@type":"ListItem","position":3,"name":"WUSTHOF Classic Ikon Cuchillo de cocinero 23 cm"}]},{"@type":"WebSite","@id":"https:\/\/www.erresse-shop.it\/es\/#website","url":"https:\/\/www.erresse-shop.it\/es\/","name":"Erresse Shop","description":"Articoli di qualit\u00e0 per la casa","potentialAction":[{"@type":"SearchAction","target":{"@type":"EntryPoint","urlTemplate":"https:\/\/www.erresse-shop.it\/es\/?s={search_term_string}"},"query-input":"required name=search_term_string"}],"inLanguage":"es"}]}},"df_price":127.2,"df_sale_price":127.2,"df_regular_price":159,"df_image_link":"https:\/\/www.erresse-shop.it\/wp-content\/uploads\/2024\/07\/WUSTHOF-Classic-Ikon-Coltello-Chef-23-cm-300x300.jpg","_links":{"self":[{"href":"https:\/\/www.erresse-shop.it\/es\/wp-json\/wp\/v2\/product\/424002"}],"collection":[{"href":"https:\/\/www.erresse-shop.it\/es\/wp-json\/wp\/v2\/product"}],"about":[{"href":"https:\/\/www.erresse-shop.it\/es\/wp-json\/wp\/v2\/types\/product"}],"wp:featuredmedia":[{"embeddable":true,"href":"https:\/\/www.erresse-shop.it\/es\/wp-json\/wp\/v2\/media\/509257"}],"wp:attachment":[{"href":"https:\/\/www.erresse-shop.it\/es\/wp-json\/wp\/v2\/media?parent=424002"}],"wp:term":[{"taxonomy":"product_cat","embeddable":true,"href":"https:\/\/www.erresse-shop.it\/es\/wp-json\/wp\/v2\/product_cat?post=424002"},{"taxonomy":"product_tag","embeddable":true,"href":"https:\/\/www.erresse-shop.it\/es\/wp-json\/wp\/v2\/product_tag?post=424002"}],"curies":[{"name":"wp","href":"https:\/\/api.w.org\/{rel}","templated":true}]}}