{"id":423802,"date":"2024-07-25T06:11:23","date_gmt":"2024-07-25T06:11:25","guid":{"rendered":"https:\/\/www.erresse-shop.it\/?post_type=product&#038;p=423802"},"modified":"2024-10-17T10:36:54","modified_gmt":"2024-10-17T10:36:54","slug":"wusthof-classic-cuchillo-para-salchichas-14-cm","status":"publish","type":"product","link":"https:\/\/www.erresse-shop.it\/es\/shop\/cocina\/cuchillos\/cuchillos-de-cocina\/wusthof-classic-cuchillo-para-salchichas-14-cm\/","title":{"rendered":"WUSTHOF Classic Cuchillo para salchichas 14 cm"},"content":{"rendered":"<p>C\u00f3modo y potente, es el cuchillo adecuado para cortar peque\u00f1as salchichas. Los dientes pronunciados permiten cortar incluso las salchichas m\u00e1s curadas y la punta tiene un perfil incisivo: \u00fatil para cortar por la mitad s\u00e1ndwiches y rosquillas. Wusthof ha creado esta gama de cuchillos de cocina para satisfacer todas aquellas necesidades en las que la precisi\u00f3n y la manejabilidad son los principales requisitos. Herramientas de eficacia insuperable, su \u00e9xito se debe principalmente al gran cuidado puesto en su construcci\u00f3n: el cuerpo \u00fanico de acero inoxidable templado, el ajuste perfecto del mango y el afilado fino de la hoja son la base de la producci\u00f3n de Wusthof en Solingen, Alemania.<\/p>\n<p><strong>Detalles del producto:<\/strong><\/p>\n<ul>\n<li>Hoja de acero inoxidable.<\/li>\n<li>Excelente ergonom\u00eda.<\/li>\n<li>Equilibrio perfecto para cortar sin esfuerzo.<\/li>\n<li>Sin espacios entre el mango y la hoja para una higiene perfecta.<\/li>\n<li>Mangos negros de material sint\u00e9tico especial.<\/li>\n<li>Afilado constante a lo largo del tiempo, gracias a la tecnolog\u00eda PEtec &#8211; Precision Edge de W\u00dcSTHOF.<\/li>\n<\/ul>\n","protected":false},"excerpt":{"rendered":"<p>C\u00f3modo y potente, es el cuchillo adecuado para cortar peque\u00f1as salchichas. Los dientes pronunciados permiten cortar incluso las salchichas m\u00e1s<\/p>\n","protected":false},"featured_media":512656,"template":"","meta":{"_acf_changed":false,"inline_featured_image":false},"product_cat":[16040,16043,16047],"product_tag":[16162,16432,17291,16510],"acf":[],"yoast_head":"<!-- This site is optimized with the Yoast SEO Premium plugin v18.6 (Yoast SEO v19.13) - https:\/\/yoast.com\/wordpress\/plugins\/seo\/ -->\n<title>WUSTHOF Classic Cuchillo para salchichas 14 cm - Erresse Shop<\/title>\n<meta name=\"description\" content=\"C\u00f3modo y potente, es el cuchillo adecuado para cortar peque\u00f1as salchichas. Los dientes pronunciados permiten cortar incluso las salchichas m\u00e1s curadas y\" \/>\n<meta name=\"robots\" content=\"index, follow, max-snippet:-1, max-image-preview:large, max-video-preview:-1\" \/>\n<link rel=\"canonical\" href=\"https:\/\/www.erresse-shop.it\/es\/shop\/cocina\/cuchillos\/cuchillos-de-cocina\/wusthof-classic-cuchillo-para-salchichas-14-cm\/\" \/>\n<meta property=\"og:locale\" content=\"es_ES\" \/>\n<meta property=\"og:type\" content=\"article\" \/>\n<meta property=\"og:title\" content=\"WUSTHOF Classic Cuchillo para salchichas 14 cm\" \/>\n<meta property=\"og:description\" content=\"C\u00f3modo y potente, es el cuchillo adecuado para cortar peque\u00f1as salchichas. Los dientes pronunciados permiten cortar incluso las salchichas m\u00e1s curadas y\" \/>\n<meta property=\"og:url\" content=\"https:\/\/www.erresse-shop.it\/es\/shop\/cocina\/cuchillos\/cuchillos-de-cocina\/wusthof-classic-cuchillo-para-salchichas-14-cm\/\" \/>\n<meta property=\"og:site_name\" content=\"Erresse Shop\" \/>\n<meta property=\"article:modified_time\" content=\"2024-10-17T10:36:54+00:00\" \/>\n<meta property=\"og:image\" content=\"https:\/\/www.erresse-shop.it\/wp-content\/uploads\/2024\/07\/WUSTHOF-Classic-Coltello-per-Salumi-14-cm.png\" \/>\n\t<meta property=\"og:image:width\" content=\"800\" \/>\n\t<meta property=\"og:image:height\" content=\"800\" \/>\n\t<meta property=\"og:image:type\" content=\"image\/png\" \/>\n<meta name=\"twitter:card\" content=\"summary_large_image\" \/>\n<script type=\"application\/ld+json\" class=\"yoast-schema-graph\">{\"@context\":\"https:\/\/schema.org\",\"@graph\":[{\"@type\":\"WebPage\",\"@id\":\"https:\/\/www.erresse-shop.it\/es\/shop\/cocina\/cuchillos\/cuchillos-de-cocina\/wusthof-classic-cuchillo-para-salchichas-14-cm\/\",\"url\":\"https:\/\/www.erresse-shop.it\/es\/shop\/cocina\/cuchillos\/cuchillos-de-cocina\/wusthof-classic-cuchillo-para-salchichas-14-cm\/\",\"name\":\"WUSTHOF Classic Cuchillo para salchichas 14 cm - Erresse Shop\",\"isPartOf\":{\"@id\":\"https:\/\/www.erresse-shop.it\/es\/#website\"},\"datePublished\":\"2024-07-25T06:11:25+00:00\",\"dateModified\":\"2024-10-17T10:36:54+00:00\",\"description\":\"C\u00f3modo y potente, es el cuchillo adecuado para cortar peque\u00f1as salchichas. Los dientes pronunciados permiten cortar incluso las salchichas m\u00e1s curadas y\",\"breadcrumb\":{\"@id\":\"https:\/\/www.erresse-shop.it\/es\/shop\/cocina\/cuchillos\/cuchillos-de-cocina\/wusthof-classic-cuchillo-para-salchichas-14-cm\/#breadcrumb\"},\"inLanguage\":\"es\",\"potentialAction\":[{\"@type\":\"ReadAction\",\"target\":[\"https:\/\/www.erresse-shop.it\/es\/shop\/cocina\/cuchillos\/cuchillos-de-cocina\/wusthof-classic-cuchillo-para-salchichas-14-cm\/\"]}]},{\"@type\":\"BreadcrumbList\",\"@id\":\"https:\/\/www.erresse-shop.it\/es\/shop\/cocina\/cuchillos\/cuchillos-de-cocina\/wusthof-classic-cuchillo-para-salchichas-14-cm\/#breadcrumb\",\"itemListElement\":[{\"@type\":\"ListItem\",\"position\":1,\"name\":\"Home\",\"item\":\"https:\/\/www.erresse-shop.it\/es\/\"},{\"@type\":\"ListItem\",\"position\":2,\"name\":\"Shop\",\"item\":\"https:\/\/www.erresse-shop.it\/es\/shop\/\"},{\"@type\":\"ListItem\",\"position\":3,\"name\":\"WUSTHOF Classic Cuchillo para salchichas 14 cm\"}]},{\"@type\":\"WebSite\",\"@id\":\"https:\/\/www.erresse-shop.it\/es\/#website\",\"url\":\"https:\/\/www.erresse-shop.it\/es\/\",\"name\":\"Erresse Shop\",\"description\":\"Articoli di qualit\u00e0 per la casa\",\"potentialAction\":[{\"@type\":\"SearchAction\",\"target\":{\"@type\":\"EntryPoint\",\"urlTemplate\":\"https:\/\/www.erresse-shop.it\/es\/?s={search_term_string}\"},\"query-input\":\"required name=search_term_string\"}],\"inLanguage\":\"es\"}]}<\/script>\n<!-- \/ Yoast SEO Premium plugin. -->","yoast_head_json":{"title":"WUSTHOF Classic Cuchillo para salchichas 14 cm - Erresse Shop","description":"C\u00f3modo y potente, es el cuchillo adecuado para cortar peque\u00f1as salchichas. Los dientes pronunciados permiten cortar incluso las salchichas m\u00e1s curadas y","robots":{"index":"index","follow":"follow","max-snippet":"max-snippet:-1","max-image-preview":"max-image-preview:large","max-video-preview":"max-video-preview:-1"},"canonical":"https:\/\/www.erresse-shop.it\/es\/shop\/cocina\/cuchillos\/cuchillos-de-cocina\/wusthof-classic-cuchillo-para-salchichas-14-cm\/","og_locale":"es_ES","og_type":"article","og_title":"WUSTHOF Classic Cuchillo para salchichas 14 cm","og_description":"C\u00f3modo y potente, es el cuchillo adecuado para cortar peque\u00f1as salchichas. Los dientes pronunciados permiten cortar incluso las salchichas m\u00e1s curadas y","og_url":"https:\/\/www.erresse-shop.it\/es\/shop\/cocina\/cuchillos\/cuchillos-de-cocina\/wusthof-classic-cuchillo-para-salchichas-14-cm\/","og_site_name":"Erresse Shop","article_modified_time":"2024-10-17T10:36:54+00:00","og_image":[{"width":800,"height":800,"url":"https:\/\/www.erresse-shop.it\/wp-content\/uploads\/2024\/07\/WUSTHOF-Classic-Coltello-per-Salumi-14-cm.png","type":"image\/png"}],"twitter_card":"summary_large_image","schema":{"@context":"https:\/\/schema.org","@graph":[{"@type":"WebPage","@id":"https:\/\/www.erresse-shop.it\/es\/shop\/cocina\/cuchillos\/cuchillos-de-cocina\/wusthof-classic-cuchillo-para-salchichas-14-cm\/","url":"https:\/\/www.erresse-shop.it\/es\/shop\/cocina\/cuchillos\/cuchillos-de-cocina\/wusthof-classic-cuchillo-para-salchichas-14-cm\/","name":"WUSTHOF Classic Cuchillo para salchichas 14 cm - Erresse Shop","isPartOf":{"@id":"https:\/\/www.erresse-shop.it\/es\/#website"},"datePublished":"2024-07-25T06:11:25+00:00","dateModified":"2024-10-17T10:36:54+00:00","description":"C\u00f3modo y potente, es el cuchillo adecuado para cortar peque\u00f1as salchichas. Los dientes pronunciados permiten cortar incluso las salchichas m\u00e1s curadas y","breadcrumb":{"@id":"https:\/\/www.erresse-shop.it\/es\/shop\/cocina\/cuchillos\/cuchillos-de-cocina\/wusthof-classic-cuchillo-para-salchichas-14-cm\/#breadcrumb"},"inLanguage":"es","potentialAction":[{"@type":"ReadAction","target":["https:\/\/www.erresse-shop.it\/es\/shop\/cocina\/cuchillos\/cuchillos-de-cocina\/wusthof-classic-cuchillo-para-salchichas-14-cm\/"]}]},{"@type":"BreadcrumbList","@id":"https:\/\/www.erresse-shop.it\/es\/shop\/cocina\/cuchillos\/cuchillos-de-cocina\/wusthof-classic-cuchillo-para-salchichas-14-cm\/#breadcrumb","itemListElement":[{"@type":"ListItem","position":1,"name":"Home","item":"https:\/\/www.erresse-shop.it\/es\/"},{"@type":"ListItem","position":2,"name":"Shop","item":"https:\/\/www.erresse-shop.it\/es\/shop\/"},{"@type":"ListItem","position":3,"name":"WUSTHOF Classic Cuchillo para salchichas 14 cm"}]},{"@type":"WebSite","@id":"https:\/\/www.erresse-shop.it\/es\/#website","url":"https:\/\/www.erresse-shop.it\/es\/","name":"Erresse Shop","description":"Articoli di qualit\u00e0 per la casa","potentialAction":[{"@type":"SearchAction","target":{"@type":"EntryPoint","urlTemplate":"https:\/\/www.erresse-shop.it\/es\/?s={search_term_string}"},"query-input":"required name=search_term_string"}],"inLanguage":"es"}]}},"df_price":71.2,"df_sale_price":71.2,"df_regular_price":89,"df_image_link":"https:\/\/www.erresse-shop.it\/wp-content\/uploads\/2024\/07\/WUSTHOF-Classic-Coltello-per-Salumi-14-cm-300x300.jpg","_links":{"self":[{"href":"https:\/\/www.erresse-shop.it\/es\/wp-json\/wp\/v2\/product\/423802"}],"collection":[{"href":"https:\/\/www.erresse-shop.it\/es\/wp-json\/wp\/v2\/product"}],"about":[{"href":"https:\/\/www.erresse-shop.it\/es\/wp-json\/wp\/v2\/types\/product"}],"wp:featuredmedia":[{"embeddable":true,"href":"https:\/\/www.erresse-shop.it\/es\/wp-json\/wp\/v2\/media\/512656"}],"wp:attachment":[{"href":"https:\/\/www.erresse-shop.it\/es\/wp-json\/wp\/v2\/media?parent=423802"}],"wp:term":[{"taxonomy":"product_cat","embeddable":true,"href":"https:\/\/www.erresse-shop.it\/es\/wp-json\/wp\/v2\/product_cat?post=423802"},{"taxonomy":"product_tag","embeddable":true,"href":"https:\/\/www.erresse-shop.it\/es\/wp-json\/wp\/v2\/product_tag?post=423802"}],"curies":[{"name":"wp","href":"https:\/\/api.w.org\/{rel}","templated":true}]}}