{"id":423496,"date":"2024-07-24T07:43:34","date_gmt":"2024-07-24T07:43:35","guid":{"rendered":"https:\/\/www.erresse-shop.it\/?post_type=product&#038;p=423496"},"modified":"2024-10-17T13:39:49","modified_gmt":"2024-10-17T13:39:49","slug":"imperia-maquina-de-pasta-ipasta-rojo","status":"publish","type":"product","link":"https:\/\/www.erresse-shop.it\/es\/shop\/cocina\/maquinas-de-pasta\/imperia-maquina-de-pasta-ipasta-rojo\/","title":{"rendered":"IMPERIA M\u00e1quina de Pasta iPasta Rojo"},"content":{"rendered":"<p>La iPasta Classica es la verdadera encarnaci\u00f3n de la excelencia italiana en la producci\u00f3n de pasta. Esta m\u00e1quina est\u00e1 meticulosamente fabricada en acero cromado para garantizar su elegancia y durabilidad. Fabricada en Italia, es un testimonio de la artesan\u00eda y la atenci\u00f3n que se dedica a su producci\u00f3n. La iPasta Classica est\u00e1 equipada con rodillos ajustables de seis grosores, que garantizan versatilidad y precisi\u00f3n para diferentes grosores de masa. Tambi\u00e9n est\u00e1 equipada con el cortador Duplex, que facilita la creaci\u00f3n de dos populares formas de pasta: tagliatelle y fettuccine. Dise\u00f1ada para ofrecer la m\u00e1xima comodidad, incluye una pinza de encimera para un funcionamiento seguro y una tolva para una alimentaci\u00f3n racional de la pasta. Esta m\u00e1quina fusiona las t\u00e9cnicas tradicionales de elaboraci\u00f3n de pasta con la funcionalidad moderna, lo que la convierte en una herramienta indispensable para cualquier aficionado a la pasta.<\/p>\n<p><strong>Caracter\u00edsticas principales:<\/strong><\/p>\n<p><strong>Color:<\/strong> Rojo Imperia cl\u00e1sico<br \/>\n<strong>Artesan\u00eda de calidad:<\/strong> La construcci\u00f3n de acero cromado con artesan\u00eda italiana garantiza una larga vida \u00fatil.<br \/>\n<strong>Cortador d\u00faplex:<\/strong> Ofrece la posibilidad de hacer tanto tagliatelle como fettuccine<br \/>\n<strong>Dise\u00f1o f\u00e1cil de usar:<\/strong> Incluye una pinza para la encimera y una tolva para facilitar su uso.<\/p>\n","protected":false},"excerpt":{"rendered":"<p>La iPasta Classica es la verdadera encarnaci\u00f3n de la excelencia italiana en la producci\u00f3n de pasta. Esta m\u00e1quina est\u00e1 meticulosamente<\/p>\n","protected":false},"featured_media":457041,"template":"","meta":{"_acf_changed":false,"inline_featured_image":false},"product_cat":[16040,16056],"product_tag":[23277,16275,23278],"acf":[],"yoast_head":"<!-- This site is optimized with the Yoast SEO Premium plugin v18.6 (Yoast SEO v19.13) - https:\/\/yoast.com\/wordpress\/plugins\/seo\/ -->\n<title>IMPERIA M\u00e1quina de Pasta iPasta Rojo - Erresse Shop<\/title>\n<meta name=\"description\" content=\"La iPasta Classica es la verdadera encarnaci\u00f3n de la excelencia italiana en la producci\u00f3n de pasta. Esta m\u00e1quina est\u00e1 meticulosamente fabricada en acero\" \/>\n<meta name=\"robots\" content=\"index, follow, max-snippet:-1, max-image-preview:large, max-video-preview:-1\" \/>\n<link rel=\"canonical\" href=\"https:\/\/www.erresse-shop.it\/es\/shop\/cocina\/maquinas-de-pasta\/imperia-maquina-de-pasta-ipasta-rojo\/\" \/>\n<meta property=\"og:locale\" content=\"es_ES\" \/>\n<meta property=\"og:type\" content=\"article\" \/>\n<meta property=\"og:title\" content=\"IMPERIA M\u00e1quina de Pasta iPasta Rojo\" \/>\n<meta property=\"og:description\" content=\"La iPasta Classica es la verdadera encarnaci\u00f3n de la excelencia italiana en la producci\u00f3n de pasta. Esta m\u00e1quina est\u00e1 meticulosamente fabricada en acero\" \/>\n<meta property=\"og:url\" content=\"https:\/\/www.erresse-shop.it\/es\/shop\/cocina\/maquinas-de-pasta\/imperia-maquina-de-pasta-ipasta-rojo\/\" \/>\n<meta property=\"og:site_name\" content=\"Erresse Shop\" \/>\n<meta property=\"article:modified_time\" content=\"2024-10-17T13:39:49+00:00\" \/>\n<meta property=\"og:image\" content=\"https:\/\/www.erresse-shop.it\/wp-content\/uploads\/2024\/07\/IMPERIA-Macchina-per-Pasta-iPasta-Rosso.png\" \/>\n\t<meta property=\"og:image:width\" content=\"800\" \/>\n\t<meta property=\"og:image:height\" content=\"800\" \/>\n\t<meta property=\"og:image:type\" content=\"image\/png\" \/>\n<meta name=\"twitter:card\" content=\"summary_large_image\" \/>\n<script type=\"application\/ld+json\" class=\"yoast-schema-graph\">{\"@context\":\"https:\/\/schema.org\",\"@graph\":[{\"@type\":\"WebPage\",\"@id\":\"https:\/\/www.erresse-shop.it\/es\/shop\/cocina\/maquinas-de-pasta\/imperia-maquina-de-pasta-ipasta-rojo\/\",\"url\":\"https:\/\/www.erresse-shop.it\/es\/shop\/cocina\/maquinas-de-pasta\/imperia-maquina-de-pasta-ipasta-rojo\/\",\"name\":\"IMPERIA M\u00e1quina de Pasta iPasta Rojo - Erresse Shop\",\"isPartOf\":{\"@id\":\"https:\/\/www.erresse-shop.it\/es\/#website\"},\"datePublished\":\"2024-07-24T07:43:35+00:00\",\"dateModified\":\"2024-10-17T13:39:49+00:00\",\"description\":\"La iPasta Classica es la verdadera encarnaci\u00f3n de la excelencia italiana en la producci\u00f3n de pasta. Esta m\u00e1quina est\u00e1 meticulosamente fabricada en acero\",\"breadcrumb\":{\"@id\":\"https:\/\/www.erresse-shop.it\/es\/shop\/cocina\/maquinas-de-pasta\/imperia-maquina-de-pasta-ipasta-rojo\/#breadcrumb\"},\"inLanguage\":\"es\",\"potentialAction\":[{\"@type\":\"ReadAction\",\"target\":[\"https:\/\/www.erresse-shop.it\/es\/shop\/cocina\/maquinas-de-pasta\/imperia-maquina-de-pasta-ipasta-rojo\/\"]}]},{\"@type\":\"BreadcrumbList\",\"@id\":\"https:\/\/www.erresse-shop.it\/es\/shop\/cocina\/maquinas-de-pasta\/imperia-maquina-de-pasta-ipasta-rojo\/#breadcrumb\",\"itemListElement\":[{\"@type\":\"ListItem\",\"position\":1,\"name\":\"Home\",\"item\":\"https:\/\/www.erresse-shop.it\/es\/\"},{\"@type\":\"ListItem\",\"position\":2,\"name\":\"Shop\",\"item\":\"https:\/\/www.erresse-shop.it\/es\/shop\/\"},{\"@type\":\"ListItem\",\"position\":3,\"name\":\"IMPERIA M\u00e1quina de Pasta iPasta Rojo\"}]},{\"@type\":\"WebSite\",\"@id\":\"https:\/\/www.erresse-shop.it\/es\/#website\",\"url\":\"https:\/\/www.erresse-shop.it\/es\/\",\"name\":\"Erresse Shop\",\"description\":\"Articoli di qualit\u00e0 per la casa\",\"potentialAction\":[{\"@type\":\"SearchAction\",\"target\":{\"@type\":\"EntryPoint\",\"urlTemplate\":\"https:\/\/www.erresse-shop.it\/es\/?s={search_term_string}\"},\"query-input\":\"required name=search_term_string\"}],\"inLanguage\":\"es\"}]}<\/script>\n<!-- \/ Yoast SEO Premium plugin. -->","yoast_head_json":{"title":"IMPERIA M\u00e1quina de Pasta iPasta Rojo - Erresse Shop","description":"La iPasta Classica es la verdadera encarnaci\u00f3n de la excelencia italiana en la producci\u00f3n de pasta. Esta m\u00e1quina est\u00e1 meticulosamente fabricada en acero","robots":{"index":"index","follow":"follow","max-snippet":"max-snippet:-1","max-image-preview":"max-image-preview:large","max-video-preview":"max-video-preview:-1"},"canonical":"https:\/\/www.erresse-shop.it\/es\/shop\/cocina\/maquinas-de-pasta\/imperia-maquina-de-pasta-ipasta-rojo\/","og_locale":"es_ES","og_type":"article","og_title":"IMPERIA M\u00e1quina de Pasta iPasta Rojo","og_description":"La iPasta Classica es la verdadera encarnaci\u00f3n de la excelencia italiana en la producci\u00f3n de pasta. Esta m\u00e1quina est\u00e1 meticulosamente fabricada en acero","og_url":"https:\/\/www.erresse-shop.it\/es\/shop\/cocina\/maquinas-de-pasta\/imperia-maquina-de-pasta-ipasta-rojo\/","og_site_name":"Erresse Shop","article_modified_time":"2024-10-17T13:39:49+00:00","og_image":[{"width":800,"height":800,"url":"https:\/\/www.erresse-shop.it\/wp-content\/uploads\/2024\/07\/IMPERIA-Macchina-per-Pasta-iPasta-Rosso.png","type":"image\/png"}],"twitter_card":"summary_large_image","schema":{"@context":"https:\/\/schema.org","@graph":[{"@type":"WebPage","@id":"https:\/\/www.erresse-shop.it\/es\/shop\/cocina\/maquinas-de-pasta\/imperia-maquina-de-pasta-ipasta-rojo\/","url":"https:\/\/www.erresse-shop.it\/es\/shop\/cocina\/maquinas-de-pasta\/imperia-maquina-de-pasta-ipasta-rojo\/","name":"IMPERIA M\u00e1quina de Pasta iPasta Rojo - Erresse Shop","isPartOf":{"@id":"https:\/\/www.erresse-shop.it\/es\/#website"},"datePublished":"2024-07-24T07:43:35+00:00","dateModified":"2024-10-17T13:39:49+00:00","description":"La iPasta Classica es la verdadera encarnaci\u00f3n de la excelencia italiana en la producci\u00f3n de pasta. Esta m\u00e1quina est\u00e1 meticulosamente fabricada en acero","breadcrumb":{"@id":"https:\/\/www.erresse-shop.it\/es\/shop\/cocina\/maquinas-de-pasta\/imperia-maquina-de-pasta-ipasta-rojo\/#breadcrumb"},"inLanguage":"es","potentialAction":[{"@type":"ReadAction","target":["https:\/\/www.erresse-shop.it\/es\/shop\/cocina\/maquinas-de-pasta\/imperia-maquina-de-pasta-ipasta-rojo\/"]}]},{"@type":"BreadcrumbList","@id":"https:\/\/www.erresse-shop.it\/es\/shop\/cocina\/maquinas-de-pasta\/imperia-maquina-de-pasta-ipasta-rojo\/#breadcrumb","itemListElement":[{"@type":"ListItem","position":1,"name":"Home","item":"https:\/\/www.erresse-shop.it\/es\/"},{"@type":"ListItem","position":2,"name":"Shop","item":"https:\/\/www.erresse-shop.it\/es\/shop\/"},{"@type":"ListItem","position":3,"name":"IMPERIA M\u00e1quina de Pasta iPasta Rojo"}]},{"@type":"WebSite","@id":"https:\/\/www.erresse-shop.it\/es\/#website","url":"https:\/\/www.erresse-shop.it\/es\/","name":"Erresse Shop","description":"Articoli di qualit\u00e0 per la casa","potentialAction":[{"@type":"SearchAction","target":{"@type":"EntryPoint","urlTemplate":"https:\/\/www.erresse-shop.it\/es\/?s={search_term_string}"},"query-input":"required name=search_term_string"}],"inLanguage":"es"}]}},"df_price":54.95,"df_sale_price":54.95,"df_regular_price":104.95,"df_image_link":"https:\/\/www.erresse-shop.it\/wp-content\/uploads\/2024\/07\/IMPERIA-Macchina-per-Pasta-iPasta-Rosso-300x300.jpg","_links":{"self":[{"href":"https:\/\/www.erresse-shop.it\/es\/wp-json\/wp\/v2\/product\/423496"}],"collection":[{"href":"https:\/\/www.erresse-shop.it\/es\/wp-json\/wp\/v2\/product"}],"about":[{"href":"https:\/\/www.erresse-shop.it\/es\/wp-json\/wp\/v2\/types\/product"}],"wp:featuredmedia":[{"embeddable":true,"href":"https:\/\/www.erresse-shop.it\/es\/wp-json\/wp\/v2\/media\/457041"}],"wp:attachment":[{"href":"https:\/\/www.erresse-shop.it\/es\/wp-json\/wp\/v2\/media?parent=423496"}],"wp:term":[{"taxonomy":"product_cat","embeddable":true,"href":"https:\/\/www.erresse-shop.it\/es\/wp-json\/wp\/v2\/product_cat?post=423496"},{"taxonomy":"product_tag","embeddable":true,"href":"https:\/\/www.erresse-shop.it\/es\/wp-json\/wp\/v2\/product_tag?post=423496"}],"curies":[{"name":"wp","href":"https:\/\/api.w.org\/{rel}","templated":true}]}}