{"id":423460,"date":"2024-07-24T07:04:50","date_gmt":"2024-07-24T07:04:51","guid":{"rendered":"https:\/\/www.erresse-shop.it\/?post_type=product&#038;p=423460"},"modified":"2024-10-28T11:26:28","modified_gmt":"2024-10-28T11:26:28","slug":"imperia-maquina-de-pasta-pastapresto-gourmet-gris-plata","status":"publish","type":"product","link":"https:\/\/www.erresse-shop.it\/es\/shop\/cocina\/maquinas-de-pasta\/imperia-maquina-de-pasta-pastapresto-gourmet-gris-plata\/","title":{"rendered":"IMPERIA M\u00e1quina de Pasta Pastapresto Gourmet Gris plata"},"content":{"rendered":"<p>Imperia Pasta Presto redefine el arte de hacer pasta con su dise\u00f1o sofisticado y eficiente. Esta m\u00e1quina de pasta, de un llamativo color gris plateado, est\u00e1 especializada en la producci\u00f3n de l\u00e1minas de pasta con una textura rugosa \u00fanica, ideal para absorber salsas. Sus precisos ajustes de grosor, que van de 6,5 a 12 mm, la hacen vers\u00e1til para una gran variedad de platos de pasta, encarnando la esencia de la tradici\u00f3n culinaria italiana.<\/p>\n<p><strong>Caracter\u00edsticas principales:<\/strong><\/p>\n<p><strong>Ajustable:<\/strong> Se mueve suavemente de 6,5 a 12 mm para conseguir el grosor de pasta deseado.<br \/>\n<strong>Elegante y duradera:<\/strong> Un robusto acabado gris plateado que combina estilo y durabilidad.<br \/>\n<strong>Dise\u00f1o de textura rugosa:<\/strong> Crea una pasta de textura \u00fanica para mejorar la absorci\u00f3n de la salsa.<\/p>\n<p>Tenga en cuenta que este producto est\u00e1 dise\u00f1ado con especificaciones de 110V. Puede no ser adecuado para su uso en otros pa\u00edses debido a la compatibilidad de voltaje y las normas reguladoras.<\/p>\n","protected":false},"excerpt":{"rendered":"<p>Imperia Pasta Presto redefine el arte de hacer pasta con su dise\u00f1o sofisticado y eficiente. Esta m\u00e1quina de pasta, de<\/p>\n","protected":false},"featured_media":459094,"template":"","meta":{"_acf_changed":false,"inline_featured_image":false},"product_cat":[16040,16056],"product_tag":[23277,16275,23278],"acf":[],"yoast_head":"<!-- This site is optimized with the Yoast SEO Premium plugin v18.6 (Yoast SEO v19.13) - https:\/\/yoast.com\/wordpress\/plugins\/seo\/ -->\n<title>IMPERIA M\u00e1quina de Pasta Pastapresto Gourmet Gris plata - Erresse Shop<\/title>\n<meta name=\"description\" content=\"Imperia Pasta Presto redefine el arte de hacer pasta con su dise\u00f1o sofisticado y eficiente. Esta m\u00e1quina de pasta, de un llamativo color gris plateado,\" \/>\n<meta name=\"robots\" content=\"index, follow, max-snippet:-1, max-image-preview:large, max-video-preview:-1\" \/>\n<link rel=\"canonical\" href=\"https:\/\/www.erresse-shop.it\/es\/shop\/cocina\/maquinas-de-pasta\/imperia-maquina-de-pasta-pastapresto-gourmet-gris-plata\/\" \/>\n<meta property=\"og:locale\" content=\"es_ES\" \/>\n<meta property=\"og:type\" content=\"article\" \/>\n<meta property=\"og:title\" content=\"IMPERIA M\u00e1quina de Pasta Pastapresto Gourmet Gris plata\" \/>\n<meta property=\"og:description\" content=\"Imperia Pasta Presto redefine el arte de hacer pasta con su dise\u00f1o sofisticado y eficiente. Esta m\u00e1quina de pasta, de un llamativo color gris plateado,\" \/>\n<meta property=\"og:url\" content=\"https:\/\/www.erresse-shop.it\/es\/shop\/cocina\/maquinas-de-pasta\/imperia-maquina-de-pasta-pastapresto-gourmet-gris-plata\/\" \/>\n<meta property=\"og:site_name\" content=\"Erresse Shop\" \/>\n<meta property=\"article:modified_time\" content=\"2024-10-28T11:26:28+00:00\" \/>\n<meta property=\"og:image\" content=\"https:\/\/www.erresse-shop.it\/wp-content\/uploads\/2024\/07\/IMPERIA-Macchina-per-Pasta-Pastapresto-Gourmet-Grigio-Antracite-Grigio-argento.png\" \/>\n\t<meta property=\"og:image:width\" content=\"800\" \/>\n\t<meta property=\"og:image:height\" content=\"800\" \/>\n\t<meta property=\"og:image:type\" content=\"image\/png\" \/>\n<meta name=\"twitter:card\" content=\"summary_large_image\" \/>\n<script type=\"application\/ld+json\" class=\"yoast-schema-graph\">{\"@context\":\"https:\/\/schema.org\",\"@graph\":[{\"@type\":\"WebPage\",\"@id\":\"https:\/\/www.erresse-shop.it\/es\/shop\/cocina\/maquinas-de-pasta\/imperia-maquina-de-pasta-pastapresto-gourmet-gris-plata\/\",\"url\":\"https:\/\/www.erresse-shop.it\/es\/shop\/cocina\/maquinas-de-pasta\/imperia-maquina-de-pasta-pastapresto-gourmet-gris-plata\/\",\"name\":\"IMPERIA M\u00e1quina de Pasta Pastapresto Gourmet Gris plata - Erresse Shop\",\"isPartOf\":{\"@id\":\"https:\/\/www.erresse-shop.it\/es\/#website\"},\"datePublished\":\"2024-07-24T07:04:51+00:00\",\"dateModified\":\"2024-10-28T11:26:28+00:00\",\"description\":\"Imperia Pasta Presto redefine el arte de hacer pasta con su dise\u00f1o sofisticado y eficiente. Esta m\u00e1quina de pasta, de un llamativo color gris plateado,\",\"breadcrumb\":{\"@id\":\"https:\/\/www.erresse-shop.it\/es\/shop\/cocina\/maquinas-de-pasta\/imperia-maquina-de-pasta-pastapresto-gourmet-gris-plata\/#breadcrumb\"},\"inLanguage\":\"es\",\"potentialAction\":[{\"@type\":\"ReadAction\",\"target\":[\"https:\/\/www.erresse-shop.it\/es\/shop\/cocina\/maquinas-de-pasta\/imperia-maquina-de-pasta-pastapresto-gourmet-gris-plata\/\"]}]},{\"@type\":\"BreadcrumbList\",\"@id\":\"https:\/\/www.erresse-shop.it\/es\/shop\/cocina\/maquinas-de-pasta\/imperia-maquina-de-pasta-pastapresto-gourmet-gris-plata\/#breadcrumb\",\"itemListElement\":[{\"@type\":\"ListItem\",\"position\":1,\"name\":\"Home\",\"item\":\"https:\/\/www.erresse-shop.it\/es\/\"},{\"@type\":\"ListItem\",\"position\":2,\"name\":\"Shop\",\"item\":\"https:\/\/www.erresse-shop.it\/es\/shop\/\"},{\"@type\":\"ListItem\",\"position\":3,\"name\":\"IMPERIA M\u00e1quina de Pasta Pastapresto Gourmet Gris plata\"}]},{\"@type\":\"WebSite\",\"@id\":\"https:\/\/www.erresse-shop.it\/es\/#website\",\"url\":\"https:\/\/www.erresse-shop.it\/es\/\",\"name\":\"Erresse Shop\",\"description\":\"Articoli di qualit\u00e0 per la casa\",\"potentialAction\":[{\"@type\":\"SearchAction\",\"target\":{\"@type\":\"EntryPoint\",\"urlTemplate\":\"https:\/\/www.erresse-shop.it\/es\/?s={search_term_string}\"},\"query-input\":\"required name=search_term_string\"}],\"inLanguage\":\"es\"}]}<\/script>\n<!-- \/ Yoast SEO Premium plugin. -->","yoast_head_json":{"title":"IMPERIA M\u00e1quina de Pasta Pastapresto Gourmet Gris plata - Erresse Shop","description":"Imperia Pasta Presto redefine el arte de hacer pasta con su dise\u00f1o sofisticado y eficiente. Esta m\u00e1quina de pasta, de un llamativo color gris plateado,","robots":{"index":"index","follow":"follow","max-snippet":"max-snippet:-1","max-image-preview":"max-image-preview:large","max-video-preview":"max-video-preview:-1"},"canonical":"https:\/\/www.erresse-shop.it\/es\/shop\/cocina\/maquinas-de-pasta\/imperia-maquina-de-pasta-pastapresto-gourmet-gris-plata\/","og_locale":"es_ES","og_type":"article","og_title":"IMPERIA M\u00e1quina de Pasta Pastapresto Gourmet Gris plata","og_description":"Imperia Pasta Presto redefine el arte de hacer pasta con su dise\u00f1o sofisticado y eficiente. Esta m\u00e1quina de pasta, de un llamativo color gris plateado,","og_url":"https:\/\/www.erresse-shop.it\/es\/shop\/cocina\/maquinas-de-pasta\/imperia-maquina-de-pasta-pastapresto-gourmet-gris-plata\/","og_site_name":"Erresse Shop","article_modified_time":"2024-10-28T11:26:28+00:00","og_image":[{"width":800,"height":800,"url":"https:\/\/www.erresse-shop.it\/wp-content\/uploads\/2024\/07\/IMPERIA-Macchina-per-Pasta-Pastapresto-Gourmet-Grigio-Antracite-Grigio-argento.png","type":"image\/png"}],"twitter_card":"summary_large_image","schema":{"@context":"https:\/\/schema.org","@graph":[{"@type":"WebPage","@id":"https:\/\/www.erresse-shop.it\/es\/shop\/cocina\/maquinas-de-pasta\/imperia-maquina-de-pasta-pastapresto-gourmet-gris-plata\/","url":"https:\/\/www.erresse-shop.it\/es\/shop\/cocina\/maquinas-de-pasta\/imperia-maquina-de-pasta-pastapresto-gourmet-gris-plata\/","name":"IMPERIA M\u00e1quina de Pasta Pastapresto Gourmet Gris plata - Erresse Shop","isPartOf":{"@id":"https:\/\/www.erresse-shop.it\/es\/#website"},"datePublished":"2024-07-24T07:04:51+00:00","dateModified":"2024-10-28T11:26:28+00:00","description":"Imperia Pasta Presto redefine el arte de hacer pasta con su dise\u00f1o sofisticado y eficiente. Esta m\u00e1quina de pasta, de un llamativo color gris plateado,","breadcrumb":{"@id":"https:\/\/www.erresse-shop.it\/es\/shop\/cocina\/maquinas-de-pasta\/imperia-maquina-de-pasta-pastapresto-gourmet-gris-plata\/#breadcrumb"},"inLanguage":"es","potentialAction":[{"@type":"ReadAction","target":["https:\/\/www.erresse-shop.it\/es\/shop\/cocina\/maquinas-de-pasta\/imperia-maquina-de-pasta-pastapresto-gourmet-gris-plata\/"]}]},{"@type":"BreadcrumbList","@id":"https:\/\/www.erresse-shop.it\/es\/shop\/cocina\/maquinas-de-pasta\/imperia-maquina-de-pasta-pastapresto-gourmet-gris-plata\/#breadcrumb","itemListElement":[{"@type":"ListItem","position":1,"name":"Home","item":"https:\/\/www.erresse-shop.it\/es\/"},{"@type":"ListItem","position":2,"name":"Shop","item":"https:\/\/www.erresse-shop.it\/es\/shop\/"},{"@type":"ListItem","position":3,"name":"IMPERIA M\u00e1quina de Pasta Pastapresto Gourmet Gris plata"}]},{"@type":"WebSite","@id":"https:\/\/www.erresse-shop.it\/es\/#website","url":"https:\/\/www.erresse-shop.it\/es\/","name":"Erresse Shop","description":"Articoli di qualit\u00e0 per la casa","potentialAction":[{"@type":"SearchAction","target":{"@type":"EntryPoint","urlTemplate":"https:\/\/www.erresse-shop.it\/es\/?s={search_term_string}"},"query-input":"required name=search_term_string"}],"inLanguage":"es"}]}},"df_price":159.95,"df_sale_price":159.95,"df_regular_price":350,"df_image_link":"https:\/\/www.erresse-shop.it\/wp-content\/uploads\/2024\/07\/IMPERIA-Macchina-per-Pasta-Pastapresto-Gourmet-Grigio-argento-300x300.jpg","_links":{"self":[{"href":"https:\/\/www.erresse-shop.it\/es\/wp-json\/wp\/v2\/product\/423460"}],"collection":[{"href":"https:\/\/www.erresse-shop.it\/es\/wp-json\/wp\/v2\/product"}],"about":[{"href":"https:\/\/www.erresse-shop.it\/es\/wp-json\/wp\/v2\/types\/product"}],"wp:featuredmedia":[{"embeddable":true,"href":"https:\/\/www.erresse-shop.it\/es\/wp-json\/wp\/v2\/media\/459094"}],"wp:attachment":[{"href":"https:\/\/www.erresse-shop.it\/es\/wp-json\/wp\/v2\/media?parent=423460"}],"wp:term":[{"taxonomy":"product_cat","embeddable":true,"href":"https:\/\/www.erresse-shop.it\/es\/wp-json\/wp\/v2\/product_cat?post=423460"},{"taxonomy":"product_tag","embeddable":true,"href":"https:\/\/www.erresse-shop.it\/es\/wp-json\/wp\/v2\/product_tag?post=423460"}],"curies":[{"name":"wp","href":"https:\/\/api.w.org\/{rel}","templated":true}]}}