{"id":423447,"date":"2024-07-24T06:21:19","date_gmt":"2024-07-24T06:21:21","guid":{"rendered":"https:\/\/www.erresse-shop.it\/?post_type=product&#038;p=423447"},"modified":"2024-10-28T11:29:08","modified_gmt":"2024-10-28T11:29:08","slug":"imperia-maquina-de-pasta-pastapresto-gourmet-gris-antracita","status":"publish","type":"product","link":"https:\/\/www.erresse-shop.it\/es\/shop\/cocina\/maquinas-de-pasta\/imperia-maquina-de-pasta-pastapresto-gourmet-gris-antracita\/","title":{"rendered":"IMPERIA M\u00e1quina de Pasta Pastapresto Gourmet Gris antracita"},"content":{"rendered":"<p>Presentamos Imperia Pasta Presto, una m\u00e1quina de pasta motorizada con un dise\u00f1o exclusivo y elegante que ofrece la combinaci\u00f3n perfecta de funcionalidad, tradici\u00f3n e innovaci\u00f3n. Esta m\u00e1quina destaca por su dise\u00f1o elegante y f\u00e1cil de usar, que hace que la preparaci\u00f3n de la pasta sea f\u00e1cil y agradable. Pasta Presto no s\u00f3lo tiene una construcci\u00f3n robusta, sino que tambi\u00e9n est\u00e1 equipada con funciones avanzadas, incluida la capacidad \u00fanica de crear pasta con una textura r\u00fastica, ideal para mejorar la adherencia de la salsa y dar a los platos una nueva dimensi\u00f3n.<\/p>\n<p>El proceso simplificado de la m\u00e1quina le permite crear varios tipos de pasta, conservando la sensaci\u00f3n y el sabor aut\u00e9nticos de la pasta italiana tradicional, pero con el a\u00f1adido de una superficie texturizada. Ideal tanto para principiantes como para fabricantes de pasta experimentados, Imperia Pasta Presto es una m\u00e1quina imprescindible para cualquiera que aprecie la calidad, la herencia y la innovaci\u00f3n de la pasta hecha en casa.<\/p>\n<p><strong>Caracter\u00edsticas principales:<\/strong><\/p>\n<p><strong>Color:<\/strong> gris oscuro opaco<br \/>\n<strong>Dise\u00f1o elegante y eficaz:<\/strong> combina una est\u00e9tica moderna con una funcionalidad pr\u00e1ctica<br \/>\n<strong>Comodidad motorizada:<\/strong> Simplifica la preparaci\u00f3n de la pasta, ofreciendo facilidad y eficiencia<br \/>\n<strong>Aut\u00e9ntica experiencia de pasta:<\/strong> Conserva la tradici\u00f3n de la pasta casera italiana con la capacidad de crear pasta r\u00fastica y con textura.<br \/>\n<strong>230V<\/strong><\/p>\n","protected":false},"excerpt":{"rendered":"<p>Presentamos Imperia Pasta Presto, una m\u00e1quina de pasta motorizada con un dise\u00f1o exclusivo y elegante que ofrece la combinaci\u00f3n perfecta<\/p>\n","protected":false},"featured_media":457188,"template":"","meta":{"_acf_changed":false,"inline_featured_image":false},"product_cat":[16040,16056],"product_tag":[23277,16275,23278],"acf":[],"yoast_head":"<!-- This site is optimized with the Yoast SEO Premium plugin v18.6 (Yoast SEO v19.13) - https:\/\/yoast.com\/wordpress\/plugins\/seo\/ -->\n<title>IMPERIA M\u00e1quina de Pasta Pastapresto Gourmet Gris antracita - Erresse Shop<\/title>\n<meta name=\"description\" content=\"Presentamos Imperia Pasta Presto, una m\u00e1quina de pasta motorizada con un dise\u00f1o exclusivo y elegante que ofrece la combinaci\u00f3n perfecta de funcionalidad,\" \/>\n<meta name=\"robots\" content=\"index, follow, max-snippet:-1, max-image-preview:large, max-video-preview:-1\" \/>\n<link rel=\"canonical\" href=\"https:\/\/www.erresse-shop.it\/es\/shop\/cocina\/maquinas-de-pasta\/imperia-maquina-de-pasta-pastapresto-gourmet-gris-antracita\/\" \/>\n<meta property=\"og:locale\" content=\"es_ES\" \/>\n<meta property=\"og:type\" content=\"article\" \/>\n<meta property=\"og:title\" content=\"IMPERIA M\u00e1quina de Pasta Pastapresto Gourmet Gris antracita\" \/>\n<meta property=\"og:description\" content=\"Presentamos Imperia Pasta Presto, una m\u00e1quina de pasta motorizada con un dise\u00f1o exclusivo y elegante que ofrece la combinaci\u00f3n perfecta de funcionalidad,\" \/>\n<meta property=\"og:url\" content=\"https:\/\/www.erresse-shop.it\/es\/shop\/cocina\/maquinas-de-pasta\/imperia-maquina-de-pasta-pastapresto-gourmet-gris-antracita\/\" \/>\n<meta property=\"og:site_name\" content=\"Erresse Shop\" \/>\n<meta property=\"article:modified_time\" content=\"2024-10-28T11:29:08+00:00\" \/>\n<meta property=\"og:image\" content=\"https:\/\/www.erresse-shop.it\/wp-content\/uploads\/2024\/07\/IMPERIA-Macchina-per-Pasta-Pastapresto-Gourmet-Grigio-Antracite.png\" \/>\n\t<meta property=\"og:image:width\" content=\"800\" \/>\n\t<meta property=\"og:image:height\" content=\"800\" \/>\n\t<meta property=\"og:image:type\" content=\"image\/png\" \/>\n<meta name=\"twitter:card\" content=\"summary_large_image\" \/>\n<script type=\"application\/ld+json\" class=\"yoast-schema-graph\">{\"@context\":\"https:\/\/schema.org\",\"@graph\":[{\"@type\":\"WebPage\",\"@id\":\"https:\/\/www.erresse-shop.it\/es\/shop\/cocina\/maquinas-de-pasta\/imperia-maquina-de-pasta-pastapresto-gourmet-gris-antracita\/\",\"url\":\"https:\/\/www.erresse-shop.it\/es\/shop\/cocina\/maquinas-de-pasta\/imperia-maquina-de-pasta-pastapresto-gourmet-gris-antracita\/\",\"name\":\"IMPERIA M\u00e1quina de Pasta Pastapresto Gourmet Gris antracita - Erresse Shop\",\"isPartOf\":{\"@id\":\"https:\/\/www.erresse-shop.it\/es\/#website\"},\"datePublished\":\"2024-07-24T06:21:21+00:00\",\"dateModified\":\"2024-10-28T11:29:08+00:00\",\"description\":\"Presentamos Imperia Pasta Presto, una m\u00e1quina de pasta motorizada con un dise\u00f1o exclusivo y elegante que ofrece la combinaci\u00f3n perfecta de funcionalidad,\",\"breadcrumb\":{\"@id\":\"https:\/\/www.erresse-shop.it\/es\/shop\/cocina\/maquinas-de-pasta\/imperia-maquina-de-pasta-pastapresto-gourmet-gris-antracita\/#breadcrumb\"},\"inLanguage\":\"es\",\"potentialAction\":[{\"@type\":\"ReadAction\",\"target\":[\"https:\/\/www.erresse-shop.it\/es\/shop\/cocina\/maquinas-de-pasta\/imperia-maquina-de-pasta-pastapresto-gourmet-gris-antracita\/\"]}]},{\"@type\":\"BreadcrumbList\",\"@id\":\"https:\/\/www.erresse-shop.it\/es\/shop\/cocina\/maquinas-de-pasta\/imperia-maquina-de-pasta-pastapresto-gourmet-gris-antracita\/#breadcrumb\",\"itemListElement\":[{\"@type\":\"ListItem\",\"position\":1,\"name\":\"Home\",\"item\":\"https:\/\/www.erresse-shop.it\/es\/\"},{\"@type\":\"ListItem\",\"position\":2,\"name\":\"Shop\",\"item\":\"https:\/\/www.erresse-shop.it\/es\/shop\/\"},{\"@type\":\"ListItem\",\"position\":3,\"name\":\"IMPERIA M\u00e1quina de Pasta Pastapresto Gourmet Gris antracita\"}]},{\"@type\":\"WebSite\",\"@id\":\"https:\/\/www.erresse-shop.it\/es\/#website\",\"url\":\"https:\/\/www.erresse-shop.it\/es\/\",\"name\":\"Erresse Shop\",\"description\":\"Articoli di qualit\u00e0 per la casa\",\"potentialAction\":[{\"@type\":\"SearchAction\",\"target\":{\"@type\":\"EntryPoint\",\"urlTemplate\":\"https:\/\/www.erresse-shop.it\/es\/?s={search_term_string}\"},\"query-input\":\"required name=search_term_string\"}],\"inLanguage\":\"es\"}]}<\/script>\n<!-- \/ Yoast SEO Premium plugin. -->","yoast_head_json":{"title":"IMPERIA M\u00e1quina de Pasta Pastapresto Gourmet Gris antracita - Erresse Shop","description":"Presentamos Imperia Pasta Presto, una m\u00e1quina de pasta motorizada con un dise\u00f1o exclusivo y elegante que ofrece la combinaci\u00f3n perfecta de funcionalidad,","robots":{"index":"index","follow":"follow","max-snippet":"max-snippet:-1","max-image-preview":"max-image-preview:large","max-video-preview":"max-video-preview:-1"},"canonical":"https:\/\/www.erresse-shop.it\/es\/shop\/cocina\/maquinas-de-pasta\/imperia-maquina-de-pasta-pastapresto-gourmet-gris-antracita\/","og_locale":"es_ES","og_type":"article","og_title":"IMPERIA M\u00e1quina de Pasta Pastapresto Gourmet Gris antracita","og_description":"Presentamos Imperia Pasta Presto, una m\u00e1quina de pasta motorizada con un dise\u00f1o exclusivo y elegante que ofrece la combinaci\u00f3n perfecta de funcionalidad,","og_url":"https:\/\/www.erresse-shop.it\/es\/shop\/cocina\/maquinas-de-pasta\/imperia-maquina-de-pasta-pastapresto-gourmet-gris-antracita\/","og_site_name":"Erresse Shop","article_modified_time":"2024-10-28T11:29:08+00:00","og_image":[{"width":800,"height":800,"url":"https:\/\/www.erresse-shop.it\/wp-content\/uploads\/2024\/07\/IMPERIA-Macchina-per-Pasta-Pastapresto-Gourmet-Grigio-Antracite.png","type":"image\/png"}],"twitter_card":"summary_large_image","schema":{"@context":"https:\/\/schema.org","@graph":[{"@type":"WebPage","@id":"https:\/\/www.erresse-shop.it\/es\/shop\/cocina\/maquinas-de-pasta\/imperia-maquina-de-pasta-pastapresto-gourmet-gris-antracita\/","url":"https:\/\/www.erresse-shop.it\/es\/shop\/cocina\/maquinas-de-pasta\/imperia-maquina-de-pasta-pastapresto-gourmet-gris-antracita\/","name":"IMPERIA M\u00e1quina de Pasta Pastapresto Gourmet Gris antracita - Erresse Shop","isPartOf":{"@id":"https:\/\/www.erresse-shop.it\/es\/#website"},"datePublished":"2024-07-24T06:21:21+00:00","dateModified":"2024-10-28T11:29:08+00:00","description":"Presentamos Imperia Pasta Presto, una m\u00e1quina de pasta motorizada con un dise\u00f1o exclusivo y elegante que ofrece la combinaci\u00f3n perfecta de funcionalidad,","breadcrumb":{"@id":"https:\/\/www.erresse-shop.it\/es\/shop\/cocina\/maquinas-de-pasta\/imperia-maquina-de-pasta-pastapresto-gourmet-gris-antracita\/#breadcrumb"},"inLanguage":"es","potentialAction":[{"@type":"ReadAction","target":["https:\/\/www.erresse-shop.it\/es\/shop\/cocina\/maquinas-de-pasta\/imperia-maquina-de-pasta-pastapresto-gourmet-gris-antracita\/"]}]},{"@type":"BreadcrumbList","@id":"https:\/\/www.erresse-shop.it\/es\/shop\/cocina\/maquinas-de-pasta\/imperia-maquina-de-pasta-pastapresto-gourmet-gris-antracita\/#breadcrumb","itemListElement":[{"@type":"ListItem","position":1,"name":"Home","item":"https:\/\/www.erresse-shop.it\/es\/"},{"@type":"ListItem","position":2,"name":"Shop","item":"https:\/\/www.erresse-shop.it\/es\/shop\/"},{"@type":"ListItem","position":3,"name":"IMPERIA M\u00e1quina de Pasta Pastapresto Gourmet Gris antracita"}]},{"@type":"WebSite","@id":"https:\/\/www.erresse-shop.it\/es\/#website","url":"https:\/\/www.erresse-shop.it\/es\/","name":"Erresse Shop","description":"Articoli di qualit\u00e0 per la casa","potentialAction":[{"@type":"SearchAction","target":{"@type":"EntryPoint","urlTemplate":"https:\/\/www.erresse-shop.it\/es\/?s={search_term_string}"},"query-input":"required name=search_term_string"}],"inLanguage":"es"}]}},"df_price":175,"df_sale_price":175,"df_regular_price":350,"df_image_link":"https:\/\/www.erresse-shop.it\/wp-content\/uploads\/2024\/07\/IMPERIA-Macchina-per-Pasta-Pastapresto-Gourmet-Grigio-Antracite-300x300.jpg","_links":{"self":[{"href":"https:\/\/www.erresse-shop.it\/es\/wp-json\/wp\/v2\/product\/423447"}],"collection":[{"href":"https:\/\/www.erresse-shop.it\/es\/wp-json\/wp\/v2\/product"}],"about":[{"href":"https:\/\/www.erresse-shop.it\/es\/wp-json\/wp\/v2\/types\/product"}],"wp:featuredmedia":[{"embeddable":true,"href":"https:\/\/www.erresse-shop.it\/es\/wp-json\/wp\/v2\/media\/457188"}],"wp:attachment":[{"href":"https:\/\/www.erresse-shop.it\/es\/wp-json\/wp\/v2\/media?parent=423447"}],"wp:term":[{"taxonomy":"product_cat","embeddable":true,"href":"https:\/\/www.erresse-shop.it\/es\/wp-json\/wp\/v2\/product_cat?post=423447"},{"taxonomy":"product_tag","embeddable":true,"href":"https:\/\/www.erresse-shop.it\/es\/wp-json\/wp\/v2\/product_tag?post=423447"}],"curies":[{"name":"wp","href":"https:\/\/api.w.org\/{rel}","templated":true}]}}