{"id":423293,"date":"2024-07-23T11:59:20","date_gmt":"2024-07-23T11:59:21","guid":{"rendered":"https:\/\/www.erresse-shop.it\/?post_type=product&#038;p=423293"},"modified":"2024-10-28T11:41:25","modified_gmt":"2024-10-28T11:41:25","slug":"kitchenaid-artisan-mezcladora-planetaria-con-cabezal-reclinable-48-l-rojo-manzana","status":"publish","type":"product","link":"https:\/\/www.erresse-shop.it\/es\/shop\/pequenos-electrodomesticos\/amasadores\/kitchenaid-artisan-mezcladora-planetaria-con-cabezal-reclinable-48-l-rojo-manzana\/","title":{"rendered":"KITCHENAID Artisan Mezcladora planetaria con cabezal reclinable 4,8 L Rojo manzana"},"content":{"rendered":"<p>El robot de cocina planetario Artisan es un modelo ic\u00f3nico de KitchenAid y representa m\u00e1s de 100 a\u00f1os de innovaci\u00f3n.<br \/>\nSu dise\u00f1o \u00fanico y duradero lo convierte en una extensi\u00f3n de sus manos, permiti\u00e9ndole expresarse a trav\u00e9s de la cocina.<br \/>\nEl motor de accionamiento directo de 300 W es silencioso y est\u00e1 dise\u00f1ado para durar mucho tiempo, sin p\u00e9rdida de potencia entre el motor y los accesorios.<br \/>\nPuede procesar hasta 1 kg de harina, 1L de nata montada, 1,5 kg de pur\u00e9 de patatas.<\/p>\n<ul>\n<li>Dise\u00f1o con cabezal reclinable<\/li>\n<li>Movimiento planetario y 10 velocidades<\/li>\n<li>Robusto cuerpo de metal fundido a presi\u00f3n<\/li>\n<li>Potencia: 300W<\/li>\n<li>Capacidad: 4,8L<\/li>\n<\/ul>\n<p>Adem\u00e1s de los accesorios est\u00e1ndar (batidor de varillas, batidor plano y gancho amasador)<br \/>\nLa batidora planetaria Artisan 4.8L incluye los siguientes accesorios en el pack:<\/p>\n<ul>\n<li>Bol de acero inoxidable de 4,8L<\/li>\n<li>Bol de acero inoxidable de 3L<\/li>\n<li>Tapa vertedora a prueba de salpicaduras<\/li>\n<li>Batidor de silicona<\/li>\n<\/ul>\n","protected":false},"excerpt":{"rendered":"<p>El robot de cocina planetario Artisan es un modelo ic\u00f3nico de KitchenAid y representa m\u00e1s de 100 a\u00f1os de innovaci\u00f3n.<\/p>\n","protected":false},"featured_media":457346,"template":"","meta":{"_acf_changed":false,"inline_featured_image":false},"product_cat":[16082,16073],"product_tag":[16644,16279,19877],"acf":[],"yoast_head":"<!-- This site is optimized with the Yoast SEO Premium plugin v18.6 (Yoast SEO v19.13) - https:\/\/yoast.com\/wordpress\/plugins\/seo\/ -->\n<title>KITCHENAID Artisan Mezcladora planetaria con cabezal reclinable 4,8 L Rojo manzana - Erresse Shop<\/title>\n<meta name=\"description\" content=\"El robot de cocina planetario Artisan es un modelo ic\u00f3nico de KitchenAid y representa m\u00e1s de 100 a\u00f1os de innovaci\u00f3n. Su dise\u00f1o \u00fanico y duradero lo\" \/>\n<meta name=\"robots\" content=\"index, follow, max-snippet:-1, max-image-preview:large, max-video-preview:-1\" \/>\n<link rel=\"canonical\" href=\"https:\/\/www.erresse-shop.it\/es\/shop\/pequenos-electrodomesticos\/amasadores\/kitchenaid-artisan-mezcladora-planetaria-con-cabezal-reclinable-48-l-rojo-manzana\/\" \/>\n<meta property=\"og:locale\" content=\"es_ES\" \/>\n<meta property=\"og:type\" content=\"article\" \/>\n<meta property=\"og:title\" content=\"KITCHENAID Artisan Mezcladora planetaria con cabezal reclinable 4,8 L Rojo manzana\" \/>\n<meta property=\"og:description\" content=\"El robot de cocina planetario Artisan es un modelo ic\u00f3nico de KitchenAid y representa m\u00e1s de 100 a\u00f1os de innovaci\u00f3n. Su dise\u00f1o \u00fanico y duradero lo\" \/>\n<meta property=\"og:url\" content=\"https:\/\/www.erresse-shop.it\/es\/shop\/pequenos-electrodomesticos\/amasadores\/kitchenaid-artisan-mezcladora-planetaria-con-cabezal-reclinable-48-l-rojo-manzana\/\" \/>\n<meta property=\"og:site_name\" content=\"Erresse Shop\" \/>\n<meta property=\"article:modified_time\" content=\"2024-10-28T11:41:25+00:00\" \/>\n<meta property=\"og:image\" content=\"https:\/\/www.erresse-shop.it\/wp-content\/uploads\/2024\/07\/KITCHENAID-Artisan-Planetaria-con-Testa-Reclinabile-48-L-Rosso-Mela.png\" \/>\n\t<meta property=\"og:image:width\" content=\"800\" \/>\n\t<meta property=\"og:image:height\" content=\"800\" \/>\n\t<meta property=\"og:image:type\" content=\"image\/png\" \/>\n<meta name=\"twitter:card\" content=\"summary_large_image\" \/>\n<script type=\"application\/ld+json\" class=\"yoast-schema-graph\">{\"@context\":\"https:\/\/schema.org\",\"@graph\":[{\"@type\":\"WebPage\",\"@id\":\"https:\/\/www.erresse-shop.it\/es\/shop\/pequenos-electrodomesticos\/amasadores\/kitchenaid-artisan-mezcladora-planetaria-con-cabezal-reclinable-48-l-rojo-manzana\/\",\"url\":\"https:\/\/www.erresse-shop.it\/es\/shop\/pequenos-electrodomesticos\/amasadores\/kitchenaid-artisan-mezcladora-planetaria-con-cabezal-reclinable-48-l-rojo-manzana\/\",\"name\":\"KITCHENAID Artisan Mezcladora planetaria con cabezal reclinable 4,8 L Rojo manzana - Erresse Shop\",\"isPartOf\":{\"@id\":\"https:\/\/www.erresse-shop.it\/es\/#website\"},\"datePublished\":\"2024-07-23T11:59:21+00:00\",\"dateModified\":\"2024-10-28T11:41:25+00:00\",\"description\":\"El robot de cocina planetario Artisan es un modelo ic\u00f3nico de KitchenAid y representa m\u00e1s de 100 a\u00f1os de innovaci\u00f3n. Su dise\u00f1o \u00fanico y duradero lo\",\"breadcrumb\":{\"@id\":\"https:\/\/www.erresse-shop.it\/es\/shop\/pequenos-electrodomesticos\/amasadores\/kitchenaid-artisan-mezcladora-planetaria-con-cabezal-reclinable-48-l-rojo-manzana\/#breadcrumb\"},\"inLanguage\":\"es\",\"potentialAction\":[{\"@type\":\"ReadAction\",\"target\":[\"https:\/\/www.erresse-shop.it\/es\/shop\/pequenos-electrodomesticos\/amasadores\/kitchenaid-artisan-mezcladora-planetaria-con-cabezal-reclinable-48-l-rojo-manzana\/\"]}]},{\"@type\":\"BreadcrumbList\",\"@id\":\"https:\/\/www.erresse-shop.it\/es\/shop\/pequenos-electrodomesticos\/amasadores\/kitchenaid-artisan-mezcladora-planetaria-con-cabezal-reclinable-48-l-rojo-manzana\/#breadcrumb\",\"itemListElement\":[{\"@type\":\"ListItem\",\"position\":1,\"name\":\"Home\",\"item\":\"https:\/\/www.erresse-shop.it\/es\/\"},{\"@type\":\"ListItem\",\"position\":2,\"name\":\"Shop\",\"item\":\"https:\/\/www.erresse-shop.it\/es\/shop\/\"},{\"@type\":\"ListItem\",\"position\":3,\"name\":\"KITCHENAID Artisan Mezcladora planetaria con cabezal reclinable 4,8 L Rojo manzana\"}]},{\"@type\":\"WebSite\",\"@id\":\"https:\/\/www.erresse-shop.it\/es\/#website\",\"url\":\"https:\/\/www.erresse-shop.it\/es\/\",\"name\":\"Erresse Shop\",\"description\":\"Articoli di qualit\u00e0 per la casa\",\"potentialAction\":[{\"@type\":\"SearchAction\",\"target\":{\"@type\":\"EntryPoint\",\"urlTemplate\":\"https:\/\/www.erresse-shop.it\/es\/?s={search_term_string}\"},\"query-input\":\"required name=search_term_string\"}],\"inLanguage\":\"es\"}]}<\/script>\n<!-- \/ Yoast SEO Premium plugin. -->","yoast_head_json":{"title":"KITCHENAID Artisan Mezcladora planetaria con cabezal reclinable 4,8 L Rojo manzana - Erresse Shop","description":"El robot de cocina planetario Artisan es un modelo ic\u00f3nico de KitchenAid y representa m\u00e1s de 100 a\u00f1os de innovaci\u00f3n. Su dise\u00f1o \u00fanico y duradero lo","robots":{"index":"index","follow":"follow","max-snippet":"max-snippet:-1","max-image-preview":"max-image-preview:large","max-video-preview":"max-video-preview:-1"},"canonical":"https:\/\/www.erresse-shop.it\/es\/shop\/pequenos-electrodomesticos\/amasadores\/kitchenaid-artisan-mezcladora-planetaria-con-cabezal-reclinable-48-l-rojo-manzana\/","og_locale":"es_ES","og_type":"article","og_title":"KITCHENAID Artisan Mezcladora planetaria con cabezal reclinable 4,8 L Rojo manzana","og_description":"El robot de cocina planetario Artisan es un modelo ic\u00f3nico de KitchenAid y representa m\u00e1s de 100 a\u00f1os de innovaci\u00f3n. Su dise\u00f1o \u00fanico y duradero lo","og_url":"https:\/\/www.erresse-shop.it\/es\/shop\/pequenos-electrodomesticos\/amasadores\/kitchenaid-artisan-mezcladora-planetaria-con-cabezal-reclinable-48-l-rojo-manzana\/","og_site_name":"Erresse Shop","article_modified_time":"2024-10-28T11:41:25+00:00","og_image":[{"width":800,"height":800,"url":"https:\/\/www.erresse-shop.it\/wp-content\/uploads\/2024\/07\/KITCHENAID-Artisan-Planetaria-con-Testa-Reclinabile-48-L-Rosso-Mela.png","type":"image\/png"}],"twitter_card":"summary_large_image","schema":{"@context":"https:\/\/schema.org","@graph":[{"@type":"WebPage","@id":"https:\/\/www.erresse-shop.it\/es\/shop\/pequenos-electrodomesticos\/amasadores\/kitchenaid-artisan-mezcladora-planetaria-con-cabezal-reclinable-48-l-rojo-manzana\/","url":"https:\/\/www.erresse-shop.it\/es\/shop\/pequenos-electrodomesticos\/amasadores\/kitchenaid-artisan-mezcladora-planetaria-con-cabezal-reclinable-48-l-rojo-manzana\/","name":"KITCHENAID Artisan Mezcladora planetaria con cabezal reclinable 4,8 L Rojo manzana - Erresse Shop","isPartOf":{"@id":"https:\/\/www.erresse-shop.it\/es\/#website"},"datePublished":"2024-07-23T11:59:21+00:00","dateModified":"2024-10-28T11:41:25+00:00","description":"El robot de cocina planetario Artisan es un modelo ic\u00f3nico de KitchenAid y representa m\u00e1s de 100 a\u00f1os de innovaci\u00f3n. Su dise\u00f1o \u00fanico y duradero lo","breadcrumb":{"@id":"https:\/\/www.erresse-shop.it\/es\/shop\/pequenos-electrodomesticos\/amasadores\/kitchenaid-artisan-mezcladora-planetaria-con-cabezal-reclinable-48-l-rojo-manzana\/#breadcrumb"},"inLanguage":"es","potentialAction":[{"@type":"ReadAction","target":["https:\/\/www.erresse-shop.it\/es\/shop\/pequenos-electrodomesticos\/amasadores\/kitchenaid-artisan-mezcladora-planetaria-con-cabezal-reclinable-48-l-rojo-manzana\/"]}]},{"@type":"BreadcrumbList","@id":"https:\/\/www.erresse-shop.it\/es\/shop\/pequenos-electrodomesticos\/amasadores\/kitchenaid-artisan-mezcladora-planetaria-con-cabezal-reclinable-48-l-rojo-manzana\/#breadcrumb","itemListElement":[{"@type":"ListItem","position":1,"name":"Home","item":"https:\/\/www.erresse-shop.it\/es\/"},{"@type":"ListItem","position":2,"name":"Shop","item":"https:\/\/www.erresse-shop.it\/es\/shop\/"},{"@type":"ListItem","position":3,"name":"KITCHENAID Artisan Mezcladora planetaria con cabezal reclinable 4,8 L Rojo manzana"}]},{"@type":"WebSite","@id":"https:\/\/www.erresse-shop.it\/es\/#website","url":"https:\/\/www.erresse-shop.it\/es\/","name":"Erresse Shop","description":"Articoli di qualit\u00e0 per la casa","potentialAction":[{"@type":"SearchAction","target":{"@type":"EntryPoint","urlTemplate":"https:\/\/www.erresse-shop.it\/es\/?s={search_term_string}"},"query-input":"required name=search_term_string"}],"inLanguage":"es"}]}},"df_price":614.25,"df_sale_price":614.25,"df_regular_price":819,"df_image_link":"https:\/\/www.erresse-shop.it\/wp-content\/uploads\/2024\/07\/KITCHENAID-Artisan-Planetaria-con-Testa-Reclinabile-48-L-Rosso-Mela-300x300.jpg","_links":{"self":[{"href":"https:\/\/www.erresse-shop.it\/es\/wp-json\/wp\/v2\/product\/423293"}],"collection":[{"href":"https:\/\/www.erresse-shop.it\/es\/wp-json\/wp\/v2\/product"}],"about":[{"href":"https:\/\/www.erresse-shop.it\/es\/wp-json\/wp\/v2\/types\/product"}],"wp:featuredmedia":[{"embeddable":true,"href":"https:\/\/www.erresse-shop.it\/es\/wp-json\/wp\/v2\/media\/457346"}],"wp:attachment":[{"href":"https:\/\/www.erresse-shop.it\/es\/wp-json\/wp\/v2\/media?parent=423293"}],"wp:term":[{"taxonomy":"product_cat","embeddable":true,"href":"https:\/\/www.erresse-shop.it\/es\/wp-json\/wp\/v2\/product_cat?post=423293"},{"taxonomy":"product_tag","embeddable":true,"href":"https:\/\/www.erresse-shop.it\/es\/wp-json\/wp\/v2\/product_tag?post=423293"}],"curies":[{"name":"wp","href":"https:\/\/api.w.org\/{rel}","templated":true}]}}