{"id":423018,"date":"2024-07-23T05:32:31","date_gmt":"2024-07-23T05:32:33","guid":{"rendered":"https:\/\/www.erresse-shop.it\/?post_type=product&#038;p=423018"},"modified":"2024-10-17T14:34:09","modified_gmt":"2024-10-17T14:34:09","slug":"yaxell-ran-kiritsuke-cuchillo-20-cm","status":"publish","type":"product","link":"https:\/\/www.erresse-shop.it\/es\/shop\/cocina\/cuchillos\/cuchillos-de-cocina\/yaxell-ran-kiritsuke-cuchillo-20-cm\/","title":{"rendered":"YAXELL Ran Kiritsuke Cuchillo 20 cm"},"content":{"rendered":"<p>El <strong>Yaxell Kiritsuke 20 cm<\/strong> es un pr\u00e1ctico y elegante cuchillo de cocina japon\u00e9s. El kiritsuke fue dise\u00f1ado como un cuchillo vers\u00e1til para preparar platos asi\u00e1ticos. Para ello combinaron la hoja de un nakiri (cuchillo para verduras) y un sujihiki (cuchillo para pescado). Esta combinaci\u00f3n garantiza que se puedan cortar muchos ingredientes diferentes con un solo cuchillo.<\/p>\n<p>Especificaciones<br \/>\nAltura de la hoja 4,6 Cm<br \/>\nLongitud de la hoja 20 Cm<br \/>\nLongitud total 34 Cm<br \/>\nPeso 250 g<\/p>\n<p><strong>Fabricado en Jap\u00f3n<\/strong><\/p>\n","protected":false},"excerpt":{"rendered":"<p>El Yaxell Kiritsuke 20 cm es un pr\u00e1ctico y elegante cuchillo de cocina japon\u00e9s. El kiritsuke fue dise\u00f1ado como un<\/p>\n","protected":false},"featured_media":512642,"template":"","meta":{"_acf_changed":false,"inline_featured_image":false},"product_cat":[16040,16043,16047],"product_tag":[16162,22497,16432],"acf":[],"yoast_head":"<!-- This site is optimized with the Yoast SEO Premium plugin v18.6 (Yoast SEO v19.13) - https:\/\/yoast.com\/wordpress\/plugins\/seo\/ -->\n<title>YAXELL Ran Kiritsuke Cuchillo 20 cm - Erresse Shop<\/title>\n<meta name=\"description\" content=\"El Yaxell Kiritsuke 20 cm es un pr\u00e1ctico y elegante cuchillo de cocina japon\u00e9s. El kiritsuke fue dise\u00f1ado como un cuchillo vers\u00e1til para preparar platos\" \/>\n<meta name=\"robots\" content=\"index, follow, max-snippet:-1, max-image-preview:large, max-video-preview:-1\" \/>\n<link rel=\"canonical\" href=\"https:\/\/www.erresse-shop.it\/es\/shop\/cocina\/cuchillos\/cuchillos-de-cocina\/yaxell-ran-kiritsuke-cuchillo-20-cm\/\" \/>\n<meta property=\"og:locale\" content=\"es_ES\" \/>\n<meta property=\"og:type\" content=\"article\" \/>\n<meta property=\"og:title\" content=\"YAXELL Ran Kiritsuke Cuchillo 20 cm\" \/>\n<meta property=\"og:description\" content=\"El Yaxell Kiritsuke 20 cm es un pr\u00e1ctico y elegante cuchillo de cocina japon\u00e9s. El kiritsuke fue dise\u00f1ado como un cuchillo vers\u00e1til para preparar platos\" \/>\n<meta property=\"og:url\" content=\"https:\/\/www.erresse-shop.it\/es\/shop\/cocina\/cuchillos\/cuchillos-de-cocina\/yaxell-ran-kiritsuke-cuchillo-20-cm\/\" \/>\n<meta property=\"og:site_name\" content=\"Erresse Shop\" \/>\n<meta property=\"article:modified_time\" content=\"2024-10-17T14:34:09+00:00\" \/>\n<meta property=\"og:image\" content=\"https:\/\/www.erresse-shop.it\/wp-content\/uploads\/2024\/07\/YAXELL-Ran-Kiritsuke-Coltello-20-cm.png\" \/>\n\t<meta property=\"og:image:width\" content=\"800\" \/>\n\t<meta property=\"og:image:height\" content=\"800\" \/>\n\t<meta property=\"og:image:type\" content=\"image\/png\" \/>\n<meta name=\"twitter:card\" content=\"summary_large_image\" \/>\n<script type=\"application\/ld+json\" class=\"yoast-schema-graph\">{\"@context\":\"https:\/\/schema.org\",\"@graph\":[{\"@type\":\"WebPage\",\"@id\":\"https:\/\/www.erresse-shop.it\/es\/shop\/cocina\/cuchillos\/cuchillos-de-cocina\/yaxell-ran-kiritsuke-cuchillo-20-cm\/\",\"url\":\"https:\/\/www.erresse-shop.it\/es\/shop\/cocina\/cuchillos\/cuchillos-de-cocina\/yaxell-ran-kiritsuke-cuchillo-20-cm\/\",\"name\":\"YAXELL Ran Kiritsuke Cuchillo 20 cm - Erresse Shop\",\"isPartOf\":{\"@id\":\"https:\/\/www.erresse-shop.it\/es\/#website\"},\"datePublished\":\"2024-07-23T05:32:33+00:00\",\"dateModified\":\"2024-10-17T14:34:09+00:00\",\"description\":\"El Yaxell Kiritsuke 20 cm es un pr\u00e1ctico y elegante cuchillo de cocina japon\u00e9s. El kiritsuke fue dise\u00f1ado como un cuchillo vers\u00e1til para preparar platos\",\"breadcrumb\":{\"@id\":\"https:\/\/www.erresse-shop.it\/es\/shop\/cocina\/cuchillos\/cuchillos-de-cocina\/yaxell-ran-kiritsuke-cuchillo-20-cm\/#breadcrumb\"},\"inLanguage\":\"es\",\"potentialAction\":[{\"@type\":\"ReadAction\",\"target\":[\"https:\/\/www.erresse-shop.it\/es\/shop\/cocina\/cuchillos\/cuchillos-de-cocina\/yaxell-ran-kiritsuke-cuchillo-20-cm\/\"]}]},{\"@type\":\"BreadcrumbList\",\"@id\":\"https:\/\/www.erresse-shop.it\/es\/shop\/cocina\/cuchillos\/cuchillos-de-cocina\/yaxell-ran-kiritsuke-cuchillo-20-cm\/#breadcrumb\",\"itemListElement\":[{\"@type\":\"ListItem\",\"position\":1,\"name\":\"Home\",\"item\":\"https:\/\/www.erresse-shop.it\/es\/\"},{\"@type\":\"ListItem\",\"position\":2,\"name\":\"Shop\",\"item\":\"https:\/\/www.erresse-shop.it\/es\/shop\/\"},{\"@type\":\"ListItem\",\"position\":3,\"name\":\"YAXELL Ran Kiritsuke Cuchillo 20 cm\"}]},{\"@type\":\"WebSite\",\"@id\":\"https:\/\/www.erresse-shop.it\/es\/#website\",\"url\":\"https:\/\/www.erresse-shop.it\/es\/\",\"name\":\"Erresse Shop\",\"description\":\"Articoli di qualit\u00e0 per la casa\",\"potentialAction\":[{\"@type\":\"SearchAction\",\"target\":{\"@type\":\"EntryPoint\",\"urlTemplate\":\"https:\/\/www.erresse-shop.it\/es\/?s={search_term_string}\"},\"query-input\":\"required name=search_term_string\"}],\"inLanguage\":\"es\"}]}<\/script>\n<!-- \/ Yoast SEO Premium plugin. -->","yoast_head_json":{"title":"YAXELL Ran Kiritsuke Cuchillo 20 cm - Erresse Shop","description":"El Yaxell Kiritsuke 20 cm es un pr\u00e1ctico y elegante cuchillo de cocina japon\u00e9s. El kiritsuke fue dise\u00f1ado como un cuchillo vers\u00e1til para preparar platos","robots":{"index":"index","follow":"follow","max-snippet":"max-snippet:-1","max-image-preview":"max-image-preview:large","max-video-preview":"max-video-preview:-1"},"canonical":"https:\/\/www.erresse-shop.it\/es\/shop\/cocina\/cuchillos\/cuchillos-de-cocina\/yaxell-ran-kiritsuke-cuchillo-20-cm\/","og_locale":"es_ES","og_type":"article","og_title":"YAXELL Ran Kiritsuke Cuchillo 20 cm","og_description":"El Yaxell Kiritsuke 20 cm es un pr\u00e1ctico y elegante cuchillo de cocina japon\u00e9s. El kiritsuke fue dise\u00f1ado como un cuchillo vers\u00e1til para preparar platos","og_url":"https:\/\/www.erresse-shop.it\/es\/shop\/cocina\/cuchillos\/cuchillos-de-cocina\/yaxell-ran-kiritsuke-cuchillo-20-cm\/","og_site_name":"Erresse Shop","article_modified_time":"2024-10-17T14:34:09+00:00","og_image":[{"width":800,"height":800,"url":"https:\/\/www.erresse-shop.it\/wp-content\/uploads\/2024\/07\/YAXELL-Ran-Kiritsuke-Coltello-20-cm.png","type":"image\/png"}],"twitter_card":"summary_large_image","schema":{"@context":"https:\/\/schema.org","@graph":[{"@type":"WebPage","@id":"https:\/\/www.erresse-shop.it\/es\/shop\/cocina\/cuchillos\/cuchillos-de-cocina\/yaxell-ran-kiritsuke-cuchillo-20-cm\/","url":"https:\/\/www.erresse-shop.it\/es\/shop\/cocina\/cuchillos\/cuchillos-de-cocina\/yaxell-ran-kiritsuke-cuchillo-20-cm\/","name":"YAXELL Ran Kiritsuke Cuchillo 20 cm - Erresse Shop","isPartOf":{"@id":"https:\/\/www.erresse-shop.it\/es\/#website"},"datePublished":"2024-07-23T05:32:33+00:00","dateModified":"2024-10-17T14:34:09+00:00","description":"El Yaxell Kiritsuke 20 cm es un pr\u00e1ctico y elegante cuchillo de cocina japon\u00e9s. El kiritsuke fue dise\u00f1ado como un cuchillo vers\u00e1til para preparar platos","breadcrumb":{"@id":"https:\/\/www.erresse-shop.it\/es\/shop\/cocina\/cuchillos\/cuchillos-de-cocina\/yaxell-ran-kiritsuke-cuchillo-20-cm\/#breadcrumb"},"inLanguage":"es","potentialAction":[{"@type":"ReadAction","target":["https:\/\/www.erresse-shop.it\/es\/shop\/cocina\/cuchillos\/cuchillos-de-cocina\/yaxell-ran-kiritsuke-cuchillo-20-cm\/"]}]},{"@type":"BreadcrumbList","@id":"https:\/\/www.erresse-shop.it\/es\/shop\/cocina\/cuchillos\/cuchillos-de-cocina\/yaxell-ran-kiritsuke-cuchillo-20-cm\/#breadcrumb","itemListElement":[{"@type":"ListItem","position":1,"name":"Home","item":"https:\/\/www.erresse-shop.it\/es\/"},{"@type":"ListItem","position":2,"name":"Shop","item":"https:\/\/www.erresse-shop.it\/es\/shop\/"},{"@type":"ListItem","position":3,"name":"YAXELL Ran Kiritsuke Cuchillo 20 cm"}]},{"@type":"WebSite","@id":"https:\/\/www.erresse-shop.it\/es\/#website","url":"https:\/\/www.erresse-shop.it\/es\/","name":"Erresse Shop","description":"Articoli di qualit\u00e0 per la casa","potentialAction":[{"@type":"SearchAction","target":{"@type":"EntryPoint","urlTemplate":"https:\/\/www.erresse-shop.it\/es\/?s={search_term_string}"},"query-input":"required name=search_term_string"}],"inLanguage":"es"}]}},"df_price":175.20000000000002,"df_sale_price":175.20000000000002,"df_regular_price":219,"df_image_link":"https:\/\/www.erresse-shop.it\/wp-content\/uploads\/2024\/07\/YAXELL-Ran-Kiritsuke-Coltello-20-cm-300x300.jpg","_links":{"self":[{"href":"https:\/\/www.erresse-shop.it\/es\/wp-json\/wp\/v2\/product\/423018"}],"collection":[{"href":"https:\/\/www.erresse-shop.it\/es\/wp-json\/wp\/v2\/product"}],"about":[{"href":"https:\/\/www.erresse-shop.it\/es\/wp-json\/wp\/v2\/types\/product"}],"wp:featuredmedia":[{"embeddable":true,"href":"https:\/\/www.erresse-shop.it\/es\/wp-json\/wp\/v2\/media\/512642"}],"wp:attachment":[{"href":"https:\/\/www.erresse-shop.it\/es\/wp-json\/wp\/v2\/media?parent=423018"}],"wp:term":[{"taxonomy":"product_cat","embeddable":true,"href":"https:\/\/www.erresse-shop.it\/es\/wp-json\/wp\/v2\/product_cat?post=423018"},{"taxonomy":"product_tag","embeddable":true,"href":"https:\/\/www.erresse-shop.it\/es\/wp-json\/wp\/v2\/product_tag?post=423018"}],"curies":[{"name":"wp","href":"https:\/\/api.w.org\/{rel}","templated":true}]}}