{"id":422936,"date":"2024-07-19T13:42:16","date_gmt":"2024-07-19T13:42:18","guid":{"rendered":"https:\/\/www.erresse-shop.it\/?post_type=product&#038;p=422936"},"modified":"2024-10-17T14:35:45","modified_gmt":"2024-10-17T14:35:45","slug":"zwilling-pro-espatula-para-dulces","status":"publish","type":"product","link":"https:\/\/www.erresse-shop.it\/es\/shop\/cocina\/herramientas\/zwilling-pro-espatula-para-dulces\/","title":{"rendered":"ZWILLING PRO Esp\u00e1tula para dulces"},"content":{"rendered":"<p>Las deliciosas tartas y pasteles son siempre una tentaci\u00f3n que hace la boca agua. Para ayudarle a conseguir excelentes resultados al preparar estas sabrosas delicias, existen utensilios de reposter\u00eda de la colecci\u00f3n ZWILLING Pro, como esta pala. Puede utilizar la pala para separar bases de tartas, extender rellenos y decorar con glaseado de nata, chocolate o az\u00facar. Esta pala tambi\u00e9n es \u00fatil para preparar crepes o tortitas e impresiona por su sofisticado dise\u00f1o. El cuerpo de la pala est\u00e1 fabricado en acero de alta calidad, mientras que el dise\u00f1o del mango es ergon\u00f3mico para un manejo perfecto, lo que facilita y hace m\u00e1s c\u00f3modo el trabajo en la cocina. La elegante forma del cacito es obra de los dise\u00f1adores de renombre mundial Matteo Thun y Antonio Rodr\u00edguez, que han creado un aspecto minimalista que combina elegancia y funcionalidad de forma natural en toda la colecci\u00f3n Pro.<\/p>\n<ul>\n<li>Dise\u00f1o minimalista de Matteo Thun y Antonio Rodriguez<\/li>\n<li>Fabricada en acero inoxidable de alta calidad<\/li>\n<li>Transici\u00f3n continua entre el mango y el cuerpo<\/li>\n<li>Apto para lavavajillas<\/li>\n<\/ul>\n","protected":false},"excerpt":{"rendered":"<p>Las deliciosas tartas y pasteles son siempre una tentaci\u00f3n que hace la boca agua. Para ayudarle a conseguir excelentes resultados<\/p>\n","protected":false},"featured_media":512757,"template":"","meta":{"_acf_changed":false,"inline_featured_image":false},"product_cat":[16040,25335],"product_tag":[25039,17115,21619,18368,16547],"acf":[],"yoast_head":"<!-- This site is optimized with the Yoast SEO Premium plugin v18.6 (Yoast SEO v19.13) - https:\/\/yoast.com\/wordpress\/plugins\/seo\/ -->\n<title>ZWILLING PRO Esp\u00e1tula para dulces - Erresse Shop<\/title>\n<meta name=\"description\" content=\"Las deliciosas tartas y pasteles son siempre una tentaci\u00f3n que hace la boca agua. Para ayudarle a conseguir excelentes resultados al preparar estas\" \/>\n<meta name=\"robots\" content=\"index, follow, max-snippet:-1, max-image-preview:large, max-video-preview:-1\" \/>\n<link rel=\"canonical\" href=\"https:\/\/www.erresse-shop.it\/es\/shop\/cocina\/herramientas\/zwilling-pro-espatula-para-dulces\/\" \/>\n<meta property=\"og:locale\" content=\"es_ES\" \/>\n<meta property=\"og:type\" content=\"article\" \/>\n<meta property=\"og:title\" content=\"ZWILLING PRO Esp\u00e1tula para dulces\" \/>\n<meta property=\"og:description\" content=\"Las deliciosas tartas y pasteles son siempre una tentaci\u00f3n que hace la boca agua. Para ayudarle a conseguir excelentes resultados al preparar estas\" \/>\n<meta property=\"og:url\" content=\"https:\/\/www.erresse-shop.it\/es\/shop\/cocina\/herramientas\/zwilling-pro-espatula-para-dulces\/\" \/>\n<meta property=\"og:site_name\" content=\"Erresse Shop\" \/>\n<meta property=\"article:modified_time\" content=\"2024-10-17T14:35:45+00:00\" \/>\n<meta property=\"og:image\" content=\"https:\/\/www.erresse-shop.it\/wp-content\/uploads\/2024\/07\/ZWILLING-PRO-Spatola-per-Dolci.png\" \/>\n\t<meta property=\"og:image:width\" content=\"800\" \/>\n\t<meta property=\"og:image:height\" content=\"800\" \/>\n\t<meta property=\"og:image:type\" content=\"image\/png\" \/>\n<meta name=\"twitter:card\" content=\"summary_large_image\" \/>\n<script type=\"application\/ld+json\" class=\"yoast-schema-graph\">{\"@context\":\"https:\/\/schema.org\",\"@graph\":[{\"@type\":\"WebPage\",\"@id\":\"https:\/\/www.erresse-shop.it\/es\/shop\/cocina\/herramientas\/zwilling-pro-espatula-para-dulces\/\",\"url\":\"https:\/\/www.erresse-shop.it\/es\/shop\/cocina\/herramientas\/zwilling-pro-espatula-para-dulces\/\",\"name\":\"ZWILLING PRO Esp\u00e1tula para dulces - Erresse Shop\",\"isPartOf\":{\"@id\":\"https:\/\/www.erresse-shop.it\/es\/#website\"},\"datePublished\":\"2024-07-19T13:42:18+00:00\",\"dateModified\":\"2024-10-17T14:35:45+00:00\",\"description\":\"Las deliciosas tartas y pasteles son siempre una tentaci\u00f3n que hace la boca agua. Para ayudarle a conseguir excelentes resultados al preparar estas\",\"breadcrumb\":{\"@id\":\"https:\/\/www.erresse-shop.it\/es\/shop\/cocina\/herramientas\/zwilling-pro-espatula-para-dulces\/#breadcrumb\"},\"inLanguage\":\"es\",\"potentialAction\":[{\"@type\":\"ReadAction\",\"target\":[\"https:\/\/www.erresse-shop.it\/es\/shop\/cocina\/herramientas\/zwilling-pro-espatula-para-dulces\/\"]}]},{\"@type\":\"BreadcrumbList\",\"@id\":\"https:\/\/www.erresse-shop.it\/es\/shop\/cocina\/herramientas\/zwilling-pro-espatula-para-dulces\/#breadcrumb\",\"itemListElement\":[{\"@type\":\"ListItem\",\"position\":1,\"name\":\"Home\",\"item\":\"https:\/\/www.erresse-shop.it\/es\/\"},{\"@type\":\"ListItem\",\"position\":2,\"name\":\"Shop\",\"item\":\"https:\/\/www.erresse-shop.it\/es\/shop\/\"},{\"@type\":\"ListItem\",\"position\":3,\"name\":\"ZWILLING PRO Esp\u00e1tula para dulces\"}]},{\"@type\":\"WebSite\",\"@id\":\"https:\/\/www.erresse-shop.it\/es\/#website\",\"url\":\"https:\/\/www.erresse-shop.it\/es\/\",\"name\":\"Erresse Shop\",\"description\":\"Articoli di qualit\u00e0 per la casa\",\"potentialAction\":[{\"@type\":\"SearchAction\",\"target\":{\"@type\":\"EntryPoint\",\"urlTemplate\":\"https:\/\/www.erresse-shop.it\/es\/?s={search_term_string}\"},\"query-input\":\"required name=search_term_string\"}],\"inLanguage\":\"es\"}]}<\/script>\n<!-- \/ Yoast SEO Premium plugin. -->","yoast_head_json":{"title":"ZWILLING PRO Esp\u00e1tula para dulces - Erresse Shop","description":"Las deliciosas tartas y pasteles son siempre una tentaci\u00f3n que hace la boca agua. Para ayudarle a conseguir excelentes resultados al preparar estas","robots":{"index":"index","follow":"follow","max-snippet":"max-snippet:-1","max-image-preview":"max-image-preview:large","max-video-preview":"max-video-preview:-1"},"canonical":"https:\/\/www.erresse-shop.it\/es\/shop\/cocina\/herramientas\/zwilling-pro-espatula-para-dulces\/","og_locale":"es_ES","og_type":"article","og_title":"ZWILLING PRO Esp\u00e1tula para dulces","og_description":"Las deliciosas tartas y pasteles son siempre una tentaci\u00f3n que hace la boca agua. Para ayudarle a conseguir excelentes resultados al preparar estas","og_url":"https:\/\/www.erresse-shop.it\/es\/shop\/cocina\/herramientas\/zwilling-pro-espatula-para-dulces\/","og_site_name":"Erresse Shop","article_modified_time":"2024-10-17T14:35:45+00:00","og_image":[{"width":800,"height":800,"url":"https:\/\/www.erresse-shop.it\/wp-content\/uploads\/2024\/07\/ZWILLING-PRO-Spatola-per-Dolci.png","type":"image\/png"}],"twitter_card":"summary_large_image","schema":{"@context":"https:\/\/schema.org","@graph":[{"@type":"WebPage","@id":"https:\/\/www.erresse-shop.it\/es\/shop\/cocina\/herramientas\/zwilling-pro-espatula-para-dulces\/","url":"https:\/\/www.erresse-shop.it\/es\/shop\/cocina\/herramientas\/zwilling-pro-espatula-para-dulces\/","name":"ZWILLING PRO Esp\u00e1tula para dulces - Erresse Shop","isPartOf":{"@id":"https:\/\/www.erresse-shop.it\/es\/#website"},"datePublished":"2024-07-19T13:42:18+00:00","dateModified":"2024-10-17T14:35:45+00:00","description":"Las deliciosas tartas y pasteles son siempre una tentaci\u00f3n que hace la boca agua. Para ayudarle a conseguir excelentes resultados al preparar estas","breadcrumb":{"@id":"https:\/\/www.erresse-shop.it\/es\/shop\/cocina\/herramientas\/zwilling-pro-espatula-para-dulces\/#breadcrumb"},"inLanguage":"es","potentialAction":[{"@type":"ReadAction","target":["https:\/\/www.erresse-shop.it\/es\/shop\/cocina\/herramientas\/zwilling-pro-espatula-para-dulces\/"]}]},{"@type":"BreadcrumbList","@id":"https:\/\/www.erresse-shop.it\/es\/shop\/cocina\/herramientas\/zwilling-pro-espatula-para-dulces\/#breadcrumb","itemListElement":[{"@type":"ListItem","position":1,"name":"Home","item":"https:\/\/www.erresse-shop.it\/es\/"},{"@type":"ListItem","position":2,"name":"Shop","item":"https:\/\/www.erresse-shop.it\/es\/shop\/"},{"@type":"ListItem","position":3,"name":"ZWILLING PRO Esp\u00e1tula para dulces"}]},{"@type":"WebSite","@id":"https:\/\/www.erresse-shop.it\/es\/#website","url":"https:\/\/www.erresse-shop.it\/es\/","name":"Erresse Shop","description":"Articoli di qualit\u00e0 per la casa","potentialAction":[{"@type":"SearchAction","target":{"@type":"EntryPoint","urlTemplate":"https:\/\/www.erresse-shop.it\/es\/?s={search_term_string}"},"query-input":"required name=search_term_string"}],"inLanguage":"es"}]}},"df_price":19.95,"df_sale_price":19.95,"df_regular_price":26.95,"df_image_link":"https:\/\/www.erresse-shop.it\/wp-content\/uploads\/2024\/07\/ZWILLING-PRO-Spatola-per-Dolci-300x300.jpg","_links":{"self":[{"href":"https:\/\/www.erresse-shop.it\/es\/wp-json\/wp\/v2\/product\/422936"}],"collection":[{"href":"https:\/\/www.erresse-shop.it\/es\/wp-json\/wp\/v2\/product"}],"about":[{"href":"https:\/\/www.erresse-shop.it\/es\/wp-json\/wp\/v2\/types\/product"}],"wp:featuredmedia":[{"embeddable":true,"href":"https:\/\/www.erresse-shop.it\/es\/wp-json\/wp\/v2\/media\/512757"}],"wp:attachment":[{"href":"https:\/\/www.erresse-shop.it\/es\/wp-json\/wp\/v2\/media?parent=422936"}],"wp:term":[{"taxonomy":"product_cat","embeddable":true,"href":"https:\/\/www.erresse-shop.it\/es\/wp-json\/wp\/v2\/product_cat?post=422936"},{"taxonomy":"product_tag","embeddable":true,"href":"https:\/\/www.erresse-shop.it\/es\/wp-json\/wp\/v2\/product_tag?post=422936"}],"curies":[{"name":"wp","href":"https:\/\/api.w.org\/{rel}","templated":true}]}}