{"id":422852,"date":"2024-07-19T10:57:44","date_gmt":"2024-07-19T10:57:46","guid":{"rendered":"https:\/\/www.erresse-shop.it\/?post_type=product&#038;p=422852"},"modified":"2024-10-17T14:52:21","modified_gmt":"2024-10-17T14:52:21","slug":"joseph-joseph-compo-4-contenedor-de-residuos-de-comida-piedra","status":"publish","type":"product","link":"https:\/\/www.erresse-shop.it\/es\/shop\/cocina\/accesorios\/joseph-joseph-compo-4-contenedor-de-residuos-de-comida-piedra\/","title":{"rendered":"JOSEPH JOSEPH Compo 4 Contenedor de Residuos de Comida Piedra"},"content":{"rendered":"<p>Este delgado contenedor de residuos de alimentos est\u00e1 dise\u00f1ado para facilitar la recogida de restos de comida, gracias a su c\u00f3moda tapa abatible y a su ampl\u00edsima abertura.<\/p>\n<ul>\n<li>La amplia abertura facilita la recogida de restos de comida de los platos<\/li>\n<li>Rejilla de ventilaci\u00f3n ajustable: abierta &#8211; ayuda a reducir la humedad y la acumulaci\u00f3n de olores; cerrada &#8211; proporciona una barrera para los insectos<\/li>\n<li>Dise\u00f1o delgado: perfecto para guardarlo en encimeras o dentro de armarios<\/li>\n<li>Soporte de montaje en puerta incluido<\/li>\n<li>Capacidad: 4 litros<\/li>\n<\/ul>\n<p><strong>Cuidado y uso:<\/strong><\/p>\n<ul>\n<li>Lavar y secar a mano<\/li>\n<li>Puede utilizarse con las bolsas personalizadas IW2 (tambi\u00e9n puede utilizarse con bolsas est\u00e1ndar)<\/li>\n<li>Sin BPA<\/li>\n<\/ul>\n<p><strong>Dimensiones:<\/strong> H17.3 x W29.7 x D12cm (H7 x W11\u00be x D4\u00be pulgadas)<\/p>\n<p><strong>Peso:<\/strong> 0,65 kg<\/p>\n<p><strong>Dise\u00f1ador:<\/strong> PearsonLloyd<\/p>\n","protected":false},"excerpt":{"rendered":"<p>Este delgado contenedor de residuos de alimentos est\u00e1 dise\u00f1ado para facilitar la recogida de restos de comida, gracias a su<\/p>\n","protected":false},"featured_media":432765,"template":"","meta":{"_acf_changed":false,"inline_featured_image":false},"product_cat":[16041,16040],"product_tag":[25029,16225,21231,21230,25023],"acf":[],"yoast_head":"<!-- This site is optimized with the Yoast SEO Premium plugin v18.6 (Yoast SEO v19.13) - https:\/\/yoast.com\/wordpress\/plugins\/seo\/ -->\n<title>JOSEPH JOSEPH Compo 4 Contenedor de Residuos de Comida Piedra - Erresse Shop<\/title>\n<meta name=\"description\" content=\"Este delgado contenedor de residuos de alimentos est\u00e1 dise\u00f1ado para facilitar la recogida de restos de comida, gracias a su c\u00f3moda tapa abatible y a su\" \/>\n<meta name=\"robots\" content=\"index, follow, max-snippet:-1, max-image-preview:large, max-video-preview:-1\" \/>\n<link rel=\"canonical\" href=\"https:\/\/www.erresse-shop.it\/es\/shop\/cocina\/accesorios\/joseph-joseph-compo-4-contenedor-de-residuos-de-comida-piedra\/\" \/>\n<meta property=\"og:locale\" content=\"es_ES\" \/>\n<meta property=\"og:type\" content=\"article\" \/>\n<meta property=\"og:title\" content=\"JOSEPH JOSEPH Compo 4 Contenedor de Residuos de Comida Piedra\" \/>\n<meta property=\"og:description\" content=\"Este delgado contenedor de residuos de alimentos est\u00e1 dise\u00f1ado para facilitar la recogida de restos de comida, gracias a su c\u00f3moda tapa abatible y a su\" \/>\n<meta property=\"og:url\" content=\"https:\/\/www.erresse-shop.it\/es\/shop\/cocina\/accesorios\/joseph-joseph-compo-4-contenedor-de-residuos-de-comida-piedra\/\" \/>\n<meta property=\"og:site_name\" content=\"Erresse Shop\" \/>\n<meta property=\"article:modified_time\" content=\"2024-10-17T14:52:21+00:00\" \/>\n<meta property=\"og:image\" content=\"https:\/\/www.erresse-shop.it\/wp-content\/uploads\/2024\/07\/JOSEPH-JOSEPH-Compo-4-Contenitore-Rifiuti-Alimentari-Pietra.webp\" \/>\n\t<meta property=\"og:image:width\" content=\"1200\" \/>\n\t<meta property=\"og:image:height\" content=\"1200\" \/>\n\t<meta property=\"og:image:type\" content=\"image\/webp\" \/>\n<meta name=\"twitter:card\" content=\"summary_large_image\" \/>\n<script type=\"application\/ld+json\" class=\"yoast-schema-graph\">{\"@context\":\"https:\/\/schema.org\",\"@graph\":[{\"@type\":\"WebPage\",\"@id\":\"https:\/\/www.erresse-shop.it\/es\/shop\/cocina\/accesorios\/joseph-joseph-compo-4-contenedor-de-residuos-de-comida-piedra\/\",\"url\":\"https:\/\/www.erresse-shop.it\/es\/shop\/cocina\/accesorios\/joseph-joseph-compo-4-contenedor-de-residuos-de-comida-piedra\/\",\"name\":\"JOSEPH JOSEPH Compo 4 Contenedor de Residuos de Comida Piedra - Erresse Shop\",\"isPartOf\":{\"@id\":\"https:\/\/www.erresse-shop.it\/es\/#website\"},\"datePublished\":\"2024-07-19T10:57:46+00:00\",\"dateModified\":\"2024-10-17T14:52:21+00:00\",\"description\":\"Este delgado contenedor de residuos de alimentos est\u00e1 dise\u00f1ado para facilitar la recogida de restos de comida, gracias a su c\u00f3moda tapa abatible y a su\",\"breadcrumb\":{\"@id\":\"https:\/\/www.erresse-shop.it\/es\/shop\/cocina\/accesorios\/joseph-joseph-compo-4-contenedor-de-residuos-de-comida-piedra\/#breadcrumb\"},\"inLanguage\":\"es\",\"potentialAction\":[{\"@type\":\"ReadAction\",\"target\":[\"https:\/\/www.erresse-shop.it\/es\/shop\/cocina\/accesorios\/joseph-joseph-compo-4-contenedor-de-residuos-de-comida-piedra\/\"]}]},{\"@type\":\"BreadcrumbList\",\"@id\":\"https:\/\/www.erresse-shop.it\/es\/shop\/cocina\/accesorios\/joseph-joseph-compo-4-contenedor-de-residuos-de-comida-piedra\/#breadcrumb\",\"itemListElement\":[{\"@type\":\"ListItem\",\"position\":1,\"name\":\"Home\",\"item\":\"https:\/\/www.erresse-shop.it\/es\/\"},{\"@type\":\"ListItem\",\"position\":2,\"name\":\"Shop\",\"item\":\"https:\/\/www.erresse-shop.it\/es\/shop\/\"},{\"@type\":\"ListItem\",\"position\":3,\"name\":\"JOSEPH JOSEPH Compo 4 Contenedor de Residuos de Comida Piedra\"}]},{\"@type\":\"WebSite\",\"@id\":\"https:\/\/www.erresse-shop.it\/es\/#website\",\"url\":\"https:\/\/www.erresse-shop.it\/es\/\",\"name\":\"Erresse Shop\",\"description\":\"Articoli di qualit\u00e0 per la casa\",\"potentialAction\":[{\"@type\":\"SearchAction\",\"target\":{\"@type\":\"EntryPoint\",\"urlTemplate\":\"https:\/\/www.erresse-shop.it\/es\/?s={search_term_string}\"},\"query-input\":\"required name=search_term_string\"}],\"inLanguage\":\"es\"}]}<\/script>\n<!-- \/ Yoast SEO Premium plugin. -->","yoast_head_json":{"title":"JOSEPH JOSEPH Compo 4 Contenedor de Residuos de Comida Piedra - Erresse Shop","description":"Este delgado contenedor de residuos de alimentos est\u00e1 dise\u00f1ado para facilitar la recogida de restos de comida, gracias a su c\u00f3moda tapa abatible y a su","robots":{"index":"index","follow":"follow","max-snippet":"max-snippet:-1","max-image-preview":"max-image-preview:large","max-video-preview":"max-video-preview:-1"},"canonical":"https:\/\/www.erresse-shop.it\/es\/shop\/cocina\/accesorios\/joseph-joseph-compo-4-contenedor-de-residuos-de-comida-piedra\/","og_locale":"es_ES","og_type":"article","og_title":"JOSEPH JOSEPH Compo 4 Contenedor de Residuos de Comida Piedra","og_description":"Este delgado contenedor de residuos de alimentos est\u00e1 dise\u00f1ado para facilitar la recogida de restos de comida, gracias a su c\u00f3moda tapa abatible y a su","og_url":"https:\/\/www.erresse-shop.it\/es\/shop\/cocina\/accesorios\/joseph-joseph-compo-4-contenedor-de-residuos-de-comida-piedra\/","og_site_name":"Erresse Shop","article_modified_time":"2024-10-17T14:52:21+00:00","og_image":[{"width":1200,"height":1200,"url":"https:\/\/www.erresse-shop.it\/wp-content\/uploads\/2024\/07\/JOSEPH-JOSEPH-Compo-4-Contenitore-Rifiuti-Alimentari-Pietra.webp","type":"image\/webp"}],"twitter_card":"summary_large_image","schema":{"@context":"https:\/\/schema.org","@graph":[{"@type":"WebPage","@id":"https:\/\/www.erresse-shop.it\/es\/shop\/cocina\/accesorios\/joseph-joseph-compo-4-contenedor-de-residuos-de-comida-piedra\/","url":"https:\/\/www.erresse-shop.it\/es\/shop\/cocina\/accesorios\/joseph-joseph-compo-4-contenedor-de-residuos-de-comida-piedra\/","name":"JOSEPH JOSEPH Compo 4 Contenedor de Residuos de Comida Piedra - Erresse Shop","isPartOf":{"@id":"https:\/\/www.erresse-shop.it\/es\/#website"},"datePublished":"2024-07-19T10:57:46+00:00","dateModified":"2024-10-17T14:52:21+00:00","description":"Este delgado contenedor de residuos de alimentos est\u00e1 dise\u00f1ado para facilitar la recogida de restos de comida, gracias a su c\u00f3moda tapa abatible y a su","breadcrumb":{"@id":"https:\/\/www.erresse-shop.it\/es\/shop\/cocina\/accesorios\/joseph-joseph-compo-4-contenedor-de-residuos-de-comida-piedra\/#breadcrumb"},"inLanguage":"es","potentialAction":[{"@type":"ReadAction","target":["https:\/\/www.erresse-shop.it\/es\/shop\/cocina\/accesorios\/joseph-joseph-compo-4-contenedor-de-residuos-de-comida-piedra\/"]}]},{"@type":"BreadcrumbList","@id":"https:\/\/www.erresse-shop.it\/es\/shop\/cocina\/accesorios\/joseph-joseph-compo-4-contenedor-de-residuos-de-comida-piedra\/#breadcrumb","itemListElement":[{"@type":"ListItem","position":1,"name":"Home","item":"https:\/\/www.erresse-shop.it\/es\/"},{"@type":"ListItem","position":2,"name":"Shop","item":"https:\/\/www.erresse-shop.it\/es\/shop\/"},{"@type":"ListItem","position":3,"name":"JOSEPH JOSEPH Compo 4 Contenedor de Residuos de Comida Piedra"}]},{"@type":"WebSite","@id":"https:\/\/www.erresse-shop.it\/es\/#website","url":"https:\/\/www.erresse-shop.it\/es\/","name":"Erresse Shop","description":"Articoli di qualit\u00e0 per la casa","potentialAction":[{"@type":"SearchAction","target":{"@type":"EntryPoint","urlTemplate":"https:\/\/www.erresse-shop.it\/es\/?s={search_term_string}"},"query-input":"required name=search_term_string"}],"inLanguage":"es"}]}},"df_price":26.95,"df_sale_price":26.95,"df_regular_price":34.99,"df_image_link":"https:\/\/www.erresse-shop.it\/wp-content\/uploads\/2024\/07\/JOSEPH-JOSEPH-Compo-4-Contenitore-Rifiuti-Alimentari-Pietra-300x300.webp","_links":{"self":[{"href":"https:\/\/www.erresse-shop.it\/es\/wp-json\/wp\/v2\/product\/422852"}],"collection":[{"href":"https:\/\/www.erresse-shop.it\/es\/wp-json\/wp\/v2\/product"}],"about":[{"href":"https:\/\/www.erresse-shop.it\/es\/wp-json\/wp\/v2\/types\/product"}],"wp:featuredmedia":[{"embeddable":true,"href":"https:\/\/www.erresse-shop.it\/es\/wp-json\/wp\/v2\/media\/432765"}],"wp:attachment":[{"href":"https:\/\/www.erresse-shop.it\/es\/wp-json\/wp\/v2\/media?parent=422852"}],"wp:term":[{"taxonomy":"product_cat","embeddable":true,"href":"https:\/\/www.erresse-shop.it\/es\/wp-json\/wp\/v2\/product_cat?post=422852"},{"taxonomy":"product_tag","embeddable":true,"href":"https:\/\/www.erresse-shop.it\/es\/wp-json\/wp\/v2\/product_tag?post=422852"}],"curies":[{"name":"wp","href":"https:\/\/api.w.org\/{rel}","templated":true}]}}