{"id":422805,"date":"2024-07-19T10:17:16","date_gmt":"2024-07-19T10:17:18","guid":{"rendered":"https:\/\/www.erresse-shop.it\/?post_type=product&#038;p=422805"},"modified":"2024-10-24T12:41:24","modified_gmt":"2024-10-24T12:41:24","slug":"joseph-joseph-stack-4-contenedor-de-residuos-de-comida-piedra","status":"publish","type":"product","link":"https:\/\/www.erresse-shop.it\/es\/shop\/cocina\/accesorios\/joseph-joseph-stack-4-contenedor-de-residuos-de-comida-piedra\/","title":{"rendered":"JOSEPH JOSEPH Stack 4 Contenedor de Residuos de Comida Piedra"},"content":{"rendered":"<p>El exclusivo dise\u00f1o ventilado de este contenedor de residuos alimentarios ayuda a reducir los olores procedentes de la descomposici\u00f3n de los alimentos.<\/p>\n<ul>\n<li>El dise\u00f1o ventilado reduce la humedad y los olores<\/li>\n<li>Filtro de olores reemplazable en la tapa<\/li>\n<li>Tapa con solapa de f\u00e1cil acceso<\/li>\n<li>Cuerpo de polipropileno f\u00e1cil de limpiar y asa de transporte de acero inoxidable<\/li>\n<li>Orificio interior para guardar la bolsa y mantenerla ordenada<\/li>\n<\/ul>\n<p><strong>Cuidado y uso:<\/strong><\/p>\n<ul>\n<li>Limpiar con un pa\u00f1o h\u00famedo y secar con un pa\u00f1o suave y seco.<\/li>\n<li>No utilizar pa\u00f1os abrasivos ni limpiadores qu\u00edmicos fuertes<\/li>\n<li>Sin BPA<\/li>\n<li>Para un rendimiento \u00f3ptimo, recomendamos sustituir el filtro de olores cada 3 meses.<\/li>\n<\/ul>\n<p><strong>Dimensiones<\/strong>: H16,1 x W23,5 x D19,7 cm (H6\u00bd x L9\u00bc x D7\u00be pulgadas)<\/p>\n<p><strong>Peso<\/strong>: 0,78 kg<\/p>\n<p><strong>Dise\u00f1ador<\/strong>: PearsonLloyd<\/p>\n","protected":false},"excerpt":{"rendered":"<p>El exclusivo dise\u00f1o ventilado de este contenedor de residuos alimentarios ayuda a reducir los olores procedentes de la descomposici\u00f3n de<\/p>\n","protected":false},"featured_media":432742,"template":"","meta":{"_acf_changed":false,"inline_featured_image":false},"product_cat":[16041,16040],"product_tag":[25029,16225,21231,21230,25023],"acf":[],"yoast_head":"<!-- This site is optimized with the Yoast SEO Premium plugin v18.6 (Yoast SEO v19.13) - https:\/\/yoast.com\/wordpress\/plugins\/seo\/ -->\n<title>JOSEPH JOSEPH Stack 4 Contenedor de Residuos de Comida Piedra - Erresse Shop<\/title>\n<meta name=\"description\" content=\"El exclusivo dise\u00f1o ventilado de este contenedor de residuos alimentarios ayuda a reducir los olores procedentes de la descomposici\u00f3n de los alimentos. El\" \/>\n<meta name=\"robots\" content=\"index, follow, max-snippet:-1, max-image-preview:large, max-video-preview:-1\" \/>\n<link rel=\"canonical\" href=\"https:\/\/www.erresse-shop.it\/es\/shop\/cocina\/accesorios\/joseph-joseph-stack-4-contenedor-de-residuos-de-comida-piedra\/\" \/>\n<meta property=\"og:locale\" content=\"es_ES\" \/>\n<meta property=\"og:type\" content=\"article\" \/>\n<meta property=\"og:title\" content=\"JOSEPH JOSEPH Stack 4 Contenedor de Residuos de Comida Piedra\" \/>\n<meta property=\"og:description\" content=\"El exclusivo dise\u00f1o ventilado de este contenedor de residuos alimentarios ayuda a reducir los olores procedentes de la descomposici\u00f3n de los alimentos. El\" \/>\n<meta property=\"og:url\" content=\"https:\/\/www.erresse-shop.it\/es\/shop\/cocina\/accesorios\/joseph-joseph-stack-4-contenedor-de-residuos-de-comida-piedra\/\" \/>\n<meta property=\"og:site_name\" content=\"Erresse Shop\" \/>\n<meta property=\"article:modified_time\" content=\"2024-10-24T12:41:24+00:00\" \/>\n<meta property=\"og:image\" content=\"https:\/\/www.erresse-shop.it\/wp-content\/uploads\/2024\/07\/JOSEPH-JOSEPH-Stack-4-Contenitore-Rifiuti-Alimentari-Pietra.webp\" \/>\n\t<meta property=\"og:image:width\" content=\"1200\" \/>\n\t<meta property=\"og:image:height\" content=\"1200\" \/>\n\t<meta property=\"og:image:type\" content=\"image\/webp\" \/>\n<meta name=\"twitter:card\" content=\"summary_large_image\" \/>\n<script type=\"application\/ld+json\" class=\"yoast-schema-graph\">{\"@context\":\"https:\/\/schema.org\",\"@graph\":[{\"@type\":\"WebPage\",\"@id\":\"https:\/\/www.erresse-shop.it\/es\/shop\/cocina\/accesorios\/joseph-joseph-stack-4-contenedor-de-residuos-de-comida-piedra\/\",\"url\":\"https:\/\/www.erresse-shop.it\/es\/shop\/cocina\/accesorios\/joseph-joseph-stack-4-contenedor-de-residuos-de-comida-piedra\/\",\"name\":\"JOSEPH JOSEPH Stack 4 Contenedor de Residuos de Comida Piedra - Erresse Shop\",\"isPartOf\":{\"@id\":\"https:\/\/www.erresse-shop.it\/es\/#website\"},\"datePublished\":\"2024-07-19T10:17:18+00:00\",\"dateModified\":\"2024-10-24T12:41:24+00:00\",\"description\":\"El exclusivo dise\u00f1o ventilado de este contenedor de residuos alimentarios ayuda a reducir los olores procedentes de la descomposici\u00f3n de los alimentos. El\",\"breadcrumb\":{\"@id\":\"https:\/\/www.erresse-shop.it\/es\/shop\/cocina\/accesorios\/joseph-joseph-stack-4-contenedor-de-residuos-de-comida-piedra\/#breadcrumb\"},\"inLanguage\":\"es\",\"potentialAction\":[{\"@type\":\"ReadAction\",\"target\":[\"https:\/\/www.erresse-shop.it\/es\/shop\/cocina\/accesorios\/joseph-joseph-stack-4-contenedor-de-residuos-de-comida-piedra\/\"]}]},{\"@type\":\"BreadcrumbList\",\"@id\":\"https:\/\/www.erresse-shop.it\/es\/shop\/cocina\/accesorios\/joseph-joseph-stack-4-contenedor-de-residuos-de-comida-piedra\/#breadcrumb\",\"itemListElement\":[{\"@type\":\"ListItem\",\"position\":1,\"name\":\"Home\",\"item\":\"https:\/\/www.erresse-shop.it\/es\/\"},{\"@type\":\"ListItem\",\"position\":2,\"name\":\"Shop\",\"item\":\"https:\/\/www.erresse-shop.it\/es\/shop\/\"},{\"@type\":\"ListItem\",\"position\":3,\"name\":\"JOSEPH JOSEPH Stack 4 Contenedor de Residuos de Comida Piedra\"}]},{\"@type\":\"WebSite\",\"@id\":\"https:\/\/www.erresse-shop.it\/es\/#website\",\"url\":\"https:\/\/www.erresse-shop.it\/es\/\",\"name\":\"Erresse Shop\",\"description\":\"Articoli di qualit\u00e0 per la casa\",\"potentialAction\":[{\"@type\":\"SearchAction\",\"target\":{\"@type\":\"EntryPoint\",\"urlTemplate\":\"https:\/\/www.erresse-shop.it\/es\/?s={search_term_string}\"},\"query-input\":\"required name=search_term_string\"}],\"inLanguage\":\"es\"}]}<\/script>\n<!-- \/ Yoast SEO Premium plugin. -->","yoast_head_json":{"title":"JOSEPH JOSEPH Stack 4 Contenedor de Residuos de Comida Piedra - Erresse Shop","description":"El exclusivo dise\u00f1o ventilado de este contenedor de residuos alimentarios ayuda a reducir los olores procedentes de la descomposici\u00f3n de los alimentos. El","robots":{"index":"index","follow":"follow","max-snippet":"max-snippet:-1","max-image-preview":"max-image-preview:large","max-video-preview":"max-video-preview:-1"},"canonical":"https:\/\/www.erresse-shop.it\/es\/shop\/cocina\/accesorios\/joseph-joseph-stack-4-contenedor-de-residuos-de-comida-piedra\/","og_locale":"es_ES","og_type":"article","og_title":"JOSEPH JOSEPH Stack 4 Contenedor de Residuos de Comida Piedra","og_description":"El exclusivo dise\u00f1o ventilado de este contenedor de residuos alimentarios ayuda a reducir los olores procedentes de la descomposici\u00f3n de los alimentos. El","og_url":"https:\/\/www.erresse-shop.it\/es\/shop\/cocina\/accesorios\/joseph-joseph-stack-4-contenedor-de-residuos-de-comida-piedra\/","og_site_name":"Erresse Shop","article_modified_time":"2024-10-24T12:41:24+00:00","og_image":[{"width":1200,"height":1200,"url":"https:\/\/www.erresse-shop.it\/wp-content\/uploads\/2024\/07\/JOSEPH-JOSEPH-Stack-4-Contenitore-Rifiuti-Alimentari-Pietra.webp","type":"image\/webp"}],"twitter_card":"summary_large_image","schema":{"@context":"https:\/\/schema.org","@graph":[{"@type":"WebPage","@id":"https:\/\/www.erresse-shop.it\/es\/shop\/cocina\/accesorios\/joseph-joseph-stack-4-contenedor-de-residuos-de-comida-piedra\/","url":"https:\/\/www.erresse-shop.it\/es\/shop\/cocina\/accesorios\/joseph-joseph-stack-4-contenedor-de-residuos-de-comida-piedra\/","name":"JOSEPH JOSEPH Stack 4 Contenedor de Residuos de Comida Piedra - Erresse Shop","isPartOf":{"@id":"https:\/\/www.erresse-shop.it\/es\/#website"},"datePublished":"2024-07-19T10:17:18+00:00","dateModified":"2024-10-24T12:41:24+00:00","description":"El exclusivo dise\u00f1o ventilado de este contenedor de residuos alimentarios ayuda a reducir los olores procedentes de la descomposici\u00f3n de los alimentos. El","breadcrumb":{"@id":"https:\/\/www.erresse-shop.it\/es\/shop\/cocina\/accesorios\/joseph-joseph-stack-4-contenedor-de-residuos-de-comida-piedra\/#breadcrumb"},"inLanguage":"es","potentialAction":[{"@type":"ReadAction","target":["https:\/\/www.erresse-shop.it\/es\/shop\/cocina\/accesorios\/joseph-joseph-stack-4-contenedor-de-residuos-de-comida-piedra\/"]}]},{"@type":"BreadcrumbList","@id":"https:\/\/www.erresse-shop.it\/es\/shop\/cocina\/accesorios\/joseph-joseph-stack-4-contenedor-de-residuos-de-comida-piedra\/#breadcrumb","itemListElement":[{"@type":"ListItem","position":1,"name":"Home","item":"https:\/\/www.erresse-shop.it\/es\/"},{"@type":"ListItem","position":2,"name":"Shop","item":"https:\/\/www.erresse-shop.it\/es\/shop\/"},{"@type":"ListItem","position":3,"name":"JOSEPH JOSEPH Stack 4 Contenedor de Residuos de Comida Piedra"}]},{"@type":"WebSite","@id":"https:\/\/www.erresse-shop.it\/es\/#website","url":"https:\/\/www.erresse-shop.it\/es\/","name":"Erresse Shop","description":"Articoli di qualit\u00e0 per la casa","potentialAction":[{"@type":"SearchAction","target":{"@type":"EntryPoint","urlTemplate":"https:\/\/www.erresse-shop.it\/es\/?s={search_term_string}"},"query-input":"required name=search_term_string"}],"inLanguage":"es"}]}},"df_price":32.95,"df_sale_price":32.95,"df_regular_price":39.99,"df_image_link":"https:\/\/www.erresse-shop.it\/wp-content\/uploads\/2024\/07\/JOSEPH-JOSEPH-Stack-4-Contenitore-Rifiuti-Alimentari-Pietra-300x300.webp","_links":{"self":[{"href":"https:\/\/www.erresse-shop.it\/es\/wp-json\/wp\/v2\/product\/422805"}],"collection":[{"href":"https:\/\/www.erresse-shop.it\/es\/wp-json\/wp\/v2\/product"}],"about":[{"href":"https:\/\/www.erresse-shop.it\/es\/wp-json\/wp\/v2\/types\/product"}],"wp:featuredmedia":[{"embeddable":true,"href":"https:\/\/www.erresse-shop.it\/es\/wp-json\/wp\/v2\/media\/432742"}],"wp:attachment":[{"href":"https:\/\/www.erresse-shop.it\/es\/wp-json\/wp\/v2\/media?parent=422805"}],"wp:term":[{"taxonomy":"product_cat","embeddable":true,"href":"https:\/\/www.erresse-shop.it\/es\/wp-json\/wp\/v2\/product_cat?post=422805"},{"taxonomy":"product_tag","embeddable":true,"href":"https:\/\/www.erresse-shop.it\/es\/wp-json\/wp\/v2\/product_tag?post=422805"}],"curies":[{"name":"wp","href":"https:\/\/api.w.org\/{rel}","templated":true}]}}