{"id":422773,"date":"2024-07-19T09:41:15","date_gmt":"2024-07-19T09:41:16","guid":{"rendered":"https:\/\/www.erresse-shop.it\/?post_type=product&#038;p=422773"},"modified":"2024-10-24T12:43:29","modified_gmt":"2024-10-24T12:43:29","slug":"joseph-joseph-nest-set-de-herramientas-de-acero","status":"publish","type":"product","link":"https:\/\/www.erresse-shop.it\/es\/shop\/cocina\/herramientas\/joseph-joseph-nest-set-de-herramientas-de-acero\/","title":{"rendered":"JOSEPH JOSEPH Nest Set de herramientas de acero"},"content":{"rendered":"<p>Nest\u2122 almacena todos tus utensilios de cocina en un lugar de f\u00e1cil acceso. Su exclusivo dise\u00f1o permite guardar cinco utensilios con leng\u00fcetas de acero inoxidable en un soporte compacto de acero inoxidable, ocupando menos espacio en la encimera y ahorrando tiempo en la b\u00fasqueda de lo que necesita.<\/p>\n<ul>\n<li>El juego incluye una esp\u00e1tula ranurada, un bol para espaguetis, una cuchara ranurada, una cuchara s\u00f3lida y un cuchar\u00f3n.<\/li>\n<li>Los mangos magn\u00e9ticos mantienen los utensilios firmemente unidos en un dise\u00f1o compacto que ahorra espacio.<\/li>\n<li>Soporte de almacenamiento especialmente dise\u00f1ado<\/li>\n<li>Utensilios resistentes al calor hasta 200\u00b0C (392\u00b0F)<\/li>\n<\/ul>\n<p><strong>Cuidado y uso<\/strong><\/p>\n<ul>\n<li>Apto para lavavajillas<\/li>\n<li>No deje los utensilios en las ollas mientras cocina<\/li>\n<li>Para evitar manchar los utensilios, evite el uso de colorantes fuertes como la c\u00farcuma<\/li>\n<li>Sin BPA<\/li>\n<\/ul>\n<p><strong>Dimensiones:<\/strong><\/p>\n<p>H33.5 x W12 x D12cm (H13\u00bd x L4\u00be x D4\u00be pulgadas)<\/p>\n<p><strong>Dise\u00f1ador:<\/strong> Studio17 Design<\/p>\n","protected":false},"excerpt":{"rendered":"<p>Nest\u2122 almacena todos tus utensilios de cocina en un lugar de f\u00e1cil acceso. Su exclusivo dise\u00f1o permite guardar cinco utensilios<\/p>\n","protected":false},"featured_media":443115,"template":"","meta":{"_acf_changed":false,"inline_featured_image":false},"product_cat":[16040,25335],"product_tag":[25029,21638,18368,25023],"acf":[],"yoast_head":"<!-- This site is optimized with the Yoast SEO Premium plugin v18.6 (Yoast SEO v19.13) - https:\/\/yoast.com\/wordpress\/plugins\/seo\/ -->\n<title>JOSEPH JOSEPH Nest Set de herramientas de acero - Erresse Shop<\/title>\n<meta name=\"description\" content=\"Nest\u2122 almacena todos tus utensilios de cocina en un lugar de f\u00e1cil acceso. Su exclusivo dise\u00f1o permite guardar cinco utensilios con leng\u00fcetas de acero\" \/>\n<meta name=\"robots\" content=\"index, follow, max-snippet:-1, max-image-preview:large, max-video-preview:-1\" \/>\n<link rel=\"canonical\" href=\"https:\/\/www.erresse-shop.it\/es\/shop\/cocina\/herramientas\/joseph-joseph-nest-set-de-herramientas-de-acero\/\" \/>\n<meta property=\"og:locale\" content=\"es_ES\" \/>\n<meta property=\"og:type\" content=\"article\" \/>\n<meta property=\"og:title\" content=\"JOSEPH JOSEPH Nest Set de herramientas de acero\" \/>\n<meta property=\"og:description\" content=\"Nest\u2122 almacena todos tus utensilios de cocina en un lugar de f\u00e1cil acceso. Su exclusivo dise\u00f1o permite guardar cinco utensilios con leng\u00fcetas de acero\" \/>\n<meta property=\"og:url\" content=\"https:\/\/www.erresse-shop.it\/es\/shop\/cocina\/herramientas\/joseph-joseph-nest-set-de-herramientas-de-acero\/\" \/>\n<meta property=\"og:site_name\" content=\"Erresse Shop\" \/>\n<meta property=\"article:modified_time\" content=\"2024-10-24T12:43:29+00:00\" \/>\n<meta property=\"og:image\" content=\"https:\/\/www.erresse-shop.it\/wp-content\/uploads\/2024\/07\/JOSEPH-JOSEPH-Nest-Set-Utensili-in-Acciaio.jpg\" \/>\n\t<meta property=\"og:image:width\" content=\"1200\" \/>\n\t<meta property=\"og:image:height\" content=\"1200\" \/>\n\t<meta property=\"og:image:type\" content=\"image\/jpeg\" \/>\n<meta name=\"twitter:card\" content=\"summary_large_image\" \/>\n<script type=\"application\/ld+json\" class=\"yoast-schema-graph\">{\"@context\":\"https:\/\/schema.org\",\"@graph\":[{\"@type\":\"WebPage\",\"@id\":\"https:\/\/www.erresse-shop.it\/es\/shop\/cocina\/herramientas\/joseph-joseph-nest-set-de-herramientas-de-acero\/\",\"url\":\"https:\/\/www.erresse-shop.it\/es\/shop\/cocina\/herramientas\/joseph-joseph-nest-set-de-herramientas-de-acero\/\",\"name\":\"JOSEPH JOSEPH Nest Set de herramientas de acero - Erresse Shop\",\"isPartOf\":{\"@id\":\"https:\/\/www.erresse-shop.it\/es\/#website\"},\"datePublished\":\"2024-07-19T09:41:16+00:00\",\"dateModified\":\"2024-10-24T12:43:29+00:00\",\"description\":\"Nest\u2122 almacena todos tus utensilios de cocina en un lugar de f\u00e1cil acceso. Su exclusivo dise\u00f1o permite guardar cinco utensilios con leng\u00fcetas de acero\",\"breadcrumb\":{\"@id\":\"https:\/\/www.erresse-shop.it\/es\/shop\/cocina\/herramientas\/joseph-joseph-nest-set-de-herramientas-de-acero\/#breadcrumb\"},\"inLanguage\":\"es\",\"potentialAction\":[{\"@type\":\"ReadAction\",\"target\":[\"https:\/\/www.erresse-shop.it\/es\/shop\/cocina\/herramientas\/joseph-joseph-nest-set-de-herramientas-de-acero\/\"]}]},{\"@type\":\"BreadcrumbList\",\"@id\":\"https:\/\/www.erresse-shop.it\/es\/shop\/cocina\/herramientas\/joseph-joseph-nest-set-de-herramientas-de-acero\/#breadcrumb\",\"itemListElement\":[{\"@type\":\"ListItem\",\"position\":1,\"name\":\"Home\",\"item\":\"https:\/\/www.erresse-shop.it\/es\/\"},{\"@type\":\"ListItem\",\"position\":2,\"name\":\"Shop\",\"item\":\"https:\/\/www.erresse-shop.it\/es\/shop\/\"},{\"@type\":\"ListItem\",\"position\":3,\"name\":\"JOSEPH JOSEPH Nest Set de herramientas de acero\"}]},{\"@type\":\"WebSite\",\"@id\":\"https:\/\/www.erresse-shop.it\/es\/#website\",\"url\":\"https:\/\/www.erresse-shop.it\/es\/\",\"name\":\"Erresse Shop\",\"description\":\"Articoli di qualit\u00e0 per la casa\",\"potentialAction\":[{\"@type\":\"SearchAction\",\"target\":{\"@type\":\"EntryPoint\",\"urlTemplate\":\"https:\/\/www.erresse-shop.it\/es\/?s={search_term_string}\"},\"query-input\":\"required name=search_term_string\"}],\"inLanguage\":\"es\"}]}<\/script>\n<!-- \/ Yoast SEO Premium plugin. -->","yoast_head_json":{"title":"JOSEPH JOSEPH Nest Set de herramientas de acero - Erresse Shop","description":"Nest\u2122 almacena todos tus utensilios de cocina en un lugar de f\u00e1cil acceso. Su exclusivo dise\u00f1o permite guardar cinco utensilios con leng\u00fcetas de acero","robots":{"index":"index","follow":"follow","max-snippet":"max-snippet:-1","max-image-preview":"max-image-preview:large","max-video-preview":"max-video-preview:-1"},"canonical":"https:\/\/www.erresse-shop.it\/es\/shop\/cocina\/herramientas\/joseph-joseph-nest-set-de-herramientas-de-acero\/","og_locale":"es_ES","og_type":"article","og_title":"JOSEPH JOSEPH Nest Set de herramientas de acero","og_description":"Nest\u2122 almacena todos tus utensilios de cocina en un lugar de f\u00e1cil acceso. Su exclusivo dise\u00f1o permite guardar cinco utensilios con leng\u00fcetas de acero","og_url":"https:\/\/www.erresse-shop.it\/es\/shop\/cocina\/herramientas\/joseph-joseph-nest-set-de-herramientas-de-acero\/","og_site_name":"Erresse Shop","article_modified_time":"2024-10-24T12:43:29+00:00","og_image":[{"width":1200,"height":1200,"url":"https:\/\/www.erresse-shop.it\/wp-content\/uploads\/2024\/07\/JOSEPH-JOSEPH-Nest-Set-Utensili-in-Acciaio.jpg","type":"image\/jpeg"}],"twitter_card":"summary_large_image","schema":{"@context":"https:\/\/schema.org","@graph":[{"@type":"WebPage","@id":"https:\/\/www.erresse-shop.it\/es\/shop\/cocina\/herramientas\/joseph-joseph-nest-set-de-herramientas-de-acero\/","url":"https:\/\/www.erresse-shop.it\/es\/shop\/cocina\/herramientas\/joseph-joseph-nest-set-de-herramientas-de-acero\/","name":"JOSEPH JOSEPH Nest Set de herramientas de acero - Erresse Shop","isPartOf":{"@id":"https:\/\/www.erresse-shop.it\/es\/#website"},"datePublished":"2024-07-19T09:41:16+00:00","dateModified":"2024-10-24T12:43:29+00:00","description":"Nest\u2122 almacena todos tus utensilios de cocina en un lugar de f\u00e1cil acceso. Su exclusivo dise\u00f1o permite guardar cinco utensilios con leng\u00fcetas de acero","breadcrumb":{"@id":"https:\/\/www.erresse-shop.it\/es\/shop\/cocina\/herramientas\/joseph-joseph-nest-set-de-herramientas-de-acero\/#breadcrumb"},"inLanguage":"es","potentialAction":[{"@type":"ReadAction","target":["https:\/\/www.erresse-shop.it\/es\/shop\/cocina\/herramientas\/joseph-joseph-nest-set-de-herramientas-de-acero\/"]}]},{"@type":"BreadcrumbList","@id":"https:\/\/www.erresse-shop.it\/es\/shop\/cocina\/herramientas\/joseph-joseph-nest-set-de-herramientas-de-acero\/#breadcrumb","itemListElement":[{"@type":"ListItem","position":1,"name":"Home","item":"https:\/\/www.erresse-shop.it\/es\/"},{"@type":"ListItem","position":2,"name":"Shop","item":"https:\/\/www.erresse-shop.it\/es\/shop\/"},{"@type":"ListItem","position":3,"name":"JOSEPH JOSEPH Nest Set de herramientas de acero"}]},{"@type":"WebSite","@id":"https:\/\/www.erresse-shop.it\/es\/#website","url":"https:\/\/www.erresse-shop.it\/es\/","name":"Erresse Shop","description":"Articoli di qualit\u00e0 per la casa","potentialAction":[{"@type":"SearchAction","target":{"@type":"EntryPoint","urlTemplate":"https:\/\/www.erresse-shop.it\/es\/?s={search_term_string}"},"query-input":"required name=search_term_string"}],"inLanguage":"es"}]}},"df_price":36.95,"df_sale_price":36.95,"df_regular_price":54.99,"df_image_link":"https:\/\/www.erresse-shop.it\/wp-content\/uploads\/2024\/07\/JOSEPH-JOSEPH-Nest-Set-Utensili-in-Acciaio-300x300.jpg","_links":{"self":[{"href":"https:\/\/www.erresse-shop.it\/es\/wp-json\/wp\/v2\/product\/422773"}],"collection":[{"href":"https:\/\/www.erresse-shop.it\/es\/wp-json\/wp\/v2\/product"}],"about":[{"href":"https:\/\/www.erresse-shop.it\/es\/wp-json\/wp\/v2\/types\/product"}],"wp:featuredmedia":[{"embeddable":true,"href":"https:\/\/www.erresse-shop.it\/es\/wp-json\/wp\/v2\/media\/443115"}],"wp:attachment":[{"href":"https:\/\/www.erresse-shop.it\/es\/wp-json\/wp\/v2\/media?parent=422773"}],"wp:term":[{"taxonomy":"product_cat","embeddable":true,"href":"https:\/\/www.erresse-shop.it\/es\/wp-json\/wp\/v2\/product_cat?post=422773"},{"taxonomy":"product_tag","embeddable":true,"href":"https:\/\/www.erresse-shop.it\/es\/wp-json\/wp\/v2\/product_tag?post=422773"}],"curies":[{"name":"wp","href":"https:\/\/api.w.org\/{rel}","templated":true}]}}