{"id":422624,"date":"2024-07-18T13:57:14","date_gmt":"2024-07-18T13:57:16","guid":{"rendered":"https:\/\/www.erresse-shop.it\/?post_type=product&#038;p=422624"},"modified":"2025-05-20T14:12:41","modified_gmt":"2025-05-20T14:12:41","slug":"joseph-elevate-set-6-utensilios-de-cocina-carrusel-multicolor-copia-2","status":"publish","type":"product","link":"https:\/\/www.erresse-shop.it\/es\/shop\/cocina\/herramientas\/joseph-elevate-set-6-utensilios-de-cocina-carrusel-multicolor-copia-2\/","title":{"rendered":"JOSEPH JOSEPH Elevate Slim Set 4 Herramientas Multicolor"},"content":{"rendered":"<p>Dise\u00f1ados con mangos contrapesados y soportes integrados para utensilios, nuestros utensilios Elevate\u2122 minimizan el desorden en la cocina al mantener la cabeza del utensilio elevada cuando se coloca hacia abajo. Elevate\u2122 Slim incluye una cuchara s\u00f3lida, una cuchara ranurada, una cuchara ranurada giratoria y un cuchar\u00f3n, todos ellos con cabezales de nailon y mangos ergon\u00f3micos resistentes al calor. Cuando no se utilizan, se pueden guardar en el soporte compacto.<\/p>\n<ul>\n<li>Tecnolog\u00eda Elevate\u2122 dise\u00f1ada para mejorar la higiene y reducir el desorden.<\/li>\n<li>Los mangos lastrados y los soportes integrados evitan que los cabezales toquen la superficie de trabajo.<\/li>\n<li>Los cabezales son resistentes al calor hasta 200\u00b0C y son aptos para sartenes antiadherentes. Mangos de silicona resistentes al calor hasta 270\u00b0C\/520\u00b0F<\/li>\n<li>Soporte ultracompacto para un almacenamiento ordenado<\/li>\n<li>El juego incluye una cuchara s\u00f3lida, una cuchara ranurada, un plato giratorio ranurado y un cuchar\u00f3n.<\/li>\n<\/ul>\n<p><strong>Cuidado y uso<\/strong><\/p>\n<ul>\n<li>Utensilios: Aptos para lavavajillas.<\/li>\n<li>Almacenamiento: Limpiar con un pa\u00f1o h\u00famedo.<\/li>\n<li>Precauci\u00f3n: No dejar los utensilios en las cacerolas mientras se cocina. Para evitar manchas, evite su uso con colorantes fuertes como la c\u00farcuma.<\/li>\n<\/ul>\n<p><strong>Dimensiones:<\/strong><\/p>\n<p>H32.5 x W14 x D12cm (H12 7\/8 x L5\u00bd x D4\u00be pulgadas)<\/p>\n","protected":false},"excerpt":{"rendered":"<p>Dise\u00f1ados con mangos contrapesados y soportes integrados para utensilios, nuestros utensilios Elevate\u2122 minimizan el desorden en la cocina al mantener<\/p>\n","protected":false},"featured_media":516555,"template":"","meta":{"_acf_changed":false,"inline_featured_image":false},"product_cat":[16040,25335],"product_tag":[25029,22473,21638,25023],"acf":[],"yoast_head":"<!-- This site is optimized with the Yoast SEO Premium plugin v18.6 (Yoast SEO v19.13) - https:\/\/yoast.com\/wordpress\/plugins\/seo\/ -->\n<title>JOSEPH JOSEPH Elevate Slim Set 4 Herramientas Multicolor - Erresse Shop<\/title>\n<meta name=\"description\" content=\"Dise\u00f1ados con mangos contrapesados y soportes integrados para utensilios, nuestros utensilios Elevate\u2122 minimizan el desorden en la cocina al mantener la\" \/>\n<meta name=\"robots\" content=\"index, follow, max-snippet:-1, max-image-preview:large, max-video-preview:-1\" \/>\n<link rel=\"canonical\" href=\"https:\/\/www.erresse-shop.it\/es\/shop\/cocina\/herramientas\/joseph-elevate-set-6-utensilios-de-cocina-carrusel-multicolor-copia-2\/\" \/>\n<meta property=\"og:locale\" content=\"es_ES\" \/>\n<meta property=\"og:type\" content=\"article\" \/>\n<meta property=\"og:title\" content=\"JOSEPH JOSEPH Elevate Slim Set 4 Herramientas Multicolor\" \/>\n<meta property=\"og:description\" content=\"Dise\u00f1ados con mangos contrapesados y soportes integrados para utensilios, nuestros utensilios Elevate\u2122 minimizan el desorden en la cocina al mantener la\" \/>\n<meta property=\"og:url\" content=\"https:\/\/www.erresse-shop.it\/es\/shop\/cocina\/herramientas\/joseph-elevate-set-6-utensilios-de-cocina-carrusel-multicolor-copia-2\/\" \/>\n<meta property=\"og:site_name\" content=\"Erresse Shop\" \/>\n<meta property=\"article:modified_time\" content=\"2025-05-20T14:12:41+00:00\" \/>\n<meta property=\"og:image\" content=\"https:\/\/www.erresse-shop.it\/wp-content\/uploads\/2024\/07\/JOSEPH-JOSEPH-Set-4-Utensili-Multicolore.jpg\" \/>\n\t<meta property=\"og:image:width\" content=\"1200\" \/>\n\t<meta property=\"og:image:height\" content=\"1200\" \/>\n\t<meta property=\"og:image:type\" content=\"image\/jpeg\" \/>\n<meta name=\"twitter:card\" content=\"summary_large_image\" \/>\n<script type=\"application\/ld+json\" class=\"yoast-schema-graph\">{\"@context\":\"https:\/\/schema.org\",\"@graph\":[{\"@type\":\"WebPage\",\"@id\":\"https:\/\/www.erresse-shop.it\/es\/shop\/cocina\/herramientas\/joseph-elevate-set-6-utensilios-de-cocina-carrusel-multicolor-copia-2\/\",\"url\":\"https:\/\/www.erresse-shop.it\/es\/shop\/cocina\/herramientas\/joseph-elevate-set-6-utensilios-de-cocina-carrusel-multicolor-copia-2\/\",\"name\":\"JOSEPH JOSEPH Elevate Slim Set 4 Herramientas Multicolor - Erresse Shop\",\"isPartOf\":{\"@id\":\"https:\/\/www.erresse-shop.it\/es\/#website\"},\"datePublished\":\"2024-07-18T13:57:16+00:00\",\"dateModified\":\"2025-05-20T14:12:41+00:00\",\"description\":\"Dise\u00f1ados con mangos contrapesados y soportes integrados para utensilios, nuestros utensilios Elevate\u2122 minimizan el desorden en la cocina al mantener la\",\"breadcrumb\":{\"@id\":\"https:\/\/www.erresse-shop.it\/es\/shop\/cocina\/herramientas\/joseph-elevate-set-6-utensilios-de-cocina-carrusel-multicolor-copia-2\/#breadcrumb\"},\"inLanguage\":\"es\",\"potentialAction\":[{\"@type\":\"ReadAction\",\"target\":[\"https:\/\/www.erresse-shop.it\/es\/shop\/cocina\/herramientas\/joseph-elevate-set-6-utensilios-de-cocina-carrusel-multicolor-copia-2\/\"]}]},{\"@type\":\"BreadcrumbList\",\"@id\":\"https:\/\/www.erresse-shop.it\/es\/shop\/cocina\/herramientas\/joseph-elevate-set-6-utensilios-de-cocina-carrusel-multicolor-copia-2\/#breadcrumb\",\"itemListElement\":[{\"@type\":\"ListItem\",\"position\":1,\"name\":\"Home\",\"item\":\"https:\/\/www.erresse-shop.it\/es\/\"},{\"@type\":\"ListItem\",\"position\":2,\"name\":\"Shop\",\"item\":\"https:\/\/www.erresse-shop.it\/es\/shop\/\"},{\"@type\":\"ListItem\",\"position\":3,\"name\":\"JOSEPH JOSEPH Elevate Slim Set 4 Herramientas Multicolor\"}]},{\"@type\":\"WebSite\",\"@id\":\"https:\/\/www.erresse-shop.it\/es\/#website\",\"url\":\"https:\/\/www.erresse-shop.it\/es\/\",\"name\":\"Erresse Shop\",\"description\":\"Articoli di qualit\u00e0 per la casa\",\"potentialAction\":[{\"@type\":\"SearchAction\",\"target\":{\"@type\":\"EntryPoint\",\"urlTemplate\":\"https:\/\/www.erresse-shop.it\/es\/?s={search_term_string}\"},\"query-input\":\"required name=search_term_string\"}],\"inLanguage\":\"es\"}]}<\/script>\n<!-- \/ Yoast SEO Premium plugin. -->","yoast_head_json":{"title":"JOSEPH JOSEPH Elevate Slim Set 4 Herramientas Multicolor - Erresse Shop","description":"Dise\u00f1ados con mangos contrapesados y soportes integrados para utensilios, nuestros utensilios Elevate\u2122 minimizan el desorden en la cocina al mantener la","robots":{"index":"index","follow":"follow","max-snippet":"max-snippet:-1","max-image-preview":"max-image-preview:large","max-video-preview":"max-video-preview:-1"},"canonical":"https:\/\/www.erresse-shop.it\/es\/shop\/cocina\/herramientas\/joseph-elevate-set-6-utensilios-de-cocina-carrusel-multicolor-copia-2\/","og_locale":"es_ES","og_type":"article","og_title":"JOSEPH JOSEPH Elevate Slim Set 4 Herramientas Multicolor","og_description":"Dise\u00f1ados con mangos contrapesados y soportes integrados para utensilios, nuestros utensilios Elevate\u2122 minimizan el desorden en la cocina al mantener la","og_url":"https:\/\/www.erresse-shop.it\/es\/shop\/cocina\/herramientas\/joseph-elevate-set-6-utensilios-de-cocina-carrusel-multicolor-copia-2\/","og_site_name":"Erresse Shop","article_modified_time":"2025-05-20T14:12:41+00:00","og_image":[{"width":1200,"height":1200,"url":"https:\/\/www.erresse-shop.it\/wp-content\/uploads\/2024\/07\/JOSEPH-JOSEPH-Set-4-Utensili-Multicolore.jpg","type":"image\/jpeg"}],"twitter_card":"summary_large_image","schema":{"@context":"https:\/\/schema.org","@graph":[{"@type":"WebPage","@id":"https:\/\/www.erresse-shop.it\/es\/shop\/cocina\/herramientas\/joseph-elevate-set-6-utensilios-de-cocina-carrusel-multicolor-copia-2\/","url":"https:\/\/www.erresse-shop.it\/es\/shop\/cocina\/herramientas\/joseph-elevate-set-6-utensilios-de-cocina-carrusel-multicolor-copia-2\/","name":"JOSEPH JOSEPH Elevate Slim Set 4 Herramientas Multicolor - Erresse Shop","isPartOf":{"@id":"https:\/\/www.erresse-shop.it\/es\/#website"},"datePublished":"2024-07-18T13:57:16+00:00","dateModified":"2025-05-20T14:12:41+00:00","description":"Dise\u00f1ados con mangos contrapesados y soportes integrados para utensilios, nuestros utensilios Elevate\u2122 minimizan el desorden en la cocina al mantener la","breadcrumb":{"@id":"https:\/\/www.erresse-shop.it\/es\/shop\/cocina\/herramientas\/joseph-elevate-set-6-utensilios-de-cocina-carrusel-multicolor-copia-2\/#breadcrumb"},"inLanguage":"es","potentialAction":[{"@type":"ReadAction","target":["https:\/\/www.erresse-shop.it\/es\/shop\/cocina\/herramientas\/joseph-elevate-set-6-utensilios-de-cocina-carrusel-multicolor-copia-2\/"]}]},{"@type":"BreadcrumbList","@id":"https:\/\/www.erresse-shop.it\/es\/shop\/cocina\/herramientas\/joseph-elevate-set-6-utensilios-de-cocina-carrusel-multicolor-copia-2\/#breadcrumb","itemListElement":[{"@type":"ListItem","position":1,"name":"Home","item":"https:\/\/www.erresse-shop.it\/es\/"},{"@type":"ListItem","position":2,"name":"Shop","item":"https:\/\/www.erresse-shop.it\/es\/shop\/"},{"@type":"ListItem","position":3,"name":"JOSEPH JOSEPH Elevate Slim Set 4 Herramientas Multicolor"}]},{"@type":"WebSite","@id":"https:\/\/www.erresse-shop.it\/es\/#website","url":"https:\/\/www.erresse-shop.it\/es\/","name":"Erresse Shop","description":"Articoli di qualit\u00e0 per la casa","potentialAction":[{"@type":"SearchAction","target":{"@type":"EntryPoint","urlTemplate":"https:\/\/www.erresse-shop.it\/es\/?s={search_term_string}"},"query-input":"required name=search_term_string"}],"inLanguage":"es"}]}},"df_price":34.95,"df_sale_price":34.95,"df_regular_price":44.99,"df_image_link":"https:\/\/www.erresse-shop.it\/wp-content\/uploads\/2024\/07\/JOSEPH-JOSEPH-Set-4-Utensili-Multicolore-1-300x300.jpg","_links":{"self":[{"href":"https:\/\/www.erresse-shop.it\/es\/wp-json\/wp\/v2\/product\/422624"}],"collection":[{"href":"https:\/\/www.erresse-shop.it\/es\/wp-json\/wp\/v2\/product"}],"about":[{"href":"https:\/\/www.erresse-shop.it\/es\/wp-json\/wp\/v2\/types\/product"}],"wp:featuredmedia":[{"embeddable":true,"href":"https:\/\/www.erresse-shop.it\/es\/wp-json\/wp\/v2\/media\/516555"}],"wp:attachment":[{"href":"https:\/\/www.erresse-shop.it\/es\/wp-json\/wp\/v2\/media?parent=422624"}],"wp:term":[{"taxonomy":"product_cat","embeddable":true,"href":"https:\/\/www.erresse-shop.it\/es\/wp-json\/wp\/v2\/product_cat?post=422624"},{"taxonomy":"product_tag","embeddable":true,"href":"https:\/\/www.erresse-shop.it\/es\/wp-json\/wp\/v2\/product_tag?post=422624"}],"curies":[{"name":"wp","href":"https:\/\/api.w.org\/{rel}","templated":true}]}}