{"id":422293,"date":"2024-07-18T07:04:58","date_gmt":"2024-07-18T07:05:00","guid":{"rendered":"https:\/\/www.erresse-shop.it\/?post_type=product&#038;p=422293"},"modified":"2025-05-21T07:52:55","modified_gmt":"2025-05-21T07:52:55","slug":"joseph-joseph-mandoline-plus-rallador-de-mangos-multiples-blanco","status":"publish","type":"product","link":"https:\/\/www.erresse-shop.it\/es\/shop\/cocina\/herramientas\/joseph-joseph-mandoline-plus-rallador-de-mangos-multiples-blanco\/","title":{"rendered":"JOSEPH JOSEPH Mandoline Plus Rallador de Mangos M\u00faltiples Blanco"},"content":{"rendered":"<ul>\n<li>Corta una gran variedad de frutas y verduras de forma segura y uniforme<\/li>\n<li>La empu\u00f1adura de precisi\u00f3n protege los dedos y dispone de tres tipos de agarre: agarre de pellizco para objetos peque\u00f1os; agarre central para rodajas redondas; agarre plano para rodajas m\u00e1s largas<\/li>\n<li>Cuchillas afiladas de acero inoxidable<\/li>\n<li>Ajustable a tres grosores de rebanada y dos grosores de juliana<\/li>\n<li>Patas antideslizantes con mango plegable de f\u00e1cil agarre<\/li>\n<\/ul>\n<p><strong>Cuidado y manejo:<\/strong><\/p>\n<ul>\n<li>No apto para lavavajillas<\/li>\n<li>Lavar a mano con un cepillo<\/li>\n<li>Precauci\u00f3n: Cuchillas afiladas. Mantenga los dedos alejados de la cuchilla durante el uso y la limpieza. Bloquee siempre la cuchilla para guardarla con seguridad. Mantener fuera del alcance de los ni\u00f1os.<\/li>\n<li>Sin BPA<\/li>\n<\/ul>\n<p><strong>Dimensiones:<\/strong><\/p>\n<p>H6,5 x A38,4 x P14,2 cm (H2,5 x L15,1 x P5,6 pulgadas)<\/p>\n","protected":false},"excerpt":{"rendered":"<p>Corta una gran variedad de frutas y verduras de forma segura y uniforme La empu\u00f1adura de precisi\u00f3n protege los dedos<\/p>\n","protected":false},"featured_media":499796,"template":"","meta":{"_acf_changed":false,"inline_featured_image":false},"product_cat":[16040,25335],"product_tag":[25029,21537,21538,21268,23662,24399,21539,21823,25023],"acf":[],"yoast_head":"<!-- This site is optimized with the Yoast SEO Premium plugin v18.6 (Yoast SEO v19.13) - https:\/\/yoast.com\/wordpress\/plugins\/seo\/ -->\n<title>JOSEPH JOSEPH Mandoline Plus Rallador de Mangos M\u00faltiples Blanco - Erresse Shop<\/title>\n<meta name=\"description\" content=\"Corta una gran variedad de frutas y verduras de forma segura y uniforme La empu\u00f1adura de precisi\u00f3n protege los dedos y dispone de tres tipos de agarre:\" \/>\n<meta name=\"robots\" content=\"index, follow, max-snippet:-1, max-image-preview:large, max-video-preview:-1\" \/>\n<link rel=\"canonical\" href=\"https:\/\/www.erresse-shop.it\/es\/shop\/cocina\/herramientas\/joseph-joseph-mandoline-plus-rallador-de-mangos-multiples-blanco\/\" \/>\n<meta property=\"og:locale\" content=\"es_ES\" \/>\n<meta property=\"og:type\" content=\"article\" \/>\n<meta property=\"og:title\" content=\"JOSEPH JOSEPH Mandoline Plus Rallador de Mangos M\u00faltiples Blanco\" \/>\n<meta property=\"og:description\" content=\"Corta una gran variedad de frutas y verduras de forma segura y uniforme La empu\u00f1adura de precisi\u00f3n protege los dedos y dispone de tres tipos de agarre:\" \/>\n<meta property=\"og:url\" content=\"https:\/\/www.erresse-shop.it\/es\/shop\/cocina\/herramientas\/joseph-joseph-mandoline-plus-rallador-de-mangos-multiples-blanco\/\" \/>\n<meta property=\"og:site_name\" content=\"Erresse Shop\" \/>\n<meta property=\"article:modified_time\" content=\"2025-05-21T07:52:55+00:00\" \/>\n<meta property=\"og:image\" content=\"https:\/\/www.erresse-shop.it\/wp-content\/uploads\/2024\/07\/JOSEPH-JOSEPH-Grattugia-Impugnatura-Multipla-Bianco.jpg\" \/>\n\t<meta property=\"og:image:width\" content=\"1200\" \/>\n\t<meta property=\"og:image:height\" content=\"1200\" \/>\n\t<meta property=\"og:image:type\" content=\"image\/jpeg\" \/>\n<meta name=\"twitter:card\" content=\"summary_large_image\" \/>\n<script type=\"application\/ld+json\" class=\"yoast-schema-graph\">{\"@context\":\"https:\/\/schema.org\",\"@graph\":[{\"@type\":\"WebPage\",\"@id\":\"https:\/\/www.erresse-shop.it\/es\/shop\/cocina\/herramientas\/joseph-joseph-mandoline-plus-rallador-de-mangos-multiples-blanco\/\",\"url\":\"https:\/\/www.erresse-shop.it\/es\/shop\/cocina\/herramientas\/joseph-joseph-mandoline-plus-rallador-de-mangos-multiples-blanco\/\",\"name\":\"JOSEPH JOSEPH Mandoline Plus Rallador de Mangos M\u00faltiples Blanco - Erresse Shop\",\"isPartOf\":{\"@id\":\"https:\/\/www.erresse-shop.it\/es\/#website\"},\"datePublished\":\"2024-07-18T07:05:00+00:00\",\"dateModified\":\"2025-05-21T07:52:55+00:00\",\"description\":\"Corta una gran variedad de frutas y verduras de forma segura y uniforme La empu\u00f1adura de precisi\u00f3n protege los dedos y dispone de tres tipos de agarre:\",\"breadcrumb\":{\"@id\":\"https:\/\/www.erresse-shop.it\/es\/shop\/cocina\/herramientas\/joseph-joseph-mandoline-plus-rallador-de-mangos-multiples-blanco\/#breadcrumb\"},\"inLanguage\":\"es\",\"potentialAction\":[{\"@type\":\"ReadAction\",\"target\":[\"https:\/\/www.erresse-shop.it\/es\/shop\/cocina\/herramientas\/joseph-joseph-mandoline-plus-rallador-de-mangos-multiples-blanco\/\"]}]},{\"@type\":\"BreadcrumbList\",\"@id\":\"https:\/\/www.erresse-shop.it\/es\/shop\/cocina\/herramientas\/joseph-joseph-mandoline-plus-rallador-de-mangos-multiples-blanco\/#breadcrumb\",\"itemListElement\":[{\"@type\":\"ListItem\",\"position\":1,\"name\":\"Home\",\"item\":\"https:\/\/www.erresse-shop.it\/es\/\"},{\"@type\":\"ListItem\",\"position\":2,\"name\":\"Shop\",\"item\":\"https:\/\/www.erresse-shop.it\/es\/shop\/\"},{\"@type\":\"ListItem\",\"position\":3,\"name\":\"JOSEPH JOSEPH Mandoline Plus Rallador de Mangos M\u00faltiples Blanco\"}]},{\"@type\":\"WebSite\",\"@id\":\"https:\/\/www.erresse-shop.it\/es\/#website\",\"url\":\"https:\/\/www.erresse-shop.it\/es\/\",\"name\":\"Erresse Shop\",\"description\":\"Articoli di qualit\u00e0 per la casa\",\"potentialAction\":[{\"@type\":\"SearchAction\",\"target\":{\"@type\":\"EntryPoint\",\"urlTemplate\":\"https:\/\/www.erresse-shop.it\/es\/?s={search_term_string}\"},\"query-input\":\"required name=search_term_string\"}],\"inLanguage\":\"es\"}]}<\/script>\n<!-- \/ Yoast SEO Premium plugin. -->","yoast_head_json":{"title":"JOSEPH JOSEPH Mandoline Plus Rallador de Mangos M\u00faltiples Blanco - Erresse Shop","description":"Corta una gran variedad de frutas y verduras de forma segura y uniforme La empu\u00f1adura de precisi\u00f3n protege los dedos y dispone de tres tipos de agarre:","robots":{"index":"index","follow":"follow","max-snippet":"max-snippet:-1","max-image-preview":"max-image-preview:large","max-video-preview":"max-video-preview:-1"},"canonical":"https:\/\/www.erresse-shop.it\/es\/shop\/cocina\/herramientas\/joseph-joseph-mandoline-plus-rallador-de-mangos-multiples-blanco\/","og_locale":"es_ES","og_type":"article","og_title":"JOSEPH JOSEPH Mandoline Plus Rallador de Mangos M\u00faltiples Blanco","og_description":"Corta una gran variedad de frutas y verduras de forma segura y uniforme La empu\u00f1adura de precisi\u00f3n protege los dedos y dispone de tres tipos de agarre:","og_url":"https:\/\/www.erresse-shop.it\/es\/shop\/cocina\/herramientas\/joseph-joseph-mandoline-plus-rallador-de-mangos-multiples-blanco\/","og_site_name":"Erresse Shop","article_modified_time":"2025-05-21T07:52:55+00:00","og_image":[{"width":1200,"height":1200,"url":"https:\/\/www.erresse-shop.it\/wp-content\/uploads\/2024\/07\/JOSEPH-JOSEPH-Grattugia-Impugnatura-Multipla-Bianco.jpg","type":"image\/jpeg"}],"twitter_card":"summary_large_image","schema":{"@context":"https:\/\/schema.org","@graph":[{"@type":"WebPage","@id":"https:\/\/www.erresse-shop.it\/es\/shop\/cocina\/herramientas\/joseph-joseph-mandoline-plus-rallador-de-mangos-multiples-blanco\/","url":"https:\/\/www.erresse-shop.it\/es\/shop\/cocina\/herramientas\/joseph-joseph-mandoline-plus-rallador-de-mangos-multiples-blanco\/","name":"JOSEPH JOSEPH Mandoline Plus Rallador de Mangos M\u00faltiples Blanco - Erresse Shop","isPartOf":{"@id":"https:\/\/www.erresse-shop.it\/es\/#website"},"datePublished":"2024-07-18T07:05:00+00:00","dateModified":"2025-05-21T07:52:55+00:00","description":"Corta una gran variedad de frutas y verduras de forma segura y uniforme La empu\u00f1adura de precisi\u00f3n protege los dedos y dispone de tres tipos de agarre:","breadcrumb":{"@id":"https:\/\/www.erresse-shop.it\/es\/shop\/cocina\/herramientas\/joseph-joseph-mandoline-plus-rallador-de-mangos-multiples-blanco\/#breadcrumb"},"inLanguage":"es","potentialAction":[{"@type":"ReadAction","target":["https:\/\/www.erresse-shop.it\/es\/shop\/cocina\/herramientas\/joseph-joseph-mandoline-plus-rallador-de-mangos-multiples-blanco\/"]}]},{"@type":"BreadcrumbList","@id":"https:\/\/www.erresse-shop.it\/es\/shop\/cocina\/herramientas\/joseph-joseph-mandoline-plus-rallador-de-mangos-multiples-blanco\/#breadcrumb","itemListElement":[{"@type":"ListItem","position":1,"name":"Home","item":"https:\/\/www.erresse-shop.it\/es\/"},{"@type":"ListItem","position":2,"name":"Shop","item":"https:\/\/www.erresse-shop.it\/es\/shop\/"},{"@type":"ListItem","position":3,"name":"JOSEPH JOSEPH Mandoline Plus Rallador de Mangos M\u00faltiples Blanco"}]},{"@type":"WebSite","@id":"https:\/\/www.erresse-shop.it\/es\/#website","url":"https:\/\/www.erresse-shop.it\/es\/","name":"Erresse Shop","description":"Articoli di qualit\u00e0 per la casa","potentialAction":[{"@type":"SearchAction","target":{"@type":"EntryPoint","urlTemplate":"https:\/\/www.erresse-shop.it\/es\/?s={search_term_string}"},"query-input":"required name=search_term_string"}],"inLanguage":"es"}]}},"df_price":44.95,"df_sale_price":44.95,"df_regular_price":49.99,"df_image_link":"https:\/\/www.erresse-shop.it\/wp-content\/uploads\/2024\/07\/JOSEPH-JOSEPH-Grattugia-Impugnatura-Multipla-Bianco-300x300.jpg","_links":{"self":[{"href":"https:\/\/www.erresse-shop.it\/es\/wp-json\/wp\/v2\/product\/422293"}],"collection":[{"href":"https:\/\/www.erresse-shop.it\/es\/wp-json\/wp\/v2\/product"}],"about":[{"href":"https:\/\/www.erresse-shop.it\/es\/wp-json\/wp\/v2\/types\/product"}],"wp:featuredmedia":[{"embeddable":true,"href":"https:\/\/www.erresse-shop.it\/es\/wp-json\/wp\/v2\/media\/499796"}],"wp:attachment":[{"href":"https:\/\/www.erresse-shop.it\/es\/wp-json\/wp\/v2\/media?parent=422293"}],"wp:term":[{"taxonomy":"product_cat","embeddable":true,"href":"https:\/\/www.erresse-shop.it\/es\/wp-json\/wp\/v2\/product_cat?post=422293"},{"taxonomy":"product_tag","embeddable":true,"href":"https:\/\/www.erresse-shop.it\/es\/wp-json\/wp\/v2\/product_tag?post=422293"}],"curies":[{"name":"wp","href":"https:\/\/api.w.org\/{rel}","templated":true}]}}