{"id":422247,"date":"2024-07-18T05:44:12","date_gmt":"2024-07-18T05:44:13","guid":{"rendered":"https:\/\/www.erresse-shop.it\/?post_type=product&#038;p=422247"},"modified":"2024-10-25T09:32:17","modified_gmt":"2024-10-25T09:32:17","slug":"lavazza-80-capsulas-crema-e-gusto-classico-compatible-nespresso","status":"publish","type":"product","link":"https:\/\/www.erresse-shop.it\/es\/shop\/cafe-es\/cafe-en-capsulas\/lavazza-80-capsulas-crema-e-gusto-classico-compatible-nespresso\/","title":{"rendered":"LAVAZZA 80 c\u00e1psulas Crema e Gusto Classico compatible Nespresso"},"content":{"rendered":"<p>Este caf\u00e9 en c\u00e1psulas le transporta en un viaje sensorial para descubrir el aut\u00e9ntico estilo de vida italiano. Su aroma intenso y envolvente le proporcionar\u00e1 un momento de placer y relajaci\u00f3n, acompa\u00f1ado de aut\u00e9nticos sabores representativos de las distintas regiones italianas.<\/p>\n<p>Mientras saborea su caf\u00e9, podr\u00e1 imaginarse en una terraza con vistas al mar en la Costa Amalfitana, o paseando por las callejuelas de una pintoresca ciudad medieval de la Toscana.<\/p>\n<p>Las c\u00e1psulas de aluminio de alta calidad garantizan la m\u00e1xima conservaci\u00f3n del sabor y el aroma del caf\u00e9 italiano, ofreci\u00e9ndole una experiencia cafetera aut\u00e9ntica y deliciosa est\u00e9 donde est\u00e9.<\/p>\n<p>Imag\u00ednese abrir una de estas c\u00e1psulas y oler el intenso e inconfundible aroma del caf\u00e9 reci\u00e9n hecho. Puede disfrutarlo solo o en compa\u00f1\u00eda, como un aut\u00e9ntico italiano, y descubrir todos los matices de sabor que esta fina mezcla tiene que ofrecer.<\/p>\n<p>El caf\u00e9 en c\u00e1psulas es perfecto para los amantes de la comodidad sin renunciar a la calidad del caf\u00e9 italiano. Tanto si est\u00e1 en casa como en la oficina, de vacaciones o de viaje, su caf\u00e9 italiano estar\u00e1 siempre a mano para regalarle un momento de placer y relajaci\u00f3n.<\/p>\n<p><strong>Detalles del producto:<\/strong><\/p>\n<ul>\n<li>Aroma intenso<\/li>\n<li>Sabor con cuerpo<\/li>\n<li>Notas arom\u00e1ticas Chocolate, madera, especias<\/li>\n<li>Composici\u00f3n Ar\u00e1bica y Robusta<\/li>\n<li>Origen Sudam\u00e9rica, \u00c1frica y Asia<\/li>\n<li>Tostado medio<\/li>\n<\/ul>\n<p>&nbsp;<\/p>\n<p><strong>Lavazza no est\u00e1 afiliada, promocionada ni patrocinada por Nespresso.<\/strong><br \/>\n<strong>Nescaf\u00e8\u00ae, Dolce Gusto\u00ae y Melody I son marcas comerciales de terceros sin relaci\u00f3n alguna con Luigi Lavazza S.p.A.<\/strong><\/p>\n","protected":false},"excerpt":{"rendered":"<p>Este caf\u00e9 en c\u00e1psulas le transporta en un viaje sensorial para descubrir el aut\u00e9ntico estilo de vida italiano. Su aroma<\/p>\n","protected":false},"featured_media":457458,"template":"","meta":{"_acf_changed":false,"inline_featured_image":false},"product_cat":[25352,25393],"product_tag":[16353,23235,23574],"acf":[],"yoast_head":"<!-- This site is optimized with the Yoast SEO Premium plugin v18.6 (Yoast SEO v19.13) - https:\/\/yoast.com\/wordpress\/plugins\/seo\/ -->\n<title>LAVAZZA 80 c\u00e1psulas Crema e Gusto Classico compatible Nespresso - Erresse Shop<\/title>\n<meta name=\"description\" content=\"Este caf\u00e9 en c\u00e1psulas le transporta en un viaje sensorial para descubrir el aut\u00e9ntico estilo de vida italiano. Su aroma intenso y envolvente le\" \/>\n<meta name=\"robots\" content=\"index, follow, max-snippet:-1, max-image-preview:large, max-video-preview:-1\" \/>\n<link rel=\"canonical\" href=\"https:\/\/www.erresse-shop.it\/es\/shop\/cafe-es\/cafe-en-capsulas\/lavazza-80-capsulas-crema-e-gusto-classico-compatible-nespresso\/\" \/>\n<meta property=\"og:locale\" content=\"es_ES\" \/>\n<meta property=\"og:type\" content=\"article\" \/>\n<meta property=\"og:title\" content=\"LAVAZZA 80 c\u00e1psulas Crema e Gusto Classico compatible Nespresso\" \/>\n<meta property=\"og:description\" content=\"Este caf\u00e9 en c\u00e1psulas le transporta en un viaje sensorial para descubrir el aut\u00e9ntico estilo de vida italiano. Su aroma intenso y envolvente le\" \/>\n<meta property=\"og:url\" content=\"https:\/\/www.erresse-shop.it\/es\/shop\/cafe-es\/cafe-en-capsulas\/lavazza-80-capsulas-crema-e-gusto-classico-compatible-nespresso\/\" \/>\n<meta property=\"og:site_name\" content=\"Erresse Shop\" \/>\n<meta property=\"article:modified_time\" content=\"2024-10-25T09:32:17+00:00\" \/>\n<meta property=\"og:image\" content=\"https:\/\/www.erresse-shop.it\/wp-content\/uploads\/2024\/07\/LAVAZZA-80-capsule-Crema-e-Gusto-Classic-compatibile-Nespresso.png\" \/>\n\t<meta property=\"og:image:width\" content=\"800\" \/>\n\t<meta property=\"og:image:height\" content=\"800\" \/>\n\t<meta property=\"og:image:type\" content=\"image\/png\" \/>\n<meta name=\"twitter:card\" content=\"summary_large_image\" \/>\n<script type=\"application\/ld+json\" class=\"yoast-schema-graph\">{\"@context\":\"https:\/\/schema.org\",\"@graph\":[{\"@type\":\"WebPage\",\"@id\":\"https:\/\/www.erresse-shop.it\/es\/shop\/cafe-es\/cafe-en-capsulas\/lavazza-80-capsulas-crema-e-gusto-classico-compatible-nespresso\/\",\"url\":\"https:\/\/www.erresse-shop.it\/es\/shop\/cafe-es\/cafe-en-capsulas\/lavazza-80-capsulas-crema-e-gusto-classico-compatible-nespresso\/\",\"name\":\"LAVAZZA 80 c\u00e1psulas Crema e Gusto Classico compatible Nespresso - Erresse Shop\",\"isPartOf\":{\"@id\":\"https:\/\/www.erresse-shop.it\/es\/#website\"},\"datePublished\":\"2024-07-18T05:44:13+00:00\",\"dateModified\":\"2024-10-25T09:32:17+00:00\",\"description\":\"Este caf\u00e9 en c\u00e1psulas le transporta en un viaje sensorial para descubrir el aut\u00e9ntico estilo de vida italiano. Su aroma intenso y envolvente le\",\"breadcrumb\":{\"@id\":\"https:\/\/www.erresse-shop.it\/es\/shop\/cafe-es\/cafe-en-capsulas\/lavazza-80-capsulas-crema-e-gusto-classico-compatible-nespresso\/#breadcrumb\"},\"inLanguage\":\"es\",\"potentialAction\":[{\"@type\":\"ReadAction\",\"target\":[\"https:\/\/www.erresse-shop.it\/es\/shop\/cafe-es\/cafe-en-capsulas\/lavazza-80-capsulas-crema-e-gusto-classico-compatible-nespresso\/\"]}]},{\"@type\":\"BreadcrumbList\",\"@id\":\"https:\/\/www.erresse-shop.it\/es\/shop\/cafe-es\/cafe-en-capsulas\/lavazza-80-capsulas-crema-e-gusto-classico-compatible-nespresso\/#breadcrumb\",\"itemListElement\":[{\"@type\":\"ListItem\",\"position\":1,\"name\":\"Home\",\"item\":\"https:\/\/www.erresse-shop.it\/es\/\"},{\"@type\":\"ListItem\",\"position\":2,\"name\":\"Shop\",\"item\":\"https:\/\/www.erresse-shop.it\/es\/shop\/\"},{\"@type\":\"ListItem\",\"position\":3,\"name\":\"LAVAZZA 80 c\u00e1psulas Crema e Gusto Classico compatible Nespresso\"}]},{\"@type\":\"WebSite\",\"@id\":\"https:\/\/www.erresse-shop.it\/es\/#website\",\"url\":\"https:\/\/www.erresse-shop.it\/es\/\",\"name\":\"Erresse Shop\",\"description\":\"Articoli di qualit\u00e0 per la casa\",\"potentialAction\":[{\"@type\":\"SearchAction\",\"target\":{\"@type\":\"EntryPoint\",\"urlTemplate\":\"https:\/\/www.erresse-shop.it\/es\/?s={search_term_string}\"},\"query-input\":\"required name=search_term_string\"}],\"inLanguage\":\"es\"}]}<\/script>\n<!-- \/ Yoast SEO Premium plugin. -->","yoast_head_json":{"title":"LAVAZZA 80 c\u00e1psulas Crema e Gusto Classico compatible Nespresso - Erresse Shop","description":"Este caf\u00e9 en c\u00e1psulas le transporta en un viaje sensorial para descubrir el aut\u00e9ntico estilo de vida italiano. Su aroma intenso y envolvente le","robots":{"index":"index","follow":"follow","max-snippet":"max-snippet:-1","max-image-preview":"max-image-preview:large","max-video-preview":"max-video-preview:-1"},"canonical":"https:\/\/www.erresse-shop.it\/es\/shop\/cafe-es\/cafe-en-capsulas\/lavazza-80-capsulas-crema-e-gusto-classico-compatible-nespresso\/","og_locale":"es_ES","og_type":"article","og_title":"LAVAZZA 80 c\u00e1psulas Crema e Gusto Classico compatible Nespresso","og_description":"Este caf\u00e9 en c\u00e1psulas le transporta en un viaje sensorial para descubrir el aut\u00e9ntico estilo de vida italiano. Su aroma intenso y envolvente le","og_url":"https:\/\/www.erresse-shop.it\/es\/shop\/cafe-es\/cafe-en-capsulas\/lavazza-80-capsulas-crema-e-gusto-classico-compatible-nespresso\/","og_site_name":"Erresse Shop","article_modified_time":"2024-10-25T09:32:17+00:00","og_image":[{"width":800,"height":800,"url":"https:\/\/www.erresse-shop.it\/wp-content\/uploads\/2024\/07\/LAVAZZA-80-capsule-Crema-e-Gusto-Classic-compatibile-Nespresso.png","type":"image\/png"}],"twitter_card":"summary_large_image","schema":{"@context":"https:\/\/schema.org","@graph":[{"@type":"WebPage","@id":"https:\/\/www.erresse-shop.it\/es\/shop\/cafe-es\/cafe-en-capsulas\/lavazza-80-capsulas-crema-e-gusto-classico-compatible-nespresso\/","url":"https:\/\/www.erresse-shop.it\/es\/shop\/cafe-es\/cafe-en-capsulas\/lavazza-80-capsulas-crema-e-gusto-classico-compatible-nespresso\/","name":"LAVAZZA 80 c\u00e1psulas Crema e Gusto Classico compatible Nespresso - Erresse Shop","isPartOf":{"@id":"https:\/\/www.erresse-shop.it\/es\/#website"},"datePublished":"2024-07-18T05:44:13+00:00","dateModified":"2024-10-25T09:32:17+00:00","description":"Este caf\u00e9 en c\u00e1psulas le transporta en un viaje sensorial para descubrir el aut\u00e9ntico estilo de vida italiano. Su aroma intenso y envolvente le","breadcrumb":{"@id":"https:\/\/www.erresse-shop.it\/es\/shop\/cafe-es\/cafe-en-capsulas\/lavazza-80-capsulas-crema-e-gusto-classico-compatible-nespresso\/#breadcrumb"},"inLanguage":"es","potentialAction":[{"@type":"ReadAction","target":["https:\/\/www.erresse-shop.it\/es\/shop\/cafe-es\/cafe-en-capsulas\/lavazza-80-capsulas-crema-e-gusto-classico-compatible-nespresso\/"]}]},{"@type":"BreadcrumbList","@id":"https:\/\/www.erresse-shop.it\/es\/shop\/cafe-es\/cafe-en-capsulas\/lavazza-80-capsulas-crema-e-gusto-classico-compatible-nespresso\/#breadcrumb","itemListElement":[{"@type":"ListItem","position":1,"name":"Home","item":"https:\/\/www.erresse-shop.it\/es\/"},{"@type":"ListItem","position":2,"name":"Shop","item":"https:\/\/www.erresse-shop.it\/es\/shop\/"},{"@type":"ListItem","position":3,"name":"LAVAZZA 80 c\u00e1psulas Crema e Gusto Classico compatible Nespresso"}]},{"@type":"WebSite","@id":"https:\/\/www.erresse-shop.it\/es\/#website","url":"https:\/\/www.erresse-shop.it\/es\/","name":"Erresse Shop","description":"Articoli di qualit\u00e0 per la casa","potentialAction":[{"@type":"SearchAction","target":{"@type":"EntryPoint","urlTemplate":"https:\/\/www.erresse-shop.it\/es\/?s={search_term_string}"},"query-input":"required name=search_term_string"}],"inLanguage":"es"}]}},"df_price":19.95,"df_sale_price":19.95,"df_regular_price":19.95,"df_image_link":"https:\/\/www.erresse-shop.it\/wp-content\/uploads\/2024\/07\/LAVAZZA-80-capsule-Crema-e-Gusto-Classic-compatibile-Nespresso-300x300.jpg","_links":{"self":[{"href":"https:\/\/www.erresse-shop.it\/es\/wp-json\/wp\/v2\/product\/422247"}],"collection":[{"href":"https:\/\/www.erresse-shop.it\/es\/wp-json\/wp\/v2\/product"}],"about":[{"href":"https:\/\/www.erresse-shop.it\/es\/wp-json\/wp\/v2\/types\/product"}],"wp:featuredmedia":[{"embeddable":true,"href":"https:\/\/www.erresse-shop.it\/es\/wp-json\/wp\/v2\/media\/457458"}],"wp:attachment":[{"href":"https:\/\/www.erresse-shop.it\/es\/wp-json\/wp\/v2\/media?parent=422247"}],"wp:term":[{"taxonomy":"product_cat","embeddable":true,"href":"https:\/\/www.erresse-shop.it\/es\/wp-json\/wp\/v2\/product_cat?post=422247"},{"taxonomy":"product_tag","embeddable":true,"href":"https:\/\/www.erresse-shop.it\/es\/wp-json\/wp\/v2\/product_tag?post=422247"}],"curies":[{"name":"wp","href":"https:\/\/api.w.org\/{rel}","templated":true}]}}