{"id":422134,"date":"2024-07-17T10:55:40","date_gmt":"2024-07-17T10:55:41","guid":{"rendered":"https:\/\/www.erresse-shop.it\/?post_type=product&#038;p=422134"},"modified":"2024-10-25T09:37:59","modified_gmt":"2024-10-25T09:37:59","slug":"borbone-100-capsulas-respresso-azul","status":"publish","type":"product","link":"https:\/\/www.erresse-shop.it\/es\/shop\/cafe-es\/cafe-en-capsulas\/borbone-100-capsulas-respresso-azul\/","title":{"rendered":"BORBONE 100 C\u00e1psulas REspresso Azul"},"content":{"rendered":"<p><strong>100 c\u00e1psulas Caff\u00e8 Borbone Respresso BLUE blend, compatibles con las m\u00e1quinas dom\u00e9sticas Nespresso.<\/strong><\/p>\n<p>S\u00f3lo con las c\u00e1psulas Respresso Blue blend compatibles podr\u00e1 disfrutar de un caf\u00e9 que expresa el equilibrio perfecto entre cuerpo, persistencia y dulzura.<br \/>\nTan noble como las mejores mezclas que le dieron origen, tan vigoroso como el sabor y la carga del espresso m\u00e1s aut\u00e9ntico: imposible no enamorarse de \u00e9l al primer sorbo.<\/p>\n<p><strong>Detalles del producto<\/strong><\/p>\n<ul>\n<li>Caf\u00e9 tostado y molido<\/li>\n<li>Envasado en atm\u00f3sfera protectora<\/li>\n<li>Mezcla equilibrada de Ar\u00e1bica y Robusta.<\/li>\n<\/ul>\n<p>&nbsp;<\/p>\n<p><strong>*Nespresso\u00ae y *Nescaf\u00e9\u00ae *Dolce Gusto\u00ae son marcas registradas de Societ\u00e8 des Produits Nestl\u00e8\u00ae S.A. Caff\u00e8 Borbone Srl es un fabricante independiente no relacionado con Societ\u00e8 des Produits Nestl\u00e8\u00ae S.A. La compatibilidad de las c\u00e1psulas Caff\u00e8 Borbone es para su uso con las cafeteras dom\u00e9sticas Nespresso\u00ae &#8211; Nescaf\u00e9\u00ae Dolce Gusto\u00ae.<\/strong><\/p>\n","protected":false},"excerpt":{"rendered":"<p>100 c\u00e1psulas Caff\u00e8 Borbone Respresso BLUE blend, compatibles con las m\u00e1quinas dom\u00e9sticas Nespresso. S\u00f3lo con las c\u00e1psulas Respresso Blue blend<\/p>\n","protected":false},"featured_media":467029,"template":"","meta":{"_acf_changed":false,"inline_featured_image":false},"product_cat":[25352,25393],"product_tag":[16353,23235,23574,23307],"acf":[],"yoast_head":"<!-- This site is optimized with the Yoast SEO Premium plugin v18.6 (Yoast SEO v19.13) - https:\/\/yoast.com\/wordpress\/plugins\/seo\/ -->\n<title>BORBONE 100 C\u00e1psulas REspresso Azul - Erresse Shop<\/title>\n<meta name=\"description\" content=\"100 c\u00e1psulas Caff\u00e8 Borbone Respresso BLUE blend, compatibles con las m\u00e1quinas dom\u00e9sticas Nespresso. S\u00f3lo con las c\u00e1psulas Respresso Blue blend compatibles\" \/>\n<meta name=\"robots\" content=\"index, follow, max-snippet:-1, max-image-preview:large, max-video-preview:-1\" \/>\n<link rel=\"canonical\" href=\"https:\/\/www.erresse-shop.it\/es\/shop\/cafe-es\/cafe-en-capsulas\/borbone-100-capsulas-respresso-azul\/\" \/>\n<meta property=\"og:locale\" content=\"es_ES\" \/>\n<meta property=\"og:type\" content=\"article\" \/>\n<meta property=\"og:title\" content=\"BORBONE 100 C\u00e1psulas REspresso Azul\" \/>\n<meta property=\"og:description\" content=\"100 c\u00e1psulas Caff\u00e8 Borbone Respresso BLUE blend, compatibles con las m\u00e1quinas dom\u00e9sticas Nespresso. S\u00f3lo con las c\u00e1psulas Respresso Blue blend compatibles\" \/>\n<meta property=\"og:url\" content=\"https:\/\/www.erresse-shop.it\/es\/shop\/cafe-es\/cafe-en-capsulas\/borbone-100-capsulas-respresso-azul\/\" \/>\n<meta property=\"og:site_name\" content=\"Erresse Shop\" \/>\n<meta property=\"article:modified_time\" content=\"2024-10-25T09:37:59+00:00\" \/>\n<meta property=\"og:image\" content=\"https:\/\/www.erresse-shop.it\/wp-content\/uploads\/2024\/07\/BORBONE-2-Confezioni-da-100-Capsule-REspresso-Blu-1.png\" \/>\n\t<meta property=\"og:image:width\" content=\"800\" \/>\n\t<meta property=\"og:image:height\" content=\"800\" \/>\n\t<meta property=\"og:image:type\" content=\"image\/png\" \/>\n<meta name=\"twitter:card\" content=\"summary_large_image\" \/>\n<script type=\"application\/ld+json\" class=\"yoast-schema-graph\">{\"@context\":\"https:\/\/schema.org\",\"@graph\":[{\"@type\":\"WebPage\",\"@id\":\"https:\/\/www.erresse-shop.it\/es\/shop\/cafe-es\/cafe-en-capsulas\/borbone-100-capsulas-respresso-azul\/\",\"url\":\"https:\/\/www.erresse-shop.it\/es\/shop\/cafe-es\/cafe-en-capsulas\/borbone-100-capsulas-respresso-azul\/\",\"name\":\"BORBONE 100 C\u00e1psulas REspresso Azul - Erresse Shop\",\"isPartOf\":{\"@id\":\"https:\/\/www.erresse-shop.it\/es\/#website\"},\"datePublished\":\"2024-07-17T10:55:41+00:00\",\"dateModified\":\"2024-10-25T09:37:59+00:00\",\"description\":\"100 c\u00e1psulas Caff\u00e8 Borbone Respresso BLUE blend, compatibles con las m\u00e1quinas dom\u00e9sticas Nespresso. S\u00f3lo con las c\u00e1psulas Respresso Blue blend compatibles\",\"breadcrumb\":{\"@id\":\"https:\/\/www.erresse-shop.it\/es\/shop\/cafe-es\/cafe-en-capsulas\/borbone-100-capsulas-respresso-azul\/#breadcrumb\"},\"inLanguage\":\"es\",\"potentialAction\":[{\"@type\":\"ReadAction\",\"target\":[\"https:\/\/www.erresse-shop.it\/es\/shop\/cafe-es\/cafe-en-capsulas\/borbone-100-capsulas-respresso-azul\/\"]}]},{\"@type\":\"BreadcrumbList\",\"@id\":\"https:\/\/www.erresse-shop.it\/es\/shop\/cafe-es\/cafe-en-capsulas\/borbone-100-capsulas-respresso-azul\/#breadcrumb\",\"itemListElement\":[{\"@type\":\"ListItem\",\"position\":1,\"name\":\"Home\",\"item\":\"https:\/\/www.erresse-shop.it\/es\/\"},{\"@type\":\"ListItem\",\"position\":2,\"name\":\"Shop\",\"item\":\"https:\/\/www.erresse-shop.it\/es\/shop\/\"},{\"@type\":\"ListItem\",\"position\":3,\"name\":\"BORBONE 100 C\u00e1psulas REspresso Azul\"}]},{\"@type\":\"WebSite\",\"@id\":\"https:\/\/www.erresse-shop.it\/es\/#website\",\"url\":\"https:\/\/www.erresse-shop.it\/es\/\",\"name\":\"Erresse Shop\",\"description\":\"Articoli di qualit\u00e0 per la casa\",\"potentialAction\":[{\"@type\":\"SearchAction\",\"target\":{\"@type\":\"EntryPoint\",\"urlTemplate\":\"https:\/\/www.erresse-shop.it\/es\/?s={search_term_string}\"},\"query-input\":\"required name=search_term_string\"}],\"inLanguage\":\"es\"}]}<\/script>\n<!-- \/ Yoast SEO Premium plugin. -->","yoast_head_json":{"title":"BORBONE 100 C\u00e1psulas REspresso Azul - Erresse Shop","description":"100 c\u00e1psulas Caff\u00e8 Borbone Respresso BLUE blend, compatibles con las m\u00e1quinas dom\u00e9sticas Nespresso. S\u00f3lo con las c\u00e1psulas Respresso Blue blend compatibles","robots":{"index":"index","follow":"follow","max-snippet":"max-snippet:-1","max-image-preview":"max-image-preview:large","max-video-preview":"max-video-preview:-1"},"canonical":"https:\/\/www.erresse-shop.it\/es\/shop\/cafe-es\/cafe-en-capsulas\/borbone-100-capsulas-respresso-azul\/","og_locale":"es_ES","og_type":"article","og_title":"BORBONE 100 C\u00e1psulas REspresso Azul","og_description":"100 c\u00e1psulas Caff\u00e8 Borbone Respresso BLUE blend, compatibles con las m\u00e1quinas dom\u00e9sticas Nespresso. S\u00f3lo con las c\u00e1psulas Respresso Blue blend compatibles","og_url":"https:\/\/www.erresse-shop.it\/es\/shop\/cafe-es\/cafe-en-capsulas\/borbone-100-capsulas-respresso-azul\/","og_site_name":"Erresse Shop","article_modified_time":"2024-10-25T09:37:59+00:00","og_image":[{"width":800,"height":800,"url":"https:\/\/www.erresse-shop.it\/wp-content\/uploads\/2024\/07\/BORBONE-2-Confezioni-da-100-Capsule-REspresso-Blu-1.png","type":"image\/png"}],"twitter_card":"summary_large_image","schema":{"@context":"https:\/\/schema.org","@graph":[{"@type":"WebPage","@id":"https:\/\/www.erresse-shop.it\/es\/shop\/cafe-es\/cafe-en-capsulas\/borbone-100-capsulas-respresso-azul\/","url":"https:\/\/www.erresse-shop.it\/es\/shop\/cafe-es\/cafe-en-capsulas\/borbone-100-capsulas-respresso-azul\/","name":"BORBONE 100 C\u00e1psulas REspresso Azul - Erresse Shop","isPartOf":{"@id":"https:\/\/www.erresse-shop.it\/es\/#website"},"datePublished":"2024-07-17T10:55:41+00:00","dateModified":"2024-10-25T09:37:59+00:00","description":"100 c\u00e1psulas Caff\u00e8 Borbone Respresso BLUE blend, compatibles con las m\u00e1quinas dom\u00e9sticas Nespresso. S\u00f3lo con las c\u00e1psulas Respresso Blue blend compatibles","breadcrumb":{"@id":"https:\/\/www.erresse-shop.it\/es\/shop\/cafe-es\/cafe-en-capsulas\/borbone-100-capsulas-respresso-azul\/#breadcrumb"},"inLanguage":"es","potentialAction":[{"@type":"ReadAction","target":["https:\/\/www.erresse-shop.it\/es\/shop\/cafe-es\/cafe-en-capsulas\/borbone-100-capsulas-respresso-azul\/"]}]},{"@type":"BreadcrumbList","@id":"https:\/\/www.erresse-shop.it\/es\/shop\/cafe-es\/cafe-en-capsulas\/borbone-100-capsulas-respresso-azul\/#breadcrumb","itemListElement":[{"@type":"ListItem","position":1,"name":"Home","item":"https:\/\/www.erresse-shop.it\/es\/"},{"@type":"ListItem","position":2,"name":"Shop","item":"https:\/\/www.erresse-shop.it\/es\/shop\/"},{"@type":"ListItem","position":3,"name":"BORBONE 100 C\u00e1psulas REspresso Azul"}]},{"@type":"WebSite","@id":"https:\/\/www.erresse-shop.it\/es\/#website","url":"https:\/\/www.erresse-shop.it\/es\/","name":"Erresse Shop","description":"Articoli di qualit\u00e0 per la casa","potentialAction":[{"@type":"SearchAction","target":{"@type":"EntryPoint","urlTemplate":"https:\/\/www.erresse-shop.it\/es\/?s={search_term_string}"},"query-input":"required name=search_term_string"}],"inLanguage":"es"}]}},"df_price":23.9,"df_sale_price":23.9,"df_regular_price":23.9,"df_image_link":"https:\/\/www.erresse-shop.it\/wp-content\/uploads\/2024\/07\/BORBONE-100-Capsule-REspresso-Blu-300x300.jpg","_links":{"self":[{"href":"https:\/\/www.erresse-shop.it\/es\/wp-json\/wp\/v2\/product\/422134"}],"collection":[{"href":"https:\/\/www.erresse-shop.it\/es\/wp-json\/wp\/v2\/product"}],"about":[{"href":"https:\/\/www.erresse-shop.it\/es\/wp-json\/wp\/v2\/types\/product"}],"wp:featuredmedia":[{"embeddable":true,"href":"https:\/\/www.erresse-shop.it\/es\/wp-json\/wp\/v2\/media\/467029"}],"wp:attachment":[{"href":"https:\/\/www.erresse-shop.it\/es\/wp-json\/wp\/v2\/media?parent=422134"}],"wp:term":[{"taxonomy":"product_cat","embeddable":true,"href":"https:\/\/www.erresse-shop.it\/es\/wp-json\/wp\/v2\/product_cat?post=422134"},{"taxonomy":"product_tag","embeddable":true,"href":"https:\/\/www.erresse-shop.it\/es\/wp-json\/wp\/v2\/product_tag?post=422134"}],"curies":[{"name":"wp","href":"https:\/\/api.w.org\/{rel}","templated":true}]}}