{"id":421978,"date":"2024-07-17T05:31:17","date_gmt":"2024-07-17T05:31:21","guid":{"rendered":"https:\/\/www.erresse-shop.it\/?post_type=product&#038;p=421978"},"modified":"2024-10-25T10:01:21","modified_gmt":"2024-10-25T10:01:21","slug":"guzzini-fusion-cuberteria-24-piezas-esmeralda","status":"publish","type":"product","link":"https:\/\/www.erresse-shop.it\/es\/shop\/tabla\/cubiertos\/guzzini-fusion-cuberteria-24-piezas-esmeralda\/","title":{"rendered":"GUZZINI Fusion Cuberter\u00eda 24 piezas esmeralda"},"content":{"rendered":"<p>La cuberter\u00eda de acero con mango de pl\u00e1stico decorado &#8221;Fusion&#8221; ofrece una original combinaci\u00f3n de colores y estilos.<\/p>\n<ul>\n<li>Acero inoxidable de alta calidad<\/li>\n<li>Mango ergon\u00f3mico de pl\u00e1stico decorado para un agarre f\u00e1cil y seguro<\/li>\n<li>F\u00e1cil de limpiar, apto para lavavajillas<\/li>\n<li>6 cubiertos: 6 tenedores, 6 cucharas, 6 cuchillos<\/li>\n<\/ul>\n<p><strong>Material<\/strong>: Acero inoxidable<\/p>\n","protected":false},"excerpt":{"rendered":"<p>La cuberter\u00eda de acero con mango de pl\u00e1stico decorado &#8221;Fusion&#8221; ofrece una original combinaci\u00f3n de colores y estilos. Acero inoxidable<\/p>\n","protected":false},"featured_media":437243,"template":"","meta":{"_acf_changed":false,"inline_featured_image":false},"product_cat":[16033,16027],"product_tag":[25029,17199,16759,17200,21823,25023],"acf":[],"yoast_head":"<!-- This site is optimized with the Yoast SEO Premium plugin v18.6 (Yoast SEO v19.13) - https:\/\/yoast.com\/wordpress\/plugins\/seo\/ -->\n<title>GUZZINI Fusion Cuberter\u00eda 24 piezas esmeralda - Erresse Shop<\/title>\n<meta name=\"description\" content=\"La cuberter\u00eda de acero con mango de pl\u00e1stico decorado &#039;&#039;Fusion&#039;&#039; ofrece una original combinaci\u00f3n de colores y estilos. Acero inoxidable de alta calidad\" \/>\n<meta name=\"robots\" content=\"index, follow, max-snippet:-1, max-image-preview:large, max-video-preview:-1\" \/>\n<link rel=\"canonical\" href=\"https:\/\/www.erresse-shop.it\/es\/shop\/tabla\/cubiertos\/guzzini-fusion-cuberteria-24-piezas-esmeralda\/\" \/>\n<meta property=\"og:locale\" content=\"es_ES\" \/>\n<meta property=\"og:type\" content=\"article\" \/>\n<meta property=\"og:title\" content=\"GUZZINI Fusion Cuberter\u00eda 24 piezas esmeralda\" \/>\n<meta property=\"og:description\" content=\"La cuberter\u00eda de acero con mango de pl\u00e1stico decorado &#039;&#039;Fusion&#039;&#039; ofrece una original combinaci\u00f3n de colores y estilos. Acero inoxidable de alta calidad\" \/>\n<meta property=\"og:url\" content=\"https:\/\/www.erresse-shop.it\/es\/shop\/tabla\/cubiertos\/guzzini-fusion-cuberteria-24-piezas-esmeralda\/\" \/>\n<meta property=\"og:site_name\" content=\"Erresse Shop\" \/>\n<meta property=\"article:modified_time\" content=\"2024-10-25T10:01:21+00:00\" \/>\n<meta property=\"og:image\" content=\"https:\/\/www.erresse-shop.it\/wp-content\/uploads\/2024\/07\/GUZZINI-Fusion-Set-Posate-24-pezzi-Smeraldo.jpg\" \/>\n\t<meta property=\"og:image:width\" content=\"1200\" \/>\n\t<meta property=\"og:image:height\" content=\"1200\" \/>\n\t<meta property=\"og:image:type\" content=\"image\/jpeg\" \/>\n<meta name=\"twitter:card\" content=\"summary_large_image\" \/>\n<script type=\"application\/ld+json\" class=\"yoast-schema-graph\">{\"@context\":\"https:\/\/schema.org\",\"@graph\":[{\"@type\":\"WebPage\",\"@id\":\"https:\/\/www.erresse-shop.it\/es\/shop\/tabla\/cubiertos\/guzzini-fusion-cuberteria-24-piezas-esmeralda\/\",\"url\":\"https:\/\/www.erresse-shop.it\/es\/shop\/tabla\/cubiertos\/guzzini-fusion-cuberteria-24-piezas-esmeralda\/\",\"name\":\"GUZZINI Fusion Cuberter\u00eda 24 piezas esmeralda - Erresse Shop\",\"isPartOf\":{\"@id\":\"https:\/\/www.erresse-shop.it\/es\/#website\"},\"datePublished\":\"2024-07-17T05:31:21+00:00\",\"dateModified\":\"2024-10-25T10:01:21+00:00\",\"description\":\"La cuberter\u00eda de acero con mango de pl\u00e1stico decorado ''Fusion'' ofrece una original combinaci\u00f3n de colores y estilos. Acero inoxidable de alta calidad\",\"breadcrumb\":{\"@id\":\"https:\/\/www.erresse-shop.it\/es\/shop\/tabla\/cubiertos\/guzzini-fusion-cuberteria-24-piezas-esmeralda\/#breadcrumb\"},\"inLanguage\":\"es\",\"potentialAction\":[{\"@type\":\"ReadAction\",\"target\":[\"https:\/\/www.erresse-shop.it\/es\/shop\/tabla\/cubiertos\/guzzini-fusion-cuberteria-24-piezas-esmeralda\/\"]}]},{\"@type\":\"BreadcrumbList\",\"@id\":\"https:\/\/www.erresse-shop.it\/es\/shop\/tabla\/cubiertos\/guzzini-fusion-cuberteria-24-piezas-esmeralda\/#breadcrumb\",\"itemListElement\":[{\"@type\":\"ListItem\",\"position\":1,\"name\":\"Home\",\"item\":\"https:\/\/www.erresse-shop.it\/es\/\"},{\"@type\":\"ListItem\",\"position\":2,\"name\":\"Shop\",\"item\":\"https:\/\/www.erresse-shop.it\/es\/shop\/\"},{\"@type\":\"ListItem\",\"position\":3,\"name\":\"GUZZINI Fusion Cuberter\u00eda 24 piezas esmeralda\"}]},{\"@type\":\"WebSite\",\"@id\":\"https:\/\/www.erresse-shop.it\/es\/#website\",\"url\":\"https:\/\/www.erresse-shop.it\/es\/\",\"name\":\"Erresse Shop\",\"description\":\"Articoli di qualit\u00e0 per la casa\",\"potentialAction\":[{\"@type\":\"SearchAction\",\"target\":{\"@type\":\"EntryPoint\",\"urlTemplate\":\"https:\/\/www.erresse-shop.it\/es\/?s={search_term_string}\"},\"query-input\":\"required name=search_term_string\"}],\"inLanguage\":\"es\"}]}<\/script>\n<!-- \/ Yoast SEO Premium plugin. -->","yoast_head_json":{"title":"GUZZINI Fusion Cuberter\u00eda 24 piezas esmeralda - Erresse Shop","description":"La cuberter\u00eda de acero con mango de pl\u00e1stico decorado ''Fusion'' ofrece una original combinaci\u00f3n de colores y estilos. Acero inoxidable de alta calidad","robots":{"index":"index","follow":"follow","max-snippet":"max-snippet:-1","max-image-preview":"max-image-preview:large","max-video-preview":"max-video-preview:-1"},"canonical":"https:\/\/www.erresse-shop.it\/es\/shop\/tabla\/cubiertos\/guzzini-fusion-cuberteria-24-piezas-esmeralda\/","og_locale":"es_ES","og_type":"article","og_title":"GUZZINI Fusion Cuberter\u00eda 24 piezas esmeralda","og_description":"La cuberter\u00eda de acero con mango de pl\u00e1stico decorado ''Fusion'' ofrece una original combinaci\u00f3n de colores y estilos. Acero inoxidable de alta calidad","og_url":"https:\/\/www.erresse-shop.it\/es\/shop\/tabla\/cubiertos\/guzzini-fusion-cuberteria-24-piezas-esmeralda\/","og_site_name":"Erresse Shop","article_modified_time":"2024-10-25T10:01:21+00:00","og_image":[{"width":1200,"height":1200,"url":"https:\/\/www.erresse-shop.it\/wp-content\/uploads\/2024\/07\/GUZZINI-Fusion-Set-Posate-24-pezzi-Smeraldo.jpg","type":"image\/jpeg"}],"twitter_card":"summary_large_image","schema":{"@context":"https:\/\/schema.org","@graph":[{"@type":"WebPage","@id":"https:\/\/www.erresse-shop.it\/es\/shop\/tabla\/cubiertos\/guzzini-fusion-cuberteria-24-piezas-esmeralda\/","url":"https:\/\/www.erresse-shop.it\/es\/shop\/tabla\/cubiertos\/guzzini-fusion-cuberteria-24-piezas-esmeralda\/","name":"GUZZINI Fusion Cuberter\u00eda 24 piezas esmeralda - Erresse Shop","isPartOf":{"@id":"https:\/\/www.erresse-shop.it\/es\/#website"},"datePublished":"2024-07-17T05:31:21+00:00","dateModified":"2024-10-25T10:01:21+00:00","description":"La cuberter\u00eda de acero con mango de pl\u00e1stico decorado ''Fusion'' ofrece una original combinaci\u00f3n de colores y estilos. Acero inoxidable de alta calidad","breadcrumb":{"@id":"https:\/\/www.erresse-shop.it\/es\/shop\/tabla\/cubiertos\/guzzini-fusion-cuberteria-24-piezas-esmeralda\/#breadcrumb"},"inLanguage":"es","potentialAction":[{"@type":"ReadAction","target":["https:\/\/www.erresse-shop.it\/es\/shop\/tabla\/cubiertos\/guzzini-fusion-cuberteria-24-piezas-esmeralda\/"]}]},{"@type":"BreadcrumbList","@id":"https:\/\/www.erresse-shop.it\/es\/shop\/tabla\/cubiertos\/guzzini-fusion-cuberteria-24-piezas-esmeralda\/#breadcrumb","itemListElement":[{"@type":"ListItem","position":1,"name":"Home","item":"https:\/\/www.erresse-shop.it\/es\/"},{"@type":"ListItem","position":2,"name":"Shop","item":"https:\/\/www.erresse-shop.it\/es\/shop\/"},{"@type":"ListItem","position":3,"name":"GUZZINI Fusion Cuberter\u00eda 24 piezas esmeralda"}]},{"@type":"WebSite","@id":"https:\/\/www.erresse-shop.it\/es\/#website","url":"https:\/\/www.erresse-shop.it\/es\/","name":"Erresse Shop","description":"Articoli di qualit\u00e0 per la casa","potentialAction":[{"@type":"SearchAction","target":{"@type":"EntryPoint","urlTemplate":"https:\/\/www.erresse-shop.it\/es\/?s={search_term_string}"},"query-input":"required name=search_term_string"}],"inLanguage":"es"}]}},"df_price":39.95,"df_sale_price":39.95,"df_regular_price":79.9,"df_image_link":"https:\/\/www.erresse-shop.it\/wp-content\/uploads\/2024\/07\/GUZZINI-Fusion-Set-Posate-24-pezzi-Smeraldo-300x300.jpg","_links":{"self":[{"href":"https:\/\/www.erresse-shop.it\/es\/wp-json\/wp\/v2\/product\/421978"}],"collection":[{"href":"https:\/\/www.erresse-shop.it\/es\/wp-json\/wp\/v2\/product"}],"about":[{"href":"https:\/\/www.erresse-shop.it\/es\/wp-json\/wp\/v2\/types\/product"}],"wp:featuredmedia":[{"embeddable":true,"href":"https:\/\/www.erresse-shop.it\/es\/wp-json\/wp\/v2\/media\/437243"}],"wp:attachment":[{"href":"https:\/\/www.erresse-shop.it\/es\/wp-json\/wp\/v2\/media?parent=421978"}],"wp:term":[{"taxonomy":"product_cat","embeddable":true,"href":"https:\/\/www.erresse-shop.it\/es\/wp-json\/wp\/v2\/product_cat?post=421978"},{"taxonomy":"product_tag","embeddable":true,"href":"https:\/\/www.erresse-shop.it\/es\/wp-json\/wp\/v2\/product_tag?post=421978"}],"curies":[{"name":"wp","href":"https:\/\/api.w.org\/{rel}","templated":true}]}}