{"id":421922,"date":"2024-07-16T14:40:28","date_gmt":"2024-07-16T14:40:31","guid":{"rendered":"https:\/\/www.erresse-shop.it\/?post_type=product&#038;p=421922"},"modified":"2024-10-25T10:06:59","modified_gmt":"2024-10-25T10:06:59","slug":"guzzini-flowerlemon-cuberteria-24-piezas-rojo-transparente","status":"publish","type":"product","link":"https:\/\/www.erresse-shop.it\/es\/shop\/tabla\/cubiertos\/guzzini-flowerlemon-cuberteria-24-piezas-rojo-transparente\/","title":{"rendered":"GUZZINI Flower&#038;Lemon Cuberter\u00eda 24 piezas Rojo transparente"},"content":{"rendered":"<div class=\"descripci\u00f3n del atributo del producto\">\n<div clase=\"valor\">\n<div class=\"descripci\u00f3n del atributo del producto\">\n<div clase=\"valor\">\n<div class=\"descripci\u00f3n del atributo del producto\">\n<div clase=\"valor\">\n<div class=\"descripci\u00f3n del atributo del producto\">\n<div clase=\"valor\">\n<div class=\"descripci\u00f3n del atributo del producto\">\n<div clase=\"valor\">\n<p>Los cubiertos de acero con mango de pl\u00e1stico decorado &#8220;Flower&amp;Lemon&#8221; evocan los aromas y colores de las flores primaverales y los limones, aportando a la mesa un toque de frescura y alegr\u00eda.<\/p>\n<ul>\n<li>Pasaje de acero inoxidable de alta calidad<\/li>\n<li>Mango ergon\u00f3mico de pl\u00e1stico decorado para un agarre f\u00e1cil y seguro<\/li>\n<li>F\u00e1cil limpieza, apto para lavavajillas<\/li>\n<li>6 configuraciones de mesa: 6 tenedores, 6 cucharas, 6 cucharaditas, 6 cuchillos<\/li>\n<\/ul>\n<p><strong>Material<\/strong>: Acero inoxidable<\/p>\n<\/div>\n<\/div>\n<\/div>\n<\/div>\n<\/div>\n<\/div>\n<\/div>\n<\/div>\n<\/div>\n<\/div>\n","protected":false},"excerpt":{"rendered":"<p>Los cubiertos de acero con mango de pl\u00e1stico decorado &#8220;Flower&amp;Lemon&#8221; evocan los aromas y colores de las flores primaverales y<\/p>\n","protected":false},"featured_media":477336,"template":"","meta":{"_acf_changed":false,"inline_featured_image":false},"product_cat":[16033,16027],"product_tag":[17199,16759,17200,21823,25023],"acf":[],"yoast_head":"<!-- This site is optimized with the Yoast SEO Premium plugin v18.6 (Yoast SEO v19.13) - https:\/\/yoast.com\/wordpress\/plugins\/seo\/ -->\n<title>GUZZINI Flower&amp;Lemon Cuberter\u00eda 24 piezas Rojo transparente - Erresse Shop<\/title>\n<meta name=\"description\" content=\"Los cubiertos de acero con mango de pl\u00e1stico decorado &quot;Flower&amp;Lemon&quot; evocan los aromas y colores de las flores primaverales y los limones, aportando a\" \/>\n<meta name=\"robots\" content=\"index, follow, max-snippet:-1, max-image-preview:large, max-video-preview:-1\" \/>\n<link rel=\"canonical\" href=\"https:\/\/www.erresse-shop.it\/es\/shop\/tabla\/cubiertos\/guzzini-flowerlemon-cuberteria-24-piezas-rojo-transparente\/\" \/>\n<meta property=\"og:locale\" content=\"es_ES\" \/>\n<meta property=\"og:type\" content=\"article\" \/>\n<meta property=\"og:title\" content=\"GUZZINI Flower&amp;Lemon Cuberter\u00eda 24 piezas Rojo transparente\" \/>\n<meta property=\"og:description\" content=\"Los cubiertos de acero con mango de pl\u00e1stico decorado &quot;Flower&amp;Lemon&quot; evocan los aromas y colores de las flores primaverales y los limones, aportando a\" \/>\n<meta property=\"og:url\" content=\"https:\/\/www.erresse-shop.it\/es\/shop\/tabla\/cubiertos\/guzzini-flowerlemon-cuberteria-24-piezas-rojo-transparente\/\" \/>\n<meta property=\"og:site_name\" content=\"Erresse Shop\" \/>\n<meta property=\"article:modified_time\" content=\"2024-10-25T10:06:59+00:00\" \/>\n<meta property=\"og:image\" content=\"https:\/\/www.erresse-shop.it\/wp-content\/uploads\/2024\/07\/GUZZINI-FlowerLemon-Set-Posate-24-pezzi-Rosso-Trasparente.png\" \/>\n\t<meta property=\"og:image:width\" content=\"800\" \/>\n\t<meta property=\"og:image:height\" content=\"800\" \/>\n\t<meta property=\"og:image:type\" content=\"image\/png\" \/>\n<meta name=\"twitter:card\" content=\"summary_large_image\" \/>\n<script type=\"application\/ld+json\" class=\"yoast-schema-graph\">{\"@context\":\"https:\/\/schema.org\",\"@graph\":[{\"@type\":\"WebPage\",\"@id\":\"https:\/\/www.erresse-shop.it\/es\/shop\/tabla\/cubiertos\/guzzini-flowerlemon-cuberteria-24-piezas-rojo-transparente\/\",\"url\":\"https:\/\/www.erresse-shop.it\/es\/shop\/tabla\/cubiertos\/guzzini-flowerlemon-cuberteria-24-piezas-rojo-transparente\/\",\"name\":\"GUZZINI Flower&Lemon Cuberter\u00eda 24 piezas Rojo transparente - Erresse Shop\",\"isPartOf\":{\"@id\":\"https:\/\/www.erresse-shop.it\/es\/#website\"},\"datePublished\":\"2024-07-16T14:40:31+00:00\",\"dateModified\":\"2024-10-25T10:06:59+00:00\",\"description\":\"Los cubiertos de acero con mango de pl\u00e1stico decorado \\\"Flower&amp;Lemon\\\" evocan los aromas y colores de las flores primaverales y los limones, aportando a\",\"breadcrumb\":{\"@id\":\"https:\/\/www.erresse-shop.it\/es\/shop\/tabla\/cubiertos\/guzzini-flowerlemon-cuberteria-24-piezas-rojo-transparente\/#breadcrumb\"},\"inLanguage\":\"es\",\"potentialAction\":[{\"@type\":\"ReadAction\",\"target\":[\"https:\/\/www.erresse-shop.it\/es\/shop\/tabla\/cubiertos\/guzzini-flowerlemon-cuberteria-24-piezas-rojo-transparente\/\"]}]},{\"@type\":\"BreadcrumbList\",\"@id\":\"https:\/\/www.erresse-shop.it\/es\/shop\/tabla\/cubiertos\/guzzini-flowerlemon-cuberteria-24-piezas-rojo-transparente\/#breadcrumb\",\"itemListElement\":[{\"@type\":\"ListItem\",\"position\":1,\"name\":\"Home\",\"item\":\"https:\/\/www.erresse-shop.it\/es\/\"},{\"@type\":\"ListItem\",\"position\":2,\"name\":\"Shop\",\"item\":\"https:\/\/www.erresse-shop.it\/es\/shop\/\"},{\"@type\":\"ListItem\",\"position\":3,\"name\":\"GUZZINI Flower&#038;Lemon Cuberter\u00eda 24 piezas Rojo transparente\"}]},{\"@type\":\"WebSite\",\"@id\":\"https:\/\/www.erresse-shop.it\/es\/#website\",\"url\":\"https:\/\/www.erresse-shop.it\/es\/\",\"name\":\"Erresse Shop\",\"description\":\"Articoli di qualit\u00e0 per la casa\",\"potentialAction\":[{\"@type\":\"SearchAction\",\"target\":{\"@type\":\"EntryPoint\",\"urlTemplate\":\"https:\/\/www.erresse-shop.it\/es\/?s={search_term_string}\"},\"query-input\":\"required name=search_term_string\"}],\"inLanguage\":\"es\"}]}<\/script>\n<!-- \/ Yoast SEO Premium plugin. -->","yoast_head_json":{"title":"GUZZINI Flower&Lemon Cuberter\u00eda 24 piezas Rojo transparente - Erresse Shop","description":"Los cubiertos de acero con mango de pl\u00e1stico decorado \"Flower&amp;Lemon\" evocan los aromas y colores de las flores primaverales y los limones, aportando a","robots":{"index":"index","follow":"follow","max-snippet":"max-snippet:-1","max-image-preview":"max-image-preview:large","max-video-preview":"max-video-preview:-1"},"canonical":"https:\/\/www.erresse-shop.it\/es\/shop\/tabla\/cubiertos\/guzzini-flowerlemon-cuberteria-24-piezas-rojo-transparente\/","og_locale":"es_ES","og_type":"article","og_title":"GUZZINI Flower&Lemon Cuberter\u00eda 24 piezas Rojo transparente","og_description":"Los cubiertos de acero con mango de pl\u00e1stico decorado \"Flower&amp;Lemon\" evocan los aromas y colores de las flores primaverales y los limones, aportando a","og_url":"https:\/\/www.erresse-shop.it\/es\/shop\/tabla\/cubiertos\/guzzini-flowerlemon-cuberteria-24-piezas-rojo-transparente\/","og_site_name":"Erresse Shop","article_modified_time":"2024-10-25T10:06:59+00:00","og_image":[{"width":800,"height":800,"url":"https:\/\/www.erresse-shop.it\/wp-content\/uploads\/2024\/07\/GUZZINI-FlowerLemon-Set-Posate-24-pezzi-Rosso-Trasparente.png","type":"image\/png"}],"twitter_card":"summary_large_image","schema":{"@context":"https:\/\/schema.org","@graph":[{"@type":"WebPage","@id":"https:\/\/www.erresse-shop.it\/es\/shop\/tabla\/cubiertos\/guzzini-flowerlemon-cuberteria-24-piezas-rojo-transparente\/","url":"https:\/\/www.erresse-shop.it\/es\/shop\/tabla\/cubiertos\/guzzini-flowerlemon-cuberteria-24-piezas-rojo-transparente\/","name":"GUZZINI Flower&Lemon Cuberter\u00eda 24 piezas Rojo transparente - Erresse Shop","isPartOf":{"@id":"https:\/\/www.erresse-shop.it\/es\/#website"},"datePublished":"2024-07-16T14:40:31+00:00","dateModified":"2024-10-25T10:06:59+00:00","description":"Los cubiertos de acero con mango de pl\u00e1stico decorado \"Flower&amp;Lemon\" evocan los aromas y colores de las flores primaverales y los limones, aportando a","breadcrumb":{"@id":"https:\/\/www.erresse-shop.it\/es\/shop\/tabla\/cubiertos\/guzzini-flowerlemon-cuberteria-24-piezas-rojo-transparente\/#breadcrumb"},"inLanguage":"es","potentialAction":[{"@type":"ReadAction","target":["https:\/\/www.erresse-shop.it\/es\/shop\/tabla\/cubiertos\/guzzini-flowerlemon-cuberteria-24-piezas-rojo-transparente\/"]}]},{"@type":"BreadcrumbList","@id":"https:\/\/www.erresse-shop.it\/es\/shop\/tabla\/cubiertos\/guzzini-flowerlemon-cuberteria-24-piezas-rojo-transparente\/#breadcrumb","itemListElement":[{"@type":"ListItem","position":1,"name":"Home","item":"https:\/\/www.erresse-shop.it\/es\/"},{"@type":"ListItem","position":2,"name":"Shop","item":"https:\/\/www.erresse-shop.it\/es\/shop\/"},{"@type":"ListItem","position":3,"name":"GUZZINI Flower&#038;Lemon Cuberter\u00eda 24 piezas Rojo transparente"}]},{"@type":"WebSite","@id":"https:\/\/www.erresse-shop.it\/es\/#website","url":"https:\/\/www.erresse-shop.it\/es\/","name":"Erresse Shop","description":"Articoli di qualit\u00e0 per la casa","potentialAction":[{"@type":"SearchAction","target":{"@type":"EntryPoint","urlTemplate":"https:\/\/www.erresse-shop.it\/es\/?s={search_term_string}"},"query-input":"required name=search_term_string"}],"inLanguage":"es"}]}},"df_price":39.95,"df_sale_price":39.95,"df_regular_price":79.9,"df_image_link":"https:\/\/www.erresse-shop.it\/wp-content\/uploads\/2024\/07\/GUZZINI-FlowerLemon-Set-Posate-24-pezzi-Rosso-Trasparente-300x300.jpg","_links":{"self":[{"href":"https:\/\/www.erresse-shop.it\/es\/wp-json\/wp\/v2\/product\/421922"}],"collection":[{"href":"https:\/\/www.erresse-shop.it\/es\/wp-json\/wp\/v2\/product"}],"about":[{"href":"https:\/\/www.erresse-shop.it\/es\/wp-json\/wp\/v2\/types\/product"}],"wp:featuredmedia":[{"embeddable":true,"href":"https:\/\/www.erresse-shop.it\/es\/wp-json\/wp\/v2\/media\/477336"}],"wp:attachment":[{"href":"https:\/\/www.erresse-shop.it\/es\/wp-json\/wp\/v2\/media?parent=421922"}],"wp:term":[{"taxonomy":"product_cat","embeddable":true,"href":"https:\/\/www.erresse-shop.it\/es\/wp-json\/wp\/v2\/product_cat?post=421922"},{"taxonomy":"product_tag","embeddable":true,"href":"https:\/\/www.erresse-shop.it\/es\/wp-json\/wp\/v2\/product_tag?post=421922"}],"curies":[{"name":"wp","href":"https:\/\/api.w.org\/{rel}","templated":true}]}}