{"id":421509,"date":"2024-07-15T14:07:20","date_gmt":"2024-07-15T14:07:22","guid":{"rendered":"https:\/\/www.erresse-shop.it\/?post_type=product&#038;p=421509"},"modified":"2024-10-25T10:41:33","modified_gmt":"2024-10-25T10:41:33","slug":"smeg-aesthetic-50s-kettle-oro-rosa-copia","status":"publish","type":"product","link":"https:\/\/www.erresse-shop.it\/es\/shop\/pequenos-electrodomesticos\/hervidores-electricos\/smeg-aesthetic-50s-kettle-oro-rosa-copia\/","title":{"rendered":"SMEG Dolce &#038; Gabbana Hervidor azul"},"content":{"rendered":"<p>Serie <b>SMEG<\/b>a\u00f1os 50<\/p>\n<p>Objetos de encuentro simb\u00f3licos, iconos que transforman el espacio que ocupan, los nuevos peque\u00f1os de la l\u00ednea Anni &#8217;50s, dise\u00f1ados en colaboraci\u00f3n con Matteo Bazzicalupo y Raffaella Mangiarotti de deepdesign, evocan otros tiempos y dan forma a lugares cotidianos, dot\u00e1ndolos de un nuevo significado que ya existe o ha existido, como ocurre en el arte y la memoria.<br \/>\nProductos de formas redondeadas y compactas son los protagonistas de la cocina, pensados \u200b\u200bpara quienes quieren vivir la experiencia de un chef pero no solo eso. Para quienes aman rodearse de objetos con un fuerte car\u00e1cter est\u00e9tico sin perder de vista las prestaciones de alta calidad.<\/p>\n<p><strong>RENDIMIENTO Y ESTILO<\/strong><br \/>\nCon su combinaci\u00f3n de tecnolog\u00eda y estilo ligeramente retro, el hervidor Smeg hace que cada momento sea especial, desde el desayuno hasta el t\u00e9 de las cinco, desde una breve pausa hasta el relax nocturno. En un instante calienta el agua de forma precisa y eficiente. E incluso cuando no se utiliza, es una pena esconderlo, porque decora la cocina con la armon\u00eda de sus formas y su color original.<\/p>\n<p><strong>M\u00c1XIMA EFICIENCIA<\/strong><br \/>\nEn un instante calienta el agua de forma precisa y eficiente. R\u00e1pido, seguro, fiable, tiene una capacidad de 1,7l, cuerpo de acero inoxidable, una pr\u00e1ctica base con pies antideslizantes y un filtro antical de acero inoxidable extra\u00edble y lavable.<\/p>\n<p><strong>EST\u00c9TICA<br \/>\n<\/strong><\/p>\n<p><strong>Dolce&amp;Gabbana<\/strong> y <strong>Smeg<\/strong> combinan sus almas art\u00edsticas, creando dise\u00f1os <strong>Made in Italy<\/strong> \u00fanicos y originales como <strong>Blu Mediterraneo<\/strong>. La nueva colecci\u00f3n de peque\u00f1os electrodom\u00e9sticos ha sido creada por Smeg con el dise\u00f1o de Matteo Bazzicalupo y Raffaella Mangiarotti (<strong>deepdesign<\/strong>) y la inconfundible <strong>creatividad de Dolce&amp;Gabbana<\/strong>.<\/p>\n<p><strong>Color<\/strong>: Decorado \/ Especial<br \/>\n<strong>Decoraci\u00f3n<\/strong> \/ Color Especial: Azul Mediterr\u00e1neo<br \/>\n<strong>Acabado<\/strong>: Pulido<br \/>\n<strong>Est\u00e9tica<\/strong>: estilo a\u00f1os 50<br \/>\n<strong>Serie<\/strong>: Azul Mediterr\u00e1neo<br \/>\n<strong>Colaboraciones<\/strong>: Smeg &amp; Dolce&amp;Gabbana<br \/>\n<strong>Color base<\/strong>: Cromo pulido<br \/>\n<strong>Color del tirador<\/strong>: Cromo<br \/>\n<strong>Color del ca\u00f1o<\/strong>: Acero pulido<br \/>\n<strong>Color del cable de alimentaci\u00f3n<\/strong>: Gris<br \/>\n<strong>Material del cuerpo<\/strong>: Acero inoxidable<br \/>\n<strong>Material b\u00e1sico<\/strong>: Pl\u00e1stico<br \/>\n<strong>Material de la tapa<\/strong>: Acero inoxidable<br \/>\n<strong>Material del mango<\/strong>: Pl\u00e1stico<br \/>\n<strong>Material del pico<\/strong>: Acero inoxidable<br \/>\n<strong>Tipo de logotipo<\/strong>: Integrado<\/p>\n<p><strong>CARACTER\u00cdSTICAS T\u00c9CNICAS<\/strong><\/p>\n<p><strong>Capacidad m\u00e1xima<\/strong>: 1,7 l \/ 7 tazas<br \/>\n<strong>Indicador de nivel de agua<\/strong>: S\u00ed<br \/>\n<strong>Apertura de la tapa<\/strong>: Apertura suave<br \/>\n<strong>Filtro<\/strong>: S\u00ed<br \/>\n<strong>Material del filtro<\/strong>: Acero inoxidable<br \/>\n<strong>Descalcificador<\/strong>: S\u00ed<br \/>\n<strong>Extra\u00edble<\/strong>:S\u00ed<br \/>\n<strong>Apagado autom\u00e1tico<\/strong>: S\u00ed, a 100\u00b0 C<br \/>\n<strong>Apagado autom\u00e1tico de seguridad<\/strong>: S\u00ed<br \/>\n<strong>Elemento calefactor oculto<\/strong>: S\u00ed<br \/>\n<strong>Enrollador de cable integrado<\/strong>: S\u00ed<br \/>\n<strong>Base antideslizante<\/strong>: S\u00ed<br \/>\n<strong>Base con conexi\u00f3n 360<\/strong>\u00b0: S\u00ed<\/p>\n<p><span style=\"text-decoration: underline;\"><strong>No est\u00e1 a la venta fuera de Europa<\/strong><\/span><\/p>\n","protected":false},"excerpt":{"rendered":"<p>Serie SMEGa\u00f1os 50 Objetos de encuentro simb\u00f3licos, iconos que transforman el espacio que ocupan, los nuevos peque\u00f1os de la l\u00ednea<\/p>\n","protected":false},"featured_media":452194,"template":"","meta":{"_acf_changed":false,"inline_featured_image":false},"product_cat":[16074,16073],"product_tag":[25183,23912,24595,16258,19956,19957,25023],"acf":[],"yoast_head":"<!-- This site is optimized with the Yoast SEO Premium plugin v18.6 (Yoast SEO v19.13) - https:\/\/yoast.com\/wordpress\/plugins\/seo\/ -->\n<title>SMEG Dolce &amp; Gabbana Hervidor azul - Erresse Shop<\/title>\n<meta name=\"description\" content=\"Serie SMEGa\u00f1os 50 Objetos de encuentro simb\u00f3licos, iconos que transforman el espacio que ocupan, los nuevos peque\u00f1os de la l\u00ednea Anni &#039;50s, dise\u00f1ados en\" \/>\n<meta name=\"robots\" content=\"index, follow, max-snippet:-1, max-image-preview:large, max-video-preview:-1\" \/>\n<link rel=\"canonical\" href=\"https:\/\/www.erresse-shop.it\/es\/shop\/pequenos-electrodomesticos\/hervidores-electricos\/smeg-aesthetic-50s-kettle-oro-rosa-copia\/\" \/>\n<meta property=\"og:locale\" content=\"es_ES\" \/>\n<meta property=\"og:type\" content=\"article\" \/>\n<meta property=\"og:title\" content=\"SMEG Dolce &amp; Gabbana Hervidor azul\" \/>\n<meta property=\"og:description\" content=\"Serie SMEGa\u00f1os 50 Objetos de encuentro simb\u00f3licos, iconos que transforman el espacio que ocupan, los nuevos peque\u00f1os de la l\u00ednea Anni &#039;50s, dise\u00f1ados en\" \/>\n<meta property=\"og:url\" content=\"https:\/\/www.erresse-shop.it\/es\/shop\/pequenos-electrodomesticos\/hervidores-electricos\/smeg-aesthetic-50s-kettle-oro-rosa-copia\/\" \/>\n<meta property=\"og:site_name\" content=\"Erresse Shop\" \/>\n<meta property=\"article:modified_time\" content=\"2024-10-25T10:41:33+00:00\" \/>\n<meta property=\"og:image\" content=\"https:\/\/www.erresse-shop.it\/wp-content\/uploads\/2024\/07\/SMEG-Dolce-Gabbana-Bollitore-Blu.png\" \/>\n\t<meta property=\"og:image:width\" content=\"800\" \/>\n\t<meta property=\"og:image:height\" content=\"800\" \/>\n\t<meta property=\"og:image:type\" content=\"image\/png\" \/>\n<meta name=\"twitter:card\" content=\"summary_large_image\" \/>\n<script type=\"application\/ld+json\" class=\"yoast-schema-graph\">{\"@context\":\"https:\/\/schema.org\",\"@graph\":[{\"@type\":\"WebPage\",\"@id\":\"https:\/\/www.erresse-shop.it\/es\/shop\/pequenos-electrodomesticos\/hervidores-electricos\/smeg-aesthetic-50s-kettle-oro-rosa-copia\/\",\"url\":\"https:\/\/www.erresse-shop.it\/es\/shop\/pequenos-electrodomesticos\/hervidores-electricos\/smeg-aesthetic-50s-kettle-oro-rosa-copia\/\",\"name\":\"SMEG Dolce & Gabbana Hervidor azul - Erresse Shop\",\"isPartOf\":{\"@id\":\"https:\/\/www.erresse-shop.it\/es\/#website\"},\"datePublished\":\"2024-07-15T14:07:22+00:00\",\"dateModified\":\"2024-10-25T10:41:33+00:00\",\"description\":\"Serie SMEGa\u00f1os 50 Objetos de encuentro simb\u00f3licos, iconos que transforman el espacio que ocupan, los nuevos peque\u00f1os de la l\u00ednea Anni '50s, dise\u00f1ados en\",\"breadcrumb\":{\"@id\":\"https:\/\/www.erresse-shop.it\/es\/shop\/pequenos-electrodomesticos\/hervidores-electricos\/smeg-aesthetic-50s-kettle-oro-rosa-copia\/#breadcrumb\"},\"inLanguage\":\"es\",\"potentialAction\":[{\"@type\":\"ReadAction\",\"target\":[\"https:\/\/www.erresse-shop.it\/es\/shop\/pequenos-electrodomesticos\/hervidores-electricos\/smeg-aesthetic-50s-kettle-oro-rosa-copia\/\"]}]},{\"@type\":\"BreadcrumbList\",\"@id\":\"https:\/\/www.erresse-shop.it\/es\/shop\/pequenos-electrodomesticos\/hervidores-electricos\/smeg-aesthetic-50s-kettle-oro-rosa-copia\/#breadcrumb\",\"itemListElement\":[{\"@type\":\"ListItem\",\"position\":1,\"name\":\"Home\",\"item\":\"https:\/\/www.erresse-shop.it\/es\/\"},{\"@type\":\"ListItem\",\"position\":2,\"name\":\"Shop\",\"item\":\"https:\/\/www.erresse-shop.it\/es\/shop\/\"},{\"@type\":\"ListItem\",\"position\":3,\"name\":\"SMEG Dolce &#038; Gabbana Hervidor azul\"}]},{\"@type\":\"WebSite\",\"@id\":\"https:\/\/www.erresse-shop.it\/es\/#website\",\"url\":\"https:\/\/www.erresse-shop.it\/es\/\",\"name\":\"Erresse Shop\",\"description\":\"Articoli di qualit\u00e0 per la casa\",\"potentialAction\":[{\"@type\":\"SearchAction\",\"target\":{\"@type\":\"EntryPoint\",\"urlTemplate\":\"https:\/\/www.erresse-shop.it\/es\/?s={search_term_string}\"},\"query-input\":\"required name=search_term_string\"}],\"inLanguage\":\"es\"}]}<\/script>\n<!-- \/ Yoast SEO Premium plugin. -->","yoast_head_json":{"title":"SMEG Dolce & Gabbana Hervidor azul - Erresse Shop","description":"Serie SMEGa\u00f1os 50 Objetos de encuentro simb\u00f3licos, iconos que transforman el espacio que ocupan, los nuevos peque\u00f1os de la l\u00ednea Anni '50s, dise\u00f1ados en","robots":{"index":"index","follow":"follow","max-snippet":"max-snippet:-1","max-image-preview":"max-image-preview:large","max-video-preview":"max-video-preview:-1"},"canonical":"https:\/\/www.erresse-shop.it\/es\/shop\/pequenos-electrodomesticos\/hervidores-electricos\/smeg-aesthetic-50s-kettle-oro-rosa-copia\/","og_locale":"es_ES","og_type":"article","og_title":"SMEG Dolce & Gabbana Hervidor azul","og_description":"Serie SMEGa\u00f1os 50 Objetos de encuentro simb\u00f3licos, iconos que transforman el espacio que ocupan, los nuevos peque\u00f1os de la l\u00ednea Anni '50s, dise\u00f1ados en","og_url":"https:\/\/www.erresse-shop.it\/es\/shop\/pequenos-electrodomesticos\/hervidores-electricos\/smeg-aesthetic-50s-kettle-oro-rosa-copia\/","og_site_name":"Erresse Shop","article_modified_time":"2024-10-25T10:41:33+00:00","og_image":[{"width":800,"height":800,"url":"https:\/\/www.erresse-shop.it\/wp-content\/uploads\/2024\/07\/SMEG-Dolce-Gabbana-Bollitore-Blu.png","type":"image\/png"}],"twitter_card":"summary_large_image","schema":{"@context":"https:\/\/schema.org","@graph":[{"@type":"WebPage","@id":"https:\/\/www.erresse-shop.it\/es\/shop\/pequenos-electrodomesticos\/hervidores-electricos\/smeg-aesthetic-50s-kettle-oro-rosa-copia\/","url":"https:\/\/www.erresse-shop.it\/es\/shop\/pequenos-electrodomesticos\/hervidores-electricos\/smeg-aesthetic-50s-kettle-oro-rosa-copia\/","name":"SMEG Dolce & Gabbana Hervidor azul - Erresse Shop","isPartOf":{"@id":"https:\/\/www.erresse-shop.it\/es\/#website"},"datePublished":"2024-07-15T14:07:22+00:00","dateModified":"2024-10-25T10:41:33+00:00","description":"Serie SMEGa\u00f1os 50 Objetos de encuentro simb\u00f3licos, iconos que transforman el espacio que ocupan, los nuevos peque\u00f1os de la l\u00ednea Anni '50s, dise\u00f1ados en","breadcrumb":{"@id":"https:\/\/www.erresse-shop.it\/es\/shop\/pequenos-electrodomesticos\/hervidores-electricos\/smeg-aesthetic-50s-kettle-oro-rosa-copia\/#breadcrumb"},"inLanguage":"es","potentialAction":[{"@type":"ReadAction","target":["https:\/\/www.erresse-shop.it\/es\/shop\/pequenos-electrodomesticos\/hervidores-electricos\/smeg-aesthetic-50s-kettle-oro-rosa-copia\/"]}]},{"@type":"BreadcrumbList","@id":"https:\/\/www.erresse-shop.it\/es\/shop\/pequenos-electrodomesticos\/hervidores-electricos\/smeg-aesthetic-50s-kettle-oro-rosa-copia\/#breadcrumb","itemListElement":[{"@type":"ListItem","position":1,"name":"Home","item":"https:\/\/www.erresse-shop.it\/es\/"},{"@type":"ListItem","position":2,"name":"Shop","item":"https:\/\/www.erresse-shop.it\/es\/shop\/"},{"@type":"ListItem","position":3,"name":"SMEG Dolce &#038; Gabbana Hervidor azul"}]},{"@type":"WebSite","@id":"https:\/\/www.erresse-shop.it\/es\/#website","url":"https:\/\/www.erresse-shop.it\/es\/","name":"Erresse Shop","description":"Articoli di qualit\u00e0 per la casa","potentialAction":[{"@type":"SearchAction","target":{"@type":"EntryPoint","urlTemplate":"https:\/\/www.erresse-shop.it\/es\/?s={search_term_string}"},"query-input":"required name=search_term_string"}],"inLanguage":"es"}]}},"df_price":419.29999999999995,"df_sale_price":419.29999999999995,"df_regular_price":599,"df_image_link":"https:\/\/www.erresse-shop.it\/wp-content\/uploads\/2024\/07\/SMEG-Dolce-Gabbana-Bollitore-Blu-300x300.jpg","_links":{"self":[{"href":"https:\/\/www.erresse-shop.it\/es\/wp-json\/wp\/v2\/product\/421509"}],"collection":[{"href":"https:\/\/www.erresse-shop.it\/es\/wp-json\/wp\/v2\/product"}],"about":[{"href":"https:\/\/www.erresse-shop.it\/es\/wp-json\/wp\/v2\/types\/product"}],"wp:featuredmedia":[{"embeddable":true,"href":"https:\/\/www.erresse-shop.it\/es\/wp-json\/wp\/v2\/media\/452194"}],"wp:attachment":[{"href":"https:\/\/www.erresse-shop.it\/es\/wp-json\/wp\/v2\/media?parent=421509"}],"wp:term":[{"taxonomy":"product_cat","embeddable":true,"href":"https:\/\/www.erresse-shop.it\/es\/wp-json\/wp\/v2\/product_cat?post=421509"},{"taxonomy":"product_tag","embeddable":true,"href":"https:\/\/www.erresse-shop.it\/es\/wp-json\/wp\/v2\/product_tag?post=421509"}],"curies":[{"name":"wp","href":"https:\/\/api.w.org\/{rel}","templated":true}]}}