{"id":421483,"date":"2024-07-15T13:31:22","date_gmt":"2024-07-15T13:31:25","guid":{"rendered":"https:\/\/www.erresse-shop.it\/?post_type=product&#038;p=421483"},"modified":"2024-10-25T10:46:37","modified_gmt":"2024-10-25T10:46:37","slug":"zwilling-pro-espatula-copia-2","status":"publish","type":"product","link":"https:\/\/www.erresse-shop.it\/es\/shop\/cocina\/herramientas\/zwilling-pro-espatula-copia-2\/","title":{"rendered":"ZWILLING PRO  Machucador"},"content":{"rendered":"<p>La colecci\u00f3n ZWILLING Pro tiene el accesorio de cocina perfecto para cada tarea. Preparar un delicioso y cremoso pur\u00e9 de patatas ser\u00e1 un juego de ni\u00f1os con este machacador de patatas. Patatas, apio nabos, zanahorias, tub\u00e9rculos, calabazas, manzanas o pl\u00e1tanos, no pongas l\u00edmites a tu imaginaci\u00f3n. Gracias al mango ergon\u00f3mico, este accesorio de cocina es muy f\u00e1cil de manejar y el mango elegantemente curvado no presiona excesivamente contra la palma de la mano. El mango del machacador de patatas est\u00e1 colocado exactamente en el centro del mango para transferir la fuerza perfectamente. Esto har\u00e1 que sea a\u00fan m\u00e1s f\u00e1cil triturar los ingredientes. La forma curva del machacador de patatas se adapta perfectamente a la pared interna de las cacerolas, lo que te resultar\u00e1 especialmente \u00fatil cuando trabajes directamente dentro de la olla. Sin embargo, el dise\u00f1o no s\u00f3lo es funcional, sino tambi\u00e9n visualmente impresionante. Matteo Thun y Antonio Rodr\u00edguez desarrollaron toda la colecci\u00f3n, centr\u00e1ndose principalmente en el objetivo de dar a los objetos que la componen una apariencia atemporal que combina perfectamente con una funcionalidad sin concesiones. Un detalle que queda completamente patente en este extraordinario machacador de patatas.<\/p>\n<ul>\n<li>Dise\u00f1o minimalista de Matteo Thun y Antonio Rodr\u00edguez.<\/li>\n<li>Hecho de acero inoxidable de alta calidad<\/li>\n<li>Mangos de dise\u00f1o ergon\u00f3mico para trabajar sin esfuerzo, con transici\u00f3n continua al v\u00e1stago que garantiza la m\u00e1xima higiene.<\/li>\n<li>Aptas para el lavavajillas<\/li>\n<li>Ideal para la preparaci\u00f3n de pur\u00e9s aterciopelados<\/li>\n<\/ul>\n","protected":false},"excerpt":{"rendered":"<p>La colecci\u00f3n ZWILLING Pro tiene el accesorio de cocina perfecto para cada tarea. Preparar un delicioso y cremoso pur\u00e9 de<\/p>\n","protected":false},"featured_media":512607,"template":"","meta":{"_acf_changed":false,"inline_featured_image":false},"product_cat":[16040,25335],"product_tag":[25039,17115,16547,25023,17812],"acf":[],"yoast_head":"<!-- This site is optimized with the Yoast SEO Premium plugin v18.6 (Yoast SEO v19.13) - https:\/\/yoast.com\/wordpress\/plugins\/seo\/ -->\n<title>ZWILLING PRO Machucador - Erresse Shop<\/title>\n<meta name=\"description\" content=\"La colecci\u00f3n ZWILLING Pro tiene el accesorio de cocina perfecto para cada tarea. Preparar un delicioso y cremoso pur\u00e9 de patatas ser\u00e1 un juego de ni\u00f1os\" \/>\n<meta name=\"robots\" content=\"index, follow, max-snippet:-1, max-image-preview:large, max-video-preview:-1\" \/>\n<link rel=\"canonical\" href=\"https:\/\/www.erresse-shop.it\/es\/shop\/cocina\/herramientas\/zwilling-pro-espatula-copia-2\/\" \/>\n<meta property=\"og:locale\" content=\"es_ES\" \/>\n<meta property=\"og:type\" content=\"article\" \/>\n<meta property=\"og:title\" content=\"ZWILLING PRO Machucador\" \/>\n<meta property=\"og:description\" content=\"La colecci\u00f3n ZWILLING Pro tiene el accesorio de cocina perfecto para cada tarea. Preparar un delicioso y cremoso pur\u00e9 de patatas ser\u00e1 un juego de ni\u00f1os\" \/>\n<meta property=\"og:url\" content=\"https:\/\/www.erresse-shop.it\/es\/shop\/cocina\/herramientas\/zwilling-pro-espatula-copia-2\/\" \/>\n<meta property=\"og:site_name\" content=\"Erresse Shop\" \/>\n<meta property=\"article:modified_time\" content=\"2024-10-25T10:46:37+00:00\" \/>\n<meta property=\"og:image\" content=\"https:\/\/www.erresse-shop.it\/wp-content\/uploads\/2024\/07\/ZWILLING-PRO-Schiaccia-Patate.png\" \/>\n\t<meta property=\"og:image:width\" content=\"800\" \/>\n\t<meta property=\"og:image:height\" content=\"800\" \/>\n\t<meta property=\"og:image:type\" content=\"image\/png\" \/>\n<meta name=\"twitter:card\" content=\"summary_large_image\" \/>\n<script type=\"application\/ld+json\" class=\"yoast-schema-graph\">{\"@context\":\"https:\/\/schema.org\",\"@graph\":[{\"@type\":\"WebPage\",\"@id\":\"https:\/\/www.erresse-shop.it\/es\/shop\/cocina\/herramientas\/zwilling-pro-espatula-copia-2\/\",\"url\":\"https:\/\/www.erresse-shop.it\/es\/shop\/cocina\/herramientas\/zwilling-pro-espatula-copia-2\/\",\"name\":\"ZWILLING PRO Machucador - Erresse Shop\",\"isPartOf\":{\"@id\":\"https:\/\/www.erresse-shop.it\/es\/#website\"},\"datePublished\":\"2024-07-15T13:31:25+00:00\",\"dateModified\":\"2024-10-25T10:46:37+00:00\",\"description\":\"La colecci\u00f3n ZWILLING Pro tiene el accesorio de cocina perfecto para cada tarea. Preparar un delicioso y cremoso pur\u00e9 de patatas ser\u00e1 un juego de ni\u00f1os\",\"breadcrumb\":{\"@id\":\"https:\/\/www.erresse-shop.it\/es\/shop\/cocina\/herramientas\/zwilling-pro-espatula-copia-2\/#breadcrumb\"},\"inLanguage\":\"es\",\"potentialAction\":[{\"@type\":\"ReadAction\",\"target\":[\"https:\/\/www.erresse-shop.it\/es\/shop\/cocina\/herramientas\/zwilling-pro-espatula-copia-2\/\"]}]},{\"@type\":\"BreadcrumbList\",\"@id\":\"https:\/\/www.erresse-shop.it\/es\/shop\/cocina\/herramientas\/zwilling-pro-espatula-copia-2\/#breadcrumb\",\"itemListElement\":[{\"@type\":\"ListItem\",\"position\":1,\"name\":\"Home\",\"item\":\"https:\/\/www.erresse-shop.it\/es\/\"},{\"@type\":\"ListItem\",\"position\":2,\"name\":\"Shop\",\"item\":\"https:\/\/www.erresse-shop.it\/es\/shop\/\"},{\"@type\":\"ListItem\",\"position\":3,\"name\":\"ZWILLING PRO Machucador\"}]},{\"@type\":\"WebSite\",\"@id\":\"https:\/\/www.erresse-shop.it\/es\/#website\",\"url\":\"https:\/\/www.erresse-shop.it\/es\/\",\"name\":\"Erresse Shop\",\"description\":\"Articoli di qualit\u00e0 per la casa\",\"potentialAction\":[{\"@type\":\"SearchAction\",\"target\":{\"@type\":\"EntryPoint\",\"urlTemplate\":\"https:\/\/www.erresse-shop.it\/es\/?s={search_term_string}\"},\"query-input\":\"required name=search_term_string\"}],\"inLanguage\":\"es\"}]}<\/script>\n<!-- \/ Yoast SEO Premium plugin. -->","yoast_head_json":{"title":"ZWILLING PRO Machucador - Erresse Shop","description":"La colecci\u00f3n ZWILLING Pro tiene el accesorio de cocina perfecto para cada tarea. Preparar un delicioso y cremoso pur\u00e9 de patatas ser\u00e1 un juego de ni\u00f1os","robots":{"index":"index","follow":"follow","max-snippet":"max-snippet:-1","max-image-preview":"max-image-preview:large","max-video-preview":"max-video-preview:-1"},"canonical":"https:\/\/www.erresse-shop.it\/es\/shop\/cocina\/herramientas\/zwilling-pro-espatula-copia-2\/","og_locale":"es_ES","og_type":"article","og_title":"ZWILLING PRO Machucador","og_description":"La colecci\u00f3n ZWILLING Pro tiene el accesorio de cocina perfecto para cada tarea. Preparar un delicioso y cremoso pur\u00e9 de patatas ser\u00e1 un juego de ni\u00f1os","og_url":"https:\/\/www.erresse-shop.it\/es\/shop\/cocina\/herramientas\/zwilling-pro-espatula-copia-2\/","og_site_name":"Erresse Shop","article_modified_time":"2024-10-25T10:46:37+00:00","og_image":[{"width":800,"height":800,"url":"https:\/\/www.erresse-shop.it\/wp-content\/uploads\/2024\/07\/ZWILLING-PRO-Schiaccia-Patate.png","type":"image\/png"}],"twitter_card":"summary_large_image","schema":{"@context":"https:\/\/schema.org","@graph":[{"@type":"WebPage","@id":"https:\/\/www.erresse-shop.it\/es\/shop\/cocina\/herramientas\/zwilling-pro-espatula-copia-2\/","url":"https:\/\/www.erresse-shop.it\/es\/shop\/cocina\/herramientas\/zwilling-pro-espatula-copia-2\/","name":"ZWILLING PRO Machucador - Erresse Shop","isPartOf":{"@id":"https:\/\/www.erresse-shop.it\/es\/#website"},"datePublished":"2024-07-15T13:31:25+00:00","dateModified":"2024-10-25T10:46:37+00:00","description":"La colecci\u00f3n ZWILLING Pro tiene el accesorio de cocina perfecto para cada tarea. Preparar un delicioso y cremoso pur\u00e9 de patatas ser\u00e1 un juego de ni\u00f1os","breadcrumb":{"@id":"https:\/\/www.erresse-shop.it\/es\/shop\/cocina\/herramientas\/zwilling-pro-espatula-copia-2\/#breadcrumb"},"inLanguage":"es","potentialAction":[{"@type":"ReadAction","target":["https:\/\/www.erresse-shop.it\/es\/shop\/cocina\/herramientas\/zwilling-pro-espatula-copia-2\/"]}]},{"@type":"BreadcrumbList","@id":"https:\/\/www.erresse-shop.it\/es\/shop\/cocina\/herramientas\/zwilling-pro-espatula-copia-2\/#breadcrumb","itemListElement":[{"@type":"ListItem","position":1,"name":"Home","item":"https:\/\/www.erresse-shop.it\/es\/"},{"@type":"ListItem","position":2,"name":"Shop","item":"https:\/\/www.erresse-shop.it\/es\/shop\/"},{"@type":"ListItem","position":3,"name":"ZWILLING PRO Machucador"}]},{"@type":"WebSite","@id":"https:\/\/www.erresse-shop.it\/es\/#website","url":"https:\/\/www.erresse-shop.it\/es\/","name":"Erresse Shop","description":"Articoli di qualit\u00e0 per la casa","potentialAction":[{"@type":"SearchAction","target":{"@type":"EntryPoint","urlTemplate":"https:\/\/www.erresse-shop.it\/es\/?s={search_term_string}"},"query-input":"required name=search_term_string"}],"inLanguage":"es"}]}},"df_price":13.475,"df_sale_price":13.475,"df_regular_price":26.95,"df_image_link":"https:\/\/www.erresse-shop.it\/wp-content\/uploads\/2024\/07\/ZWILLING-PRO-Schiaccia-Patate-300x300.jpg","_links":{"self":[{"href":"https:\/\/www.erresse-shop.it\/es\/wp-json\/wp\/v2\/product\/421483"}],"collection":[{"href":"https:\/\/www.erresse-shop.it\/es\/wp-json\/wp\/v2\/product"}],"about":[{"href":"https:\/\/www.erresse-shop.it\/es\/wp-json\/wp\/v2\/types\/product"}],"wp:featuredmedia":[{"embeddable":true,"href":"https:\/\/www.erresse-shop.it\/es\/wp-json\/wp\/v2\/media\/512607"}],"wp:attachment":[{"href":"https:\/\/www.erresse-shop.it\/es\/wp-json\/wp\/v2\/media?parent=421483"}],"wp:term":[{"taxonomy":"product_cat","embeddable":true,"href":"https:\/\/www.erresse-shop.it\/es\/wp-json\/wp\/v2\/product_cat?post=421483"},{"taxonomy":"product_tag","embeddable":true,"href":"https:\/\/www.erresse-shop.it\/es\/wp-json\/wp\/v2\/product_tag?post=421483"}],"curies":[{"name":"wp","href":"https:\/\/api.w.org\/{rel}","templated":true}]}}