{"id":421470,"date":"2024-07-15T13:16:29","date_gmt":"2024-07-15T13:16:31","guid":{"rendered":"https:\/\/www.erresse-shop.it\/?post_type=product&#038;p=421470"},"modified":"2024-10-25T10:48:37","modified_gmt":"2024-10-25T10:48:37","slug":"zwilling-pro-espatula-de-silicona-copia-2","status":"publish","type":"product","link":"https:\/\/www.erresse-shop.it\/es\/shop\/cocina\/herramientas\/zwilling-pro-espatula-de-silicona-copia-2\/","title":{"rendered":"ZWILLING PRO  Esp\u00e1tula"},"content":{"rendered":"<p>Los requisitos que se exigen a los utensilios de cocina modernos son muy altos. Adem\u00e1s de ser absolutamente funcionales, deben poder presentarse en la cocina como verdaderos objetos de dise\u00f1o. Los utensilios de cocina de la colecci\u00f3n ZWILLING Pro no s\u00f3lo est\u00e1n dise\u00f1ados hasta el m\u00e1s m\u00ednimo detalle, sino que tambi\u00e9n son bonitos a la vista y extremadamente pr\u00e1cticos. Esta esp\u00e1tula para fre\u00edr, desarrollada por los dise\u00f1adores de renombre mundial Matteo Thun y Antonio Rodr\u00edguez, combina acero inoxidable brillante y mate en una apariencia verdaderamente \u00fanica. Adem\u00e1s de tener un fuerte impacto visual, esta mezcla de materiales tambi\u00e9n resulta extraordinariamente pr\u00e1ctica: el mango de acero inoxidable cepillado es f\u00e1cil de manejar, mientras que el frontal pulido, obtenido de una sola pieza de metal, es muy liso y homog\u00e9neo. Gracias al \u00e1ngulo especial, es muy sencillo separar los alimentos, mientras que las grandes aberturas permiten escurrir la grasa de cocci\u00f3n con m\u00e1s cuidado. La esp\u00e1tula para fre\u00edr es perfecta para utensilios de cocina de acero inoxidable y le permite girar, levantar o retirar los alimentos. Despu\u00e9s de su uso, la esp\u00e1tula para fre\u00edr se puede lavar en el lavavajillas y colgar del anillo para colgar en la barra de utensilios de cocina.<\/p>\n<ul>\n<li>Dise\u00f1o minimalista de Matteo Thun y Antonio Rodr\u00edguez.<\/li>\n<li>Hecho de acero inoxidable de alta calidad<\/li>\n<li>Mangos de dise\u00f1o ergon\u00f3mico para trabajar sin esfuerzo, con transici\u00f3n continua al v\u00e1stago que garantiza la m\u00e1xima higiene.<\/li>\n<li>Aptas para el lavavajillas<\/li>\n<li>Elija, levante y voltee perfectamente cacerolas, sartenes, bandejas para hornear y tazones.<\/li>\n<\/ul>\n","protected":false},"excerpt":{"rendered":"<p>Los requisitos que se exigen a los utensilios de cocina modernos son muy altos. Adem\u00e1s de ser absolutamente funcionales, deben<\/p>\n","protected":false},"featured_media":509316,"template":"","meta":{"_acf_changed":false,"inline_featured_image":false},"product_cat":[16040,25335],"product_tag":[25039,17115,18368,16547,25023,17812],"acf":[],"yoast_head":"<!-- This site is optimized with the Yoast SEO Premium plugin v18.6 (Yoast SEO v19.13) - https:\/\/yoast.com\/wordpress\/plugins\/seo\/ -->\n<title>ZWILLING PRO Esp\u00e1tula - Erresse Shop<\/title>\n<meta name=\"description\" content=\"Los requisitos que se exigen a los utensilios de cocina modernos son muy altos. Adem\u00e1s de ser absolutamente funcionales, deben poder presentarse en la\" \/>\n<meta name=\"robots\" content=\"index, follow, max-snippet:-1, max-image-preview:large, max-video-preview:-1\" \/>\n<link rel=\"canonical\" href=\"https:\/\/www.erresse-shop.it\/es\/shop\/cocina\/herramientas\/zwilling-pro-espatula-de-silicona-copia-2\/\" \/>\n<meta property=\"og:locale\" content=\"es_ES\" \/>\n<meta property=\"og:type\" content=\"article\" \/>\n<meta property=\"og:title\" content=\"ZWILLING PRO Esp\u00e1tula\" \/>\n<meta property=\"og:description\" content=\"Los requisitos que se exigen a los utensilios de cocina modernos son muy altos. Adem\u00e1s de ser absolutamente funcionales, deben poder presentarse en la\" \/>\n<meta property=\"og:url\" content=\"https:\/\/www.erresse-shop.it\/es\/shop\/cocina\/herramientas\/zwilling-pro-espatula-de-silicona-copia-2\/\" \/>\n<meta property=\"og:site_name\" content=\"Erresse Shop\" \/>\n<meta property=\"article:modified_time\" content=\"2024-10-25T10:48:37+00:00\" \/>\n<meta property=\"og:image\" content=\"https:\/\/www.erresse-shop.it\/wp-content\/uploads\/2024\/07\/ZWILLING-PRO-Spatola-1.png\" \/>\n\t<meta property=\"og:image:width\" content=\"800\" \/>\n\t<meta property=\"og:image:height\" content=\"800\" \/>\n\t<meta property=\"og:image:type\" content=\"image\/png\" \/>\n<meta name=\"twitter:card\" content=\"summary_large_image\" \/>\n<script type=\"application\/ld+json\" class=\"yoast-schema-graph\">{\"@context\":\"https:\/\/schema.org\",\"@graph\":[{\"@type\":\"WebPage\",\"@id\":\"https:\/\/www.erresse-shop.it\/es\/shop\/cocina\/herramientas\/zwilling-pro-espatula-de-silicona-copia-2\/\",\"url\":\"https:\/\/www.erresse-shop.it\/es\/shop\/cocina\/herramientas\/zwilling-pro-espatula-de-silicona-copia-2\/\",\"name\":\"ZWILLING PRO Esp\u00e1tula - Erresse Shop\",\"isPartOf\":{\"@id\":\"https:\/\/www.erresse-shop.it\/es\/#website\"},\"datePublished\":\"2024-07-15T13:16:31+00:00\",\"dateModified\":\"2024-10-25T10:48:37+00:00\",\"description\":\"Los requisitos que se exigen a los utensilios de cocina modernos son muy altos. Adem\u00e1s de ser absolutamente funcionales, deben poder presentarse en la\",\"breadcrumb\":{\"@id\":\"https:\/\/www.erresse-shop.it\/es\/shop\/cocina\/herramientas\/zwilling-pro-espatula-de-silicona-copia-2\/#breadcrumb\"},\"inLanguage\":\"es\",\"potentialAction\":[{\"@type\":\"ReadAction\",\"target\":[\"https:\/\/www.erresse-shop.it\/es\/shop\/cocina\/herramientas\/zwilling-pro-espatula-de-silicona-copia-2\/\"]}]},{\"@type\":\"BreadcrumbList\",\"@id\":\"https:\/\/www.erresse-shop.it\/es\/shop\/cocina\/herramientas\/zwilling-pro-espatula-de-silicona-copia-2\/#breadcrumb\",\"itemListElement\":[{\"@type\":\"ListItem\",\"position\":1,\"name\":\"Home\",\"item\":\"https:\/\/www.erresse-shop.it\/es\/\"},{\"@type\":\"ListItem\",\"position\":2,\"name\":\"Shop\",\"item\":\"https:\/\/www.erresse-shop.it\/es\/shop\/\"},{\"@type\":\"ListItem\",\"position\":3,\"name\":\"ZWILLING PRO Esp\u00e1tula\"}]},{\"@type\":\"WebSite\",\"@id\":\"https:\/\/www.erresse-shop.it\/es\/#website\",\"url\":\"https:\/\/www.erresse-shop.it\/es\/\",\"name\":\"Erresse Shop\",\"description\":\"Articoli di qualit\u00e0 per la casa\",\"potentialAction\":[{\"@type\":\"SearchAction\",\"target\":{\"@type\":\"EntryPoint\",\"urlTemplate\":\"https:\/\/www.erresse-shop.it\/es\/?s={search_term_string}\"},\"query-input\":\"required name=search_term_string\"}],\"inLanguage\":\"es\"}]}<\/script>\n<!-- \/ Yoast SEO Premium plugin. -->","yoast_head_json":{"title":"ZWILLING PRO Esp\u00e1tula - Erresse Shop","description":"Los requisitos que se exigen a los utensilios de cocina modernos son muy altos. Adem\u00e1s de ser absolutamente funcionales, deben poder presentarse en la","robots":{"index":"index","follow":"follow","max-snippet":"max-snippet:-1","max-image-preview":"max-image-preview:large","max-video-preview":"max-video-preview:-1"},"canonical":"https:\/\/www.erresse-shop.it\/es\/shop\/cocina\/herramientas\/zwilling-pro-espatula-de-silicona-copia-2\/","og_locale":"es_ES","og_type":"article","og_title":"ZWILLING PRO Esp\u00e1tula","og_description":"Los requisitos que se exigen a los utensilios de cocina modernos son muy altos. Adem\u00e1s de ser absolutamente funcionales, deben poder presentarse en la","og_url":"https:\/\/www.erresse-shop.it\/es\/shop\/cocina\/herramientas\/zwilling-pro-espatula-de-silicona-copia-2\/","og_site_name":"Erresse Shop","article_modified_time":"2024-10-25T10:48:37+00:00","og_image":[{"width":800,"height":800,"url":"https:\/\/www.erresse-shop.it\/wp-content\/uploads\/2024\/07\/ZWILLING-PRO-Spatola-1.png","type":"image\/png"}],"twitter_card":"summary_large_image","schema":{"@context":"https:\/\/schema.org","@graph":[{"@type":"WebPage","@id":"https:\/\/www.erresse-shop.it\/es\/shop\/cocina\/herramientas\/zwilling-pro-espatula-de-silicona-copia-2\/","url":"https:\/\/www.erresse-shop.it\/es\/shop\/cocina\/herramientas\/zwilling-pro-espatula-de-silicona-copia-2\/","name":"ZWILLING PRO Esp\u00e1tula - Erresse Shop","isPartOf":{"@id":"https:\/\/www.erresse-shop.it\/es\/#website"},"datePublished":"2024-07-15T13:16:31+00:00","dateModified":"2024-10-25T10:48:37+00:00","description":"Los requisitos que se exigen a los utensilios de cocina modernos son muy altos. Adem\u00e1s de ser absolutamente funcionales, deben poder presentarse en la","breadcrumb":{"@id":"https:\/\/www.erresse-shop.it\/es\/shop\/cocina\/herramientas\/zwilling-pro-espatula-de-silicona-copia-2\/#breadcrumb"},"inLanguage":"es","potentialAction":[{"@type":"ReadAction","target":["https:\/\/www.erresse-shop.it\/es\/shop\/cocina\/herramientas\/zwilling-pro-espatula-de-silicona-copia-2\/"]}]},{"@type":"BreadcrumbList","@id":"https:\/\/www.erresse-shop.it\/es\/shop\/cocina\/herramientas\/zwilling-pro-espatula-de-silicona-copia-2\/#breadcrumb","itemListElement":[{"@type":"ListItem","position":1,"name":"Home","item":"https:\/\/www.erresse-shop.it\/es\/"},{"@type":"ListItem","position":2,"name":"Shop","item":"https:\/\/www.erresse-shop.it\/es\/shop\/"},{"@type":"ListItem","position":3,"name":"ZWILLING PRO Esp\u00e1tula"}]},{"@type":"WebSite","@id":"https:\/\/www.erresse-shop.it\/es\/#website","url":"https:\/\/www.erresse-shop.it\/es\/","name":"Erresse Shop","description":"Articoli di qualit\u00e0 per la casa","potentialAction":[{"@type":"SearchAction","target":{"@type":"EntryPoint","urlTemplate":"https:\/\/www.erresse-shop.it\/es\/?s={search_term_string}"},"query-input":"required name=search_term_string"}],"inLanguage":"es"}]}},"df_price":13.475,"df_sale_price":13.475,"df_regular_price":26.95,"df_image_link":"https:\/\/www.erresse-shop.it\/wp-content\/uploads\/2024\/07\/ZWILLING-PRO-Spatola-300x300.jpg","_links":{"self":[{"href":"https:\/\/www.erresse-shop.it\/es\/wp-json\/wp\/v2\/product\/421470"}],"collection":[{"href":"https:\/\/www.erresse-shop.it\/es\/wp-json\/wp\/v2\/product"}],"about":[{"href":"https:\/\/www.erresse-shop.it\/es\/wp-json\/wp\/v2\/types\/product"}],"wp:featuredmedia":[{"embeddable":true,"href":"https:\/\/www.erresse-shop.it\/es\/wp-json\/wp\/v2\/media\/509316"}],"wp:attachment":[{"href":"https:\/\/www.erresse-shop.it\/es\/wp-json\/wp\/v2\/media?parent=421470"}],"wp:term":[{"taxonomy":"product_cat","embeddable":true,"href":"https:\/\/www.erresse-shop.it\/es\/wp-json\/wp\/v2\/product_cat?post=421470"},{"taxonomy":"product_tag","embeddable":true,"href":"https:\/\/www.erresse-shop.it\/es\/wp-json\/wp\/v2\/product_tag?post=421470"}],"curies":[{"name":"wp","href":"https:\/\/api.w.org\/{rel}","templated":true}]}}