{"id":421401,"date":"2024-07-15T10:26:39","date_gmt":"2024-07-15T10:26:41","guid":{"rendered":"https:\/\/www.erresse-shop.it\/?post_type=product&#038;p=421401"},"modified":"2024-10-25T12:23:39","modified_gmt":"2024-10-25T12:23:39","slug":"zwilling-pro-espatula-de-silicona-para-wok-copia","status":"publish","type":"product","link":"https:\/\/www.erresse-shop.it\/es\/shop\/cocina\/herramientas\/zwilling-pro-espatula-de-silicona-para-wok-copia\/","title":{"rendered":"ZWILLING PRO Esp\u00e1tula para wok"},"content":{"rendered":"<p>Cocinar con un wok es a\u00fan m\u00e1s divertido con la esp\u00e1tula de la colecci\u00f3n Pro de ZWILLING. Es ideal para sofre\u00edr, como suele ocurrir con el wok en el que se fr\u00eden r\u00e1pidamente los ingredientes frescos revolviendo y removi\u00e9ndolos. La esp\u00e1tula es f\u00e1cil de manejar gracias al dise\u00f1o ergon\u00f3mico y satinado del mango. As\u00ed podr\u00e1s cocinar con energ\u00eda, pero sin esfuerzo. Gracias al anillo para colgar con el que est\u00e1 equipado el bonito mango, tambi\u00e9n puedes colgar la esp\u00e1tula en la barra de herramientas para ahorrar espacio. Esto te permitir\u00e1 no s\u00f3lo tener la esp\u00e1tula siempre a mano, sino tambi\u00e9n darle un toque de dise\u00f1o a tu cocina. Los dise\u00f1adores de renombre mundial Matteo Thun y Antonio Rodr\u00edguez se dedicaron sobre todo a lograr una funcionalidad absoluta y una est\u00e9tica excepcional. Junto con el resto de accesorios de cocina de la colecci\u00f3n Pro, crea un aspecto minimalista y uniforme que puede enriquecer cualquier tipo de cocina. Esta esp\u00e1tula sin costuras est\u00e1 hecha de acero inoxidable cepillado y se puede lavar en el lavavajillas.<\/p>\n<ul>\n<li>Dise\u00f1o minimalista de Matteo Thun y Antonio Rodr\u00edguez<\/li>\n<li>Fabricado en acero inoxidable de alta calidad<\/li>\n<li>Mangos de dise\u00f1o ergon\u00f3mico para trabajar sin esfuerzo, con transici\u00f3n continua al v\u00e1stago para una m\u00e1xima higiene<\/li>\n<li>Apto para lavavajillas<\/li>\n<li>Para remover y servir alimentos directamente del wok<\/li>\n<\/ul>\n","protected":false},"excerpt":{"rendered":"<p>Cocinar con un wok es a\u00fan m\u00e1s divertido con la esp\u00e1tula de la colecci\u00f3n Pro de ZWILLING. Es ideal para<\/p>\n","protected":false},"featured_media":512593,"template":"","meta":{"_acf_changed":false,"inline_featured_image":false},"product_cat":[16040,25335],"product_tag":[25039,17115,18368,16547,25023,16239],"acf":[],"yoast_head":"<!-- This site is optimized with the Yoast SEO Premium plugin v18.6 (Yoast SEO v19.13) - https:\/\/yoast.com\/wordpress\/plugins\/seo\/ -->\n<title>ZWILLING PRO Esp\u00e1tula para wok - Erresse Shop<\/title>\n<meta name=\"description\" content=\"Cocinar con un wok es a\u00fan m\u00e1s divertido con la esp\u00e1tula de la colecci\u00f3n Pro de ZWILLING. Es ideal para sofre\u00edr, como suele ocurrir con el wok en el que se\" \/>\n<meta name=\"robots\" content=\"index, follow, max-snippet:-1, max-image-preview:large, max-video-preview:-1\" \/>\n<link rel=\"canonical\" href=\"https:\/\/www.erresse-shop.it\/es\/shop\/cocina\/herramientas\/zwilling-pro-espatula-de-silicona-para-wok-copia\/\" \/>\n<meta property=\"og:locale\" content=\"es_ES\" \/>\n<meta property=\"og:type\" content=\"article\" \/>\n<meta property=\"og:title\" content=\"ZWILLING PRO Esp\u00e1tula para wok\" \/>\n<meta property=\"og:description\" content=\"Cocinar con un wok es a\u00fan m\u00e1s divertido con la esp\u00e1tula de la colecci\u00f3n Pro de ZWILLING. Es ideal para sofre\u00edr, como suele ocurrir con el wok en el que se\" \/>\n<meta property=\"og:url\" content=\"https:\/\/www.erresse-shop.it\/es\/shop\/cocina\/herramientas\/zwilling-pro-espatula-de-silicona-para-wok-copia\/\" \/>\n<meta property=\"og:site_name\" content=\"Erresse Shop\" \/>\n<meta property=\"article:modified_time\" content=\"2024-10-25T12:23:39+00:00\" \/>\n<meta property=\"og:image\" content=\"https:\/\/www.erresse-shop.it\/wp-content\/uploads\/2024\/07\/ZWILLING-PRO-Spatola-per-Wok.png\" \/>\n\t<meta property=\"og:image:width\" content=\"800\" \/>\n\t<meta property=\"og:image:height\" content=\"800\" \/>\n\t<meta property=\"og:image:type\" content=\"image\/png\" \/>\n<meta name=\"twitter:card\" content=\"summary_large_image\" \/>\n<script type=\"application\/ld+json\" class=\"yoast-schema-graph\">{\"@context\":\"https:\/\/schema.org\",\"@graph\":[{\"@type\":\"WebPage\",\"@id\":\"https:\/\/www.erresse-shop.it\/es\/shop\/cocina\/herramientas\/zwilling-pro-espatula-de-silicona-para-wok-copia\/\",\"url\":\"https:\/\/www.erresse-shop.it\/es\/shop\/cocina\/herramientas\/zwilling-pro-espatula-de-silicona-para-wok-copia\/\",\"name\":\"ZWILLING PRO Esp\u00e1tula para wok - Erresse Shop\",\"isPartOf\":{\"@id\":\"https:\/\/www.erresse-shop.it\/es\/#website\"},\"datePublished\":\"2024-07-15T10:26:41+00:00\",\"dateModified\":\"2024-10-25T12:23:39+00:00\",\"description\":\"Cocinar con un wok es a\u00fan m\u00e1s divertido con la esp\u00e1tula de la colecci\u00f3n Pro de ZWILLING. Es ideal para sofre\u00edr, como suele ocurrir con el wok en el que se\",\"breadcrumb\":{\"@id\":\"https:\/\/www.erresse-shop.it\/es\/shop\/cocina\/herramientas\/zwilling-pro-espatula-de-silicona-para-wok-copia\/#breadcrumb\"},\"inLanguage\":\"es\",\"potentialAction\":[{\"@type\":\"ReadAction\",\"target\":[\"https:\/\/www.erresse-shop.it\/es\/shop\/cocina\/herramientas\/zwilling-pro-espatula-de-silicona-para-wok-copia\/\"]}]},{\"@type\":\"BreadcrumbList\",\"@id\":\"https:\/\/www.erresse-shop.it\/es\/shop\/cocina\/herramientas\/zwilling-pro-espatula-de-silicona-para-wok-copia\/#breadcrumb\",\"itemListElement\":[{\"@type\":\"ListItem\",\"position\":1,\"name\":\"Home\",\"item\":\"https:\/\/www.erresse-shop.it\/es\/\"},{\"@type\":\"ListItem\",\"position\":2,\"name\":\"Shop\",\"item\":\"https:\/\/www.erresse-shop.it\/es\/shop\/\"},{\"@type\":\"ListItem\",\"position\":3,\"name\":\"ZWILLING PRO Esp\u00e1tula para wok\"}]},{\"@type\":\"WebSite\",\"@id\":\"https:\/\/www.erresse-shop.it\/es\/#website\",\"url\":\"https:\/\/www.erresse-shop.it\/es\/\",\"name\":\"Erresse Shop\",\"description\":\"Articoli di qualit\u00e0 per la casa\",\"potentialAction\":[{\"@type\":\"SearchAction\",\"target\":{\"@type\":\"EntryPoint\",\"urlTemplate\":\"https:\/\/www.erresse-shop.it\/es\/?s={search_term_string}\"},\"query-input\":\"required name=search_term_string\"}],\"inLanguage\":\"es\"}]}<\/script>\n<!-- \/ Yoast SEO Premium plugin. -->","yoast_head_json":{"title":"ZWILLING PRO Esp\u00e1tula para wok - Erresse Shop","description":"Cocinar con un wok es a\u00fan m\u00e1s divertido con la esp\u00e1tula de la colecci\u00f3n Pro de ZWILLING. Es ideal para sofre\u00edr, como suele ocurrir con el wok en el que se","robots":{"index":"index","follow":"follow","max-snippet":"max-snippet:-1","max-image-preview":"max-image-preview:large","max-video-preview":"max-video-preview:-1"},"canonical":"https:\/\/www.erresse-shop.it\/es\/shop\/cocina\/herramientas\/zwilling-pro-espatula-de-silicona-para-wok-copia\/","og_locale":"es_ES","og_type":"article","og_title":"ZWILLING PRO Esp\u00e1tula para wok","og_description":"Cocinar con un wok es a\u00fan m\u00e1s divertido con la esp\u00e1tula de la colecci\u00f3n Pro de ZWILLING. Es ideal para sofre\u00edr, como suele ocurrir con el wok en el que se","og_url":"https:\/\/www.erresse-shop.it\/es\/shop\/cocina\/herramientas\/zwilling-pro-espatula-de-silicona-para-wok-copia\/","og_site_name":"Erresse Shop","article_modified_time":"2024-10-25T12:23:39+00:00","og_image":[{"width":800,"height":800,"url":"https:\/\/www.erresse-shop.it\/wp-content\/uploads\/2024\/07\/ZWILLING-PRO-Spatola-per-Wok.png","type":"image\/png"}],"twitter_card":"summary_large_image","schema":{"@context":"https:\/\/schema.org","@graph":[{"@type":"WebPage","@id":"https:\/\/www.erresse-shop.it\/es\/shop\/cocina\/herramientas\/zwilling-pro-espatula-de-silicona-para-wok-copia\/","url":"https:\/\/www.erresse-shop.it\/es\/shop\/cocina\/herramientas\/zwilling-pro-espatula-de-silicona-para-wok-copia\/","name":"ZWILLING PRO Esp\u00e1tula para wok - Erresse Shop","isPartOf":{"@id":"https:\/\/www.erresse-shop.it\/es\/#website"},"datePublished":"2024-07-15T10:26:41+00:00","dateModified":"2024-10-25T12:23:39+00:00","description":"Cocinar con un wok es a\u00fan m\u00e1s divertido con la esp\u00e1tula de la colecci\u00f3n Pro de ZWILLING. Es ideal para sofre\u00edr, como suele ocurrir con el wok en el que se","breadcrumb":{"@id":"https:\/\/www.erresse-shop.it\/es\/shop\/cocina\/herramientas\/zwilling-pro-espatula-de-silicona-para-wok-copia\/#breadcrumb"},"inLanguage":"es","potentialAction":[{"@type":"ReadAction","target":["https:\/\/www.erresse-shop.it\/es\/shop\/cocina\/herramientas\/zwilling-pro-espatula-de-silicona-para-wok-copia\/"]}]},{"@type":"BreadcrumbList","@id":"https:\/\/www.erresse-shop.it\/es\/shop\/cocina\/herramientas\/zwilling-pro-espatula-de-silicona-para-wok-copia\/#breadcrumb","itemListElement":[{"@type":"ListItem","position":1,"name":"Home","item":"https:\/\/www.erresse-shop.it\/es\/"},{"@type":"ListItem","position":2,"name":"Shop","item":"https:\/\/www.erresse-shop.it\/es\/shop\/"},{"@type":"ListItem","position":3,"name":"ZWILLING PRO Esp\u00e1tula para wok"}]},{"@type":"WebSite","@id":"https:\/\/www.erresse-shop.it\/es\/#website","url":"https:\/\/www.erresse-shop.it\/es\/","name":"Erresse Shop","description":"Articoli di qualit\u00e0 per la casa","potentialAction":[{"@type":"SearchAction","target":{"@type":"EntryPoint","urlTemplate":"https:\/\/www.erresse-shop.it\/es\/?s={search_term_string}"},"query-input":"required name=search_term_string"}],"inLanguage":"es"}]}},"df_price":13.475,"df_sale_price":13.475,"df_regular_price":26.95,"df_image_link":"https:\/\/www.erresse-shop.it\/wp-content\/uploads\/2024\/07\/ZWILLING-PRO-Spatola-per-Wok-300x300.jpg","_links":{"self":[{"href":"https:\/\/www.erresse-shop.it\/es\/wp-json\/wp\/v2\/product\/421401"}],"collection":[{"href":"https:\/\/www.erresse-shop.it\/es\/wp-json\/wp\/v2\/product"}],"about":[{"href":"https:\/\/www.erresse-shop.it\/es\/wp-json\/wp\/v2\/types\/product"}],"wp:featuredmedia":[{"embeddable":true,"href":"https:\/\/www.erresse-shop.it\/es\/wp-json\/wp\/v2\/media\/512593"}],"wp:attachment":[{"href":"https:\/\/www.erresse-shop.it\/es\/wp-json\/wp\/v2\/media?parent=421401"}],"wp:term":[{"taxonomy":"product_cat","embeddable":true,"href":"https:\/\/www.erresse-shop.it\/es\/wp-json\/wp\/v2\/product_cat?post=421401"},{"taxonomy":"product_tag","embeddable":true,"href":"https:\/\/www.erresse-shop.it\/es\/wp-json\/wp\/v2\/product_tag?post=421401"}],"curies":[{"name":"wp","href":"https:\/\/api.w.org\/{rel}","templated":true}]}}