{"id":421389,"date":"2024-07-15T10:04:57","date_gmt":"2024-07-15T10:05:00","guid":{"rendered":"https:\/\/www.erresse-shop.it\/?post_type=product&#038;p=421389"},"modified":"2024-10-25T12:25:48","modified_gmt":"2024-10-25T12:25:48","slug":"zwilling-pro-espatula-de-silicona-copia","status":"publish","type":"product","link":"https:\/\/www.erresse-shop.it\/es\/shop\/cocina\/herramientas\/zwilling-pro-espatula-de-silicona-copia\/","title":{"rendered":"ZWILLING PRO  Esp\u00e1tula de silicona para wok"},"content":{"rendered":"<p>Cocinar con un wok es a\u00fan m\u00e1s divertido con la esp\u00e1tula de silicona de la colecci\u00f3n ZWILLING Pro. Es ideal para saltear, como se suele hacer con un wok en el que los ingredientes frescos se saltean y giran r\u00e1pidamente. La esp\u00e1tula es f\u00e1cil de manejar gracias al dise\u00f1o ergon\u00f3mico y satinado del v\u00e1stago. El extremo delantero est\u00e1 hecho de silicona resistente al calor que evita rayar la superficie antiadherente del wok. As\u00ed podr\u00e1 cocinar sin miedo a da\u00f1ar la superficie. Gracias a la anilla del bonito mango, tambi\u00e9n puede colgar la esp\u00e1tula en la barra de herramientas para ahorrar espacio. Esto le permite no s\u00f3lo tener la esp\u00e1tula siempre a mano, sino tambi\u00e9n a\u00f1adir un toque de dise\u00f1o a su cocina. Despu\u00e9s de todo, los dise\u00f1adores de renombre mundial Matteo Thun y Antonio Rodr\u00edguez se han dedicado sobre todo a conseguir una funcionalidad absoluta y una est\u00e9tica excepcional e intemporal. Junto con los dem\u00e1s accesorios de cocina de la colecci\u00f3n Pro, crea un aspecto minimalista y uniforme que realza cualquier cocina. Esta esp\u00e1tula de estructura continua est\u00e1 fabricada en acero inoxidable satinado y es apta para el lavavajillas.<\/p>\n<ul>\n<li>Dise\u00f1o minimalista de Matteo Thun y Antonio Rodr\u00edguez<\/li>\n<li>Fabricado en acero inoxidable de alta calidad<\/li>\n<li>Mangos de dise\u00f1o ergon\u00f3mico para trabajar sin esfuerzo, con transici\u00f3n continua al v\u00e1stago para una m\u00e1xima higiene<\/li>\n<li>Apto para lavavajillas<\/li>\n<li>Para remover y servir alimentos directamente del wok<\/li>\n<\/ul>\n","protected":false},"excerpt":{"rendered":"<p>Cocinar con un wok es a\u00fan m\u00e1s divertido con la esp\u00e1tula de silicona de la colecci\u00f3n ZWILLING Pro. Es ideal<\/p>\n","protected":false},"featured_media":509472,"template":"","meta":{"_acf_changed":false,"inline_featured_image":false},"product_cat":[16040,25335],"product_tag":[25039,17115,18368,16547,16239],"acf":[],"yoast_head":"<!-- This site is optimized with the Yoast SEO Premium plugin v18.6 (Yoast SEO v19.13) - https:\/\/yoast.com\/wordpress\/plugins\/seo\/ -->\n<title>ZWILLING PRO Esp\u00e1tula de silicona para wok - Erresse Shop<\/title>\n<meta name=\"description\" content=\"Cocinar con un wok es a\u00fan m\u00e1s divertido con la esp\u00e1tula de silicona de la colecci\u00f3n ZWILLING Pro. Es ideal para saltear, como se suele hacer con un wok en\" \/>\n<meta name=\"robots\" content=\"index, follow, max-snippet:-1, max-image-preview:large, max-video-preview:-1\" \/>\n<link rel=\"canonical\" href=\"https:\/\/www.erresse-shop.it\/es\/shop\/cocina\/herramientas\/zwilling-pro-espatula-de-silicona-copia\/\" \/>\n<meta property=\"og:locale\" content=\"es_ES\" \/>\n<meta property=\"og:type\" content=\"article\" \/>\n<meta property=\"og:title\" content=\"ZWILLING PRO Esp\u00e1tula de silicona para wok\" \/>\n<meta property=\"og:description\" content=\"Cocinar con un wok es a\u00fan m\u00e1s divertido con la esp\u00e1tula de silicona de la colecci\u00f3n ZWILLING Pro. Es ideal para saltear, como se suele hacer con un wok en\" \/>\n<meta property=\"og:url\" content=\"https:\/\/www.erresse-shop.it\/es\/shop\/cocina\/herramientas\/zwilling-pro-espatula-de-silicona-copia\/\" \/>\n<meta property=\"og:site_name\" content=\"Erresse Shop\" \/>\n<meta property=\"article:modified_time\" content=\"2024-10-25T12:25:48+00:00\" \/>\n<meta property=\"og:image\" content=\"https:\/\/www.erresse-shop.it\/wp-content\/uploads\/2024\/07\/ZWILLING-PRO-Spatola-per-Wok-Silicone.png\" \/>\n\t<meta property=\"og:image:width\" content=\"800\" \/>\n\t<meta property=\"og:image:height\" content=\"800\" \/>\n\t<meta property=\"og:image:type\" content=\"image\/png\" \/>\n<meta name=\"twitter:card\" content=\"summary_large_image\" \/>\n<script type=\"application\/ld+json\" class=\"yoast-schema-graph\">{\"@context\":\"https:\/\/schema.org\",\"@graph\":[{\"@type\":\"WebPage\",\"@id\":\"https:\/\/www.erresse-shop.it\/es\/shop\/cocina\/herramientas\/zwilling-pro-espatula-de-silicona-copia\/\",\"url\":\"https:\/\/www.erresse-shop.it\/es\/shop\/cocina\/herramientas\/zwilling-pro-espatula-de-silicona-copia\/\",\"name\":\"ZWILLING PRO Esp\u00e1tula de silicona para wok - Erresse Shop\",\"isPartOf\":{\"@id\":\"https:\/\/www.erresse-shop.it\/es\/#website\"},\"datePublished\":\"2024-07-15T10:05:00+00:00\",\"dateModified\":\"2024-10-25T12:25:48+00:00\",\"description\":\"Cocinar con un wok es a\u00fan m\u00e1s divertido con la esp\u00e1tula de silicona de la colecci\u00f3n ZWILLING Pro. Es ideal para saltear, como se suele hacer con un wok en\",\"breadcrumb\":{\"@id\":\"https:\/\/www.erresse-shop.it\/es\/shop\/cocina\/herramientas\/zwilling-pro-espatula-de-silicona-copia\/#breadcrumb\"},\"inLanguage\":\"es\",\"potentialAction\":[{\"@type\":\"ReadAction\",\"target\":[\"https:\/\/www.erresse-shop.it\/es\/shop\/cocina\/herramientas\/zwilling-pro-espatula-de-silicona-copia\/\"]}]},{\"@type\":\"BreadcrumbList\",\"@id\":\"https:\/\/www.erresse-shop.it\/es\/shop\/cocina\/herramientas\/zwilling-pro-espatula-de-silicona-copia\/#breadcrumb\",\"itemListElement\":[{\"@type\":\"ListItem\",\"position\":1,\"name\":\"Home\",\"item\":\"https:\/\/www.erresse-shop.it\/es\/\"},{\"@type\":\"ListItem\",\"position\":2,\"name\":\"Shop\",\"item\":\"https:\/\/www.erresse-shop.it\/es\/shop\/\"},{\"@type\":\"ListItem\",\"position\":3,\"name\":\"ZWILLING PRO Esp\u00e1tula de silicona para wok\"}]},{\"@type\":\"WebSite\",\"@id\":\"https:\/\/www.erresse-shop.it\/es\/#website\",\"url\":\"https:\/\/www.erresse-shop.it\/es\/\",\"name\":\"Erresse Shop\",\"description\":\"Articoli di qualit\u00e0 per la casa\",\"potentialAction\":[{\"@type\":\"SearchAction\",\"target\":{\"@type\":\"EntryPoint\",\"urlTemplate\":\"https:\/\/www.erresse-shop.it\/es\/?s={search_term_string}\"},\"query-input\":\"required name=search_term_string\"}],\"inLanguage\":\"es\"}]}<\/script>\n<!-- \/ Yoast SEO Premium plugin. -->","yoast_head_json":{"title":"ZWILLING PRO Esp\u00e1tula de silicona para wok - Erresse Shop","description":"Cocinar con un wok es a\u00fan m\u00e1s divertido con la esp\u00e1tula de silicona de la colecci\u00f3n ZWILLING Pro. Es ideal para saltear, como se suele hacer con un wok en","robots":{"index":"index","follow":"follow","max-snippet":"max-snippet:-1","max-image-preview":"max-image-preview:large","max-video-preview":"max-video-preview:-1"},"canonical":"https:\/\/www.erresse-shop.it\/es\/shop\/cocina\/herramientas\/zwilling-pro-espatula-de-silicona-copia\/","og_locale":"es_ES","og_type":"article","og_title":"ZWILLING PRO Esp\u00e1tula de silicona para wok","og_description":"Cocinar con un wok es a\u00fan m\u00e1s divertido con la esp\u00e1tula de silicona de la colecci\u00f3n ZWILLING Pro. Es ideal para saltear, como se suele hacer con un wok en","og_url":"https:\/\/www.erresse-shop.it\/es\/shop\/cocina\/herramientas\/zwilling-pro-espatula-de-silicona-copia\/","og_site_name":"Erresse Shop","article_modified_time":"2024-10-25T12:25:48+00:00","og_image":[{"width":800,"height":800,"url":"https:\/\/www.erresse-shop.it\/wp-content\/uploads\/2024\/07\/ZWILLING-PRO-Spatola-per-Wok-Silicone.png","type":"image\/png"}],"twitter_card":"summary_large_image","schema":{"@context":"https:\/\/schema.org","@graph":[{"@type":"WebPage","@id":"https:\/\/www.erresse-shop.it\/es\/shop\/cocina\/herramientas\/zwilling-pro-espatula-de-silicona-copia\/","url":"https:\/\/www.erresse-shop.it\/es\/shop\/cocina\/herramientas\/zwilling-pro-espatula-de-silicona-copia\/","name":"ZWILLING PRO Esp\u00e1tula de silicona para wok - Erresse Shop","isPartOf":{"@id":"https:\/\/www.erresse-shop.it\/es\/#website"},"datePublished":"2024-07-15T10:05:00+00:00","dateModified":"2024-10-25T12:25:48+00:00","description":"Cocinar con un wok es a\u00fan m\u00e1s divertido con la esp\u00e1tula de silicona de la colecci\u00f3n ZWILLING Pro. Es ideal para saltear, como se suele hacer con un wok en","breadcrumb":{"@id":"https:\/\/www.erresse-shop.it\/es\/shop\/cocina\/herramientas\/zwilling-pro-espatula-de-silicona-copia\/#breadcrumb"},"inLanguage":"es","potentialAction":[{"@type":"ReadAction","target":["https:\/\/www.erresse-shop.it\/es\/shop\/cocina\/herramientas\/zwilling-pro-espatula-de-silicona-copia\/"]}]},{"@type":"BreadcrumbList","@id":"https:\/\/www.erresse-shop.it\/es\/shop\/cocina\/herramientas\/zwilling-pro-espatula-de-silicona-copia\/#breadcrumb","itemListElement":[{"@type":"ListItem","position":1,"name":"Home","item":"https:\/\/www.erresse-shop.it\/es\/"},{"@type":"ListItem","position":2,"name":"Shop","item":"https:\/\/www.erresse-shop.it\/es\/shop\/"},{"@type":"ListItem","position":3,"name":"ZWILLING PRO Esp\u00e1tula de silicona para wok"}]},{"@type":"WebSite","@id":"https:\/\/www.erresse-shop.it\/es\/#website","url":"https:\/\/www.erresse-shop.it\/es\/","name":"Erresse Shop","description":"Articoli di qualit\u00e0 per la casa","potentialAction":[{"@type":"SearchAction","target":{"@type":"EntryPoint","urlTemplate":"https:\/\/www.erresse-shop.it\/es\/?s={search_term_string}"},"query-input":"required name=search_term_string"}],"inLanguage":"es"}]}},"df_price":19.95,"df_sale_price":19.95,"df_regular_price":29.95,"df_image_link":"https:\/\/www.erresse-shop.it\/wp-content\/uploads\/2024\/07\/ZWILLING-PRO-Spatola-per-Wok-Silicone-300x300.jpg","_links":{"self":[{"href":"https:\/\/www.erresse-shop.it\/es\/wp-json\/wp\/v2\/product\/421389"}],"collection":[{"href":"https:\/\/www.erresse-shop.it\/es\/wp-json\/wp\/v2\/product"}],"about":[{"href":"https:\/\/www.erresse-shop.it\/es\/wp-json\/wp\/v2\/types\/product"}],"wp:featuredmedia":[{"embeddable":true,"href":"https:\/\/www.erresse-shop.it\/es\/wp-json\/wp\/v2\/media\/509472"}],"wp:attachment":[{"href":"https:\/\/www.erresse-shop.it\/es\/wp-json\/wp\/v2\/media?parent=421389"}],"wp:term":[{"taxonomy":"product_cat","embeddable":true,"href":"https:\/\/www.erresse-shop.it\/es\/wp-json\/wp\/v2\/product_cat?post=421389"},{"taxonomy":"product_tag","embeddable":true,"href":"https:\/\/www.erresse-shop.it\/es\/wp-json\/wp\/v2\/product_tag?post=421389"}],"curies":[{"name":"wp","href":"https:\/\/api.w.org\/{rel}","templated":true}]}}