{"id":421382,"date":"2024-07-15T09:42:24","date_gmt":"2024-07-15T09:42:26","guid":{"rendered":"https:\/\/www.erresse-shop.it\/?post_type=product&#038;p=421382"},"modified":"2024-10-25T12:27:42","modified_gmt":"2024-10-25T12:27:42","slug":"zwilling-pro-cortadora-de-queso-dentada-copia-2","status":"publish","type":"product","link":"https:\/\/www.erresse-shop.it\/es\/shop\/cocina\/herramientas\/zwilling-pro-cortadora-de-queso-dentada-copia-2\/","title":{"rendered":"ZWILLING PRO Cortadora de queso"},"content":{"rendered":"<p>\u00bfLe gusta el queso? Nosotros tambi\u00e9n. Por eso nos hemos asociado con Matteo Thun y Antonio Rodr\u00edguez para desarrollar una cortadora de queso que supera incluso las exigencias m\u00e1s estrictas. Todo comienza con los materiales: es sobre todo el acero inoxidable de alta calidad y la mano de obra fina que hacen de este cortador de queso de la colecci\u00f3n ZWILLING Pro un producto excepcional. Todos los componentes funcionales est\u00e1n firmemente unidos para crear un objeto extremadamente robusto y duradero. Como el acero es en parte mate, el resultado final es un interesante contraste entre superficies brillantes y mates. El cortador de queso tambi\u00e9n queda bien simplemente colgado de la barra de herramientas. La anilla integrada en el mango tiene el tama\u00f1o perfecto para adaptarse f\u00e1cilmente a todo tipo de ganchos de cocina. El mango es perfectamente manejable gracias a su dise\u00f1o ergon\u00f3mico. El magn\u00edfico afilado de esta cortadora de queso es \u00fatil no s\u00f3lo para obtener perfectas escamas de queso, sino tambi\u00e9n de chocolate. Sea cual sea el uso que quiera darle, una vez utilizado podr\u00e1 lavarlo c\u00f3modamente en el lavavajillas.<\/p>\n<ul>\n<li>Dise\u00f1o minimalista de Matteo Thun y Antonio Rodr\u00edguez<\/li>\n<li>Fabricado en acero inoxidable de alta calidad<\/li>\n<li>Asas de dise\u00f1o ergon\u00f3mico para trabajar sin esfuerzo, con transici\u00f3n continua al v\u00e1stago para una m\u00e1xima higiene<\/li>\n<li>Todos los componentes funcionales est\u00e1n firmemente unidos al mango<\/li>\n<li>Apto para lavavajillas<\/li>\n<\/ul>\n","protected":false},"excerpt":{"rendered":"<p>\u00bfLe gusta el queso? Nosotros tambi\u00e9n. Por eso nos hemos asociado con Matteo Thun y Antonio Rodr\u00edguez para desarrollar una<\/p>\n","protected":false},"featured_media":0,"template":"","meta":{"_acf_changed":false,"inline_featured_image":false},"product_cat":[16040,25335],"product_tag":[25039,17115,16162,16547,19077,25023],"acf":[],"yoast_head":"<!-- This site is optimized with the Yoast SEO Premium plugin v18.6 (Yoast SEO v19.13) - https:\/\/yoast.com\/wordpress\/plugins\/seo\/ -->\n<title>ZWILLING PRO Cortadora de queso - Erresse Shop<\/title>\n<meta name=\"description\" content=\"\u00bfLe gusta el queso? Nosotros tambi\u00e9n. Por eso nos hemos asociado con Matteo Thun y Antonio Rodr\u00edguez para desarrollar una cortadora de queso que supera\" \/>\n<meta name=\"robots\" content=\"index, follow, max-snippet:-1, max-image-preview:large, max-video-preview:-1\" \/>\n<link rel=\"canonical\" href=\"https:\/\/www.erresse-shop.it\/es\/shop\/cocina\/herramientas\/zwilling-pro-cortadora-de-queso-dentada-copia-2\/\" \/>\n<meta property=\"og:locale\" content=\"es_ES\" \/>\n<meta property=\"og:type\" content=\"article\" \/>\n<meta property=\"og:title\" content=\"ZWILLING PRO Cortadora de queso\" \/>\n<meta property=\"og:description\" content=\"\u00bfLe gusta el queso? Nosotros tambi\u00e9n. Por eso nos hemos asociado con Matteo Thun y Antonio Rodr\u00edguez para desarrollar una cortadora de queso que supera\" \/>\n<meta property=\"og:url\" content=\"https:\/\/www.erresse-shop.it\/es\/shop\/cocina\/herramientas\/zwilling-pro-cortadora-de-queso-dentada-copia-2\/\" \/>\n<meta property=\"og:site_name\" content=\"Erresse Shop\" \/>\n<meta property=\"article:modified_time\" content=\"2024-10-25T12:27:42+00:00\" \/>\n<meta property=\"og:image\" content=\"https:\/\/www.erresse-shop.it\/wp-content\/uploads\/2024\/07\/ZWILLING-PRO-Affetta-Formaggio-Seghettato.png\" \/>\n\t<meta property=\"og:image:width\" content=\"800\" \/>\n\t<meta property=\"og:image:height\" content=\"800\" \/>\n\t<meta property=\"og:image:type\" content=\"image\/png\" \/>\n<meta name=\"twitter:card\" content=\"summary_large_image\" \/>\n<script type=\"application\/ld+json\" class=\"yoast-schema-graph\">{\"@context\":\"https:\/\/schema.org\",\"@graph\":[{\"@type\":\"WebPage\",\"@id\":\"https:\/\/www.erresse-shop.it\/es\/shop\/cocina\/herramientas\/zwilling-pro-cortadora-de-queso-dentada-copia-2\/\",\"url\":\"https:\/\/www.erresse-shop.it\/es\/shop\/cocina\/herramientas\/zwilling-pro-cortadora-de-queso-dentada-copia-2\/\",\"name\":\"ZWILLING PRO Cortadora de queso - Erresse Shop\",\"isPartOf\":{\"@id\":\"https:\/\/www.erresse-shop.it\/es\/#website\"},\"datePublished\":\"2024-07-15T09:42:26+00:00\",\"dateModified\":\"2024-10-25T12:27:42+00:00\",\"description\":\"\u00bfLe gusta el queso? Nosotros tambi\u00e9n. Por eso nos hemos asociado con Matteo Thun y Antonio Rodr\u00edguez para desarrollar una cortadora de queso que supera\",\"breadcrumb\":{\"@id\":\"https:\/\/www.erresse-shop.it\/es\/shop\/cocina\/herramientas\/zwilling-pro-cortadora-de-queso-dentada-copia-2\/#breadcrumb\"},\"inLanguage\":\"es\",\"potentialAction\":[{\"@type\":\"ReadAction\",\"target\":[\"https:\/\/www.erresse-shop.it\/es\/shop\/cocina\/herramientas\/zwilling-pro-cortadora-de-queso-dentada-copia-2\/\"]}]},{\"@type\":\"BreadcrumbList\",\"@id\":\"https:\/\/www.erresse-shop.it\/es\/shop\/cocina\/herramientas\/zwilling-pro-cortadora-de-queso-dentada-copia-2\/#breadcrumb\",\"itemListElement\":[{\"@type\":\"ListItem\",\"position\":1,\"name\":\"Home\",\"item\":\"https:\/\/www.erresse-shop.it\/es\/\"},{\"@type\":\"ListItem\",\"position\":2,\"name\":\"Shop\",\"item\":\"https:\/\/www.erresse-shop.it\/es\/shop\/\"},{\"@type\":\"ListItem\",\"position\":3,\"name\":\"ZWILLING PRO Cortadora de queso\"}]},{\"@type\":\"WebSite\",\"@id\":\"https:\/\/www.erresse-shop.it\/es\/#website\",\"url\":\"https:\/\/www.erresse-shop.it\/es\/\",\"name\":\"Erresse Shop\",\"description\":\"Articoli di qualit\u00e0 per la casa\",\"potentialAction\":[{\"@type\":\"SearchAction\",\"target\":{\"@type\":\"EntryPoint\",\"urlTemplate\":\"https:\/\/www.erresse-shop.it\/es\/?s={search_term_string}\"},\"query-input\":\"required name=search_term_string\"}],\"inLanguage\":\"es\"}]}<\/script>\n<!-- \/ Yoast SEO Premium plugin. -->","yoast_head_json":{"title":"ZWILLING PRO Cortadora de queso - Erresse Shop","description":"\u00bfLe gusta el queso? Nosotros tambi\u00e9n. Por eso nos hemos asociado con Matteo Thun y Antonio Rodr\u00edguez para desarrollar una cortadora de queso que supera","robots":{"index":"index","follow":"follow","max-snippet":"max-snippet:-1","max-image-preview":"max-image-preview:large","max-video-preview":"max-video-preview:-1"},"canonical":"https:\/\/www.erresse-shop.it\/es\/shop\/cocina\/herramientas\/zwilling-pro-cortadora-de-queso-dentada-copia-2\/","og_locale":"es_ES","og_type":"article","og_title":"ZWILLING PRO Cortadora de queso","og_description":"\u00bfLe gusta el queso? Nosotros tambi\u00e9n. Por eso nos hemos asociado con Matteo Thun y Antonio Rodr\u00edguez para desarrollar una cortadora de queso que supera","og_url":"https:\/\/www.erresse-shop.it\/es\/shop\/cocina\/herramientas\/zwilling-pro-cortadora-de-queso-dentada-copia-2\/","og_site_name":"Erresse Shop","article_modified_time":"2024-10-25T12:27:42+00:00","og_image":[{"width":800,"height":800,"url":"https:\/\/www.erresse-shop.it\/wp-content\/uploads\/2024\/07\/ZWILLING-PRO-Affetta-Formaggio-Seghettato.png","type":"image\/png"}],"twitter_card":"summary_large_image","schema":{"@context":"https:\/\/schema.org","@graph":[{"@type":"WebPage","@id":"https:\/\/www.erresse-shop.it\/es\/shop\/cocina\/herramientas\/zwilling-pro-cortadora-de-queso-dentada-copia-2\/","url":"https:\/\/www.erresse-shop.it\/es\/shop\/cocina\/herramientas\/zwilling-pro-cortadora-de-queso-dentada-copia-2\/","name":"ZWILLING PRO Cortadora de queso - Erresse Shop","isPartOf":{"@id":"https:\/\/www.erresse-shop.it\/es\/#website"},"datePublished":"2024-07-15T09:42:26+00:00","dateModified":"2024-10-25T12:27:42+00:00","description":"\u00bfLe gusta el queso? Nosotros tambi\u00e9n. Por eso nos hemos asociado con Matteo Thun y Antonio Rodr\u00edguez para desarrollar una cortadora de queso que supera","breadcrumb":{"@id":"https:\/\/www.erresse-shop.it\/es\/shop\/cocina\/herramientas\/zwilling-pro-cortadora-de-queso-dentada-copia-2\/#breadcrumb"},"inLanguage":"es","potentialAction":[{"@type":"ReadAction","target":["https:\/\/www.erresse-shop.it\/es\/shop\/cocina\/herramientas\/zwilling-pro-cortadora-de-queso-dentada-copia-2\/"]}]},{"@type":"BreadcrumbList","@id":"https:\/\/www.erresse-shop.it\/es\/shop\/cocina\/herramientas\/zwilling-pro-cortadora-de-queso-dentada-copia-2\/#breadcrumb","itemListElement":[{"@type":"ListItem","position":1,"name":"Home","item":"https:\/\/www.erresse-shop.it\/es\/"},{"@type":"ListItem","position":2,"name":"Shop","item":"https:\/\/www.erresse-shop.it\/es\/shop\/"},{"@type":"ListItem","position":3,"name":"ZWILLING PRO Cortadora de queso"}]},{"@type":"WebSite","@id":"https:\/\/www.erresse-shop.it\/es\/#website","url":"https:\/\/www.erresse-shop.it\/es\/","name":"Erresse Shop","description":"Articoli di qualit\u00e0 per la casa","potentialAction":[{"@type":"SearchAction","target":{"@type":"EntryPoint","urlTemplate":"https:\/\/www.erresse-shop.it\/es\/?s={search_term_string}"},"query-input":"required name=search_term_string"}],"inLanguage":"es"}]}},"df_price":12.475,"df_sale_price":12.475,"df_regular_price":24.95,"df_image_link":"https:\/\/www.erresse-shop.it\/wp-content\/uploads\/woocommerce-placeholder-300x300.png","_links":{"self":[{"href":"https:\/\/www.erresse-shop.it\/es\/wp-json\/wp\/v2\/product\/421382"}],"collection":[{"href":"https:\/\/www.erresse-shop.it\/es\/wp-json\/wp\/v2\/product"}],"about":[{"href":"https:\/\/www.erresse-shop.it\/es\/wp-json\/wp\/v2\/types\/product"}],"wp:attachment":[{"href":"https:\/\/www.erresse-shop.it\/es\/wp-json\/wp\/v2\/media?parent=421382"}],"wp:term":[{"taxonomy":"product_cat","embeddable":true,"href":"https:\/\/www.erresse-shop.it\/es\/wp-json\/wp\/v2\/product_cat?post=421382"},{"taxonomy":"product_tag","embeddable":true,"href":"https:\/\/www.erresse-shop.it\/es\/wp-json\/wp\/v2\/product_tag?post=421382"}],"curies":[{"name":"wp","href":"https:\/\/api.w.org\/{rel}","templated":true}]}}