{"id":421315,"date":"2024-07-15T08:05:07","date_gmt":"2024-07-15T08:05:08","guid":{"rendered":"https:\/\/www.erresse-shop.it\/?post_type=product&#038;p=421315"},"modified":"2024-10-25T12:46:45","modified_gmt":"2024-10-25T12:46:45","slug":"zwilling-pro-cucharon-para-espaguetis-copia","status":"publish","type":"product","link":"https:\/\/www.erresse-shop.it\/es\/shop\/cocina\/herramientas\/zwilling-pro-cucharon-para-espaguetis-copia\/","title":{"rendered":"ZWILLING PRO Cazo"},"content":{"rendered":"<p>Hay ciertos accesorios que nunca deber\u00edan faltar en una cocina. El cuchar\u00f3n de la colecci\u00f3n ZWILLING Pro es uno de estos accesorios. Puede utilizarlo para mezclar ingredientes mientras cocina o para porcionar y servir. Sea cual sea la funci\u00f3n, este accesorio multiusos nunca le defraudar\u00e1. Su dise\u00f1o funcional combina un aspecto atemporal con unas cualidades de rendimiento superlativas. El cuchar\u00f3n est\u00e1 fabricado en acero inoxidable de alta calidad parcialmente mate. La mezcla resultante de superficies pulidas y mates no s\u00f3lo es incre\u00edblemente decorativa. Gracias al acabado satinado, tambi\u00e9n es agradablemente manejable. Adem\u00e1s, el extremo del mango tiene una forma que garantiza su practicidad. Una l\u00ednea decorativa cortada a l\u00e1ser acent\u00faa el dise\u00f1o minimalista creado por los mundialmente conocidos dise\u00f1adores Matteo Thun y Antonio Rodr\u00edguez. El cazo es resistente a la corrosi\u00f3n y especialmente f\u00e1cil de limpiar, incluso en el lavavajillas si es necesario.<\/p>\n<ul>\n<li>Dise\u00f1o minimalista de Matteo Thun y Antonio Rodr\u00edguez<\/li>\n<li>Fabricado en acero inoxidable de alta calidad<\/li>\n<li>Mangos de dise\u00f1o ergon\u00f3mico para trabajar sin fatiga, con transici\u00f3n continua al v\u00e1stago para una m\u00e1xima higiene<\/li>\n<li>Apto para lavavajillas<\/li>\n<\/ul>\n","protected":false},"excerpt":{"rendered":"<p>Hay ciertos accesorios que nunca deber\u00edan faltar en una cocina. El cuchar\u00f3n de la colecci\u00f3n ZWILLING Pro es uno de<\/p>\n","protected":false},"featured_media":512649,"template":"","meta":{"_acf_changed":false,"inline_featured_image":false},"product_cat":[16040,25335],"product_tag":[25039,17115,21638,16547,25023],"acf":[],"yoast_head":"<!-- This site is optimized with the Yoast SEO Premium plugin v18.6 (Yoast SEO v19.13) - https:\/\/yoast.com\/wordpress\/plugins\/seo\/ -->\n<title>ZWILLING PRO Cazo - Erresse Shop<\/title>\n<meta name=\"description\" content=\"Hay ciertos accesorios que nunca deber\u00edan faltar en una cocina. El cuchar\u00f3n de la colecci\u00f3n ZWILLING Pro es uno de estos accesorios. Puede utilizarlo para\" \/>\n<meta name=\"robots\" content=\"index, follow, max-snippet:-1, max-image-preview:large, max-video-preview:-1\" \/>\n<link rel=\"canonical\" href=\"https:\/\/www.erresse-shop.it\/es\/shop\/cocina\/herramientas\/zwilling-pro-cucharon-para-espaguetis-copia\/\" \/>\n<meta property=\"og:locale\" content=\"es_ES\" \/>\n<meta property=\"og:type\" content=\"article\" \/>\n<meta property=\"og:title\" content=\"ZWILLING PRO Cazo\" \/>\n<meta property=\"og:description\" content=\"Hay ciertos accesorios que nunca deber\u00edan faltar en una cocina. El cuchar\u00f3n de la colecci\u00f3n ZWILLING Pro es uno de estos accesorios. Puede utilizarlo para\" \/>\n<meta property=\"og:url\" content=\"https:\/\/www.erresse-shop.it\/es\/shop\/cocina\/herramientas\/zwilling-pro-cucharon-para-espaguetis-copia\/\" \/>\n<meta property=\"og:site_name\" content=\"Erresse Shop\" \/>\n<meta property=\"article:modified_time\" content=\"2024-10-25T12:46:45+00:00\" \/>\n<meta property=\"og:image\" content=\"https:\/\/www.erresse-shop.it\/wp-content\/uploads\/2024\/07\/ZWILLING-PRO-Mestolo.png\" \/>\n\t<meta property=\"og:image:width\" content=\"800\" \/>\n\t<meta property=\"og:image:height\" content=\"800\" \/>\n\t<meta property=\"og:image:type\" content=\"image\/png\" \/>\n<meta name=\"twitter:card\" content=\"summary_large_image\" \/>\n<script type=\"application\/ld+json\" class=\"yoast-schema-graph\">{\"@context\":\"https:\/\/schema.org\",\"@graph\":[{\"@type\":\"WebPage\",\"@id\":\"https:\/\/www.erresse-shop.it\/es\/shop\/cocina\/herramientas\/zwilling-pro-cucharon-para-espaguetis-copia\/\",\"url\":\"https:\/\/www.erresse-shop.it\/es\/shop\/cocina\/herramientas\/zwilling-pro-cucharon-para-espaguetis-copia\/\",\"name\":\"ZWILLING PRO Cazo - Erresse Shop\",\"isPartOf\":{\"@id\":\"https:\/\/www.erresse-shop.it\/es\/#website\"},\"datePublished\":\"2024-07-15T08:05:08+00:00\",\"dateModified\":\"2024-10-25T12:46:45+00:00\",\"description\":\"Hay ciertos accesorios que nunca deber\u00edan faltar en una cocina. El cuchar\u00f3n de la colecci\u00f3n ZWILLING Pro es uno de estos accesorios. Puede utilizarlo para\",\"breadcrumb\":{\"@id\":\"https:\/\/www.erresse-shop.it\/es\/shop\/cocina\/herramientas\/zwilling-pro-cucharon-para-espaguetis-copia\/#breadcrumb\"},\"inLanguage\":\"es\",\"potentialAction\":[{\"@type\":\"ReadAction\",\"target\":[\"https:\/\/www.erresse-shop.it\/es\/shop\/cocina\/herramientas\/zwilling-pro-cucharon-para-espaguetis-copia\/\"]}]},{\"@type\":\"BreadcrumbList\",\"@id\":\"https:\/\/www.erresse-shop.it\/es\/shop\/cocina\/herramientas\/zwilling-pro-cucharon-para-espaguetis-copia\/#breadcrumb\",\"itemListElement\":[{\"@type\":\"ListItem\",\"position\":1,\"name\":\"Home\",\"item\":\"https:\/\/www.erresse-shop.it\/es\/\"},{\"@type\":\"ListItem\",\"position\":2,\"name\":\"Shop\",\"item\":\"https:\/\/www.erresse-shop.it\/es\/shop\/\"},{\"@type\":\"ListItem\",\"position\":3,\"name\":\"ZWILLING PRO Cazo\"}]},{\"@type\":\"WebSite\",\"@id\":\"https:\/\/www.erresse-shop.it\/es\/#website\",\"url\":\"https:\/\/www.erresse-shop.it\/es\/\",\"name\":\"Erresse Shop\",\"description\":\"Articoli di qualit\u00e0 per la casa\",\"potentialAction\":[{\"@type\":\"SearchAction\",\"target\":{\"@type\":\"EntryPoint\",\"urlTemplate\":\"https:\/\/www.erresse-shop.it\/es\/?s={search_term_string}\"},\"query-input\":\"required name=search_term_string\"}],\"inLanguage\":\"es\"}]}<\/script>\n<!-- \/ Yoast SEO Premium plugin. -->","yoast_head_json":{"title":"ZWILLING PRO Cazo - Erresse Shop","description":"Hay ciertos accesorios que nunca deber\u00edan faltar en una cocina. El cuchar\u00f3n de la colecci\u00f3n ZWILLING Pro es uno de estos accesorios. Puede utilizarlo para","robots":{"index":"index","follow":"follow","max-snippet":"max-snippet:-1","max-image-preview":"max-image-preview:large","max-video-preview":"max-video-preview:-1"},"canonical":"https:\/\/www.erresse-shop.it\/es\/shop\/cocina\/herramientas\/zwilling-pro-cucharon-para-espaguetis-copia\/","og_locale":"es_ES","og_type":"article","og_title":"ZWILLING PRO Cazo","og_description":"Hay ciertos accesorios que nunca deber\u00edan faltar en una cocina. El cuchar\u00f3n de la colecci\u00f3n ZWILLING Pro es uno de estos accesorios. Puede utilizarlo para","og_url":"https:\/\/www.erresse-shop.it\/es\/shop\/cocina\/herramientas\/zwilling-pro-cucharon-para-espaguetis-copia\/","og_site_name":"Erresse Shop","article_modified_time":"2024-10-25T12:46:45+00:00","og_image":[{"width":800,"height":800,"url":"https:\/\/www.erresse-shop.it\/wp-content\/uploads\/2024\/07\/ZWILLING-PRO-Mestolo.png","type":"image\/png"}],"twitter_card":"summary_large_image","schema":{"@context":"https:\/\/schema.org","@graph":[{"@type":"WebPage","@id":"https:\/\/www.erresse-shop.it\/es\/shop\/cocina\/herramientas\/zwilling-pro-cucharon-para-espaguetis-copia\/","url":"https:\/\/www.erresse-shop.it\/es\/shop\/cocina\/herramientas\/zwilling-pro-cucharon-para-espaguetis-copia\/","name":"ZWILLING PRO Cazo - Erresse Shop","isPartOf":{"@id":"https:\/\/www.erresse-shop.it\/es\/#website"},"datePublished":"2024-07-15T08:05:08+00:00","dateModified":"2024-10-25T12:46:45+00:00","description":"Hay ciertos accesorios que nunca deber\u00edan faltar en una cocina. El cuchar\u00f3n de la colecci\u00f3n ZWILLING Pro es uno de estos accesorios. Puede utilizarlo para","breadcrumb":{"@id":"https:\/\/www.erresse-shop.it\/es\/shop\/cocina\/herramientas\/zwilling-pro-cucharon-para-espaguetis-copia\/#breadcrumb"},"inLanguage":"es","potentialAction":[{"@type":"ReadAction","target":["https:\/\/www.erresse-shop.it\/es\/shop\/cocina\/herramientas\/zwilling-pro-cucharon-para-espaguetis-copia\/"]}]},{"@type":"BreadcrumbList","@id":"https:\/\/www.erresse-shop.it\/es\/shop\/cocina\/herramientas\/zwilling-pro-cucharon-para-espaguetis-copia\/#breadcrumb","itemListElement":[{"@type":"ListItem","position":1,"name":"Home","item":"https:\/\/www.erresse-shop.it\/es\/"},{"@type":"ListItem","position":2,"name":"Shop","item":"https:\/\/www.erresse-shop.it\/es\/shop\/"},{"@type":"ListItem","position":3,"name":"ZWILLING PRO Cazo"}]},{"@type":"WebSite","@id":"https:\/\/www.erresse-shop.it\/es\/#website","url":"https:\/\/www.erresse-shop.it\/es\/","name":"Erresse Shop","description":"Articoli di qualit\u00e0 per la casa","potentialAction":[{"@type":"SearchAction","target":{"@type":"EntryPoint","urlTemplate":"https:\/\/www.erresse-shop.it\/es\/?s={search_term_string}"},"query-input":"required name=search_term_string"}],"inLanguage":"es"}]}},"df_price":9.975,"df_sale_price":9.975,"df_regular_price":19.95,"df_image_link":"https:\/\/www.erresse-shop.it\/wp-content\/uploads\/2024\/07\/ZWILLING-PRO-Mestolo-300x300.jpg","_links":{"self":[{"href":"https:\/\/www.erresse-shop.it\/es\/wp-json\/wp\/v2\/product\/421315"}],"collection":[{"href":"https:\/\/www.erresse-shop.it\/es\/wp-json\/wp\/v2\/product"}],"about":[{"href":"https:\/\/www.erresse-shop.it\/es\/wp-json\/wp\/v2\/types\/product"}],"wp:featuredmedia":[{"embeddable":true,"href":"https:\/\/www.erresse-shop.it\/es\/wp-json\/wp\/v2\/media\/512649"}],"wp:attachment":[{"href":"https:\/\/www.erresse-shop.it\/es\/wp-json\/wp\/v2\/media?parent=421315"}],"wp:term":[{"taxonomy":"product_cat","embeddable":true,"href":"https:\/\/www.erresse-shop.it\/es\/wp-json\/wp\/v2\/product_cat?post=421315"},{"taxonomy":"product_tag","embeddable":true,"href":"https:\/\/www.erresse-shop.it\/es\/wp-json\/wp\/v2\/product_tag?post=421315"}],"curies":[{"name":"wp","href":"https:\/\/api.w.org\/{rel}","templated":true}]}}