{"id":421291,"date":"2024-07-15T07:37:38","date_gmt":"2024-07-15T07:37:39","guid":{"rendered":"https:\/\/www.erresse-shop.it\/?post_type=product&#038;p=421291"},"modified":"2024-10-25T12:52:22","modified_gmt":"2024-10-25T12:52:22","slug":"zwilling-pro-cuchara-de-arroz-copia","status":"publish","type":"product","link":"https:\/\/www.erresse-shop.it\/es\/shop\/cocina\/herramientas\/zwilling-pro-cuchara-de-arroz-copia\/","title":{"rendered":"ZWILLING PRO Esp\u00e1tula de silicona"},"content":{"rendered":"<p>Se mire por donde se mire, la esp\u00e1tula de silicona de la colecci\u00f3n ZWILLING Pro siempre muestra su mejor cara. Esto se debe a que ambos lados est\u00e1n dise\u00f1ados para un fin espec\u00edfico. El extremo del mango es de acero inoxidable y tiene un dise\u00f1o ergon\u00f3mico para un manejo m\u00e1ximo y un trabajo sin fatiga incluso a largo plazo. La secci\u00f3n frontal de silicona de este utensilio de reposter\u00eda es resistente al calor y tiene un lado blando y otro duro para superficies lisas y pulidas. Uno de los lados de la secci\u00f3n frontal es especialmente flexible para operaciones de raspado, mientras que el lado en \u00e1ngulo tiene una forma que permite llegar incluso a los lugares m\u00e1s dif\u00edciles de los platos. Esta esp\u00e1tula es tambi\u00e9n un accesorio decorativo de cocina que impresiona por su atractivo dise\u00f1o y su practicidad funcional. El dise\u00f1o desarrollado para la colecci\u00f3n Pro por los dise\u00f1adores de renombre mundial Matteo Thun y Antonio Rodr\u00edguez da como resultado un aspecto elegante caracterizado por un minimalismo funcional atemporal.<\/p>\n<ul>\n<li>Dise\u00f1o minimalista de Matteo Thun y Antonio Rodr\u00edguez<\/li>\n<li>Fabricado en acero inoxidable de alta calidad<\/li>\n<li>Ergon\u00f3mico, con l\u00edneas continuas con el mango para garantizar la m\u00e1xima higiene y la m\u00ednima fatiga durante su uso<\/li>\n<li>Apto para lavavajillas<\/li>\n<li>Se adapta a cuencos de todas las formas y tambi\u00e9n puede utilizarse en ollas y sartenes antiadherentes<\/li>\n<\/ul>\n","protected":false},"excerpt":{"rendered":"<p>Se mire por donde se mire, la esp\u00e1tula de silicona de la colecci\u00f3n ZWILLING Pro siempre muestra su mejor cara.<\/p>\n","protected":false},"featured_media":509394,"template":"","meta":{"_acf_changed":false,"inline_featured_image":false},"product_cat":[16040,25335],"product_tag":[25039,17115,18368,16547,25023],"acf":[],"yoast_head":"<!-- This site is optimized with the Yoast SEO Premium plugin v18.6 (Yoast SEO v19.13) - https:\/\/yoast.com\/wordpress\/plugins\/seo\/ -->\n<title>ZWILLING PRO Esp\u00e1tula de silicona - Erresse Shop<\/title>\n<meta name=\"description\" content=\"Se mire por donde se mire, la esp\u00e1tula de silicona de la colecci\u00f3n ZWILLING Pro siempre muestra su mejor cara. Esto se debe a que ambos lados est\u00e1n\" \/>\n<meta name=\"robots\" content=\"index, follow, max-snippet:-1, max-image-preview:large, max-video-preview:-1\" \/>\n<link rel=\"canonical\" href=\"https:\/\/www.erresse-shop.it\/es\/shop\/cocina\/herramientas\/zwilling-pro-cuchara-de-arroz-copia\/\" \/>\n<meta property=\"og:locale\" content=\"es_ES\" \/>\n<meta property=\"og:type\" content=\"article\" \/>\n<meta property=\"og:title\" content=\"ZWILLING PRO Esp\u00e1tula de silicona\" \/>\n<meta property=\"og:description\" content=\"Se mire por donde se mire, la esp\u00e1tula de silicona de la colecci\u00f3n ZWILLING Pro siempre muestra su mejor cara. Esto se debe a que ambos lados est\u00e1n\" \/>\n<meta property=\"og:url\" content=\"https:\/\/www.erresse-shop.it\/es\/shop\/cocina\/herramientas\/zwilling-pro-cuchara-de-arroz-copia\/\" \/>\n<meta property=\"og:site_name\" content=\"Erresse Shop\" \/>\n<meta property=\"article:modified_time\" content=\"2024-10-25T12:52:22+00:00\" \/>\n<meta property=\"og:image\" content=\"https:\/\/www.erresse-shop.it\/wp-content\/uploads\/2024\/07\/ZWILLING-PRO-Spatola.png\" \/>\n\t<meta property=\"og:image:width\" content=\"800\" \/>\n\t<meta property=\"og:image:height\" content=\"800\" \/>\n\t<meta property=\"og:image:type\" content=\"image\/png\" \/>\n<meta name=\"twitter:card\" content=\"summary_large_image\" \/>\n<script type=\"application\/ld+json\" class=\"yoast-schema-graph\">{\"@context\":\"https:\/\/schema.org\",\"@graph\":[{\"@type\":\"WebPage\",\"@id\":\"https:\/\/www.erresse-shop.it\/es\/shop\/cocina\/herramientas\/zwilling-pro-cuchara-de-arroz-copia\/\",\"url\":\"https:\/\/www.erresse-shop.it\/es\/shop\/cocina\/herramientas\/zwilling-pro-cuchara-de-arroz-copia\/\",\"name\":\"ZWILLING PRO Esp\u00e1tula de silicona - Erresse Shop\",\"isPartOf\":{\"@id\":\"https:\/\/www.erresse-shop.it\/es\/#website\"},\"datePublished\":\"2024-07-15T07:37:39+00:00\",\"dateModified\":\"2024-10-25T12:52:22+00:00\",\"description\":\"Se mire por donde se mire, la esp\u00e1tula de silicona de la colecci\u00f3n ZWILLING Pro siempre muestra su mejor cara. Esto se debe a que ambos lados est\u00e1n\",\"breadcrumb\":{\"@id\":\"https:\/\/www.erresse-shop.it\/es\/shop\/cocina\/herramientas\/zwilling-pro-cuchara-de-arroz-copia\/#breadcrumb\"},\"inLanguage\":\"es\",\"potentialAction\":[{\"@type\":\"ReadAction\",\"target\":[\"https:\/\/www.erresse-shop.it\/es\/shop\/cocina\/herramientas\/zwilling-pro-cuchara-de-arroz-copia\/\"]}]},{\"@type\":\"BreadcrumbList\",\"@id\":\"https:\/\/www.erresse-shop.it\/es\/shop\/cocina\/herramientas\/zwilling-pro-cuchara-de-arroz-copia\/#breadcrumb\",\"itemListElement\":[{\"@type\":\"ListItem\",\"position\":1,\"name\":\"Home\",\"item\":\"https:\/\/www.erresse-shop.it\/es\/\"},{\"@type\":\"ListItem\",\"position\":2,\"name\":\"Shop\",\"item\":\"https:\/\/www.erresse-shop.it\/es\/shop\/\"},{\"@type\":\"ListItem\",\"position\":3,\"name\":\"ZWILLING PRO Esp\u00e1tula de silicona\"}]},{\"@type\":\"WebSite\",\"@id\":\"https:\/\/www.erresse-shop.it\/es\/#website\",\"url\":\"https:\/\/www.erresse-shop.it\/es\/\",\"name\":\"Erresse Shop\",\"description\":\"Articoli di qualit\u00e0 per la casa\",\"potentialAction\":[{\"@type\":\"SearchAction\",\"target\":{\"@type\":\"EntryPoint\",\"urlTemplate\":\"https:\/\/www.erresse-shop.it\/es\/?s={search_term_string}\"},\"query-input\":\"required name=search_term_string\"}],\"inLanguage\":\"es\"}]}<\/script>\n<!-- \/ Yoast SEO Premium plugin. -->","yoast_head_json":{"title":"ZWILLING PRO Esp\u00e1tula de silicona - Erresse Shop","description":"Se mire por donde se mire, la esp\u00e1tula de silicona de la colecci\u00f3n ZWILLING Pro siempre muestra su mejor cara. Esto se debe a que ambos lados est\u00e1n","robots":{"index":"index","follow":"follow","max-snippet":"max-snippet:-1","max-image-preview":"max-image-preview:large","max-video-preview":"max-video-preview:-1"},"canonical":"https:\/\/www.erresse-shop.it\/es\/shop\/cocina\/herramientas\/zwilling-pro-cuchara-de-arroz-copia\/","og_locale":"es_ES","og_type":"article","og_title":"ZWILLING PRO Esp\u00e1tula de silicona","og_description":"Se mire por donde se mire, la esp\u00e1tula de silicona de la colecci\u00f3n ZWILLING Pro siempre muestra su mejor cara. Esto se debe a que ambos lados est\u00e1n","og_url":"https:\/\/www.erresse-shop.it\/es\/shop\/cocina\/herramientas\/zwilling-pro-cuchara-de-arroz-copia\/","og_site_name":"Erresse Shop","article_modified_time":"2024-10-25T12:52:22+00:00","og_image":[{"width":800,"height":800,"url":"https:\/\/www.erresse-shop.it\/wp-content\/uploads\/2024\/07\/ZWILLING-PRO-Spatola.png","type":"image\/png"}],"twitter_card":"summary_large_image","schema":{"@context":"https:\/\/schema.org","@graph":[{"@type":"WebPage","@id":"https:\/\/www.erresse-shop.it\/es\/shop\/cocina\/herramientas\/zwilling-pro-cuchara-de-arroz-copia\/","url":"https:\/\/www.erresse-shop.it\/es\/shop\/cocina\/herramientas\/zwilling-pro-cuchara-de-arroz-copia\/","name":"ZWILLING PRO Esp\u00e1tula de silicona - Erresse Shop","isPartOf":{"@id":"https:\/\/www.erresse-shop.it\/es\/#website"},"datePublished":"2024-07-15T07:37:39+00:00","dateModified":"2024-10-25T12:52:22+00:00","description":"Se mire por donde se mire, la esp\u00e1tula de silicona de la colecci\u00f3n ZWILLING Pro siempre muestra su mejor cara. Esto se debe a que ambos lados est\u00e1n","breadcrumb":{"@id":"https:\/\/www.erresse-shop.it\/es\/shop\/cocina\/herramientas\/zwilling-pro-cuchara-de-arroz-copia\/#breadcrumb"},"inLanguage":"es","potentialAction":[{"@type":"ReadAction","target":["https:\/\/www.erresse-shop.it\/es\/shop\/cocina\/herramientas\/zwilling-pro-cuchara-de-arroz-copia\/"]}]},{"@type":"BreadcrumbList","@id":"https:\/\/www.erresse-shop.it\/es\/shop\/cocina\/herramientas\/zwilling-pro-cuchara-de-arroz-copia\/#breadcrumb","itemListElement":[{"@type":"ListItem","position":1,"name":"Home","item":"https:\/\/www.erresse-shop.it\/es\/"},{"@type":"ListItem","position":2,"name":"Shop","item":"https:\/\/www.erresse-shop.it\/es\/shop\/"},{"@type":"ListItem","position":3,"name":"ZWILLING PRO Esp\u00e1tula de silicona"}]},{"@type":"WebSite","@id":"https:\/\/www.erresse-shop.it\/es\/#website","url":"https:\/\/www.erresse-shop.it\/es\/","name":"Erresse Shop","description":"Articoli di qualit\u00e0 per la casa","potentialAction":[{"@type":"SearchAction","target":{"@type":"EntryPoint","urlTemplate":"https:\/\/www.erresse-shop.it\/es\/?s={search_term_string}"},"query-input":"required name=search_term_string"}],"inLanguage":"es"}]}},"df_price":12.475,"df_sale_price":12.475,"df_regular_price":24.95,"df_image_link":"https:\/\/www.erresse-shop.it\/wp-content\/uploads\/2024\/07\/ZWILLING-PRO-Spatola-Silicone-300x300.jpg","_links":{"self":[{"href":"https:\/\/www.erresse-shop.it\/es\/wp-json\/wp\/v2\/product\/421291"}],"collection":[{"href":"https:\/\/www.erresse-shop.it\/es\/wp-json\/wp\/v2\/product"}],"about":[{"href":"https:\/\/www.erresse-shop.it\/es\/wp-json\/wp\/v2\/types\/product"}],"wp:featuredmedia":[{"embeddable":true,"href":"https:\/\/www.erresse-shop.it\/es\/wp-json\/wp\/v2\/media\/509394"}],"wp:attachment":[{"href":"https:\/\/www.erresse-shop.it\/es\/wp-json\/wp\/v2\/media?parent=421291"}],"wp:term":[{"taxonomy":"product_cat","embeddable":true,"href":"https:\/\/www.erresse-shop.it\/es\/wp-json\/wp\/v2\/product_cat?post=421291"},{"taxonomy":"product_tag","embeddable":true,"href":"https:\/\/www.erresse-shop.it\/es\/wp-json\/wp\/v2\/product_tag?post=421291"}],"curies":[{"name":"wp","href":"https:\/\/api.w.org\/{rel}","templated":true}]}}