{"id":421279,"date":"2024-07-15T07:19:36","date_gmt":"2024-07-15T07:19:37","guid":{"rendered":"https:\/\/www.erresse-shop.it\/?post_type=product&#038;p=421279"},"modified":"2024-10-25T12:55:49","modified_gmt":"2024-10-25T12:55:49","slug":"zwilling-pro-cuchara-para-lasana-copia","status":"publish","type":"product","link":"https:\/\/www.erresse-shop.it\/es\/shop\/cocina\/herramientas\/zwilling-pro-cuchara-para-lasana-copia\/","title":{"rendered":"ZWILLING PRO Cuchara de arroz"},"content":{"rendered":"<p>La cocina asi\u00e1tica goza hoy de gran popularidad. Y esto tambi\u00e9n incluye el arroz. La cuchara arrocera de silicona de la colecci\u00f3n ZWILLING Pro le permite porcionar y servir el arroz con estilo. Sus dimensiones compactas la hacen ideal para servir incluso el arroz m\u00e1s pegajoso, ya que el mango corto de dise\u00f1o ergon\u00f3mico est\u00e1 pensado para transferir la fuerza de forma \u00f3ptima. Por supuesto, este accesorio de cocina no s\u00f3lo es adecuado para los platos de arroz. La cuchara tambi\u00e9n puede utilizarse para preparar y servir cusc\u00fas y pur\u00e9. El acero inoxidable mate de alta calidad del mango y la silicona apta para alimentos y resistente al calor con la que est\u00e1 fabricada la punta de la cuchara hacen que este elegante accesorio de cocina sea ideal para ollas antiadherentes y arroceras. En la fase de desarrollo se prest\u00f3 especial atenci\u00f3n no s\u00f3lo a la calidad, sino tambi\u00e9n al dise\u00f1o, y el resultado es absolutamente atemporal. Los dise\u00f1adores Matteo Thun y Antonio Rodr\u00edguez han creado una colecci\u00f3n cuya elegancia atemporal seguir\u00e1 siendo contempor\u00e1nea durante muchos a\u00f1os.<\/p>\n<ul>\n<li>Dise\u00f1o minimalista de Matteo Thun y Antonio Rodr\u00edguez<\/li>\n<li>Fabricado en acero inoxidable de alta calidad<\/li>\n<li>Creado con una ergonom\u00eda de l\u00ednea continua para garantizar la m\u00e1xima higiene y la m\u00ednima fatiga durante su uso<\/li>\n<li>Apto para lavavajillas<\/li>\n<li>La amplia curvatura permite servir grandes cantidades de arroz en una sola cucharada<\/li>\n<\/ul>\n","protected":false},"excerpt":{"rendered":"<p>La cocina asi\u00e1tica goza hoy de gran popularidad. Y esto tambi\u00e9n incluye el arroz. La cuchara arrocera de silicona de<\/p>\n","protected":false},"featured_media":507856,"template":"","meta":{"_acf_changed":false,"inline_featured_image":false},"product_cat":[16040,25335],"product_tag":[25039,17115,16547,25023],"acf":[],"yoast_head":"<!-- This site is optimized with the Yoast SEO Premium plugin v18.6 (Yoast SEO v19.13) - https:\/\/yoast.com\/wordpress\/plugins\/seo\/ -->\n<title>ZWILLING PRO Cuchara de arroz - Erresse Shop<\/title>\n<meta name=\"description\" content=\"La cocina asi\u00e1tica goza hoy de gran popularidad. Y esto tambi\u00e9n incluye el arroz. La cuchara arrocera de silicona de la colecci\u00f3n ZWILLING Pro le permite\" \/>\n<meta name=\"robots\" content=\"index, follow, max-snippet:-1, max-image-preview:large, max-video-preview:-1\" \/>\n<link rel=\"canonical\" href=\"https:\/\/www.erresse-shop.it\/es\/shop\/cocina\/herramientas\/zwilling-pro-cuchara-para-lasana-copia\/\" \/>\n<meta property=\"og:locale\" content=\"es_ES\" \/>\n<meta property=\"og:type\" content=\"article\" \/>\n<meta property=\"og:title\" content=\"ZWILLING PRO Cuchara de arroz\" \/>\n<meta property=\"og:description\" content=\"La cocina asi\u00e1tica goza hoy de gran popularidad. Y esto tambi\u00e9n incluye el arroz. La cuchara arrocera de silicona de la colecci\u00f3n ZWILLING Pro le permite\" \/>\n<meta property=\"og:url\" content=\"https:\/\/www.erresse-shop.it\/es\/shop\/cocina\/herramientas\/zwilling-pro-cuchara-para-lasana-copia\/\" \/>\n<meta property=\"og:site_name\" content=\"Erresse Shop\" \/>\n<meta property=\"article:modified_time\" content=\"2024-10-25T12:55:49+00:00\" \/>\n<meta property=\"og:image\" content=\"https:\/\/www.erresse-shop.it\/wp-content\/uploads\/2024\/07\/ZWILLING-PRO-Cucchiaio-per-Riso.png\" \/>\n\t<meta property=\"og:image:width\" content=\"800\" \/>\n\t<meta property=\"og:image:height\" content=\"800\" \/>\n\t<meta property=\"og:image:type\" content=\"image\/png\" \/>\n<meta name=\"twitter:card\" content=\"summary_large_image\" \/>\n<script type=\"application\/ld+json\" class=\"yoast-schema-graph\">{\"@context\":\"https:\/\/schema.org\",\"@graph\":[{\"@type\":\"WebPage\",\"@id\":\"https:\/\/www.erresse-shop.it\/es\/shop\/cocina\/herramientas\/zwilling-pro-cuchara-para-lasana-copia\/\",\"url\":\"https:\/\/www.erresse-shop.it\/es\/shop\/cocina\/herramientas\/zwilling-pro-cuchara-para-lasana-copia\/\",\"name\":\"ZWILLING PRO Cuchara de arroz - Erresse Shop\",\"isPartOf\":{\"@id\":\"https:\/\/www.erresse-shop.it\/es\/#website\"},\"datePublished\":\"2024-07-15T07:19:37+00:00\",\"dateModified\":\"2024-10-25T12:55:49+00:00\",\"description\":\"La cocina asi\u00e1tica goza hoy de gran popularidad. Y esto tambi\u00e9n incluye el arroz. La cuchara arrocera de silicona de la colecci\u00f3n ZWILLING Pro le permite\",\"breadcrumb\":{\"@id\":\"https:\/\/www.erresse-shop.it\/es\/shop\/cocina\/herramientas\/zwilling-pro-cuchara-para-lasana-copia\/#breadcrumb\"},\"inLanguage\":\"es\",\"potentialAction\":[{\"@type\":\"ReadAction\",\"target\":[\"https:\/\/www.erresse-shop.it\/es\/shop\/cocina\/herramientas\/zwilling-pro-cuchara-para-lasana-copia\/\"]}]},{\"@type\":\"BreadcrumbList\",\"@id\":\"https:\/\/www.erresse-shop.it\/es\/shop\/cocina\/herramientas\/zwilling-pro-cuchara-para-lasana-copia\/#breadcrumb\",\"itemListElement\":[{\"@type\":\"ListItem\",\"position\":1,\"name\":\"Home\",\"item\":\"https:\/\/www.erresse-shop.it\/es\/\"},{\"@type\":\"ListItem\",\"position\":2,\"name\":\"Shop\",\"item\":\"https:\/\/www.erresse-shop.it\/es\/shop\/\"},{\"@type\":\"ListItem\",\"position\":3,\"name\":\"ZWILLING PRO Cuchara de arroz\"}]},{\"@type\":\"WebSite\",\"@id\":\"https:\/\/www.erresse-shop.it\/es\/#website\",\"url\":\"https:\/\/www.erresse-shop.it\/es\/\",\"name\":\"Erresse Shop\",\"description\":\"Articoli di qualit\u00e0 per la casa\",\"potentialAction\":[{\"@type\":\"SearchAction\",\"target\":{\"@type\":\"EntryPoint\",\"urlTemplate\":\"https:\/\/www.erresse-shop.it\/es\/?s={search_term_string}\"},\"query-input\":\"required name=search_term_string\"}],\"inLanguage\":\"es\"}]}<\/script>\n<!-- \/ Yoast SEO Premium plugin. -->","yoast_head_json":{"title":"ZWILLING PRO Cuchara de arroz - Erresse Shop","description":"La cocina asi\u00e1tica goza hoy de gran popularidad. Y esto tambi\u00e9n incluye el arroz. La cuchara arrocera de silicona de la colecci\u00f3n ZWILLING Pro le permite","robots":{"index":"index","follow":"follow","max-snippet":"max-snippet:-1","max-image-preview":"max-image-preview:large","max-video-preview":"max-video-preview:-1"},"canonical":"https:\/\/www.erresse-shop.it\/es\/shop\/cocina\/herramientas\/zwilling-pro-cuchara-para-lasana-copia\/","og_locale":"es_ES","og_type":"article","og_title":"ZWILLING PRO Cuchara de arroz","og_description":"La cocina asi\u00e1tica goza hoy de gran popularidad. Y esto tambi\u00e9n incluye el arroz. La cuchara arrocera de silicona de la colecci\u00f3n ZWILLING Pro le permite","og_url":"https:\/\/www.erresse-shop.it\/es\/shop\/cocina\/herramientas\/zwilling-pro-cuchara-para-lasana-copia\/","og_site_name":"Erresse Shop","article_modified_time":"2024-10-25T12:55:49+00:00","og_image":[{"width":800,"height":800,"url":"https:\/\/www.erresse-shop.it\/wp-content\/uploads\/2024\/07\/ZWILLING-PRO-Cucchiaio-per-Riso.png","type":"image\/png"}],"twitter_card":"summary_large_image","schema":{"@context":"https:\/\/schema.org","@graph":[{"@type":"WebPage","@id":"https:\/\/www.erresse-shop.it\/es\/shop\/cocina\/herramientas\/zwilling-pro-cuchara-para-lasana-copia\/","url":"https:\/\/www.erresse-shop.it\/es\/shop\/cocina\/herramientas\/zwilling-pro-cuchara-para-lasana-copia\/","name":"ZWILLING PRO Cuchara de arroz - Erresse Shop","isPartOf":{"@id":"https:\/\/www.erresse-shop.it\/es\/#website"},"datePublished":"2024-07-15T07:19:37+00:00","dateModified":"2024-10-25T12:55:49+00:00","description":"La cocina asi\u00e1tica goza hoy de gran popularidad. Y esto tambi\u00e9n incluye el arroz. La cuchara arrocera de silicona de la colecci\u00f3n ZWILLING Pro le permite","breadcrumb":{"@id":"https:\/\/www.erresse-shop.it\/es\/shop\/cocina\/herramientas\/zwilling-pro-cuchara-para-lasana-copia\/#breadcrumb"},"inLanguage":"es","potentialAction":[{"@type":"ReadAction","target":["https:\/\/www.erresse-shop.it\/es\/shop\/cocina\/herramientas\/zwilling-pro-cuchara-para-lasana-copia\/"]}]},{"@type":"BreadcrumbList","@id":"https:\/\/www.erresse-shop.it\/es\/shop\/cocina\/herramientas\/zwilling-pro-cuchara-para-lasana-copia\/#breadcrumb","itemListElement":[{"@type":"ListItem","position":1,"name":"Home","item":"https:\/\/www.erresse-shop.it\/es\/"},{"@type":"ListItem","position":2,"name":"Shop","item":"https:\/\/www.erresse-shop.it\/es\/shop\/"},{"@type":"ListItem","position":3,"name":"ZWILLING PRO Cuchara de arroz"}]},{"@type":"WebSite","@id":"https:\/\/www.erresse-shop.it\/es\/#website","url":"https:\/\/www.erresse-shop.it\/es\/","name":"Erresse Shop","description":"Articoli di qualit\u00e0 per la casa","potentialAction":[{"@type":"SearchAction","target":{"@type":"EntryPoint","urlTemplate":"https:\/\/www.erresse-shop.it\/es\/?s={search_term_string}"},"query-input":"required name=search_term_string"}],"inLanguage":"es"}]}},"df_price":12.475,"df_sale_price":12.475,"df_regular_price":24.95,"df_image_link":"https:\/\/www.erresse-shop.it\/wp-content\/uploads\/2024\/07\/ZWILLING-PRO-Cucchiaio-per-Riso-300x300.jpg","_links":{"self":[{"href":"https:\/\/www.erresse-shop.it\/es\/wp-json\/wp\/v2\/product\/421279"}],"collection":[{"href":"https:\/\/www.erresse-shop.it\/es\/wp-json\/wp\/v2\/product"}],"about":[{"href":"https:\/\/www.erresse-shop.it\/es\/wp-json\/wp\/v2\/types\/product"}],"wp:featuredmedia":[{"embeddable":true,"href":"https:\/\/www.erresse-shop.it\/es\/wp-json\/wp\/v2\/media\/507856"}],"wp:attachment":[{"href":"https:\/\/www.erresse-shop.it\/es\/wp-json\/wp\/v2\/media?parent=421279"}],"wp:term":[{"taxonomy":"product_cat","embeddable":true,"href":"https:\/\/www.erresse-shop.it\/es\/wp-json\/wp\/v2\/product_cat?post=421279"},{"taxonomy":"product_tag","embeddable":true,"href":"https:\/\/www.erresse-shop.it\/es\/wp-json\/wp\/v2\/product_tag?post=421279"}],"curies":[{"name":"wp","href":"https:\/\/api.w.org\/{rel}","templated":true}]}}