{"id":421267,"date":"2024-07-15T07:04:19","date_gmt":"2024-07-15T07:04:20","guid":{"rendered":"https:\/\/www.erresse-shop.it\/?post_type=product&#038;p=421267"},"modified":"2024-10-25T13:02:38","modified_gmt":"2024-10-25T13:02:38","slug":"zwilling-pro-cortadora-de-queso-dentada-copia","status":"publish","type":"product","link":"https:\/\/www.erresse-shop.it\/es\/shop\/cocina\/herramientas\/zwilling-pro-cortadora-de-queso-dentada-copia\/","title":{"rendered":"ZWILLING PRO Cuchara para lasa\u00f1a"},"content":{"rendered":"<p>Ya sea para servir una deliciosa lasa\u00f1a, un sabroso estofado o un esponjoso donut&#8230; \u00a1disfrute! Le recomendamos un accesorio de cocina que duplica el placer: la cuchara para lasa\u00f1a de la colecci\u00f3n ZWILLING Pro. Est\u00e1 fabricada en acero inoxidable de alta calidad y es especialmente robusta. Puede utilizar el lado afilado para porcionar la lasa\u00f1a. Ser\u00e1 sorprendentemente f\u00e1cil gracias al borde dentado. Los bordes biselados permiten que la pala para lasa\u00f1a se deslice f\u00e1cilmente por debajo de las porciones y las levante con facilidad. El dise\u00f1o especial de esta pala incluye una parte trasera m\u00e1s larga de lo normal, lo que facilita su manejo incluso con bandejas de horno especialmente profundas. Su forma tambi\u00e9n evita que las porciones se caigan de la pala. El mango ergon\u00f3mico y f\u00e1cil de manejar tambi\u00e9n garantiza un mayor control. Despu\u00e9s de usarla, basta con lavarla en el lavavajillas antes de colgarla en el estante para utensilios. El dise\u00f1o minimalista de Matteo Thun y Antonio Rodr\u00edguez es sin duda lo m\u00e1s destacado de esta colecci\u00f3n que no podr\u00e1 esconder en un caj\u00f3n.<\/p>\n<ul>\n<li>Dise\u00f1o minimalista de Matteo Thun y Antonio Rodr\u00edguez<\/li>\n<li>Fabricado en acero inoxidable de alta calidad<\/li>\n<li>Dise\u00f1o ergon\u00f3mico de l\u00edneas continuas para garantizar la m\u00e1xima higiene y la m\u00ednima fatiga durante su uso<\/li>\n<li>Apto para lavavajillas<\/li>\n<\/ul>\n","protected":false},"excerpt":{"rendered":"<p>Ya sea para servir una deliciosa lasa\u00f1a, un sabroso estofado o un esponjoso donut&#8230; \u00a1disfrute! Le recomendamos un accesorio de<\/p>\n","protected":false},"featured_media":509443,"template":"","meta":{"_acf_changed":false,"inline_featured_image":false},"product_cat":[16040,25335],"product_tag":[25039,17115,16162,16447,24605,16547,25023],"acf":[],"yoast_head":"<!-- This site is optimized with the Yoast SEO Premium plugin v18.6 (Yoast SEO v19.13) - https:\/\/yoast.com\/wordpress\/plugins\/seo\/ -->\n<title>ZWILLING PRO Cuchara para lasa\u00f1a - Erresse Shop<\/title>\n<meta name=\"description\" content=\"Ya sea para servir una deliciosa lasa\u00f1a, un sabroso estofado o un esponjoso donut... \u00a1disfrute! Le recomendamos un accesorio de cocina que duplica el\" \/>\n<meta name=\"robots\" content=\"index, follow, max-snippet:-1, max-image-preview:large, max-video-preview:-1\" \/>\n<link rel=\"canonical\" href=\"https:\/\/www.erresse-shop.it\/es\/shop\/cocina\/herramientas\/zwilling-pro-cortadora-de-queso-dentada-copia\/\" \/>\n<meta property=\"og:locale\" content=\"es_ES\" \/>\n<meta property=\"og:type\" content=\"article\" \/>\n<meta property=\"og:title\" content=\"ZWILLING PRO Cuchara para lasa\u00f1a\" \/>\n<meta property=\"og:description\" content=\"Ya sea para servir una deliciosa lasa\u00f1a, un sabroso estofado o un esponjoso donut... \u00a1disfrute! Le recomendamos un accesorio de cocina que duplica el\" \/>\n<meta property=\"og:url\" content=\"https:\/\/www.erresse-shop.it\/es\/shop\/cocina\/herramientas\/zwilling-pro-cortadora-de-queso-dentada-copia\/\" \/>\n<meta property=\"og:site_name\" content=\"Erresse Shop\" \/>\n<meta property=\"article:modified_time\" content=\"2024-10-25T13:02:38+00:00\" \/>\n<meta property=\"og:image\" content=\"https:\/\/www.erresse-shop.it\/wp-content\/uploads\/2024\/07\/ZWILLING-PRO-Paletta-Lasagne.png\" \/>\n\t<meta property=\"og:image:width\" content=\"800\" \/>\n\t<meta property=\"og:image:height\" content=\"800\" \/>\n\t<meta property=\"og:image:type\" content=\"image\/png\" \/>\n<meta name=\"twitter:card\" content=\"summary_large_image\" \/>\n<script type=\"application\/ld+json\" class=\"yoast-schema-graph\">{\"@context\":\"https:\/\/schema.org\",\"@graph\":[{\"@type\":\"WebPage\",\"@id\":\"https:\/\/www.erresse-shop.it\/es\/shop\/cocina\/herramientas\/zwilling-pro-cortadora-de-queso-dentada-copia\/\",\"url\":\"https:\/\/www.erresse-shop.it\/es\/shop\/cocina\/herramientas\/zwilling-pro-cortadora-de-queso-dentada-copia\/\",\"name\":\"ZWILLING PRO Cuchara para lasa\u00f1a - Erresse Shop\",\"isPartOf\":{\"@id\":\"https:\/\/www.erresse-shop.it\/es\/#website\"},\"datePublished\":\"2024-07-15T07:04:20+00:00\",\"dateModified\":\"2024-10-25T13:02:38+00:00\",\"description\":\"Ya sea para servir una deliciosa lasa\u00f1a, un sabroso estofado o un esponjoso donut... \u00a1disfrute! Le recomendamos un accesorio de cocina que duplica el\",\"breadcrumb\":{\"@id\":\"https:\/\/www.erresse-shop.it\/es\/shop\/cocina\/herramientas\/zwilling-pro-cortadora-de-queso-dentada-copia\/#breadcrumb\"},\"inLanguage\":\"es\",\"potentialAction\":[{\"@type\":\"ReadAction\",\"target\":[\"https:\/\/www.erresse-shop.it\/es\/shop\/cocina\/herramientas\/zwilling-pro-cortadora-de-queso-dentada-copia\/\"]}]},{\"@type\":\"BreadcrumbList\",\"@id\":\"https:\/\/www.erresse-shop.it\/es\/shop\/cocina\/herramientas\/zwilling-pro-cortadora-de-queso-dentada-copia\/#breadcrumb\",\"itemListElement\":[{\"@type\":\"ListItem\",\"position\":1,\"name\":\"Home\",\"item\":\"https:\/\/www.erresse-shop.it\/es\/\"},{\"@type\":\"ListItem\",\"position\":2,\"name\":\"Shop\",\"item\":\"https:\/\/www.erresse-shop.it\/es\/shop\/\"},{\"@type\":\"ListItem\",\"position\":3,\"name\":\"ZWILLING PRO Cuchara para lasa\u00f1a\"}]},{\"@type\":\"WebSite\",\"@id\":\"https:\/\/www.erresse-shop.it\/es\/#website\",\"url\":\"https:\/\/www.erresse-shop.it\/es\/\",\"name\":\"Erresse Shop\",\"description\":\"Articoli di qualit\u00e0 per la casa\",\"potentialAction\":[{\"@type\":\"SearchAction\",\"target\":{\"@type\":\"EntryPoint\",\"urlTemplate\":\"https:\/\/www.erresse-shop.it\/es\/?s={search_term_string}\"},\"query-input\":\"required name=search_term_string\"}],\"inLanguage\":\"es\"}]}<\/script>\n<!-- \/ Yoast SEO Premium plugin. -->","yoast_head_json":{"title":"ZWILLING PRO Cuchara para lasa\u00f1a - Erresse Shop","description":"Ya sea para servir una deliciosa lasa\u00f1a, un sabroso estofado o un esponjoso donut... \u00a1disfrute! Le recomendamos un accesorio de cocina que duplica el","robots":{"index":"index","follow":"follow","max-snippet":"max-snippet:-1","max-image-preview":"max-image-preview:large","max-video-preview":"max-video-preview:-1"},"canonical":"https:\/\/www.erresse-shop.it\/es\/shop\/cocina\/herramientas\/zwilling-pro-cortadora-de-queso-dentada-copia\/","og_locale":"es_ES","og_type":"article","og_title":"ZWILLING PRO Cuchara para lasa\u00f1a","og_description":"Ya sea para servir una deliciosa lasa\u00f1a, un sabroso estofado o un esponjoso donut... \u00a1disfrute! Le recomendamos un accesorio de cocina que duplica el","og_url":"https:\/\/www.erresse-shop.it\/es\/shop\/cocina\/herramientas\/zwilling-pro-cortadora-de-queso-dentada-copia\/","og_site_name":"Erresse Shop","article_modified_time":"2024-10-25T13:02:38+00:00","og_image":[{"width":800,"height":800,"url":"https:\/\/www.erresse-shop.it\/wp-content\/uploads\/2024\/07\/ZWILLING-PRO-Paletta-Lasagne.png","type":"image\/png"}],"twitter_card":"summary_large_image","schema":{"@context":"https:\/\/schema.org","@graph":[{"@type":"WebPage","@id":"https:\/\/www.erresse-shop.it\/es\/shop\/cocina\/herramientas\/zwilling-pro-cortadora-de-queso-dentada-copia\/","url":"https:\/\/www.erresse-shop.it\/es\/shop\/cocina\/herramientas\/zwilling-pro-cortadora-de-queso-dentada-copia\/","name":"ZWILLING PRO Cuchara para lasa\u00f1a - Erresse Shop","isPartOf":{"@id":"https:\/\/www.erresse-shop.it\/es\/#website"},"datePublished":"2024-07-15T07:04:20+00:00","dateModified":"2024-10-25T13:02:38+00:00","description":"Ya sea para servir una deliciosa lasa\u00f1a, un sabroso estofado o un esponjoso donut... \u00a1disfrute! Le recomendamos un accesorio de cocina que duplica el","breadcrumb":{"@id":"https:\/\/www.erresse-shop.it\/es\/shop\/cocina\/herramientas\/zwilling-pro-cortadora-de-queso-dentada-copia\/#breadcrumb"},"inLanguage":"es","potentialAction":[{"@type":"ReadAction","target":["https:\/\/www.erresse-shop.it\/es\/shop\/cocina\/herramientas\/zwilling-pro-cortadora-de-queso-dentada-copia\/"]}]},{"@type":"BreadcrumbList","@id":"https:\/\/www.erresse-shop.it\/es\/shop\/cocina\/herramientas\/zwilling-pro-cortadora-de-queso-dentada-copia\/#breadcrumb","itemListElement":[{"@type":"ListItem","position":1,"name":"Home","item":"https:\/\/www.erresse-shop.it\/es\/"},{"@type":"ListItem","position":2,"name":"Shop","item":"https:\/\/www.erresse-shop.it\/es\/shop\/"},{"@type":"ListItem","position":3,"name":"ZWILLING PRO Cuchara para lasa\u00f1a"}]},{"@type":"WebSite","@id":"https:\/\/www.erresse-shop.it\/es\/#website","url":"https:\/\/www.erresse-shop.it\/es\/","name":"Erresse Shop","description":"Articoli di qualit\u00e0 per la casa","potentialAction":[{"@type":"SearchAction","target":{"@type":"EntryPoint","urlTemplate":"https:\/\/www.erresse-shop.it\/es\/?s={search_term_string}"},"query-input":"required name=search_term_string"}],"inLanguage":"es"}]}},"df_price":13.475,"df_sale_price":13.475,"df_regular_price":26.95,"df_image_link":"https:\/\/www.erresse-shop.it\/wp-content\/uploads\/2024\/07\/ZWILLING-PRO-Paletta-Lasagne-300x300.jpg","_links":{"self":[{"href":"https:\/\/www.erresse-shop.it\/es\/wp-json\/wp\/v2\/product\/421267"}],"collection":[{"href":"https:\/\/www.erresse-shop.it\/es\/wp-json\/wp\/v2\/product"}],"about":[{"href":"https:\/\/www.erresse-shop.it\/es\/wp-json\/wp\/v2\/types\/product"}],"wp:featuredmedia":[{"embeddable":true,"href":"https:\/\/www.erresse-shop.it\/es\/wp-json\/wp\/v2\/media\/509443"}],"wp:attachment":[{"href":"https:\/\/www.erresse-shop.it\/es\/wp-json\/wp\/v2\/media?parent=421267"}],"wp:term":[{"taxonomy":"product_cat","embeddable":true,"href":"https:\/\/www.erresse-shop.it\/es\/wp-json\/wp\/v2\/product_cat?post=421267"},{"taxonomy":"product_tag","embeddable":true,"href":"https:\/\/www.erresse-shop.it\/es\/wp-json\/wp\/v2\/product_tag?post=421267"}],"curies":[{"name":"wp","href":"https:\/\/api.w.org\/{rel}","templated":true}]}}