{"id":421255,"date":"2024-07-15T06:43:15","date_gmt":"2024-07-15T06:43:16","guid":{"rendered":"https:\/\/www.erresse-shop.it\/?post_type=product&#038;p=421255"},"modified":"2024-10-25T13:05:45","modified_gmt":"2024-10-25T13:05:45","slug":"zwilling-juego-de-4-cuchillos-para-carne-pro-copia","status":"publish","type":"product","link":"https:\/\/www.erresse-shop.it\/es\/shop\/cocina\/herramientas\/zwilling-juego-de-4-cuchillos-para-carne-pro-copia\/","title":{"rendered":"ZWILLING PRO Cortadora de queso dentada"},"content":{"rendered":"<p>\u00bfEs usted goloso con el queso? Nosotros tambi\u00e9n. Por eso nos hemos asociado con los dise\u00f1adores Matteo Thun y Antonio Rodr\u00edguez para desarrollar un cortador de queso con una cuchilla dentada espec\u00edfica para quesos duros. Este cortador de queso se distingue por su s\u00f3lido acero inoxidable y su excelente mano de obra. Todos los componentes funcionales est\u00e1n firmemente unidos para crear un objeto extremadamente robusto y duradero. Como el acero es parcialmente opaco, el resultado final es un interesante contraste entre superficies brillantes y opacas. El cortador de queso tambi\u00e9n queda bien simplemente colgado de la barra de herramientas. La anilla integrada en el mango tiene el tama\u00f1o perfecto para adaptarse f\u00e1cilmente a todo tipo de ganchos de cocina. El mango es perfectamente manejable gracias a su dise\u00f1o ergon\u00f3mico. Esto facilita a\u00fan m\u00e1s su uso. Los cortafiambres con cuchilla dentada son extraordinariamente afilados y permiten cortar quesos duros con especial facilidad. Una vez usados, puede lavarlos en el lavavajillas.<\/p>\n<ul>\n<li>Dise\u00f1o minimalista de Matteo Thun y Antonio Rodr\u00edguez<\/li>\n<li>Fabricado en acero inoxidable de alta calidad<\/li>\n<li>Mangos de dise\u00f1o ergon\u00f3mico para trabajar sin fatiga, con transici\u00f3n continua hacia el mango para una m\u00e1xima higiene<\/li>\n<li>Cuchilla dentada para cortar queso duro<\/li>\n<li>Todos los componentes funcionales est\u00e1n firmemente unidos al mango Apto para lavavajillas<\/li>\n<\/ul>\n","protected":false},"excerpt":{"rendered":"<p>\u00bfEs usted goloso con el queso? Nosotros tambi\u00e9n. Por eso nos hemos asociado con los dise\u00f1adores Matteo Thun y Antonio<\/p>\n","protected":false},"featured_media":507869,"template":"","meta":{"_acf_changed":false,"inline_featured_image":false},"product_cat":[16040,25335],"product_tag":[25039,17115,16162,16547,19077,25023],"acf":[],"yoast_head":"<!-- This site is optimized with the Yoast SEO Premium plugin v18.6 (Yoast SEO v19.13) - https:\/\/yoast.com\/wordpress\/plugins\/seo\/ -->\n<title>ZWILLING PRO Cortadora de queso dentada - Erresse Shop<\/title>\n<meta name=\"description\" content=\"\u00bfEs usted goloso con el queso? Nosotros tambi\u00e9n. Por eso nos hemos asociado con los dise\u00f1adores Matteo Thun y Antonio Rodr\u00edguez para desarrollar un\" \/>\n<meta name=\"robots\" content=\"index, follow, max-snippet:-1, max-image-preview:large, max-video-preview:-1\" \/>\n<link rel=\"canonical\" href=\"https:\/\/www.erresse-shop.it\/es\/shop\/cocina\/herramientas\/zwilling-juego-de-4-cuchillos-para-carne-pro-copia\/\" \/>\n<meta property=\"og:locale\" content=\"es_ES\" \/>\n<meta property=\"og:type\" content=\"article\" \/>\n<meta property=\"og:title\" content=\"ZWILLING PRO Cortadora de queso dentada\" \/>\n<meta property=\"og:description\" content=\"\u00bfEs usted goloso con el queso? Nosotros tambi\u00e9n. Por eso nos hemos asociado con los dise\u00f1adores Matteo Thun y Antonio Rodr\u00edguez para desarrollar un\" \/>\n<meta property=\"og:url\" content=\"https:\/\/www.erresse-shop.it\/es\/shop\/cocina\/herramientas\/zwilling-juego-de-4-cuchillos-para-carne-pro-copia\/\" \/>\n<meta property=\"og:site_name\" content=\"Erresse Shop\" \/>\n<meta property=\"article:modified_time\" content=\"2024-10-25T13:05:45+00:00\" \/>\n<meta property=\"og:image\" content=\"https:\/\/www.erresse-shop.it\/wp-content\/uploads\/2024\/07\/ZWILLING-PRO-Affetta-Formaggio-Seghettato.png\" \/>\n\t<meta property=\"og:image:width\" content=\"800\" \/>\n\t<meta property=\"og:image:height\" content=\"800\" \/>\n\t<meta property=\"og:image:type\" content=\"image\/png\" \/>\n<meta name=\"twitter:card\" content=\"summary_large_image\" \/>\n<script type=\"application\/ld+json\" class=\"yoast-schema-graph\">{\"@context\":\"https:\/\/schema.org\",\"@graph\":[{\"@type\":\"WebPage\",\"@id\":\"https:\/\/www.erresse-shop.it\/es\/shop\/cocina\/herramientas\/zwilling-juego-de-4-cuchillos-para-carne-pro-copia\/\",\"url\":\"https:\/\/www.erresse-shop.it\/es\/shop\/cocina\/herramientas\/zwilling-juego-de-4-cuchillos-para-carne-pro-copia\/\",\"name\":\"ZWILLING PRO Cortadora de queso dentada - Erresse Shop\",\"isPartOf\":{\"@id\":\"https:\/\/www.erresse-shop.it\/es\/#website\"},\"datePublished\":\"2024-07-15T06:43:16+00:00\",\"dateModified\":\"2024-10-25T13:05:45+00:00\",\"description\":\"\u00bfEs usted goloso con el queso? Nosotros tambi\u00e9n. Por eso nos hemos asociado con los dise\u00f1adores Matteo Thun y Antonio Rodr\u00edguez para desarrollar un\",\"breadcrumb\":{\"@id\":\"https:\/\/www.erresse-shop.it\/es\/shop\/cocina\/herramientas\/zwilling-juego-de-4-cuchillos-para-carne-pro-copia\/#breadcrumb\"},\"inLanguage\":\"es\",\"potentialAction\":[{\"@type\":\"ReadAction\",\"target\":[\"https:\/\/www.erresse-shop.it\/es\/shop\/cocina\/herramientas\/zwilling-juego-de-4-cuchillos-para-carne-pro-copia\/\"]}]},{\"@type\":\"BreadcrumbList\",\"@id\":\"https:\/\/www.erresse-shop.it\/es\/shop\/cocina\/herramientas\/zwilling-juego-de-4-cuchillos-para-carne-pro-copia\/#breadcrumb\",\"itemListElement\":[{\"@type\":\"ListItem\",\"position\":1,\"name\":\"Home\",\"item\":\"https:\/\/www.erresse-shop.it\/es\/\"},{\"@type\":\"ListItem\",\"position\":2,\"name\":\"Shop\",\"item\":\"https:\/\/www.erresse-shop.it\/es\/shop\/\"},{\"@type\":\"ListItem\",\"position\":3,\"name\":\"ZWILLING PRO Cortadora de queso dentada\"}]},{\"@type\":\"WebSite\",\"@id\":\"https:\/\/www.erresse-shop.it\/es\/#website\",\"url\":\"https:\/\/www.erresse-shop.it\/es\/\",\"name\":\"Erresse Shop\",\"description\":\"Articoli di qualit\u00e0 per la casa\",\"potentialAction\":[{\"@type\":\"SearchAction\",\"target\":{\"@type\":\"EntryPoint\",\"urlTemplate\":\"https:\/\/www.erresse-shop.it\/es\/?s={search_term_string}\"},\"query-input\":\"required name=search_term_string\"}],\"inLanguage\":\"es\"}]}<\/script>\n<!-- \/ Yoast SEO Premium plugin. -->","yoast_head_json":{"title":"ZWILLING PRO Cortadora de queso dentada - Erresse Shop","description":"\u00bfEs usted goloso con el queso? Nosotros tambi\u00e9n. Por eso nos hemos asociado con los dise\u00f1adores Matteo Thun y Antonio Rodr\u00edguez para desarrollar un","robots":{"index":"index","follow":"follow","max-snippet":"max-snippet:-1","max-image-preview":"max-image-preview:large","max-video-preview":"max-video-preview:-1"},"canonical":"https:\/\/www.erresse-shop.it\/es\/shop\/cocina\/herramientas\/zwilling-juego-de-4-cuchillos-para-carne-pro-copia\/","og_locale":"es_ES","og_type":"article","og_title":"ZWILLING PRO Cortadora de queso dentada","og_description":"\u00bfEs usted goloso con el queso? Nosotros tambi\u00e9n. Por eso nos hemos asociado con los dise\u00f1adores Matteo Thun y Antonio Rodr\u00edguez para desarrollar un","og_url":"https:\/\/www.erresse-shop.it\/es\/shop\/cocina\/herramientas\/zwilling-juego-de-4-cuchillos-para-carne-pro-copia\/","og_site_name":"Erresse Shop","article_modified_time":"2024-10-25T13:05:45+00:00","og_image":[{"width":800,"height":800,"url":"https:\/\/www.erresse-shop.it\/wp-content\/uploads\/2024\/07\/ZWILLING-PRO-Affetta-Formaggio-Seghettato.png","type":"image\/png"}],"twitter_card":"summary_large_image","schema":{"@context":"https:\/\/schema.org","@graph":[{"@type":"WebPage","@id":"https:\/\/www.erresse-shop.it\/es\/shop\/cocina\/herramientas\/zwilling-juego-de-4-cuchillos-para-carne-pro-copia\/","url":"https:\/\/www.erresse-shop.it\/es\/shop\/cocina\/herramientas\/zwilling-juego-de-4-cuchillos-para-carne-pro-copia\/","name":"ZWILLING PRO Cortadora de queso dentada - Erresse Shop","isPartOf":{"@id":"https:\/\/www.erresse-shop.it\/es\/#website"},"datePublished":"2024-07-15T06:43:16+00:00","dateModified":"2024-10-25T13:05:45+00:00","description":"\u00bfEs usted goloso con el queso? Nosotros tambi\u00e9n. Por eso nos hemos asociado con los dise\u00f1adores Matteo Thun y Antonio Rodr\u00edguez para desarrollar un","breadcrumb":{"@id":"https:\/\/www.erresse-shop.it\/es\/shop\/cocina\/herramientas\/zwilling-juego-de-4-cuchillos-para-carne-pro-copia\/#breadcrumb"},"inLanguage":"es","potentialAction":[{"@type":"ReadAction","target":["https:\/\/www.erresse-shop.it\/es\/shop\/cocina\/herramientas\/zwilling-juego-de-4-cuchillos-para-carne-pro-copia\/"]}]},{"@type":"BreadcrumbList","@id":"https:\/\/www.erresse-shop.it\/es\/shop\/cocina\/herramientas\/zwilling-juego-de-4-cuchillos-para-carne-pro-copia\/#breadcrumb","itemListElement":[{"@type":"ListItem","position":1,"name":"Home","item":"https:\/\/www.erresse-shop.it\/es\/"},{"@type":"ListItem","position":2,"name":"Shop","item":"https:\/\/www.erresse-shop.it\/es\/shop\/"},{"@type":"ListItem","position":3,"name":"ZWILLING PRO Cortadora de queso dentada"}]},{"@type":"WebSite","@id":"https:\/\/www.erresse-shop.it\/es\/#website","url":"https:\/\/www.erresse-shop.it\/es\/","name":"Erresse Shop","description":"Articoli di qualit\u00e0 per la casa","potentialAction":[{"@type":"SearchAction","target":{"@type":"EntryPoint","urlTemplate":"https:\/\/www.erresse-shop.it\/es\/?s={search_term_string}"},"query-input":"required name=search_term_string"}],"inLanguage":"es"}]}},"df_price":17.95,"df_sale_price":17.95,"df_regular_price":24.95,"df_image_link":"https:\/\/www.erresse-shop.it\/wp-content\/uploads\/2024\/07\/ZWILLING-PRO-Affetta-Formaggio-Seghettato-300x300.jpg","_links":{"self":[{"href":"https:\/\/www.erresse-shop.it\/es\/wp-json\/wp\/v2\/product\/421255"}],"collection":[{"href":"https:\/\/www.erresse-shop.it\/es\/wp-json\/wp\/v2\/product"}],"about":[{"href":"https:\/\/www.erresse-shop.it\/es\/wp-json\/wp\/v2\/types\/product"}],"wp:featuredmedia":[{"embeddable":true,"href":"https:\/\/www.erresse-shop.it\/es\/wp-json\/wp\/v2\/media\/507869"}],"wp:attachment":[{"href":"https:\/\/www.erresse-shop.it\/es\/wp-json\/wp\/v2\/media?parent=421255"}],"wp:term":[{"taxonomy":"product_cat","embeddable":true,"href":"https:\/\/www.erresse-shop.it\/es\/wp-json\/wp\/v2\/product_cat?post=421255"},{"taxonomy":"product_tag","embeddable":true,"href":"https:\/\/www.erresse-shop.it\/es\/wp-json\/wp\/v2\/product_tag?post=421255"}],"curies":[{"name":"wp","href":"https:\/\/api.w.org\/{rel}","templated":true}]}}