{"id":421192,"date":"2024-07-15T06:11:00","date_gmt":"2024-07-15T06:11:01","guid":{"rendered":"https:\/\/www.erresse-shop.it\/?post_type=product&#038;p=421192"},"modified":"2024-10-25T13:21:50","modified_gmt":"2024-10-25T13:21:50","slug":"zwilling-sommelier-sacacorchos-multifuncion-copia","status":"publish","type":"product","link":"https:\/\/www.erresse-shop.it\/es\/shop\/tabla\/vino\/decantadores\/zwilling-sommelier-sacacorchos-multifuncion-copia\/","title":{"rendered":"ZWILLING Sommelier Decantador"},"content":{"rendered":"<p>Con el escanciador de vino de la colecci\u00f3n Sommelier de ZWILLING\u00ae tendr\u00e1 una forma c\u00f3moda y elegante de servir el vino en la mesa. Es compatible con todas las botellas de vino y tambi\u00e9n es f\u00e1cil de limpiar. El escanciador de vino de 13 cm tiene un sistema de espiral en el interior. El vino entra en contacto con el aire mientras lo sirve y su aroma se desprender\u00e1 perfectamente. Tambi\u00e9n le permitir\u00e1 servir el vino sin que gotee. Gracias al escanciador de vino ZWILLING, podr\u00e1 disfrutar de cada gota de vino sin manchar el mantel. Despu\u00e9s podr\u00e1 volver a cerrar la botella con el elegante tap\u00f3n.<\/p>\n<ul>\n<li>Dise\u00f1o elegante<\/li>\n<li>Acero inoxidable 18\/10<\/li>\n<li>El sistema de espiral integrado permite que el vino respire perfectamente mientras se sirve<\/li>\n<li>As\u00ed podr\u00e1 distinguir todos los matices del vino<\/li>\n<li>El tap\u00f3n cierra perfectamente la botella<\/li>\n<\/ul>\n","protected":false},"excerpt":{"rendered":"<p>Con el escanciador de vino de la colecci\u00f3n Sommelier de ZWILLING\u00ae tendr\u00e1 una forma c\u00f3moda y elegante de servir el<\/p>\n","protected":false},"featured_media":509350,"template":"","meta":{"_acf_changed":false,"inline_featured_image":false},"product_cat":[18541,16027,16051],"product_tag":[25039,21204,25023,16887],"acf":[],"yoast_head":"<!-- This site is optimized with the Yoast SEO Premium plugin v18.6 (Yoast SEO v19.13) - https:\/\/yoast.com\/wordpress\/plugins\/seo\/ -->\n<title>ZWILLING Sommelier Decantador - Erresse Shop<\/title>\n<meta name=\"description\" content=\"Con el escanciador de vino de la colecci\u00f3n Sommelier de ZWILLING\u00ae tendr\u00e1 una forma c\u00f3moda y elegante de servir el vino en la mesa. Es compatible con todas\" \/>\n<meta name=\"robots\" content=\"index, follow, max-snippet:-1, max-image-preview:large, max-video-preview:-1\" \/>\n<link rel=\"canonical\" href=\"https:\/\/www.erresse-shop.it\/es\/shop\/tabla\/vino\/decantadores\/zwilling-sommelier-sacacorchos-multifuncion-copia\/\" \/>\n<meta property=\"og:locale\" content=\"es_ES\" \/>\n<meta property=\"og:type\" content=\"article\" \/>\n<meta property=\"og:title\" content=\"ZWILLING Sommelier Decantador\" \/>\n<meta property=\"og:description\" content=\"Con el escanciador de vino de la colecci\u00f3n Sommelier de ZWILLING\u00ae tendr\u00e1 una forma c\u00f3moda y elegante de servir el vino en la mesa. Es compatible con todas\" \/>\n<meta property=\"og:url\" content=\"https:\/\/www.erresse-shop.it\/es\/shop\/tabla\/vino\/decantadores\/zwilling-sommelier-sacacorchos-multifuncion-copia\/\" \/>\n<meta property=\"og:site_name\" content=\"Erresse Shop\" \/>\n<meta property=\"article:modified_time\" content=\"2024-10-25T13:21:50+00:00\" \/>\n<meta property=\"og:image\" content=\"https:\/\/www.erresse-shop.it\/wp-content\/uploads\/2024\/07\/ZWILLING-Sommelier-Decanter.png\" \/>\n\t<meta property=\"og:image:width\" content=\"800\" \/>\n\t<meta property=\"og:image:height\" content=\"800\" \/>\n\t<meta property=\"og:image:type\" content=\"image\/png\" \/>\n<meta name=\"twitter:card\" content=\"summary_large_image\" \/>\n<script type=\"application\/ld+json\" class=\"yoast-schema-graph\">{\"@context\":\"https:\/\/schema.org\",\"@graph\":[{\"@type\":\"WebPage\",\"@id\":\"https:\/\/www.erresse-shop.it\/es\/shop\/tabla\/vino\/decantadores\/zwilling-sommelier-sacacorchos-multifuncion-copia\/\",\"url\":\"https:\/\/www.erresse-shop.it\/es\/shop\/tabla\/vino\/decantadores\/zwilling-sommelier-sacacorchos-multifuncion-copia\/\",\"name\":\"ZWILLING Sommelier Decantador - Erresse Shop\",\"isPartOf\":{\"@id\":\"https:\/\/www.erresse-shop.it\/es\/#website\"},\"datePublished\":\"2024-07-15T06:11:01+00:00\",\"dateModified\":\"2024-10-25T13:21:50+00:00\",\"description\":\"Con el escanciador de vino de la colecci\u00f3n Sommelier de ZWILLING\u00ae tendr\u00e1 una forma c\u00f3moda y elegante de servir el vino en la mesa. Es compatible con todas\",\"breadcrumb\":{\"@id\":\"https:\/\/www.erresse-shop.it\/es\/shop\/tabla\/vino\/decantadores\/zwilling-sommelier-sacacorchos-multifuncion-copia\/#breadcrumb\"},\"inLanguage\":\"es\",\"potentialAction\":[{\"@type\":\"ReadAction\",\"target\":[\"https:\/\/www.erresse-shop.it\/es\/shop\/tabla\/vino\/decantadores\/zwilling-sommelier-sacacorchos-multifuncion-copia\/\"]}]},{\"@type\":\"BreadcrumbList\",\"@id\":\"https:\/\/www.erresse-shop.it\/es\/shop\/tabla\/vino\/decantadores\/zwilling-sommelier-sacacorchos-multifuncion-copia\/#breadcrumb\",\"itemListElement\":[{\"@type\":\"ListItem\",\"position\":1,\"name\":\"Home\",\"item\":\"https:\/\/www.erresse-shop.it\/es\/\"},{\"@type\":\"ListItem\",\"position\":2,\"name\":\"Shop\",\"item\":\"https:\/\/www.erresse-shop.it\/es\/shop\/\"},{\"@type\":\"ListItem\",\"position\":3,\"name\":\"ZWILLING Sommelier Decantador\"}]},{\"@type\":\"WebSite\",\"@id\":\"https:\/\/www.erresse-shop.it\/es\/#website\",\"url\":\"https:\/\/www.erresse-shop.it\/es\/\",\"name\":\"Erresse Shop\",\"description\":\"Articoli di qualit\u00e0 per la casa\",\"potentialAction\":[{\"@type\":\"SearchAction\",\"target\":{\"@type\":\"EntryPoint\",\"urlTemplate\":\"https:\/\/www.erresse-shop.it\/es\/?s={search_term_string}\"},\"query-input\":\"required name=search_term_string\"}],\"inLanguage\":\"es\"}]}<\/script>\n<!-- \/ Yoast SEO Premium plugin. -->","yoast_head_json":{"title":"ZWILLING Sommelier Decantador - Erresse Shop","description":"Con el escanciador de vino de la colecci\u00f3n Sommelier de ZWILLING\u00ae tendr\u00e1 una forma c\u00f3moda y elegante de servir el vino en la mesa. Es compatible con todas","robots":{"index":"index","follow":"follow","max-snippet":"max-snippet:-1","max-image-preview":"max-image-preview:large","max-video-preview":"max-video-preview:-1"},"canonical":"https:\/\/www.erresse-shop.it\/es\/shop\/tabla\/vino\/decantadores\/zwilling-sommelier-sacacorchos-multifuncion-copia\/","og_locale":"es_ES","og_type":"article","og_title":"ZWILLING Sommelier Decantador","og_description":"Con el escanciador de vino de la colecci\u00f3n Sommelier de ZWILLING\u00ae tendr\u00e1 una forma c\u00f3moda y elegante de servir el vino en la mesa. Es compatible con todas","og_url":"https:\/\/www.erresse-shop.it\/es\/shop\/tabla\/vino\/decantadores\/zwilling-sommelier-sacacorchos-multifuncion-copia\/","og_site_name":"Erresse Shop","article_modified_time":"2024-10-25T13:21:50+00:00","og_image":[{"width":800,"height":800,"url":"https:\/\/www.erresse-shop.it\/wp-content\/uploads\/2024\/07\/ZWILLING-Sommelier-Decanter.png","type":"image\/png"}],"twitter_card":"summary_large_image","schema":{"@context":"https:\/\/schema.org","@graph":[{"@type":"WebPage","@id":"https:\/\/www.erresse-shop.it\/es\/shop\/tabla\/vino\/decantadores\/zwilling-sommelier-sacacorchos-multifuncion-copia\/","url":"https:\/\/www.erresse-shop.it\/es\/shop\/tabla\/vino\/decantadores\/zwilling-sommelier-sacacorchos-multifuncion-copia\/","name":"ZWILLING Sommelier Decantador - Erresse Shop","isPartOf":{"@id":"https:\/\/www.erresse-shop.it\/es\/#website"},"datePublished":"2024-07-15T06:11:01+00:00","dateModified":"2024-10-25T13:21:50+00:00","description":"Con el escanciador de vino de la colecci\u00f3n Sommelier de ZWILLING\u00ae tendr\u00e1 una forma c\u00f3moda y elegante de servir el vino en la mesa. Es compatible con todas","breadcrumb":{"@id":"https:\/\/www.erresse-shop.it\/es\/shop\/tabla\/vino\/decantadores\/zwilling-sommelier-sacacorchos-multifuncion-copia\/#breadcrumb"},"inLanguage":"es","potentialAction":[{"@type":"ReadAction","target":["https:\/\/www.erresse-shop.it\/es\/shop\/tabla\/vino\/decantadores\/zwilling-sommelier-sacacorchos-multifuncion-copia\/"]}]},{"@type":"BreadcrumbList","@id":"https:\/\/www.erresse-shop.it\/es\/shop\/tabla\/vino\/decantadores\/zwilling-sommelier-sacacorchos-multifuncion-copia\/#breadcrumb","itemListElement":[{"@type":"ListItem","position":1,"name":"Home","item":"https:\/\/www.erresse-shop.it\/es\/"},{"@type":"ListItem","position":2,"name":"Shop","item":"https:\/\/www.erresse-shop.it\/es\/shop\/"},{"@type":"ListItem","position":3,"name":"ZWILLING Sommelier Decantador"}]},{"@type":"WebSite","@id":"https:\/\/www.erresse-shop.it\/es\/#website","url":"https:\/\/www.erresse-shop.it\/es\/","name":"Erresse Shop","description":"Articoli di qualit\u00e0 per la casa","potentialAction":[{"@type":"SearchAction","target":{"@type":"EntryPoint","urlTemplate":"https:\/\/www.erresse-shop.it\/es\/?s={search_term_string}"},"query-input":"required name=search_term_string"}],"inLanguage":"es"}]}},"df_price":19.975,"df_sale_price":19.975,"df_regular_price":39.95,"df_image_link":"https:\/\/www.erresse-shop.it\/wp-content\/uploads\/2024\/07\/ZWILLING-Sommelier-Decanter-300x300.jpg","_links":{"self":[{"href":"https:\/\/www.erresse-shop.it\/es\/wp-json\/wp\/v2\/product\/421192"}],"collection":[{"href":"https:\/\/www.erresse-shop.it\/es\/wp-json\/wp\/v2\/product"}],"about":[{"href":"https:\/\/www.erresse-shop.it\/es\/wp-json\/wp\/v2\/types\/product"}],"wp:featuredmedia":[{"embeddable":true,"href":"https:\/\/www.erresse-shop.it\/es\/wp-json\/wp\/v2\/media\/509350"}],"wp:attachment":[{"href":"https:\/\/www.erresse-shop.it\/es\/wp-json\/wp\/v2\/media?parent=421192"}],"wp:term":[{"taxonomy":"product_cat","embeddable":true,"href":"https:\/\/www.erresse-shop.it\/es\/wp-json\/wp\/v2\/product_cat?post=421192"},{"taxonomy":"product_tag","embeddable":true,"href":"https:\/\/www.erresse-shop.it\/es\/wp-json\/wp\/v2\/product_tag?post=421192"}],"curies":[{"name":"wp","href":"https:\/\/api.w.org\/{rel}","templated":true}]}}