{"id":421162,"date":"2024-07-15T05:59:07","date_gmt":"2024-07-15T05:59:08","guid":{"rendered":"https:\/\/www.erresse-shop.it\/?post_type=product&#038;p=421162"},"modified":"2024-10-25T13:28:45","modified_gmt":"2024-10-25T13:28:45","slug":"zwilling-sommelier-sacacorchos-copia","status":"publish","type":"product","link":"https:\/\/www.erresse-shop.it\/es\/shop\/tabla\/vino\/sacacorchos\/zwilling-sommelier-sacacorchos-copia\/","title":{"rendered":"ZWILLING Sommelier Sacacorchos multifunci\u00f3n"},"content":{"rendered":"<p>El sacacorchos plegable ZWILLING\u00ae Sommelier Classic combina un cortac\u00e1psulas, un sacacorchos y un abrebotellas en un solo producto. El funcional sacacorchos de acero inoxidable tiene un mango ergon\u00f3mico de Micarta y una espiral forjada y endurecida con revestimiento antideslizante. La doble palanca tiene una articulaci\u00f3n flexible que permite girar y extraer f\u00e1cilmente el corcho. Retirar corchos y c\u00e1psulas para abrir botellas ser\u00e1 un juego de ni\u00f1os con este sacacorchos 3 en 1 ZWILLING\u00ae Classic, perfecto para sumilleres.<\/p>\n<ul>\n<li>Dise\u00f1o elegante<\/li>\n<li>Con mango de micarta de alta calidad<\/li>\n<li>Incorpora tres funciones en una: cortac\u00e1psulas, sacacorchos y abrebotellas<\/li>\n<li>Espiral con revestimiento antiadherente de alta calidad<\/li>\n<\/ul>\n","protected":false},"excerpt":{"rendered":"<p>El sacacorchos plegable ZWILLING\u00ae Sommelier Classic combina un cortac\u00e1psulas, un sacacorchos y un abrebotellas en un solo producto. El funcional<\/p>\n","protected":false},"featured_media":512750,"template":"","meta":{"_acf_changed":false,"inline_featured_image":false},"product_cat":[16053,16027,16051],"product_tag":[25039,21204,25023,16887],"acf":[],"yoast_head":"<!-- This site is optimized with the Yoast SEO Premium plugin v18.6 (Yoast SEO v19.13) - https:\/\/yoast.com\/wordpress\/plugins\/seo\/ -->\n<title>ZWILLING Sommelier Sacacorchos multifunci\u00f3n - Erresse Shop<\/title>\n<meta name=\"description\" content=\"El sacacorchos plegable ZWILLING\u00ae Sommelier Classic combina un cortac\u00e1psulas, un sacacorchos y un abrebotellas en un solo producto. El funcional\" \/>\n<meta name=\"robots\" content=\"index, follow, max-snippet:-1, max-image-preview:large, max-video-preview:-1\" \/>\n<link rel=\"canonical\" href=\"https:\/\/www.erresse-shop.it\/es\/shop\/tabla\/vino\/sacacorchos\/zwilling-sommelier-sacacorchos-copia\/\" \/>\n<meta property=\"og:locale\" content=\"es_ES\" \/>\n<meta property=\"og:type\" content=\"article\" \/>\n<meta property=\"og:title\" content=\"ZWILLING Sommelier Sacacorchos multifunci\u00f3n\" \/>\n<meta property=\"og:description\" content=\"El sacacorchos plegable ZWILLING\u00ae Sommelier Classic combina un cortac\u00e1psulas, un sacacorchos y un abrebotellas en un solo producto. El funcional\" \/>\n<meta property=\"og:url\" content=\"https:\/\/www.erresse-shop.it\/es\/shop\/tabla\/vino\/sacacorchos\/zwilling-sommelier-sacacorchos-copia\/\" \/>\n<meta property=\"og:site_name\" content=\"Erresse Shop\" \/>\n<meta property=\"article:modified_time\" content=\"2024-10-25T13:28:45+00:00\" \/>\n<meta property=\"og:image\" content=\"https:\/\/www.erresse-shop.it\/wp-content\/uploads\/2024\/07\/ZWILLING-Sommelier-Cavatappi-Multifunzione.png\" \/>\n\t<meta property=\"og:image:width\" content=\"800\" \/>\n\t<meta property=\"og:image:height\" content=\"800\" \/>\n\t<meta property=\"og:image:type\" content=\"image\/png\" \/>\n<meta name=\"twitter:card\" content=\"summary_large_image\" \/>\n<script type=\"application\/ld+json\" class=\"yoast-schema-graph\">{\"@context\":\"https:\/\/schema.org\",\"@graph\":[{\"@type\":\"WebPage\",\"@id\":\"https:\/\/www.erresse-shop.it\/es\/shop\/tabla\/vino\/sacacorchos\/zwilling-sommelier-sacacorchos-copia\/\",\"url\":\"https:\/\/www.erresse-shop.it\/es\/shop\/tabla\/vino\/sacacorchos\/zwilling-sommelier-sacacorchos-copia\/\",\"name\":\"ZWILLING Sommelier Sacacorchos multifunci\u00f3n - Erresse Shop\",\"isPartOf\":{\"@id\":\"https:\/\/www.erresse-shop.it\/es\/#website\"},\"datePublished\":\"2024-07-15T05:59:08+00:00\",\"dateModified\":\"2024-10-25T13:28:45+00:00\",\"description\":\"El sacacorchos plegable ZWILLING\u00ae Sommelier Classic combina un cortac\u00e1psulas, un sacacorchos y un abrebotellas en un solo producto. El funcional\",\"breadcrumb\":{\"@id\":\"https:\/\/www.erresse-shop.it\/es\/shop\/tabla\/vino\/sacacorchos\/zwilling-sommelier-sacacorchos-copia\/#breadcrumb\"},\"inLanguage\":\"es\",\"potentialAction\":[{\"@type\":\"ReadAction\",\"target\":[\"https:\/\/www.erresse-shop.it\/es\/shop\/tabla\/vino\/sacacorchos\/zwilling-sommelier-sacacorchos-copia\/\"]}]},{\"@type\":\"BreadcrumbList\",\"@id\":\"https:\/\/www.erresse-shop.it\/es\/shop\/tabla\/vino\/sacacorchos\/zwilling-sommelier-sacacorchos-copia\/#breadcrumb\",\"itemListElement\":[{\"@type\":\"ListItem\",\"position\":1,\"name\":\"Home\",\"item\":\"https:\/\/www.erresse-shop.it\/es\/\"},{\"@type\":\"ListItem\",\"position\":2,\"name\":\"Shop\",\"item\":\"https:\/\/www.erresse-shop.it\/es\/shop\/\"},{\"@type\":\"ListItem\",\"position\":3,\"name\":\"ZWILLING Sommelier Sacacorchos multifunci\u00f3n\"}]},{\"@type\":\"WebSite\",\"@id\":\"https:\/\/www.erresse-shop.it\/es\/#website\",\"url\":\"https:\/\/www.erresse-shop.it\/es\/\",\"name\":\"Erresse Shop\",\"description\":\"Articoli di qualit\u00e0 per la casa\",\"potentialAction\":[{\"@type\":\"SearchAction\",\"target\":{\"@type\":\"EntryPoint\",\"urlTemplate\":\"https:\/\/www.erresse-shop.it\/es\/?s={search_term_string}\"},\"query-input\":\"required name=search_term_string\"}],\"inLanguage\":\"es\"}]}<\/script>\n<!-- \/ Yoast SEO Premium plugin. -->","yoast_head_json":{"title":"ZWILLING Sommelier Sacacorchos multifunci\u00f3n - Erresse Shop","description":"El sacacorchos plegable ZWILLING\u00ae Sommelier Classic combina un cortac\u00e1psulas, un sacacorchos y un abrebotellas en un solo producto. El funcional","robots":{"index":"index","follow":"follow","max-snippet":"max-snippet:-1","max-image-preview":"max-image-preview:large","max-video-preview":"max-video-preview:-1"},"canonical":"https:\/\/www.erresse-shop.it\/es\/shop\/tabla\/vino\/sacacorchos\/zwilling-sommelier-sacacorchos-copia\/","og_locale":"es_ES","og_type":"article","og_title":"ZWILLING Sommelier Sacacorchos multifunci\u00f3n","og_description":"El sacacorchos plegable ZWILLING\u00ae Sommelier Classic combina un cortac\u00e1psulas, un sacacorchos y un abrebotellas en un solo producto. El funcional","og_url":"https:\/\/www.erresse-shop.it\/es\/shop\/tabla\/vino\/sacacorchos\/zwilling-sommelier-sacacorchos-copia\/","og_site_name":"Erresse Shop","article_modified_time":"2024-10-25T13:28:45+00:00","og_image":[{"width":800,"height":800,"url":"https:\/\/www.erresse-shop.it\/wp-content\/uploads\/2024\/07\/ZWILLING-Sommelier-Cavatappi-Multifunzione.png","type":"image\/png"}],"twitter_card":"summary_large_image","schema":{"@context":"https:\/\/schema.org","@graph":[{"@type":"WebPage","@id":"https:\/\/www.erresse-shop.it\/es\/shop\/tabla\/vino\/sacacorchos\/zwilling-sommelier-sacacorchos-copia\/","url":"https:\/\/www.erresse-shop.it\/es\/shop\/tabla\/vino\/sacacorchos\/zwilling-sommelier-sacacorchos-copia\/","name":"ZWILLING Sommelier Sacacorchos multifunci\u00f3n - Erresse Shop","isPartOf":{"@id":"https:\/\/www.erresse-shop.it\/es\/#website"},"datePublished":"2024-07-15T05:59:08+00:00","dateModified":"2024-10-25T13:28:45+00:00","description":"El sacacorchos plegable ZWILLING\u00ae Sommelier Classic combina un cortac\u00e1psulas, un sacacorchos y un abrebotellas en un solo producto. El funcional","breadcrumb":{"@id":"https:\/\/www.erresse-shop.it\/es\/shop\/tabla\/vino\/sacacorchos\/zwilling-sommelier-sacacorchos-copia\/#breadcrumb"},"inLanguage":"es","potentialAction":[{"@type":"ReadAction","target":["https:\/\/www.erresse-shop.it\/es\/shop\/tabla\/vino\/sacacorchos\/zwilling-sommelier-sacacorchos-copia\/"]}]},{"@type":"BreadcrumbList","@id":"https:\/\/www.erresse-shop.it\/es\/shop\/tabla\/vino\/sacacorchos\/zwilling-sommelier-sacacorchos-copia\/#breadcrumb","itemListElement":[{"@type":"ListItem","position":1,"name":"Home","item":"https:\/\/www.erresse-shop.it\/es\/"},{"@type":"ListItem","position":2,"name":"Shop","item":"https:\/\/www.erresse-shop.it\/es\/shop\/"},{"@type":"ListItem","position":3,"name":"ZWILLING Sommelier Sacacorchos multifunci\u00f3n"}]},{"@type":"WebSite","@id":"https:\/\/www.erresse-shop.it\/es\/#website","url":"https:\/\/www.erresse-shop.it\/es\/","name":"Erresse Shop","description":"Articoli di qualit\u00e0 per la casa","potentialAction":[{"@type":"SearchAction","target":{"@type":"EntryPoint","urlTemplate":"https:\/\/www.erresse-shop.it\/es\/?s={search_term_string}"},"query-input":"required name=search_term_string"}],"inLanguage":"es"}]}},"df_price":31.475,"df_sale_price":31.475,"df_regular_price":62.95,"df_image_link":"https:\/\/www.erresse-shop.it\/wp-content\/uploads\/2024\/07\/ZWILLING-Sommelier-Cavatappi-Multifunzione-300x300.jpg","_links":{"self":[{"href":"https:\/\/www.erresse-shop.it\/es\/wp-json\/wp\/v2\/product\/421162"}],"collection":[{"href":"https:\/\/www.erresse-shop.it\/es\/wp-json\/wp\/v2\/product"}],"about":[{"href":"https:\/\/www.erresse-shop.it\/es\/wp-json\/wp\/v2\/types\/product"}],"wp:featuredmedia":[{"embeddable":true,"href":"https:\/\/www.erresse-shop.it\/es\/wp-json\/wp\/v2\/media\/512750"}],"wp:attachment":[{"href":"https:\/\/www.erresse-shop.it\/es\/wp-json\/wp\/v2\/media?parent=421162"}],"wp:term":[{"taxonomy":"product_cat","embeddable":true,"href":"https:\/\/www.erresse-shop.it\/es\/wp-json\/wp\/v2\/product_cat?post=421162"},{"taxonomy":"product_tag","embeddable":true,"href":"https:\/\/www.erresse-shop.it\/es\/wp-json\/wp\/v2\/product_tag?post=421162"}],"curies":[{"name":"wp","href":"https:\/\/api.w.org\/{rel}","templated":true}]}}