{"id":421138,"date":"2024-07-15T05:34:34","date_gmt":"2024-07-15T05:34:35","guid":{"rendered":"https:\/\/www.erresse-shop.it\/?post_type=product&#038;p=421138"},"modified":"2024-10-25T13:30:40","modified_gmt":"2024-10-25T13:30:40","slug":"zwilling-z-cut-rallador-espiral-copia","status":"publish","type":"product","link":"https:\/\/www.erresse-shop.it\/es\/shop\/tabla\/vino\/sacacorchos\/zwilling-z-cut-rallador-espiral-copia\/","title":{"rendered":"ZWILLING Sommelier Sacacorchos"},"content":{"rendered":"<p>Con nuestro sacacorchos de doble elevaci\u00f3n abrir\u00e1 una buena botella de vino con estilo. Todo lo que tiene que hacer es colocar el fondo sobre la botella y girar el mango. A continuaci\u00f3n, los pr\u00e1cticos brazos elevadores le permiten extraer el corcho con un movimiento de mu\u00f1eca. Esta herramienta para amantes del vino convence por su \u00f3ptima calidad. Est\u00e1 niquelado, por lo que el \u00f3xido no es un problema; esto es muy importante no s\u00f3lo para la impresi\u00f3n visual, sino tambi\u00e9n para la higiene. Con el sacacorchos de doble elevaci\u00f3n de ZWILLING, abrir el vino se convierte en el momento culminante de la velada.<\/p>\n<ul>\n<li>Niquelado<\/li>\n<li>Para abrir f\u00e1cilmente la botella<\/li>\n<li>Con eje afilado y punta centrada<\/li>\n<\/ul>\n","protected":false},"excerpt":{"rendered":"<p>Con nuestro sacacorchos de doble elevaci\u00f3n abrir\u00e1 una buena botella de vino con estilo. Todo lo que tiene que hacer<\/p>\n","protected":false},"featured_media":507043,"template":"","meta":{"_acf_changed":false,"inline_featured_image":false},"product_cat":[16053,16027,16051],"product_tag":[25039,21204,25023,16887],"acf":[],"yoast_head":"<!-- This site is optimized with the Yoast SEO Premium plugin v18.6 (Yoast SEO v19.13) - https:\/\/yoast.com\/wordpress\/plugins\/seo\/ -->\n<title>ZWILLING Sommelier Sacacorchos - Erresse Shop<\/title>\n<meta name=\"description\" content=\"Con nuestro sacacorchos de doble elevaci\u00f3n abrir\u00e1 una buena botella de vino con estilo. Todo lo que tiene que hacer es colocar el fondo sobre la botella y\" \/>\n<meta name=\"robots\" content=\"index, follow, max-snippet:-1, max-image-preview:large, max-video-preview:-1\" \/>\n<link rel=\"canonical\" href=\"https:\/\/www.erresse-shop.it\/es\/shop\/tabla\/vino\/sacacorchos\/zwilling-z-cut-rallador-espiral-copia\/\" \/>\n<meta property=\"og:locale\" content=\"es_ES\" \/>\n<meta property=\"og:type\" content=\"article\" \/>\n<meta property=\"og:title\" content=\"ZWILLING Sommelier Sacacorchos\" \/>\n<meta property=\"og:description\" content=\"Con nuestro sacacorchos de doble elevaci\u00f3n abrir\u00e1 una buena botella de vino con estilo. Todo lo que tiene que hacer es colocar el fondo sobre la botella y\" \/>\n<meta property=\"og:url\" content=\"https:\/\/www.erresse-shop.it\/es\/shop\/tabla\/vino\/sacacorchos\/zwilling-z-cut-rallador-espiral-copia\/\" \/>\n<meta property=\"og:site_name\" content=\"Erresse Shop\" \/>\n<meta property=\"article:modified_time\" content=\"2024-10-25T13:30:40+00:00\" \/>\n<meta property=\"og:image\" content=\"https:\/\/www.erresse-shop.it\/wp-content\/uploads\/2024\/07\/ZWILLING-Sommelier-Cavatappi.png\" \/>\n\t<meta property=\"og:image:width\" content=\"800\" \/>\n\t<meta property=\"og:image:height\" content=\"800\" \/>\n\t<meta property=\"og:image:type\" content=\"image\/png\" \/>\n<meta name=\"twitter:card\" content=\"summary_large_image\" \/>\n<script type=\"application\/ld+json\" class=\"yoast-schema-graph\">{\"@context\":\"https:\/\/schema.org\",\"@graph\":[{\"@type\":\"WebPage\",\"@id\":\"https:\/\/www.erresse-shop.it\/es\/shop\/tabla\/vino\/sacacorchos\/zwilling-z-cut-rallador-espiral-copia\/\",\"url\":\"https:\/\/www.erresse-shop.it\/es\/shop\/tabla\/vino\/sacacorchos\/zwilling-z-cut-rallador-espiral-copia\/\",\"name\":\"ZWILLING Sommelier Sacacorchos - Erresse Shop\",\"isPartOf\":{\"@id\":\"https:\/\/www.erresse-shop.it\/es\/#website\"},\"datePublished\":\"2024-07-15T05:34:35+00:00\",\"dateModified\":\"2024-10-25T13:30:40+00:00\",\"description\":\"Con nuestro sacacorchos de doble elevaci\u00f3n abrir\u00e1 una buena botella de vino con estilo. Todo lo que tiene que hacer es colocar el fondo sobre la botella y\",\"breadcrumb\":{\"@id\":\"https:\/\/www.erresse-shop.it\/es\/shop\/tabla\/vino\/sacacorchos\/zwilling-z-cut-rallador-espiral-copia\/#breadcrumb\"},\"inLanguage\":\"es\",\"potentialAction\":[{\"@type\":\"ReadAction\",\"target\":[\"https:\/\/www.erresse-shop.it\/es\/shop\/tabla\/vino\/sacacorchos\/zwilling-z-cut-rallador-espiral-copia\/\"]}]},{\"@type\":\"BreadcrumbList\",\"@id\":\"https:\/\/www.erresse-shop.it\/es\/shop\/tabla\/vino\/sacacorchos\/zwilling-z-cut-rallador-espiral-copia\/#breadcrumb\",\"itemListElement\":[{\"@type\":\"ListItem\",\"position\":1,\"name\":\"Home\",\"item\":\"https:\/\/www.erresse-shop.it\/es\/\"},{\"@type\":\"ListItem\",\"position\":2,\"name\":\"Shop\",\"item\":\"https:\/\/www.erresse-shop.it\/es\/shop\/\"},{\"@type\":\"ListItem\",\"position\":3,\"name\":\"ZWILLING Sommelier Sacacorchos\"}]},{\"@type\":\"WebSite\",\"@id\":\"https:\/\/www.erresse-shop.it\/es\/#website\",\"url\":\"https:\/\/www.erresse-shop.it\/es\/\",\"name\":\"Erresse Shop\",\"description\":\"Articoli di qualit\u00e0 per la casa\",\"potentialAction\":[{\"@type\":\"SearchAction\",\"target\":{\"@type\":\"EntryPoint\",\"urlTemplate\":\"https:\/\/www.erresse-shop.it\/es\/?s={search_term_string}\"},\"query-input\":\"required name=search_term_string\"}],\"inLanguage\":\"es\"}]}<\/script>\n<!-- \/ Yoast SEO Premium plugin. -->","yoast_head_json":{"title":"ZWILLING Sommelier Sacacorchos - Erresse Shop","description":"Con nuestro sacacorchos de doble elevaci\u00f3n abrir\u00e1 una buena botella de vino con estilo. Todo lo que tiene que hacer es colocar el fondo sobre la botella y","robots":{"index":"index","follow":"follow","max-snippet":"max-snippet:-1","max-image-preview":"max-image-preview:large","max-video-preview":"max-video-preview:-1"},"canonical":"https:\/\/www.erresse-shop.it\/es\/shop\/tabla\/vino\/sacacorchos\/zwilling-z-cut-rallador-espiral-copia\/","og_locale":"es_ES","og_type":"article","og_title":"ZWILLING Sommelier Sacacorchos","og_description":"Con nuestro sacacorchos de doble elevaci\u00f3n abrir\u00e1 una buena botella de vino con estilo. Todo lo que tiene que hacer es colocar el fondo sobre la botella y","og_url":"https:\/\/www.erresse-shop.it\/es\/shop\/tabla\/vino\/sacacorchos\/zwilling-z-cut-rallador-espiral-copia\/","og_site_name":"Erresse Shop","article_modified_time":"2024-10-25T13:30:40+00:00","og_image":[{"width":800,"height":800,"url":"https:\/\/www.erresse-shop.it\/wp-content\/uploads\/2024\/07\/ZWILLING-Sommelier-Cavatappi.png","type":"image\/png"}],"twitter_card":"summary_large_image","schema":{"@context":"https:\/\/schema.org","@graph":[{"@type":"WebPage","@id":"https:\/\/www.erresse-shop.it\/es\/shop\/tabla\/vino\/sacacorchos\/zwilling-z-cut-rallador-espiral-copia\/","url":"https:\/\/www.erresse-shop.it\/es\/shop\/tabla\/vino\/sacacorchos\/zwilling-z-cut-rallador-espiral-copia\/","name":"ZWILLING Sommelier Sacacorchos - Erresse Shop","isPartOf":{"@id":"https:\/\/www.erresse-shop.it\/es\/#website"},"datePublished":"2024-07-15T05:34:35+00:00","dateModified":"2024-10-25T13:30:40+00:00","description":"Con nuestro sacacorchos de doble elevaci\u00f3n abrir\u00e1 una buena botella de vino con estilo. Todo lo que tiene que hacer es colocar el fondo sobre la botella y","breadcrumb":{"@id":"https:\/\/www.erresse-shop.it\/es\/shop\/tabla\/vino\/sacacorchos\/zwilling-z-cut-rallador-espiral-copia\/#breadcrumb"},"inLanguage":"es","potentialAction":[{"@type":"ReadAction","target":["https:\/\/www.erresse-shop.it\/es\/shop\/tabla\/vino\/sacacorchos\/zwilling-z-cut-rallador-espiral-copia\/"]}]},{"@type":"BreadcrumbList","@id":"https:\/\/www.erresse-shop.it\/es\/shop\/tabla\/vino\/sacacorchos\/zwilling-z-cut-rallador-espiral-copia\/#breadcrumb","itemListElement":[{"@type":"ListItem","position":1,"name":"Home","item":"https:\/\/www.erresse-shop.it\/es\/"},{"@type":"ListItem","position":2,"name":"Shop","item":"https:\/\/www.erresse-shop.it\/es\/shop\/"},{"@type":"ListItem","position":3,"name":"ZWILLING Sommelier Sacacorchos"}]},{"@type":"WebSite","@id":"https:\/\/www.erresse-shop.it\/es\/#website","url":"https:\/\/www.erresse-shop.it\/es\/","name":"Erresse Shop","description":"Articoli di qualit\u00e0 per la casa","potentialAction":[{"@type":"SearchAction","target":{"@type":"EntryPoint","urlTemplate":"https:\/\/www.erresse-shop.it\/es\/?s={search_term_string}"},"query-input":"required name=search_term_string"}],"inLanguage":"es"}]}},"df_price":29.975,"df_sale_price":29.975,"df_regular_price":59.95,"df_image_link":"https:\/\/www.erresse-shop.it\/wp-content\/uploads\/2024\/07\/ZWILLING-Sommelier-Cavatappi-300x300.jpg","_links":{"self":[{"href":"https:\/\/www.erresse-shop.it\/es\/wp-json\/wp\/v2\/product\/421138"}],"collection":[{"href":"https:\/\/www.erresse-shop.it\/es\/wp-json\/wp\/v2\/product"}],"about":[{"href":"https:\/\/www.erresse-shop.it\/es\/wp-json\/wp\/v2\/types\/product"}],"wp:featuredmedia":[{"embeddable":true,"href":"https:\/\/www.erresse-shop.it\/es\/wp-json\/wp\/v2\/media\/507043"}],"wp:attachment":[{"href":"https:\/\/www.erresse-shop.it\/es\/wp-json\/wp\/v2\/media?parent=421138"}],"wp:term":[{"taxonomy":"product_cat","embeddable":true,"href":"https:\/\/www.erresse-shop.it\/es\/wp-json\/wp\/v2\/product_cat?post=421138"},{"taxonomy":"product_tag","embeddable":true,"href":"https:\/\/www.erresse-shop.it\/es\/wp-json\/wp\/v2\/product_tag?post=421138"}],"curies":[{"name":"wp","href":"https:\/\/api.w.org\/{rel}","templated":true}]}}