{"id":420960,"date":"2024-07-12T13:51:14","date_gmt":"2024-07-12T13:51:15","guid":{"rendered":"https:\/\/www.erresse-shop.it\/?post_type=product&#038;p=420960"},"modified":"2024-10-25T13:45:23","modified_gmt":"2024-10-25T13:45:23","slug":"zwilling-z-cut-rallador-multifuncion-gris-copia","status":"publish","type":"product","link":"https:\/\/www.erresse-shop.it\/es\/shop\/cocina\/ralladores\/zwilling-z-cut-rallador-multifuncion-gris-copia\/","title":{"rendered":"ZWILLING Z-CUT Rallador vertical de 4 lados"},"content":{"rendered":"<p>\u00bfTe encanta cocinar ligero y saludable y te encanta la versatilidad de tu men\u00fa semanal? El rallador 6 en 1 de la serie ZWILLING Z-Cut es la herramienta perfecta para usted. Este todoterreno de cocina le ayudar\u00e1 a rallar, cortar en rodajas finas y cortar queso, frutas, verduras, frutos secos e incluso chocolate. Tendr\u00e1s a tu disposici\u00f3n toda la versatilidad de sus cuatro lados para rallar, un rallador fino y uno grueso y una cuchilla afilada por ambas caras. Las hojas son el resultado de nuestro amplio conocimiento y de las tecnolog\u00edas que utilizamos para las hojas y los cuchillos: gracias a la tecnolog\u00eda patentada Z-Cut, el rallado es verdaderamente inmediato. Las cuchillas de acero inoxidable 18\/10 te permiten trabajar en ambos sentidos, con menor esfuerzo y en menos tiempo. Pero a\u00fan hay m\u00e1s: este rallador multifuncional tiene muchas otras soluciones inteligentes reservadas para usted. El recipiente integrado te permite sacar lo que hayas rallado f\u00e1cilmente y sin ensuciar nada. El fondo antideslizante es perfecto para mantener firme el rallador, incluso durante las operaciones m\u00e1s intensas. Y con el recubrimiento adecuado, el rallador siempre estar\u00e1 seguro. El rallador fue dise\u00f1ado por el d\u00fao de dise\u00f1adores milaneses Matteo Thun y Antonio Rodr\u00edguez y sorprende por su aspecto minimalista. Despu\u00e9s de su uso, tambi\u00e9n podr\u00e1s meterlo en el lavavajillas, por lo que ser\u00e1 realmente f\u00e1cil de limpiar.<\/p>\n<ul>\n<li>Cuatro lados para rallar, picar finamente, rebanar y cortar en hojuelas o tiras<\/li>\n<li>Apto para lavavajillas, mantiene su forma y apariencia y dura mucho tiempo.<\/li>\n<li>Fabricado en acero inoxidable 18\/10<\/li>\n<li>Dise\u00f1o ZWILLING Z-Cut con tecnolog\u00eda de cuchilla bidireccional<\/li>\n<li>M\u00e1s seguro: con revestimiento protector y fondo de goma antideslizante<\/li>\n<li>Contenedor extra\u00edble para trabajar sin ensuciar nada<\/li>\n<\/ul>\n","protected":false},"excerpt":{"rendered":"<p>\u00bfTe encanta cocinar ligero y saludable y te encanta la versatilidad de tu men\u00fa semanal? El rallador 6 en 1<\/p>\n","protected":false},"featured_media":467000,"template":"","meta":{"_acf_changed":false,"inline_featured_image":false},"product_cat":[16040,26039],"product_tag":[25039,25023],"acf":[],"yoast_head":"<!-- This site is optimized with the Yoast SEO Premium plugin v18.6 (Yoast SEO v19.13) - https:\/\/yoast.com\/wordpress\/plugins\/seo\/ -->\n<title>ZWILLING Z-CUT Rallador vertical de 4 lados - Erresse Shop<\/title>\n<meta name=\"description\" content=\"\u00bfTe encanta cocinar ligero y saludable y te encanta la versatilidad de tu men\u00fa semanal? El rallador 6 en 1 de la serie ZWILLING Z-Cut es la herramienta\" \/>\n<meta name=\"robots\" content=\"index, follow, max-snippet:-1, max-image-preview:large, max-video-preview:-1\" \/>\n<link rel=\"canonical\" href=\"https:\/\/www.erresse-shop.it\/es\/shop\/cocina\/ralladores\/zwilling-z-cut-rallador-multifuncion-gris-copia\/\" \/>\n<meta property=\"og:locale\" content=\"es_ES\" \/>\n<meta property=\"og:type\" content=\"article\" \/>\n<meta property=\"og:title\" content=\"ZWILLING Z-CUT Rallador vertical de 4 lados\" \/>\n<meta property=\"og:description\" content=\"\u00bfTe encanta cocinar ligero y saludable y te encanta la versatilidad de tu men\u00fa semanal? El rallador 6 en 1 de la serie ZWILLING Z-Cut es la herramienta\" \/>\n<meta property=\"og:url\" content=\"https:\/\/www.erresse-shop.it\/es\/shop\/cocina\/ralladores\/zwilling-z-cut-rallador-multifuncion-gris-copia\/\" \/>\n<meta property=\"og:site_name\" content=\"Erresse Shop\" \/>\n<meta property=\"article:modified_time\" content=\"2024-10-25T13:45:23+00:00\" \/>\n<meta property=\"og:image\" content=\"https:\/\/www.erresse-shop.it\/wp-content\/uploads\/2024\/07\/ZWILLING-Z-CUT-Grattugia-Verticale-4-Lati.png\" \/>\n\t<meta property=\"og:image:width\" content=\"800\" \/>\n\t<meta property=\"og:image:height\" content=\"800\" \/>\n\t<meta property=\"og:image:type\" content=\"image\/png\" \/>\n<meta name=\"twitter:card\" content=\"summary_large_image\" \/>\n<script type=\"application\/ld+json\" class=\"yoast-schema-graph\">{\"@context\":\"https:\/\/schema.org\",\"@graph\":[{\"@type\":\"WebPage\",\"@id\":\"https:\/\/www.erresse-shop.it\/es\/shop\/cocina\/ralladores\/zwilling-z-cut-rallador-multifuncion-gris-copia\/\",\"url\":\"https:\/\/www.erresse-shop.it\/es\/shop\/cocina\/ralladores\/zwilling-z-cut-rallador-multifuncion-gris-copia\/\",\"name\":\"ZWILLING Z-CUT Rallador vertical de 4 lados - Erresse Shop\",\"isPartOf\":{\"@id\":\"https:\/\/www.erresse-shop.it\/es\/#website\"},\"datePublished\":\"2024-07-12T13:51:15+00:00\",\"dateModified\":\"2024-10-25T13:45:23+00:00\",\"description\":\"\u00bfTe encanta cocinar ligero y saludable y te encanta la versatilidad de tu men\u00fa semanal? El rallador 6 en 1 de la serie ZWILLING Z-Cut es la herramienta\",\"breadcrumb\":{\"@id\":\"https:\/\/www.erresse-shop.it\/es\/shop\/cocina\/ralladores\/zwilling-z-cut-rallador-multifuncion-gris-copia\/#breadcrumb\"},\"inLanguage\":\"es\",\"potentialAction\":[{\"@type\":\"ReadAction\",\"target\":[\"https:\/\/www.erresse-shop.it\/es\/shop\/cocina\/ralladores\/zwilling-z-cut-rallador-multifuncion-gris-copia\/\"]}]},{\"@type\":\"BreadcrumbList\",\"@id\":\"https:\/\/www.erresse-shop.it\/es\/shop\/cocina\/ralladores\/zwilling-z-cut-rallador-multifuncion-gris-copia\/#breadcrumb\",\"itemListElement\":[{\"@type\":\"ListItem\",\"position\":1,\"name\":\"Home\",\"item\":\"https:\/\/www.erresse-shop.it\/es\/\"},{\"@type\":\"ListItem\",\"position\":2,\"name\":\"Shop\",\"item\":\"https:\/\/www.erresse-shop.it\/es\/shop\/\"},{\"@type\":\"ListItem\",\"position\":3,\"name\":\"ZWILLING Z-CUT Rallador vertical de 4 lados\"}]},{\"@type\":\"WebSite\",\"@id\":\"https:\/\/www.erresse-shop.it\/es\/#website\",\"url\":\"https:\/\/www.erresse-shop.it\/es\/\",\"name\":\"Erresse Shop\",\"description\":\"Articoli di qualit\u00e0 per la casa\",\"potentialAction\":[{\"@type\":\"SearchAction\",\"target\":{\"@type\":\"EntryPoint\",\"urlTemplate\":\"https:\/\/www.erresse-shop.it\/es\/?s={search_term_string}\"},\"query-input\":\"required name=search_term_string\"}],\"inLanguage\":\"es\"}]}<\/script>\n<!-- \/ Yoast SEO Premium plugin. -->","yoast_head_json":{"title":"ZWILLING Z-CUT Rallador vertical de 4 lados - Erresse Shop","description":"\u00bfTe encanta cocinar ligero y saludable y te encanta la versatilidad de tu men\u00fa semanal? El rallador 6 en 1 de la serie ZWILLING Z-Cut es la herramienta","robots":{"index":"index","follow":"follow","max-snippet":"max-snippet:-1","max-image-preview":"max-image-preview:large","max-video-preview":"max-video-preview:-1"},"canonical":"https:\/\/www.erresse-shop.it\/es\/shop\/cocina\/ralladores\/zwilling-z-cut-rallador-multifuncion-gris-copia\/","og_locale":"es_ES","og_type":"article","og_title":"ZWILLING Z-CUT Rallador vertical de 4 lados","og_description":"\u00bfTe encanta cocinar ligero y saludable y te encanta la versatilidad de tu men\u00fa semanal? El rallador 6 en 1 de la serie ZWILLING Z-Cut es la herramienta","og_url":"https:\/\/www.erresse-shop.it\/es\/shop\/cocina\/ralladores\/zwilling-z-cut-rallador-multifuncion-gris-copia\/","og_site_name":"Erresse Shop","article_modified_time":"2024-10-25T13:45:23+00:00","og_image":[{"width":800,"height":800,"url":"https:\/\/www.erresse-shop.it\/wp-content\/uploads\/2024\/07\/ZWILLING-Z-CUT-Grattugia-Verticale-4-Lati.png","type":"image\/png"}],"twitter_card":"summary_large_image","schema":{"@context":"https:\/\/schema.org","@graph":[{"@type":"WebPage","@id":"https:\/\/www.erresse-shop.it\/es\/shop\/cocina\/ralladores\/zwilling-z-cut-rallador-multifuncion-gris-copia\/","url":"https:\/\/www.erresse-shop.it\/es\/shop\/cocina\/ralladores\/zwilling-z-cut-rallador-multifuncion-gris-copia\/","name":"ZWILLING Z-CUT Rallador vertical de 4 lados - Erresse Shop","isPartOf":{"@id":"https:\/\/www.erresse-shop.it\/es\/#website"},"datePublished":"2024-07-12T13:51:15+00:00","dateModified":"2024-10-25T13:45:23+00:00","description":"\u00bfTe encanta cocinar ligero y saludable y te encanta la versatilidad de tu men\u00fa semanal? El rallador 6 en 1 de la serie ZWILLING Z-Cut es la herramienta","breadcrumb":{"@id":"https:\/\/www.erresse-shop.it\/es\/shop\/cocina\/ralladores\/zwilling-z-cut-rallador-multifuncion-gris-copia\/#breadcrumb"},"inLanguage":"es","potentialAction":[{"@type":"ReadAction","target":["https:\/\/www.erresse-shop.it\/es\/shop\/cocina\/ralladores\/zwilling-z-cut-rallador-multifuncion-gris-copia\/"]}]},{"@type":"BreadcrumbList","@id":"https:\/\/www.erresse-shop.it\/es\/shop\/cocina\/ralladores\/zwilling-z-cut-rallador-multifuncion-gris-copia\/#breadcrumb","itemListElement":[{"@type":"ListItem","position":1,"name":"Home","item":"https:\/\/www.erresse-shop.it\/es\/"},{"@type":"ListItem","position":2,"name":"Shop","item":"https:\/\/www.erresse-shop.it\/es\/shop\/"},{"@type":"ListItem","position":3,"name":"ZWILLING Z-CUT Rallador vertical de 4 lados"}]},{"@type":"WebSite","@id":"https:\/\/www.erresse-shop.it\/es\/#website","url":"https:\/\/www.erresse-shop.it\/es\/","name":"Erresse Shop","description":"Articoli di qualit\u00e0 per la casa","potentialAction":[{"@type":"SearchAction","target":{"@type":"EntryPoint","urlTemplate":"https:\/\/www.erresse-shop.it\/es\/?s={search_term_string}"},"query-input":"required name=search_term_string"}],"inLanguage":"es"}]}},"df_price":22.475,"df_sale_price":22.475,"df_regular_price":44.95,"df_image_link":"https:\/\/www.erresse-shop.it\/wp-content\/uploads\/2024\/07\/ZWILLING-Z-CUT-Grattugia-Verticale-4-Lati-300x300.jpg","_links":{"self":[{"href":"https:\/\/www.erresse-shop.it\/es\/wp-json\/wp\/v2\/product\/420960"}],"collection":[{"href":"https:\/\/www.erresse-shop.it\/es\/wp-json\/wp\/v2\/product"}],"about":[{"href":"https:\/\/www.erresse-shop.it\/es\/wp-json\/wp\/v2\/types\/product"}],"wp:featuredmedia":[{"embeddable":true,"href":"https:\/\/www.erresse-shop.it\/es\/wp-json\/wp\/v2\/media\/467000"}],"wp:attachment":[{"href":"https:\/\/www.erresse-shop.it\/es\/wp-json\/wp\/v2\/media?parent=420960"}],"wp:term":[{"taxonomy":"product_cat","embeddable":true,"href":"https:\/\/www.erresse-shop.it\/es\/wp-json\/wp\/v2\/product_cat?post=420960"},{"taxonomy":"product_tag","embeddable":true,"href":"https:\/\/www.erresse-shop.it\/es\/wp-json\/wp\/v2\/product_tag?post=420960"}],"curies":[{"name":"wp","href":"https:\/\/api.w.org\/{rel}","templated":true}]}}