{"id":419595,"date":"2024-07-12T05:26:44","date_gmt":"2024-07-12T05:26:46","guid":{"rendered":"https:\/\/www.erresse-shop.it\/?post_type=product&#038;p=419595"},"modified":"2024-12-23T17:49:01","modified_gmt":"2024-12-23T17:49:01","slug":"instant-pot-pro-57-l-copia","status":"publish","type":"product","link":"https:\/\/www.erresse-shop.it\/es\/shop\/pequenos-electrodomesticos\/procesadores-de-alimentos\/instant-pot-pro-57-l-copia\/","title":{"rendered":"INSTANT POT Pro Plus Wifi 5,7 L Negro"},"content":{"rendered":"<p>La Instant Pot Pro Plus son 10 aparatos en 1 y es la versi\u00f3n de mayor rendimiento que est\u00e1 totalmente conectada a trav\u00e9s de Wifi y permite el funcionamiento remoto a trav\u00e9s de la aplicaci\u00f3n Instant Brands Connect. La Pro Plus cuenta con 9 programas inteligentes que puedes controlar c\u00f3modamente a trav\u00e9s de la aplicaci\u00f3n, as\u00ed como utilizar los ajustes de cocci\u00f3n predeterminados y acceder a m\u00e1s de 800 recetas interactivas. Puedes personalizar el tiempo, el nivel de presi\u00f3n, la temperatura y el tipo de ventilaci\u00f3n, haciendo m\u00e1s f\u00e1cil que nunca el uso de una olla Instant Pot.<\/p>\n<p><strong>Especificaciones t\u00e9cnicas:<\/strong><\/p>\n<p>Material: tapa y olla interior de acero inoxidable, olla exterior de acero inoxidable cepillado con acabado negro mate<br \/>\nOlla interior de acero inoxidable con fondo reforzado y asas de silicona, se puede trasladar a mesas y cocinas, incluidas las de inducci\u00f3n<br \/>\nPantalla t\u00e1ctil grande y f\u00e1cil de usar<br \/>\nBot\u00f3n central manual para ajustar el tiempo y la temperatura<br \/>\nIndicador del estado de preparaci\u00f3n<br \/>\nModo inal\u00e1mbrico a trav\u00e9s de Wifi mediante la aplicaci\u00f3n Instant Brands Connect en dispositivos iOS y Android con m\u00e1s de 800 recetas<br \/>\nFunci\u00f3n de encendido retardado<br \/>\n10 programas: cocci\u00f3n a presi\u00f3n, arroz\/cereales, cocci\u00f3n al vapor, salteado\/parrilla, NutriBoost TM, Keep Warm, cocci\u00f3n lenta, sous-vide, yogur, esterilizador<br \/>\nAccesorios adicionales: anillo de silicona de repuesto, rejilla para cocinar al vapor con asas<\/p>\n<p><span style=\"text-decoration: underline;\"><strong>No se vende fuera de Europa<\/strong><\/span><\/p>\n","protected":false},"excerpt":{"rendered":"<p>La Instant Pot Pro Plus son 10 aparatos en 1 y es la versi\u00f3n de mayor rendimiento que est\u00e1 totalmente<\/p>\n","protected":false},"featured_media":460785,"template":"","meta":{"_acf_changed":false,"inline_featured_image":false},"product_cat":[16073,16077],"product_tag":[16211,23662,24417,24456,17940,22484,16653,21823],"acf":[],"yoast_head":"<!-- This site is optimized with the Yoast SEO Premium plugin v18.6 (Yoast SEO v19.13) - https:\/\/yoast.com\/wordpress\/plugins\/seo\/ -->\n<title>INSTANT POT Pro Plus Wifi 5,7 L Negro - Erresse Shop<\/title>\n<meta name=\"description\" content=\"La Instant Pot Pro Plus son 10 aparatos en 1 y es la versi\u00f3n de mayor rendimiento que est\u00e1 totalmente conectada a trav\u00e9s de Wifi y permite el\" \/>\n<meta name=\"robots\" content=\"index, follow, max-snippet:-1, max-image-preview:large, max-video-preview:-1\" \/>\n<link rel=\"canonical\" href=\"https:\/\/www.erresse-shop.it\/es\/shop\/pequenos-electrodomesticos\/procesadores-de-alimentos\/instant-pot-pro-57-l-copia\/\" \/>\n<meta property=\"og:locale\" content=\"es_ES\" \/>\n<meta property=\"og:type\" content=\"article\" \/>\n<meta property=\"og:title\" content=\"INSTANT POT Pro Plus Wifi 5,7 L Negro\" \/>\n<meta property=\"og:description\" content=\"La Instant Pot Pro Plus son 10 aparatos en 1 y es la versi\u00f3n de mayor rendimiento que est\u00e1 totalmente conectada a trav\u00e9s de Wifi y permite el\" \/>\n<meta property=\"og:url\" content=\"https:\/\/www.erresse-shop.it\/es\/shop\/pequenos-electrodomesticos\/procesadores-de-alimentos\/instant-pot-pro-57-l-copia\/\" \/>\n<meta property=\"og:site_name\" content=\"Erresse Shop\" \/>\n<meta property=\"article:modified_time\" content=\"2024-12-23T17:49:01+00:00\" \/>\n<meta property=\"og:image\" content=\"https:\/\/www.erresse-shop.it\/wp-content\/uploads\/2024\/07\/INSTANT-POT-Pro-Plus-Wifi-57-L.png\" \/>\n\t<meta property=\"og:image:width\" content=\"800\" \/>\n\t<meta property=\"og:image:height\" content=\"800\" \/>\n\t<meta property=\"og:image:type\" content=\"image\/png\" \/>\n<meta name=\"twitter:card\" content=\"summary_large_image\" \/>\n<script type=\"application\/ld+json\" class=\"yoast-schema-graph\">{\"@context\":\"https:\/\/schema.org\",\"@graph\":[{\"@type\":\"WebPage\",\"@id\":\"https:\/\/www.erresse-shop.it\/es\/shop\/pequenos-electrodomesticos\/procesadores-de-alimentos\/instant-pot-pro-57-l-copia\/\",\"url\":\"https:\/\/www.erresse-shop.it\/es\/shop\/pequenos-electrodomesticos\/procesadores-de-alimentos\/instant-pot-pro-57-l-copia\/\",\"name\":\"INSTANT POT Pro Plus Wifi 5,7 L Negro - Erresse Shop\",\"isPartOf\":{\"@id\":\"https:\/\/www.erresse-shop.it\/es\/#website\"},\"datePublished\":\"2024-07-12T05:26:46+00:00\",\"dateModified\":\"2024-12-23T17:49:01+00:00\",\"description\":\"La Instant Pot Pro Plus son 10 aparatos en 1 y es la versi\u00f3n de mayor rendimiento que est\u00e1 totalmente conectada a trav\u00e9s de Wifi y permite el\",\"breadcrumb\":{\"@id\":\"https:\/\/www.erresse-shop.it\/es\/shop\/pequenos-electrodomesticos\/procesadores-de-alimentos\/instant-pot-pro-57-l-copia\/#breadcrumb\"},\"inLanguage\":\"es\",\"potentialAction\":[{\"@type\":\"ReadAction\",\"target\":[\"https:\/\/www.erresse-shop.it\/es\/shop\/pequenos-electrodomesticos\/procesadores-de-alimentos\/instant-pot-pro-57-l-copia\/\"]}]},{\"@type\":\"BreadcrumbList\",\"@id\":\"https:\/\/www.erresse-shop.it\/es\/shop\/pequenos-electrodomesticos\/procesadores-de-alimentos\/instant-pot-pro-57-l-copia\/#breadcrumb\",\"itemListElement\":[{\"@type\":\"ListItem\",\"position\":1,\"name\":\"Home\",\"item\":\"https:\/\/www.erresse-shop.it\/es\/\"},{\"@type\":\"ListItem\",\"position\":2,\"name\":\"Shop\",\"item\":\"https:\/\/www.erresse-shop.it\/es\/shop\/\"},{\"@type\":\"ListItem\",\"position\":3,\"name\":\"INSTANT POT Pro Plus Wifi 5,7 L Negro\"}]},{\"@type\":\"WebSite\",\"@id\":\"https:\/\/www.erresse-shop.it\/es\/#website\",\"url\":\"https:\/\/www.erresse-shop.it\/es\/\",\"name\":\"Erresse Shop\",\"description\":\"Articoli di qualit\u00e0 per la casa\",\"potentialAction\":[{\"@type\":\"SearchAction\",\"target\":{\"@type\":\"EntryPoint\",\"urlTemplate\":\"https:\/\/www.erresse-shop.it\/es\/?s={search_term_string}\"},\"query-input\":\"required name=search_term_string\"}],\"inLanguage\":\"es\"}]}<\/script>\n<!-- \/ Yoast SEO Premium plugin. -->","yoast_head_json":{"title":"INSTANT POT Pro Plus Wifi 5,7 L Negro - Erresse Shop","description":"La Instant Pot Pro Plus son 10 aparatos en 1 y es la versi\u00f3n de mayor rendimiento que est\u00e1 totalmente conectada a trav\u00e9s de Wifi y permite el","robots":{"index":"index","follow":"follow","max-snippet":"max-snippet:-1","max-image-preview":"max-image-preview:large","max-video-preview":"max-video-preview:-1"},"canonical":"https:\/\/www.erresse-shop.it\/es\/shop\/pequenos-electrodomesticos\/procesadores-de-alimentos\/instant-pot-pro-57-l-copia\/","og_locale":"es_ES","og_type":"article","og_title":"INSTANT POT Pro Plus Wifi 5,7 L Negro","og_description":"La Instant Pot Pro Plus son 10 aparatos en 1 y es la versi\u00f3n de mayor rendimiento que est\u00e1 totalmente conectada a trav\u00e9s de Wifi y permite el","og_url":"https:\/\/www.erresse-shop.it\/es\/shop\/pequenos-electrodomesticos\/procesadores-de-alimentos\/instant-pot-pro-57-l-copia\/","og_site_name":"Erresse Shop","article_modified_time":"2024-12-23T17:49:01+00:00","og_image":[{"width":800,"height":800,"url":"https:\/\/www.erresse-shop.it\/wp-content\/uploads\/2024\/07\/INSTANT-POT-Pro-Plus-Wifi-57-L.png","type":"image\/png"}],"twitter_card":"summary_large_image","schema":{"@context":"https:\/\/schema.org","@graph":[{"@type":"WebPage","@id":"https:\/\/www.erresse-shop.it\/es\/shop\/pequenos-electrodomesticos\/procesadores-de-alimentos\/instant-pot-pro-57-l-copia\/","url":"https:\/\/www.erresse-shop.it\/es\/shop\/pequenos-electrodomesticos\/procesadores-de-alimentos\/instant-pot-pro-57-l-copia\/","name":"INSTANT POT Pro Plus Wifi 5,7 L Negro - Erresse Shop","isPartOf":{"@id":"https:\/\/www.erresse-shop.it\/es\/#website"},"datePublished":"2024-07-12T05:26:46+00:00","dateModified":"2024-12-23T17:49:01+00:00","description":"La Instant Pot Pro Plus son 10 aparatos en 1 y es la versi\u00f3n de mayor rendimiento que est\u00e1 totalmente conectada a trav\u00e9s de Wifi y permite el","breadcrumb":{"@id":"https:\/\/www.erresse-shop.it\/es\/shop\/pequenos-electrodomesticos\/procesadores-de-alimentos\/instant-pot-pro-57-l-copia\/#breadcrumb"},"inLanguage":"es","potentialAction":[{"@type":"ReadAction","target":["https:\/\/www.erresse-shop.it\/es\/shop\/pequenos-electrodomesticos\/procesadores-de-alimentos\/instant-pot-pro-57-l-copia\/"]}]},{"@type":"BreadcrumbList","@id":"https:\/\/www.erresse-shop.it\/es\/shop\/pequenos-electrodomesticos\/procesadores-de-alimentos\/instant-pot-pro-57-l-copia\/#breadcrumb","itemListElement":[{"@type":"ListItem","position":1,"name":"Home","item":"https:\/\/www.erresse-shop.it\/es\/"},{"@type":"ListItem","position":2,"name":"Shop","item":"https:\/\/www.erresse-shop.it\/es\/shop\/"},{"@type":"ListItem","position":3,"name":"INSTANT POT Pro Plus Wifi 5,7 L Negro"}]},{"@type":"WebSite","@id":"https:\/\/www.erresse-shop.it\/es\/#website","url":"https:\/\/www.erresse-shop.it\/es\/","name":"Erresse Shop","description":"Articoli di qualit\u00e0 per la casa","potentialAction":[{"@type":"SearchAction","target":{"@type":"EntryPoint","urlTemplate":"https:\/\/www.erresse-shop.it\/es\/?s={search_term_string}"},"query-input":"required name=search_term_string"}],"inLanguage":"es"}]}},"df_price":172.4925,"df_sale_price":172.4925,"df_regular_price":229.99,"df_image_link":"https:\/\/www.erresse-shop.it\/wp-content\/uploads\/2024\/07\/INSTANT-POT-Pro-Plus-Wifi-57-L-Nero-300x300.jpg","_links":{"self":[{"href":"https:\/\/www.erresse-shop.it\/es\/wp-json\/wp\/v2\/product\/419595"}],"collection":[{"href":"https:\/\/www.erresse-shop.it\/es\/wp-json\/wp\/v2\/product"}],"about":[{"href":"https:\/\/www.erresse-shop.it\/es\/wp-json\/wp\/v2\/types\/product"}],"wp:featuredmedia":[{"embeddable":true,"href":"https:\/\/www.erresse-shop.it\/es\/wp-json\/wp\/v2\/media\/460785"}],"wp:attachment":[{"href":"https:\/\/www.erresse-shop.it\/es\/wp-json\/wp\/v2\/media?parent=419595"}],"wp:term":[{"taxonomy":"product_cat","embeddable":true,"href":"https:\/\/www.erresse-shop.it\/es\/wp-json\/wp\/v2\/product_cat?post=419595"},{"taxonomy":"product_tag","embeddable":true,"href":"https:\/\/www.erresse-shop.it\/es\/wp-json\/wp\/v2\/product_tag?post=419595"}],"curies":[{"name":"wp","href":"https:\/\/api.w.org\/{rel}","templated":true}]}}