{"id":415102,"date":"2024-07-01T14:19:16","date_gmt":"2024-07-01T14:19:18","guid":{"rendered":"https:\/\/www.erresse-shop.it\/?post_type=product&#038;p=415102"},"modified":"2024-10-28T07:36:33","modified_gmt":"2024-10-28T07:36:33","slug":"mario-luca-giusti-moreschina-plato-de-frutas-negro","status":"publish","type":"product","link":"https:\/\/www.erresse-shop.it\/es\/shop\/tabla\/platos\/mario-luca-giusti-moreschina-plato-de-frutas-negro\/","title":{"rendered":"MARIO LUCA GIUSTI Moreschina Plato de frutas Negro"},"content":{"rendered":"<p><strong>Instrucciones de uso del producto melanina<\/strong><br \/>\n&#8211; probado por T\u00dcV, SGS, Intertek<br \/>\n&#8211; absolutamente ins\u00edpido e inodoro<br \/>\n&#8211; sin BPA<br \/>\n&#8211; no indestructible<br \/>\n&#8211; congelable<br \/>\n&#8211; apto para lavavajillas (sin embargo, tenga en cuenta que el lavavajillas puede decolorar los colores de la vajilla)<br \/>\n&#8211; se recomienda lavar a mano para aumentar la vida \u00fatil del producto<br \/>\n&#8211; no apto para microondas<br \/>\n&#8211; no apto para horno convencional<br \/>\n&#8211; Resistente de -10\u00b0C a 50\u00b0C<br \/>\n&#8211; utilice s\u00f3lo detergentes neutros y materiales no abrasivos<br \/>\n&#8211; La melamina es un material pl\u00e1stico termoestable fuerte, ligero y duro, pero con el aspecto de un producto cer\u00e1mico. Es muy resistente a ara\u00f1azos y roturas, pero no es 100% indestructible; puede rayarse y romperse.<\/p>\n<p><strong>Especificaciones t\u00e9cnicas<\/strong><\/p>\n<p>Di\u00e1metro 23\u00a0cm<\/p>\n","protected":false},"excerpt":{"rendered":"<p>Instrucciones de uso del producto melanina &#8211; probado por T\u00dcV, SGS, Intertek &#8211; absolutamente ins\u00edpido e inodoro &#8211; sin BPA<\/p>\n","protected":false},"featured_media":439713,"template":"","meta":{"_acf_changed":false,"inline_featured_image":false},"product_cat":[16031,16027],"product_tag":[25029,25873,16133,17983,24605,25023],"acf":[],"yoast_head":"<!-- This site is optimized with the Yoast SEO Premium plugin v18.6 (Yoast SEO v19.13) - https:\/\/yoast.com\/wordpress\/plugins\/seo\/ -->\n<title>MARIO LUCA GIUSTI Moreschina Plato de frutas Negro - Erresse Shop<\/title>\n<meta name=\"description\" content=\"Instrucciones de uso del producto melanina - probado por T\u00dcV, SGS, Intertek - absolutamente ins\u00edpido e inodoro - sin BPA - no indestructible - congelable\" \/>\n<meta name=\"robots\" content=\"index, follow, max-snippet:-1, max-image-preview:large, max-video-preview:-1\" \/>\n<link rel=\"canonical\" href=\"https:\/\/www.erresse-shop.it\/es\/shop\/tabla\/platos\/mario-luca-giusti-moreschina-plato-de-frutas-negro\/\" \/>\n<meta property=\"og:locale\" content=\"es_ES\" \/>\n<meta property=\"og:type\" content=\"article\" \/>\n<meta property=\"og:title\" content=\"MARIO LUCA GIUSTI Moreschina Plato de frutas Negro\" \/>\n<meta property=\"og:description\" content=\"Instrucciones de uso del producto melanina - probado por T\u00dcV, SGS, Intertek - absolutamente ins\u00edpido e inodoro - sin BPA - no indestructible - congelable\" \/>\n<meta property=\"og:url\" content=\"https:\/\/www.erresse-shop.it\/es\/shop\/tabla\/platos\/mario-luca-giusti-moreschina-plato-de-frutas-negro\/\" \/>\n<meta property=\"og:site_name\" content=\"Erresse Shop\" \/>\n<meta property=\"article:modified_time\" content=\"2024-10-28T07:36:33+00:00\" \/>\n<meta property=\"og:image\" content=\"https:\/\/www.erresse-shop.it\/wp-content\/uploads\/2024\/07\/MARIO-LUCA-GIUSTI-Moreschina-Piatto-Frutta-Nero.jpg\" \/>\n\t<meta property=\"og:image:width\" content=\"1200\" \/>\n\t<meta property=\"og:image:height\" content=\"1200\" \/>\n\t<meta property=\"og:image:type\" content=\"image\/jpeg\" \/>\n<meta name=\"twitter:card\" content=\"summary_large_image\" \/>\n<script type=\"application\/ld+json\" class=\"yoast-schema-graph\">{\"@context\":\"https:\/\/schema.org\",\"@graph\":[{\"@type\":\"WebPage\",\"@id\":\"https:\/\/www.erresse-shop.it\/es\/shop\/tabla\/platos\/mario-luca-giusti-moreschina-plato-de-frutas-negro\/\",\"url\":\"https:\/\/www.erresse-shop.it\/es\/shop\/tabla\/platos\/mario-luca-giusti-moreschina-plato-de-frutas-negro\/\",\"name\":\"MARIO LUCA GIUSTI Moreschina Plato de frutas Negro - Erresse Shop\",\"isPartOf\":{\"@id\":\"https:\/\/www.erresse-shop.it\/es\/#website\"},\"datePublished\":\"2024-07-01T14:19:18+00:00\",\"dateModified\":\"2024-10-28T07:36:33+00:00\",\"description\":\"Instrucciones de uso del producto melanina - probado por T\u00dcV, SGS, Intertek - absolutamente ins\u00edpido e inodoro - sin BPA - no indestructible - congelable\",\"breadcrumb\":{\"@id\":\"https:\/\/www.erresse-shop.it\/es\/shop\/tabla\/platos\/mario-luca-giusti-moreschina-plato-de-frutas-negro\/#breadcrumb\"},\"inLanguage\":\"es\",\"potentialAction\":[{\"@type\":\"ReadAction\",\"target\":[\"https:\/\/www.erresse-shop.it\/es\/shop\/tabla\/platos\/mario-luca-giusti-moreschina-plato-de-frutas-negro\/\"]}]},{\"@type\":\"BreadcrumbList\",\"@id\":\"https:\/\/www.erresse-shop.it\/es\/shop\/tabla\/platos\/mario-luca-giusti-moreschina-plato-de-frutas-negro\/#breadcrumb\",\"itemListElement\":[{\"@type\":\"ListItem\",\"position\":1,\"name\":\"Home\",\"item\":\"https:\/\/www.erresse-shop.it\/es\/\"},{\"@type\":\"ListItem\",\"position\":2,\"name\":\"Shop\",\"item\":\"https:\/\/www.erresse-shop.it\/es\/shop\/\"},{\"@type\":\"ListItem\",\"position\":3,\"name\":\"MARIO LUCA GIUSTI Moreschina Plato de frutas Negro\"}]},{\"@type\":\"WebSite\",\"@id\":\"https:\/\/www.erresse-shop.it\/es\/#website\",\"url\":\"https:\/\/www.erresse-shop.it\/es\/\",\"name\":\"Erresse Shop\",\"description\":\"Articoli di qualit\u00e0 per la casa\",\"potentialAction\":[{\"@type\":\"SearchAction\",\"target\":{\"@type\":\"EntryPoint\",\"urlTemplate\":\"https:\/\/www.erresse-shop.it\/es\/?s={search_term_string}\"},\"query-input\":\"required name=search_term_string\"}],\"inLanguage\":\"es\"}]}<\/script>\n<!-- \/ Yoast SEO Premium plugin. -->","yoast_head_json":{"title":"MARIO LUCA GIUSTI Moreschina Plato de frutas Negro - Erresse Shop","description":"Instrucciones de uso del producto melanina - probado por T\u00dcV, SGS, Intertek - absolutamente ins\u00edpido e inodoro - sin BPA - no indestructible - congelable","robots":{"index":"index","follow":"follow","max-snippet":"max-snippet:-1","max-image-preview":"max-image-preview:large","max-video-preview":"max-video-preview:-1"},"canonical":"https:\/\/www.erresse-shop.it\/es\/shop\/tabla\/platos\/mario-luca-giusti-moreschina-plato-de-frutas-negro\/","og_locale":"es_ES","og_type":"article","og_title":"MARIO LUCA GIUSTI Moreschina Plato de frutas Negro","og_description":"Instrucciones de uso del producto melanina - probado por T\u00dcV, SGS, Intertek - absolutamente ins\u00edpido e inodoro - sin BPA - no indestructible - congelable","og_url":"https:\/\/www.erresse-shop.it\/es\/shop\/tabla\/platos\/mario-luca-giusti-moreschina-plato-de-frutas-negro\/","og_site_name":"Erresse Shop","article_modified_time":"2024-10-28T07:36:33+00:00","og_image":[{"width":1200,"height":1200,"url":"https:\/\/www.erresse-shop.it\/wp-content\/uploads\/2024\/07\/MARIO-LUCA-GIUSTI-Moreschina-Piatto-Frutta-Nero.jpg","type":"image\/jpeg"}],"twitter_card":"summary_large_image","schema":{"@context":"https:\/\/schema.org","@graph":[{"@type":"WebPage","@id":"https:\/\/www.erresse-shop.it\/es\/shop\/tabla\/platos\/mario-luca-giusti-moreschina-plato-de-frutas-negro\/","url":"https:\/\/www.erresse-shop.it\/es\/shop\/tabla\/platos\/mario-luca-giusti-moreschina-plato-de-frutas-negro\/","name":"MARIO LUCA GIUSTI Moreschina Plato de frutas Negro - Erresse Shop","isPartOf":{"@id":"https:\/\/www.erresse-shop.it\/es\/#website"},"datePublished":"2024-07-01T14:19:18+00:00","dateModified":"2024-10-28T07:36:33+00:00","description":"Instrucciones de uso del producto melanina - probado por T\u00dcV, SGS, Intertek - absolutamente ins\u00edpido e inodoro - sin BPA - no indestructible - congelable","breadcrumb":{"@id":"https:\/\/www.erresse-shop.it\/es\/shop\/tabla\/platos\/mario-luca-giusti-moreschina-plato-de-frutas-negro\/#breadcrumb"},"inLanguage":"es","potentialAction":[{"@type":"ReadAction","target":["https:\/\/www.erresse-shop.it\/es\/shop\/tabla\/platos\/mario-luca-giusti-moreschina-plato-de-frutas-negro\/"]}]},{"@type":"BreadcrumbList","@id":"https:\/\/www.erresse-shop.it\/es\/shop\/tabla\/platos\/mario-luca-giusti-moreschina-plato-de-frutas-negro\/#breadcrumb","itemListElement":[{"@type":"ListItem","position":1,"name":"Home","item":"https:\/\/www.erresse-shop.it\/es\/"},{"@type":"ListItem","position":2,"name":"Shop","item":"https:\/\/www.erresse-shop.it\/es\/shop\/"},{"@type":"ListItem","position":3,"name":"MARIO LUCA GIUSTI Moreschina Plato de frutas Negro"}]},{"@type":"WebSite","@id":"https:\/\/www.erresse-shop.it\/es\/#website","url":"https:\/\/www.erresse-shop.it\/es\/","name":"Erresse Shop","description":"Articoli di qualit\u00e0 per la casa","potentialAction":[{"@type":"SearchAction","target":{"@type":"EntryPoint","urlTemplate":"https:\/\/www.erresse-shop.it\/es\/?s={search_term_string}"},"query-input":"required name=search_term_string"}],"inLanguage":"es"}]}},"df_price":10.26,"df_sale_price":10.26,"df_regular_price":27,"df_image_link":"https:\/\/www.erresse-shop.it\/wp-content\/uploads\/2024\/07\/MARIO-LUCA-GIUSTI-Moreschina-Piatto-Frutta-Nero-300x300.jpg","_links":{"self":[{"href":"https:\/\/www.erresse-shop.it\/es\/wp-json\/wp\/v2\/product\/415102"}],"collection":[{"href":"https:\/\/www.erresse-shop.it\/es\/wp-json\/wp\/v2\/product"}],"about":[{"href":"https:\/\/www.erresse-shop.it\/es\/wp-json\/wp\/v2\/types\/product"}],"wp:featuredmedia":[{"embeddable":true,"href":"https:\/\/www.erresse-shop.it\/es\/wp-json\/wp\/v2\/media\/439713"}],"wp:attachment":[{"href":"https:\/\/www.erresse-shop.it\/es\/wp-json\/wp\/v2\/media?parent=415102"}],"wp:term":[{"taxonomy":"product_cat","embeddable":true,"href":"https:\/\/www.erresse-shop.it\/es\/wp-json\/wp\/v2\/product_cat?post=415102"},{"taxonomy":"product_tag","embeddable":true,"href":"https:\/\/www.erresse-shop.it\/es\/wp-json\/wp\/v2\/product_tag?post=415102"}],"curies":[{"name":"wp","href":"https:\/\/api.w.org\/{rel}","templated":true}]}}