{"id":414358,"date":"2024-06-28T13:59:52","date_gmt":"2024-06-28T13:59:54","guid":{"rendered":"https:\/\/www.erresse-shop.it\/?post_type=product&#038;p=414358"},"modified":"2024-10-28T08:56:43","modified_gmt":"2024-10-28T08:56:43","slug":"mario-luca-giusti-fulmine-ensaladera-azul","status":"publish","type":"product","link":"https:\/\/www.erresse-shop.it\/es\/shop\/tabla\/ensaladeras-y-soperas\/mario-luca-giusti-fulmine-ensaladera-azul\/","title":{"rendered":"MARIO LUCA GIUSTI Fulmine Ensaladera Azul"},"content":{"rendered":"<p><strong>Instrucciones de uso del producto acr\u00edlico<\/strong><\/p>\n<p>probado por T\u00dcV, SGS, Intertek<br \/>\n&#8211; absolutamente ins\u00edpido e inodoro<br \/>\n&#8211; sin BPA<br \/>\n&#8211; No indestructible<br \/>\n&#8211; Resistente de -10\u00b0C a 50\u00b0C<br \/>\n&#8211; congelable<br \/>\n&#8211; se recomienda lavar a mano para aumentar la vida \u00fatil del producto<br \/>\n&#8211; no apto para lavavajillas<br \/>\n&#8211; no apto para microondas<br \/>\n&#8211; utilizar s\u00f3lo detergentes neutros y materiales no abrasivos<\/p>\n<p><strong>Lo siguiente puede decolorar el producto o volverlo opaco a largo plazo:<\/strong><br \/>\n&#8211; Dejar los productos durante un largo periodo de tiempo a temperaturas y humedad elevadas<br \/>\n&#8211; Dosificaci\u00f3n incorrecta del detergente<br \/>\n&#8211; Utilizaci\u00f3n de un detergente que contenga aluminio o protecci\u00f3n met\u00e1lica.<br \/>\n&#8211; Los productos l\u00e1cteos, el caf\u00e9, el cacao, el t\u00e9 o el alcohol pueden dejar un borde en el cristal si se dejan toda la noche. Lave el cristal con agua tibia y jab\u00f3n inmediatamente despu\u00e9s de usarlo, l\u00e1velo a mano o utilice nuestro producto de limpieza. Quite el polvo con regularidad.<\/p>\n<p><strong>Especificaciones t\u00e9cnicas<\/strong><\/p>\n<p>Altura: 11 cm<br \/>\nDi\u00e1metro: 25 cm<br \/>\nCapacidad: 1800 ml<\/p>\n","protected":false},"excerpt":{"rendered":"<p>Instrucciones de uso del producto acr\u00edlico probado por T\u00dcV, SGS, Intertek &#8211; absolutamente ins\u00edpido e inodoro &#8211; sin BPA &#8211;<\/p>\n","protected":false},"featured_media":434999,"template":"","meta":{"_acf_changed":false,"inline_featured_image":false},"product_cat":[16030,16027],"product_tag":[25029,16414,25873,24605,25023,23684],"acf":[],"yoast_head":"<!-- This site is optimized with the Yoast SEO Premium plugin v18.6 (Yoast SEO v19.13) - https:\/\/yoast.com\/wordpress\/plugins\/seo\/ -->\n<title>MARIO LUCA GIUSTI Fulmine Ensaladera Azul - Erresse Shop<\/title>\n<meta name=\"description\" content=\"Instrucciones de uso del producto acr\u00edlico probado por T\u00dcV, SGS, Intertek - absolutamente ins\u00edpido e inodoro - sin BPA - No indestructible - Resistente de\" \/>\n<meta name=\"robots\" content=\"index, follow, max-snippet:-1, max-image-preview:large, max-video-preview:-1\" \/>\n<link rel=\"canonical\" href=\"https:\/\/www.erresse-shop.it\/es\/shop\/tabla\/ensaladeras-y-soperas\/mario-luca-giusti-fulmine-ensaladera-azul\/\" \/>\n<meta property=\"og:locale\" content=\"es_ES\" \/>\n<meta property=\"og:type\" content=\"article\" \/>\n<meta property=\"og:title\" content=\"MARIO LUCA GIUSTI Fulmine Ensaladera Azul\" \/>\n<meta property=\"og:description\" content=\"Instrucciones de uso del producto acr\u00edlico probado por T\u00dcV, SGS, Intertek - absolutamente ins\u00edpido e inodoro - sin BPA - No indestructible - Resistente de\" \/>\n<meta property=\"og:url\" content=\"https:\/\/www.erresse-shop.it\/es\/shop\/tabla\/ensaladeras-y-soperas\/mario-luca-giusti-fulmine-ensaladera-azul\/\" \/>\n<meta property=\"og:site_name\" content=\"Erresse Shop\" \/>\n<meta property=\"article:modified_time\" content=\"2024-10-28T08:56:43+00:00\" \/>\n<meta property=\"og:image\" content=\"https:\/\/www.erresse-shop.it\/wp-content\/uploads\/2024\/06\/MARIO-LUCA-GIUSTI-Fulmine-Insalatiera-Blu.jpg\" \/>\n\t<meta property=\"og:image:width\" content=\"1200\" \/>\n\t<meta property=\"og:image:height\" content=\"1200\" \/>\n\t<meta property=\"og:image:type\" content=\"image\/jpeg\" \/>\n<meta name=\"twitter:card\" content=\"summary_large_image\" \/>\n<script type=\"application\/ld+json\" class=\"yoast-schema-graph\">{\"@context\":\"https:\/\/schema.org\",\"@graph\":[{\"@type\":\"WebPage\",\"@id\":\"https:\/\/www.erresse-shop.it\/es\/shop\/tabla\/ensaladeras-y-soperas\/mario-luca-giusti-fulmine-ensaladera-azul\/\",\"url\":\"https:\/\/www.erresse-shop.it\/es\/shop\/tabla\/ensaladeras-y-soperas\/mario-luca-giusti-fulmine-ensaladera-azul\/\",\"name\":\"MARIO LUCA GIUSTI Fulmine Ensaladera Azul - Erresse Shop\",\"isPartOf\":{\"@id\":\"https:\/\/www.erresse-shop.it\/es\/#website\"},\"datePublished\":\"2024-06-28T13:59:54+00:00\",\"dateModified\":\"2024-10-28T08:56:43+00:00\",\"description\":\"Instrucciones de uso del producto acr\u00edlico probado por T\u00dcV, SGS, Intertek - absolutamente ins\u00edpido e inodoro - sin BPA - No indestructible - Resistente de\",\"breadcrumb\":{\"@id\":\"https:\/\/www.erresse-shop.it\/es\/shop\/tabla\/ensaladeras-y-soperas\/mario-luca-giusti-fulmine-ensaladera-azul\/#breadcrumb\"},\"inLanguage\":\"es\",\"potentialAction\":[{\"@type\":\"ReadAction\",\"target\":[\"https:\/\/www.erresse-shop.it\/es\/shop\/tabla\/ensaladeras-y-soperas\/mario-luca-giusti-fulmine-ensaladera-azul\/\"]}]},{\"@type\":\"BreadcrumbList\",\"@id\":\"https:\/\/www.erresse-shop.it\/es\/shop\/tabla\/ensaladeras-y-soperas\/mario-luca-giusti-fulmine-ensaladera-azul\/#breadcrumb\",\"itemListElement\":[{\"@type\":\"ListItem\",\"position\":1,\"name\":\"Home\",\"item\":\"https:\/\/www.erresse-shop.it\/es\/\"},{\"@type\":\"ListItem\",\"position\":2,\"name\":\"Shop\",\"item\":\"https:\/\/www.erresse-shop.it\/es\/shop\/\"},{\"@type\":\"ListItem\",\"position\":3,\"name\":\"MARIO LUCA GIUSTI Fulmine Ensaladera Azul\"}]},{\"@type\":\"WebSite\",\"@id\":\"https:\/\/www.erresse-shop.it\/es\/#website\",\"url\":\"https:\/\/www.erresse-shop.it\/es\/\",\"name\":\"Erresse Shop\",\"description\":\"Articoli di qualit\u00e0 per la casa\",\"potentialAction\":[{\"@type\":\"SearchAction\",\"target\":{\"@type\":\"EntryPoint\",\"urlTemplate\":\"https:\/\/www.erresse-shop.it\/es\/?s={search_term_string}\"},\"query-input\":\"required name=search_term_string\"}],\"inLanguage\":\"es\"}]}<\/script>\n<!-- \/ Yoast SEO Premium plugin. -->","yoast_head_json":{"title":"MARIO LUCA GIUSTI Fulmine Ensaladera Azul - Erresse Shop","description":"Instrucciones de uso del producto acr\u00edlico probado por T\u00dcV, SGS, Intertek - absolutamente ins\u00edpido e inodoro - sin BPA - No indestructible - Resistente de","robots":{"index":"index","follow":"follow","max-snippet":"max-snippet:-1","max-image-preview":"max-image-preview:large","max-video-preview":"max-video-preview:-1"},"canonical":"https:\/\/www.erresse-shop.it\/es\/shop\/tabla\/ensaladeras-y-soperas\/mario-luca-giusti-fulmine-ensaladera-azul\/","og_locale":"es_ES","og_type":"article","og_title":"MARIO LUCA GIUSTI Fulmine Ensaladera Azul","og_description":"Instrucciones de uso del producto acr\u00edlico probado por T\u00dcV, SGS, Intertek - absolutamente ins\u00edpido e inodoro - sin BPA - No indestructible - Resistente de","og_url":"https:\/\/www.erresse-shop.it\/es\/shop\/tabla\/ensaladeras-y-soperas\/mario-luca-giusti-fulmine-ensaladera-azul\/","og_site_name":"Erresse Shop","article_modified_time":"2024-10-28T08:56:43+00:00","og_image":[{"width":1200,"height":1200,"url":"https:\/\/www.erresse-shop.it\/wp-content\/uploads\/2024\/06\/MARIO-LUCA-GIUSTI-Fulmine-Insalatiera-Blu.jpg","type":"image\/jpeg"}],"twitter_card":"summary_large_image","schema":{"@context":"https:\/\/schema.org","@graph":[{"@type":"WebPage","@id":"https:\/\/www.erresse-shop.it\/es\/shop\/tabla\/ensaladeras-y-soperas\/mario-luca-giusti-fulmine-ensaladera-azul\/","url":"https:\/\/www.erresse-shop.it\/es\/shop\/tabla\/ensaladeras-y-soperas\/mario-luca-giusti-fulmine-ensaladera-azul\/","name":"MARIO LUCA GIUSTI Fulmine Ensaladera Azul - Erresse Shop","isPartOf":{"@id":"https:\/\/www.erresse-shop.it\/es\/#website"},"datePublished":"2024-06-28T13:59:54+00:00","dateModified":"2024-10-28T08:56:43+00:00","description":"Instrucciones de uso del producto acr\u00edlico probado por T\u00dcV, SGS, Intertek - absolutamente ins\u00edpido e inodoro - sin BPA - No indestructible - Resistente de","breadcrumb":{"@id":"https:\/\/www.erresse-shop.it\/es\/shop\/tabla\/ensaladeras-y-soperas\/mario-luca-giusti-fulmine-ensaladera-azul\/#breadcrumb"},"inLanguage":"es","potentialAction":[{"@type":"ReadAction","target":["https:\/\/www.erresse-shop.it\/es\/shop\/tabla\/ensaladeras-y-soperas\/mario-luca-giusti-fulmine-ensaladera-azul\/"]}]},{"@type":"BreadcrumbList","@id":"https:\/\/www.erresse-shop.it\/es\/shop\/tabla\/ensaladeras-y-soperas\/mario-luca-giusti-fulmine-ensaladera-azul\/#breadcrumb","itemListElement":[{"@type":"ListItem","position":1,"name":"Home","item":"https:\/\/www.erresse-shop.it\/es\/"},{"@type":"ListItem","position":2,"name":"Shop","item":"https:\/\/www.erresse-shop.it\/es\/shop\/"},{"@type":"ListItem","position":3,"name":"MARIO LUCA GIUSTI Fulmine Ensaladera Azul"}]},{"@type":"WebSite","@id":"https:\/\/www.erresse-shop.it\/es\/#website","url":"https:\/\/www.erresse-shop.it\/es\/","name":"Erresse Shop","description":"Articoli di qualit\u00e0 per la casa","potentialAction":[{"@type":"SearchAction","target":{"@type":"EntryPoint","urlTemplate":"https:\/\/www.erresse-shop.it\/es\/?s={search_term_string}"},"query-input":"required name=search_term_string"}],"inLanguage":"es"}]}},"df_price":59,"df_sale_price":59,"df_regular_price":83,"df_image_link":"https:\/\/www.erresse-shop.it\/wp-content\/uploads\/2024\/06\/MARIO-LUCA-GIUSTI-Fulmine-Insalatiera-Blu-300x300.jpg","_links":{"self":[{"href":"https:\/\/www.erresse-shop.it\/es\/wp-json\/wp\/v2\/product\/414358"}],"collection":[{"href":"https:\/\/www.erresse-shop.it\/es\/wp-json\/wp\/v2\/product"}],"about":[{"href":"https:\/\/www.erresse-shop.it\/es\/wp-json\/wp\/v2\/types\/product"}],"wp:featuredmedia":[{"embeddable":true,"href":"https:\/\/www.erresse-shop.it\/es\/wp-json\/wp\/v2\/media\/434999"}],"wp:attachment":[{"href":"https:\/\/www.erresse-shop.it\/es\/wp-json\/wp\/v2\/media?parent=414358"}],"wp:term":[{"taxonomy":"product_cat","embeddable":true,"href":"https:\/\/www.erresse-shop.it\/es\/wp-json\/wp\/v2\/product_cat?post=414358"},{"taxonomy":"product_tag","embeddable":true,"href":"https:\/\/www.erresse-shop.it\/es\/wp-json\/wp\/v2\/product_tag?post=414358"}],"curies":[{"name":"wp","href":"https:\/\/api.w.org\/{rel}","templated":true}]}}