{"id":414229,"date":"2024-06-28T12:11:19","date_gmt":"2024-06-28T12:11:21","guid":{"rendered":"https:\/\/www.erresse-shop.it\/?post_type=product&#038;p=414229"},"modified":"2025-02-26T11:57:39","modified_gmt":"2025-02-26T11:57:39","slug":"portmeirion-botanic-garden-meadows-lote-de-6-platos-de-fruta","status":"publish","type":"product","link":"https:\/\/www.erresse-shop.it\/es\/shop\/tabla\/platos\/portmeirion-botanic-garden-meadows-lote-de-6-platos-de-fruta\/","title":{"rendered":"PORTMEIRION Botanic Garden Meadows Lote de 6 platos de fruta"},"content":{"rendered":"<p>El cl\u00e1sico dise\u00f1o Botanic Garden revisitado con un toque de color: Botanic Garden Meadow aporta un toque de vitalidad a la mesa. Fabricados en el Reino Unido, los bellos motivos florales est\u00e1n rodeados de bordes de hojas de laurel en seis vibrantes colores para que tu mesa florezca todo el a\u00f1o.<\/p>\n<p>Este juego de 6 platos peque\u00f1os Botanic Garden Meadow es una versi\u00f3n encantadora del dise\u00f1o cl\u00e1sico de Portmeirion, presentado por primera vez en 1972. Cada plato del juego presenta un hermoso motivo floral en el centro, que incluye un girasol, un guisante, una dedalera, una azalea, una hortensia y una amapola. Alrededor de estas vibrantes flores hay un alegre borde de hojas de laurel, cada una de un color diferente. Fabricado en el Reino Unido, este encantador juego de platos no s\u00f3lo es un fest\u00edn para la vista, sino que tambi\u00e9n es incre\u00edblemente vers\u00e1til, apto para el uso diario.<\/p>\n<p><strong>Dimensiones: <\/strong>\u00f8 21,5 x A. 3 cm<strong><br \/>\nMaterial<\/strong>: terracota<\/p>\n","protected":false},"excerpt":{"rendered":"<p>El cl\u00e1sico dise\u00f1o Botanic Garden revisitado con un toque de color: Botanic Garden Meadow aporta un toque de vitalidad a<\/p>\n","protected":false},"featured_media":456535,"template":"","meta":{"_acf_changed":false,"inline_featured_image":false},"product_cat":[16031,16027],"product_tag":[19361,23912,16133,17983,24605,21823,25023],"acf":[],"yoast_head":"<!-- This site is optimized with the Yoast SEO Premium plugin v18.6 (Yoast SEO v19.13) - https:\/\/yoast.com\/wordpress\/plugins\/seo\/ -->\n<title>PORTMEIRION Botanic Garden Meadows Lote de 6 platos de fruta - Erresse Shop<\/title>\n<meta name=\"description\" content=\"El cl\u00e1sico dise\u00f1o Botanic Garden revisitado con un toque de color: Botanic Garden Meadow aporta un toque de vitalidad a la mesa. Fabricados en el Reino\" \/>\n<meta name=\"robots\" content=\"index, follow, max-snippet:-1, max-image-preview:large, max-video-preview:-1\" \/>\n<link rel=\"canonical\" href=\"https:\/\/www.erresse-shop.it\/es\/shop\/tabla\/platos\/portmeirion-botanic-garden-meadows-lote-de-6-platos-de-fruta\/\" \/>\n<meta property=\"og:locale\" content=\"es_ES\" \/>\n<meta property=\"og:type\" content=\"article\" \/>\n<meta property=\"og:title\" content=\"PORTMEIRION Botanic Garden Meadows Lote de 6 platos de fruta\" \/>\n<meta property=\"og:description\" content=\"El cl\u00e1sico dise\u00f1o Botanic Garden revisitado con un toque de color: Botanic Garden Meadow aporta un toque de vitalidad a la mesa. Fabricados en el Reino\" \/>\n<meta property=\"og:url\" content=\"https:\/\/www.erresse-shop.it\/es\/shop\/tabla\/platos\/portmeirion-botanic-garden-meadows-lote-de-6-platos-de-fruta\/\" \/>\n<meta property=\"og:site_name\" content=\"Erresse Shop\" \/>\n<meta property=\"article:modified_time\" content=\"2025-02-26T11:57:39+00:00\" \/>\n<meta property=\"og:image\" content=\"https:\/\/www.erresse-shop.it\/wp-content\/uploads\/2024\/06\/PORTMEIRION-Botanic-Garden-Meadows-Set-6-Piatti-Frutta.jpg\" \/>\n\t<meta property=\"og:image:width\" content=\"1200\" \/>\n\t<meta property=\"og:image:height\" content=\"1200\" \/>\n\t<meta property=\"og:image:type\" content=\"image\/jpeg\" \/>\n<meta name=\"twitter:card\" content=\"summary_large_image\" \/>\n<script type=\"application\/ld+json\" class=\"yoast-schema-graph\">{\"@context\":\"https:\/\/schema.org\",\"@graph\":[{\"@type\":\"WebPage\",\"@id\":\"https:\/\/www.erresse-shop.it\/es\/shop\/tabla\/platos\/portmeirion-botanic-garden-meadows-lote-de-6-platos-de-fruta\/\",\"url\":\"https:\/\/www.erresse-shop.it\/es\/shop\/tabla\/platos\/portmeirion-botanic-garden-meadows-lote-de-6-platos-de-fruta\/\",\"name\":\"PORTMEIRION Botanic Garden Meadows Lote de 6 platos de fruta - Erresse Shop\",\"isPartOf\":{\"@id\":\"https:\/\/www.erresse-shop.it\/es\/#website\"},\"datePublished\":\"2024-06-28T12:11:21+00:00\",\"dateModified\":\"2025-02-26T11:57:39+00:00\",\"description\":\"El cl\u00e1sico dise\u00f1o Botanic Garden revisitado con un toque de color: Botanic Garden Meadow aporta un toque de vitalidad a la mesa. Fabricados en el Reino\",\"breadcrumb\":{\"@id\":\"https:\/\/www.erresse-shop.it\/es\/shop\/tabla\/platos\/portmeirion-botanic-garden-meadows-lote-de-6-platos-de-fruta\/#breadcrumb\"},\"inLanguage\":\"es\",\"potentialAction\":[{\"@type\":\"ReadAction\",\"target\":[\"https:\/\/www.erresse-shop.it\/es\/shop\/tabla\/platos\/portmeirion-botanic-garden-meadows-lote-de-6-platos-de-fruta\/\"]}]},{\"@type\":\"BreadcrumbList\",\"@id\":\"https:\/\/www.erresse-shop.it\/es\/shop\/tabla\/platos\/portmeirion-botanic-garden-meadows-lote-de-6-platos-de-fruta\/#breadcrumb\",\"itemListElement\":[{\"@type\":\"ListItem\",\"position\":1,\"name\":\"Home\",\"item\":\"https:\/\/www.erresse-shop.it\/es\/\"},{\"@type\":\"ListItem\",\"position\":2,\"name\":\"Shop\",\"item\":\"https:\/\/www.erresse-shop.it\/es\/shop\/\"},{\"@type\":\"ListItem\",\"position\":3,\"name\":\"PORTMEIRION Botanic Garden Meadows Lote de 6 platos de fruta\"}]},{\"@type\":\"WebSite\",\"@id\":\"https:\/\/www.erresse-shop.it\/es\/#website\",\"url\":\"https:\/\/www.erresse-shop.it\/es\/\",\"name\":\"Erresse Shop\",\"description\":\"Articoli di qualit\u00e0 per la casa\",\"potentialAction\":[{\"@type\":\"SearchAction\",\"target\":{\"@type\":\"EntryPoint\",\"urlTemplate\":\"https:\/\/www.erresse-shop.it\/es\/?s={search_term_string}\"},\"query-input\":\"required name=search_term_string\"}],\"inLanguage\":\"es\"}]}<\/script>\n<!-- \/ Yoast SEO Premium plugin. -->","yoast_head_json":{"title":"PORTMEIRION Botanic Garden Meadows Lote de 6 platos de fruta - Erresse Shop","description":"El cl\u00e1sico dise\u00f1o Botanic Garden revisitado con un toque de color: Botanic Garden Meadow aporta un toque de vitalidad a la mesa. Fabricados en el Reino","robots":{"index":"index","follow":"follow","max-snippet":"max-snippet:-1","max-image-preview":"max-image-preview:large","max-video-preview":"max-video-preview:-1"},"canonical":"https:\/\/www.erresse-shop.it\/es\/shop\/tabla\/platos\/portmeirion-botanic-garden-meadows-lote-de-6-platos-de-fruta\/","og_locale":"es_ES","og_type":"article","og_title":"PORTMEIRION Botanic Garden Meadows Lote de 6 platos de fruta","og_description":"El cl\u00e1sico dise\u00f1o Botanic Garden revisitado con un toque de color: Botanic Garden Meadow aporta un toque de vitalidad a la mesa. Fabricados en el Reino","og_url":"https:\/\/www.erresse-shop.it\/es\/shop\/tabla\/platos\/portmeirion-botanic-garden-meadows-lote-de-6-platos-de-fruta\/","og_site_name":"Erresse Shop","article_modified_time":"2025-02-26T11:57:39+00:00","og_image":[{"width":1200,"height":1200,"url":"https:\/\/www.erresse-shop.it\/wp-content\/uploads\/2024\/06\/PORTMEIRION-Botanic-Garden-Meadows-Set-6-Piatti-Frutta.jpg","type":"image\/jpeg"}],"twitter_card":"summary_large_image","schema":{"@context":"https:\/\/schema.org","@graph":[{"@type":"WebPage","@id":"https:\/\/www.erresse-shop.it\/es\/shop\/tabla\/platos\/portmeirion-botanic-garden-meadows-lote-de-6-platos-de-fruta\/","url":"https:\/\/www.erresse-shop.it\/es\/shop\/tabla\/platos\/portmeirion-botanic-garden-meadows-lote-de-6-platos-de-fruta\/","name":"PORTMEIRION Botanic Garden Meadows Lote de 6 platos de fruta - Erresse Shop","isPartOf":{"@id":"https:\/\/www.erresse-shop.it\/es\/#website"},"datePublished":"2024-06-28T12:11:21+00:00","dateModified":"2025-02-26T11:57:39+00:00","description":"El cl\u00e1sico dise\u00f1o Botanic Garden revisitado con un toque de color: Botanic Garden Meadow aporta un toque de vitalidad a la mesa. Fabricados en el Reino","breadcrumb":{"@id":"https:\/\/www.erresse-shop.it\/es\/shop\/tabla\/platos\/portmeirion-botanic-garden-meadows-lote-de-6-platos-de-fruta\/#breadcrumb"},"inLanguage":"es","potentialAction":[{"@type":"ReadAction","target":["https:\/\/www.erresse-shop.it\/es\/shop\/tabla\/platos\/portmeirion-botanic-garden-meadows-lote-de-6-platos-de-fruta\/"]}]},{"@type":"BreadcrumbList","@id":"https:\/\/www.erresse-shop.it\/es\/shop\/tabla\/platos\/portmeirion-botanic-garden-meadows-lote-de-6-platos-de-fruta\/#breadcrumb","itemListElement":[{"@type":"ListItem","position":1,"name":"Home","item":"https:\/\/www.erresse-shop.it\/es\/"},{"@type":"ListItem","position":2,"name":"Shop","item":"https:\/\/www.erresse-shop.it\/es\/shop\/"},{"@type":"ListItem","position":3,"name":"PORTMEIRION Botanic Garden Meadows Lote de 6 platos de fruta"}]},{"@type":"WebSite","@id":"https:\/\/www.erresse-shop.it\/es\/#website","url":"https:\/\/www.erresse-shop.it\/es\/","name":"Erresse Shop","description":"Articoli di qualit\u00e0 per la casa","potentialAction":[{"@type":"SearchAction","target":{"@type":"EntryPoint","urlTemplate":"https:\/\/www.erresse-shop.it\/es\/?s={search_term_string}"},"query-input":"required name=search_term_string"}],"inLanguage":"es"}]}},"df_price":109.95,"df_sale_price":109.95,"df_regular_price":165,"df_image_link":"https:\/\/www.erresse-shop.it\/wp-content\/uploads\/2024\/06\/PORTMEIRION-Botanic-Garden-Meadows-Set-6-Piatti-Frutta-300x300.jpg","_links":{"self":[{"href":"https:\/\/www.erresse-shop.it\/es\/wp-json\/wp\/v2\/product\/414229"}],"collection":[{"href":"https:\/\/www.erresse-shop.it\/es\/wp-json\/wp\/v2\/product"}],"about":[{"href":"https:\/\/www.erresse-shop.it\/es\/wp-json\/wp\/v2\/types\/product"}],"wp:featuredmedia":[{"embeddable":true,"href":"https:\/\/www.erresse-shop.it\/es\/wp-json\/wp\/v2\/media\/456535"}],"wp:attachment":[{"href":"https:\/\/www.erresse-shop.it\/es\/wp-json\/wp\/v2\/media?parent=414229"}],"wp:term":[{"taxonomy":"product_cat","embeddable":true,"href":"https:\/\/www.erresse-shop.it\/es\/wp-json\/wp\/v2\/product_cat?post=414229"},{"taxonomy":"product_tag","embeddable":true,"href":"https:\/\/www.erresse-shop.it\/es\/wp-json\/wp\/v2\/product_tag?post=414229"}],"curies":[{"name":"wp","href":"https:\/\/api.w.org\/{rel}","templated":true}]}}