{"id":413444,"date":"2024-06-20T10:55:59","date_gmt":"2024-06-20T10:56:01","guid":{"rendered":"https:\/\/www.erresse-shop.it\/?post_type=product&#038;p=413444"},"modified":"2024-10-15T08:00:15","modified_gmt":"2024-10-15T08:00:15","slug":"wd-lifestyle-bolsa-termica-de-rayas-amarillo","status":"publish","type":"product","link":"https:\/\/www.erresse-shop.it\/es\/shop\/tabla\/cestas-de-picnic\/wd-lifestyle-bolsa-termica-de-rayas-amarillo\/","title":{"rendered":"WD LIFESTYLE Bolsa t\u00e9rmica de rayas Amarillo"},"content":{"rendered":"<p>Bolsa t\u00e9rmica de 18 litros. C\u00f3moda y pr\u00e1ctica, perfecta para mantener fr\u00edas la comida y las bebidas en los d\u00edas de paseo o en la oficina.<\/p>\n<p>Dimensiones: 34 x 15 x 36 cm<\/p>\n","protected":false},"excerpt":{"rendered":"<p>Bolsa t\u00e9rmica de 18 litros. C\u00f3moda y pr\u00e1ctica, perfecta para mantener fr\u00edas la comida y las bebidas en los d\u00edas<\/p>\n","protected":false},"featured_media":457101,"template":"","meta":{"_acf_changed":false,"inline_featured_image":false},"product_cat":[16038,16027],"product_tag":[16261,23378,24605],"acf":[],"yoast_head":"<!-- This site is optimized with the Yoast SEO Premium plugin v18.6 (Yoast SEO v19.13) - https:\/\/yoast.com\/wordpress\/plugins\/seo\/ -->\n<title>WD LIFESTYLE Bolsa t\u00e9rmica de rayas Amarillo - Erresse Shop<\/title>\n<meta name=\"description\" content=\"Bolsa t\u00e9rmica de 18 litros. C\u00f3moda y pr\u00e1ctica, perfecta para mantener fr\u00edas la comida y las bebidas en los d\u00edas de paseo o en la oficina. Dimensiones: 34\" \/>\n<meta name=\"robots\" content=\"index, follow, max-snippet:-1, max-image-preview:large, max-video-preview:-1\" \/>\n<link rel=\"canonical\" href=\"https:\/\/www.erresse-shop.it\/es\/shop\/tabla\/cestas-de-picnic\/wd-lifestyle-bolsa-termica-de-rayas-amarillo\/\" \/>\n<meta property=\"og:locale\" content=\"es_ES\" \/>\n<meta property=\"og:type\" content=\"article\" \/>\n<meta property=\"og:title\" content=\"WD LIFESTYLE Bolsa t\u00e9rmica de rayas Amarillo\" \/>\n<meta property=\"og:description\" content=\"Bolsa t\u00e9rmica de 18 litros. C\u00f3moda y pr\u00e1ctica, perfecta para mantener fr\u00edas la comida y las bebidas en los d\u00edas de paseo o en la oficina. Dimensiones: 34\" \/>\n<meta property=\"og:url\" content=\"https:\/\/www.erresse-shop.it\/es\/shop\/tabla\/cestas-de-picnic\/wd-lifestyle-bolsa-termica-de-rayas-amarillo\/\" \/>\n<meta property=\"og:site_name\" content=\"Erresse Shop\" \/>\n<meta property=\"article:modified_time\" content=\"2024-10-15T08:00:15+00:00\" \/>\n<meta property=\"og:image\" content=\"https:\/\/www.erresse-shop.it\/wp-content\/uploads\/2024\/06\/WD-LIFESTYLE-Borsa-Termica-Tote-a-Righe-Giallo.png\" \/>\n\t<meta property=\"og:image:width\" content=\"800\" \/>\n\t<meta property=\"og:image:height\" content=\"800\" \/>\n\t<meta property=\"og:image:type\" content=\"image\/png\" \/>\n<meta name=\"twitter:card\" content=\"summary_large_image\" \/>\n<script type=\"application\/ld+json\" class=\"yoast-schema-graph\">{\"@context\":\"https:\/\/schema.org\",\"@graph\":[{\"@type\":\"WebPage\",\"@id\":\"https:\/\/www.erresse-shop.it\/es\/shop\/tabla\/cestas-de-picnic\/wd-lifestyle-bolsa-termica-de-rayas-amarillo\/\",\"url\":\"https:\/\/www.erresse-shop.it\/es\/shop\/tabla\/cestas-de-picnic\/wd-lifestyle-bolsa-termica-de-rayas-amarillo\/\",\"name\":\"WD LIFESTYLE Bolsa t\u00e9rmica de rayas Amarillo - Erresse Shop\",\"isPartOf\":{\"@id\":\"https:\/\/www.erresse-shop.it\/es\/#website\"},\"datePublished\":\"2024-06-20T10:56:01+00:00\",\"dateModified\":\"2024-10-15T08:00:15+00:00\",\"description\":\"Bolsa t\u00e9rmica de 18 litros. C\u00f3moda y pr\u00e1ctica, perfecta para mantener fr\u00edas la comida y las bebidas en los d\u00edas de paseo o en la oficina. Dimensiones: 34\",\"breadcrumb\":{\"@id\":\"https:\/\/www.erresse-shop.it\/es\/shop\/tabla\/cestas-de-picnic\/wd-lifestyle-bolsa-termica-de-rayas-amarillo\/#breadcrumb\"},\"inLanguage\":\"es\",\"potentialAction\":[{\"@type\":\"ReadAction\",\"target\":[\"https:\/\/www.erresse-shop.it\/es\/shop\/tabla\/cestas-de-picnic\/wd-lifestyle-bolsa-termica-de-rayas-amarillo\/\"]}]},{\"@type\":\"BreadcrumbList\",\"@id\":\"https:\/\/www.erresse-shop.it\/es\/shop\/tabla\/cestas-de-picnic\/wd-lifestyle-bolsa-termica-de-rayas-amarillo\/#breadcrumb\",\"itemListElement\":[{\"@type\":\"ListItem\",\"position\":1,\"name\":\"Home\",\"item\":\"https:\/\/www.erresse-shop.it\/es\/\"},{\"@type\":\"ListItem\",\"position\":2,\"name\":\"Shop\",\"item\":\"https:\/\/www.erresse-shop.it\/es\/shop\/\"},{\"@type\":\"ListItem\",\"position\":3,\"name\":\"WD LIFESTYLE Bolsa t\u00e9rmica de rayas Amarillo\"}]},{\"@type\":\"WebSite\",\"@id\":\"https:\/\/www.erresse-shop.it\/es\/#website\",\"url\":\"https:\/\/www.erresse-shop.it\/es\/\",\"name\":\"Erresse Shop\",\"description\":\"Articoli di qualit\u00e0 per la casa\",\"potentialAction\":[{\"@type\":\"SearchAction\",\"target\":{\"@type\":\"EntryPoint\",\"urlTemplate\":\"https:\/\/www.erresse-shop.it\/es\/?s={search_term_string}\"},\"query-input\":\"required name=search_term_string\"}],\"inLanguage\":\"es\"}]}<\/script>\n<!-- \/ Yoast SEO Premium plugin. -->","yoast_head_json":{"title":"WD LIFESTYLE Bolsa t\u00e9rmica de rayas Amarillo - Erresse Shop","description":"Bolsa t\u00e9rmica de 18 litros. C\u00f3moda y pr\u00e1ctica, perfecta para mantener fr\u00edas la comida y las bebidas en los d\u00edas de paseo o en la oficina. Dimensiones: 34","robots":{"index":"index","follow":"follow","max-snippet":"max-snippet:-1","max-image-preview":"max-image-preview:large","max-video-preview":"max-video-preview:-1"},"canonical":"https:\/\/www.erresse-shop.it\/es\/shop\/tabla\/cestas-de-picnic\/wd-lifestyle-bolsa-termica-de-rayas-amarillo\/","og_locale":"es_ES","og_type":"article","og_title":"WD LIFESTYLE Bolsa t\u00e9rmica de rayas Amarillo","og_description":"Bolsa t\u00e9rmica de 18 litros. C\u00f3moda y pr\u00e1ctica, perfecta para mantener fr\u00edas la comida y las bebidas en los d\u00edas de paseo o en la oficina. Dimensiones: 34","og_url":"https:\/\/www.erresse-shop.it\/es\/shop\/tabla\/cestas-de-picnic\/wd-lifestyle-bolsa-termica-de-rayas-amarillo\/","og_site_name":"Erresse Shop","article_modified_time":"2024-10-15T08:00:15+00:00","og_image":[{"width":800,"height":800,"url":"https:\/\/www.erresse-shop.it\/wp-content\/uploads\/2024\/06\/WD-LIFESTYLE-Borsa-Termica-Tote-a-Righe-Giallo.png","type":"image\/png"}],"twitter_card":"summary_large_image","schema":{"@context":"https:\/\/schema.org","@graph":[{"@type":"WebPage","@id":"https:\/\/www.erresse-shop.it\/es\/shop\/tabla\/cestas-de-picnic\/wd-lifestyle-bolsa-termica-de-rayas-amarillo\/","url":"https:\/\/www.erresse-shop.it\/es\/shop\/tabla\/cestas-de-picnic\/wd-lifestyle-bolsa-termica-de-rayas-amarillo\/","name":"WD LIFESTYLE Bolsa t\u00e9rmica de rayas Amarillo - Erresse Shop","isPartOf":{"@id":"https:\/\/www.erresse-shop.it\/es\/#website"},"datePublished":"2024-06-20T10:56:01+00:00","dateModified":"2024-10-15T08:00:15+00:00","description":"Bolsa t\u00e9rmica de 18 litros. C\u00f3moda y pr\u00e1ctica, perfecta para mantener fr\u00edas la comida y las bebidas en los d\u00edas de paseo o en la oficina. Dimensiones: 34","breadcrumb":{"@id":"https:\/\/www.erresse-shop.it\/es\/shop\/tabla\/cestas-de-picnic\/wd-lifestyle-bolsa-termica-de-rayas-amarillo\/#breadcrumb"},"inLanguage":"es","potentialAction":[{"@type":"ReadAction","target":["https:\/\/www.erresse-shop.it\/es\/shop\/tabla\/cestas-de-picnic\/wd-lifestyle-bolsa-termica-de-rayas-amarillo\/"]}]},{"@type":"BreadcrumbList","@id":"https:\/\/www.erresse-shop.it\/es\/shop\/tabla\/cestas-de-picnic\/wd-lifestyle-bolsa-termica-de-rayas-amarillo\/#breadcrumb","itemListElement":[{"@type":"ListItem","position":1,"name":"Home","item":"https:\/\/www.erresse-shop.it\/es\/"},{"@type":"ListItem","position":2,"name":"Shop","item":"https:\/\/www.erresse-shop.it\/es\/shop\/"},{"@type":"ListItem","position":3,"name":"WD LIFESTYLE Bolsa t\u00e9rmica de rayas Amarillo"}]},{"@type":"WebSite","@id":"https:\/\/www.erresse-shop.it\/es\/#website","url":"https:\/\/www.erresse-shop.it\/es\/","name":"Erresse Shop","description":"Articoli di qualit\u00e0 per la casa","potentialAction":[{"@type":"SearchAction","target":{"@type":"EntryPoint","urlTemplate":"https:\/\/www.erresse-shop.it\/es\/?s={search_term_string}"},"query-input":"required name=search_term_string"}],"inLanguage":"es"}]}},"df_price":22.139999999999997,"df_sale_price":22.139999999999997,"df_regular_price":36.9,"df_image_link":"https:\/\/www.erresse-shop.it\/wp-content\/uploads\/2024\/06\/WD-LIFESTYLE-Borsa-Termica-Tote-a-Righe-Giallo-300x300.jpg","_links":{"self":[{"href":"https:\/\/www.erresse-shop.it\/es\/wp-json\/wp\/v2\/product\/413444"}],"collection":[{"href":"https:\/\/www.erresse-shop.it\/es\/wp-json\/wp\/v2\/product"}],"about":[{"href":"https:\/\/www.erresse-shop.it\/es\/wp-json\/wp\/v2\/types\/product"}],"wp:featuredmedia":[{"embeddable":true,"href":"https:\/\/www.erresse-shop.it\/es\/wp-json\/wp\/v2\/media\/457101"}],"wp:attachment":[{"href":"https:\/\/www.erresse-shop.it\/es\/wp-json\/wp\/v2\/media?parent=413444"}],"wp:term":[{"taxonomy":"product_cat","embeddable":true,"href":"https:\/\/www.erresse-shop.it\/es\/wp-json\/wp\/v2\/product_cat?post=413444"},{"taxonomy":"product_tag","embeddable":true,"href":"https:\/\/www.erresse-shop.it\/es\/wp-json\/wp\/v2\/product_tag?post=413444"}],"curies":[{"name":"wp","href":"https:\/\/api.w.org\/{rel}","templated":true}]}}