{"id":413386,"date":"2024-06-20T10:00:34","date_gmt":"2024-06-20T10:00:36","guid":{"rendered":"https:\/\/www.erresse-shop.it\/?post_type=product&#038;p=413386"},"modified":"2024-10-15T08:25:44","modified_gmt":"2024-10-15T08:25:44","slug":"wd-lifestyle-cesta-de-picnic-de-mimbre-para-4-personas-miel","status":"publish","type":"product","link":"https:\/\/www.erresse-shop.it\/es\/shop\/tabla\/cestas-de-picnic\/wd-lifestyle-cesta-de-picnic-de-mimbre-para-4-personas-miel\/","title":{"rendered":"WD LIFESTYLE Cesta de picnic de mimbre para 4 personas Miel"},"content":{"rendered":"<p>Cesta de picnic de mimbre color miel para 4 personas. Decorada con tela a rayas multicolor, c\u00f3moda y pr\u00e1ctica. Contiene 4 platos de cer\u00e1mica; 4 tenedores, 4 cuchillos, 4 cucharas, 1 sacacorchos de acero inoxidable; 4 copas de cristal.<\/p>\n<p>Dimensiones: 41 x 31 x 23 cm<\/p>\n","protected":false},"excerpt":{"rendered":"<p>Cesta de picnic de mimbre color miel para 4 personas. Decorada con tela a rayas multicolor, c\u00f3moda y pr\u00e1ctica. Contiene<\/p>\n","protected":false},"featured_media":457093,"template":"","meta":{"_acf_changed":false,"inline_featured_image":false},"product_cat":[16038,16027],"product_tag":[17556,24605],"acf":[],"yoast_head":"<!-- This site is optimized with the Yoast SEO Premium plugin v18.6 (Yoast SEO v19.13) - https:\/\/yoast.com\/wordpress\/plugins\/seo\/ -->\n<title>WD LIFESTYLE Cesta de picnic de mimbre para 4 personas Miel - Erresse Shop<\/title>\n<meta name=\"description\" content=\"Cesta de picnic de mimbre color miel para 4 personas. Decorada con tela a rayas multicolor, c\u00f3moda y pr\u00e1ctica. Contiene 4 platos de cer\u00e1mica; 4 tenedores,\" \/>\n<meta name=\"robots\" content=\"index, follow, max-snippet:-1, max-image-preview:large, max-video-preview:-1\" \/>\n<link rel=\"canonical\" href=\"https:\/\/www.erresse-shop.it\/es\/shop\/tabla\/cestas-de-picnic\/wd-lifestyle-cesta-de-picnic-de-mimbre-para-4-personas-miel\/\" \/>\n<meta property=\"og:locale\" content=\"es_ES\" \/>\n<meta property=\"og:type\" content=\"article\" \/>\n<meta property=\"og:title\" content=\"WD LIFESTYLE Cesta de picnic de mimbre para 4 personas Miel\" \/>\n<meta property=\"og:description\" content=\"Cesta de picnic de mimbre color miel para 4 personas. Decorada con tela a rayas multicolor, c\u00f3moda y pr\u00e1ctica. Contiene 4 platos de cer\u00e1mica; 4 tenedores,\" \/>\n<meta property=\"og:url\" content=\"https:\/\/www.erresse-shop.it\/es\/shop\/tabla\/cestas-de-picnic\/wd-lifestyle-cesta-de-picnic-de-mimbre-para-4-personas-miel\/\" \/>\n<meta property=\"og:site_name\" content=\"Erresse Shop\" \/>\n<meta property=\"article:modified_time\" content=\"2024-10-15T08:25:44+00:00\" \/>\n<meta property=\"og:image\" content=\"https:\/\/www.erresse-shop.it\/wp-content\/uploads\/2024\/06\/WD-LIFESTYLE-Cestino-Picnic-in-Vimini-per-4-Persone-Miele.png\" \/>\n\t<meta property=\"og:image:width\" content=\"800\" \/>\n\t<meta property=\"og:image:height\" content=\"800\" \/>\n\t<meta property=\"og:image:type\" content=\"image\/png\" \/>\n<meta name=\"twitter:card\" content=\"summary_large_image\" \/>\n<script type=\"application\/ld+json\" class=\"yoast-schema-graph\">{\"@context\":\"https:\/\/schema.org\",\"@graph\":[{\"@type\":\"WebPage\",\"@id\":\"https:\/\/www.erresse-shop.it\/es\/shop\/tabla\/cestas-de-picnic\/wd-lifestyle-cesta-de-picnic-de-mimbre-para-4-personas-miel\/\",\"url\":\"https:\/\/www.erresse-shop.it\/es\/shop\/tabla\/cestas-de-picnic\/wd-lifestyle-cesta-de-picnic-de-mimbre-para-4-personas-miel\/\",\"name\":\"WD LIFESTYLE Cesta de picnic de mimbre para 4 personas Miel - Erresse Shop\",\"isPartOf\":{\"@id\":\"https:\/\/www.erresse-shop.it\/es\/#website\"},\"datePublished\":\"2024-06-20T10:00:36+00:00\",\"dateModified\":\"2024-10-15T08:25:44+00:00\",\"description\":\"Cesta de picnic de mimbre color miel para 4 personas. Decorada con tela a rayas multicolor, c\u00f3moda y pr\u00e1ctica. Contiene 4 platos de cer\u00e1mica; 4 tenedores,\",\"breadcrumb\":{\"@id\":\"https:\/\/www.erresse-shop.it\/es\/shop\/tabla\/cestas-de-picnic\/wd-lifestyle-cesta-de-picnic-de-mimbre-para-4-personas-miel\/#breadcrumb\"},\"inLanguage\":\"es\",\"potentialAction\":[{\"@type\":\"ReadAction\",\"target\":[\"https:\/\/www.erresse-shop.it\/es\/shop\/tabla\/cestas-de-picnic\/wd-lifestyle-cesta-de-picnic-de-mimbre-para-4-personas-miel\/\"]}]},{\"@type\":\"BreadcrumbList\",\"@id\":\"https:\/\/www.erresse-shop.it\/es\/shop\/tabla\/cestas-de-picnic\/wd-lifestyle-cesta-de-picnic-de-mimbre-para-4-personas-miel\/#breadcrumb\",\"itemListElement\":[{\"@type\":\"ListItem\",\"position\":1,\"name\":\"Home\",\"item\":\"https:\/\/www.erresse-shop.it\/es\/\"},{\"@type\":\"ListItem\",\"position\":2,\"name\":\"Shop\",\"item\":\"https:\/\/www.erresse-shop.it\/es\/shop\/\"},{\"@type\":\"ListItem\",\"position\":3,\"name\":\"WD LIFESTYLE Cesta de picnic de mimbre para 4 personas Miel\"}]},{\"@type\":\"WebSite\",\"@id\":\"https:\/\/www.erresse-shop.it\/es\/#website\",\"url\":\"https:\/\/www.erresse-shop.it\/es\/\",\"name\":\"Erresse Shop\",\"description\":\"Articoli di qualit\u00e0 per la casa\",\"potentialAction\":[{\"@type\":\"SearchAction\",\"target\":{\"@type\":\"EntryPoint\",\"urlTemplate\":\"https:\/\/www.erresse-shop.it\/es\/?s={search_term_string}\"},\"query-input\":\"required name=search_term_string\"}],\"inLanguage\":\"es\"}]}<\/script>\n<!-- \/ Yoast SEO Premium plugin. -->","yoast_head_json":{"title":"WD LIFESTYLE Cesta de picnic de mimbre para 4 personas Miel - Erresse Shop","description":"Cesta de picnic de mimbre color miel para 4 personas. Decorada con tela a rayas multicolor, c\u00f3moda y pr\u00e1ctica. Contiene 4 platos de cer\u00e1mica; 4 tenedores,","robots":{"index":"index","follow":"follow","max-snippet":"max-snippet:-1","max-image-preview":"max-image-preview:large","max-video-preview":"max-video-preview:-1"},"canonical":"https:\/\/www.erresse-shop.it\/es\/shop\/tabla\/cestas-de-picnic\/wd-lifestyle-cesta-de-picnic-de-mimbre-para-4-personas-miel\/","og_locale":"es_ES","og_type":"article","og_title":"WD LIFESTYLE Cesta de picnic de mimbre para 4 personas Miel","og_description":"Cesta de picnic de mimbre color miel para 4 personas. Decorada con tela a rayas multicolor, c\u00f3moda y pr\u00e1ctica. Contiene 4 platos de cer\u00e1mica; 4 tenedores,","og_url":"https:\/\/www.erresse-shop.it\/es\/shop\/tabla\/cestas-de-picnic\/wd-lifestyle-cesta-de-picnic-de-mimbre-para-4-personas-miel\/","og_site_name":"Erresse Shop","article_modified_time":"2024-10-15T08:25:44+00:00","og_image":[{"width":800,"height":800,"url":"https:\/\/www.erresse-shop.it\/wp-content\/uploads\/2024\/06\/WD-LIFESTYLE-Cestino-Picnic-in-Vimini-per-4-Persone-Miele.png","type":"image\/png"}],"twitter_card":"summary_large_image","schema":{"@context":"https:\/\/schema.org","@graph":[{"@type":"WebPage","@id":"https:\/\/www.erresse-shop.it\/es\/shop\/tabla\/cestas-de-picnic\/wd-lifestyle-cesta-de-picnic-de-mimbre-para-4-personas-miel\/","url":"https:\/\/www.erresse-shop.it\/es\/shop\/tabla\/cestas-de-picnic\/wd-lifestyle-cesta-de-picnic-de-mimbre-para-4-personas-miel\/","name":"WD LIFESTYLE Cesta de picnic de mimbre para 4 personas Miel - Erresse Shop","isPartOf":{"@id":"https:\/\/www.erresse-shop.it\/es\/#website"},"datePublished":"2024-06-20T10:00:36+00:00","dateModified":"2024-10-15T08:25:44+00:00","description":"Cesta de picnic de mimbre color miel para 4 personas. Decorada con tela a rayas multicolor, c\u00f3moda y pr\u00e1ctica. Contiene 4 platos de cer\u00e1mica; 4 tenedores,","breadcrumb":{"@id":"https:\/\/www.erresse-shop.it\/es\/shop\/tabla\/cestas-de-picnic\/wd-lifestyle-cesta-de-picnic-de-mimbre-para-4-personas-miel\/#breadcrumb"},"inLanguage":"es","potentialAction":[{"@type":"ReadAction","target":["https:\/\/www.erresse-shop.it\/es\/shop\/tabla\/cestas-de-picnic\/wd-lifestyle-cesta-de-picnic-de-mimbre-para-4-personas-miel\/"]}]},{"@type":"BreadcrumbList","@id":"https:\/\/www.erresse-shop.it\/es\/shop\/tabla\/cestas-de-picnic\/wd-lifestyle-cesta-de-picnic-de-mimbre-para-4-personas-miel\/#breadcrumb","itemListElement":[{"@type":"ListItem","position":1,"name":"Home","item":"https:\/\/www.erresse-shop.it\/es\/"},{"@type":"ListItem","position":2,"name":"Shop","item":"https:\/\/www.erresse-shop.it\/es\/shop\/"},{"@type":"ListItem","position":3,"name":"WD LIFESTYLE Cesta de picnic de mimbre para 4 personas Miel"}]},{"@type":"WebSite","@id":"https:\/\/www.erresse-shop.it\/es\/#website","url":"https:\/\/www.erresse-shop.it\/es\/","name":"Erresse Shop","description":"Articoli di qualit\u00e0 per la casa","potentialAction":[{"@type":"SearchAction","target":{"@type":"EntryPoint","urlTemplate":"https:\/\/www.erresse-shop.it\/es\/?s={search_term_string}"},"query-input":"required name=search_term_string"}],"inLanguage":"es"}]}},"df_price":71.94,"df_sale_price":71.94,"df_regular_price":119.9,"df_image_link":"https:\/\/www.erresse-shop.it\/wp-content\/uploads\/2024\/06\/WD-LIFESTYLE-Cestino-Picnic-in-Vimini-per-4-Persone-Miele-300x300.jpg","_links":{"self":[{"href":"https:\/\/www.erresse-shop.it\/es\/wp-json\/wp\/v2\/product\/413386"}],"collection":[{"href":"https:\/\/www.erresse-shop.it\/es\/wp-json\/wp\/v2\/product"}],"about":[{"href":"https:\/\/www.erresse-shop.it\/es\/wp-json\/wp\/v2\/types\/product"}],"wp:featuredmedia":[{"embeddable":true,"href":"https:\/\/www.erresse-shop.it\/es\/wp-json\/wp\/v2\/media\/457093"}],"wp:attachment":[{"href":"https:\/\/www.erresse-shop.it\/es\/wp-json\/wp\/v2\/media?parent=413386"}],"wp:term":[{"taxonomy":"product_cat","embeddable":true,"href":"https:\/\/www.erresse-shop.it\/es\/wp-json\/wp\/v2\/product_cat?post=413386"},{"taxonomy":"product_tag","embeddable":true,"href":"https:\/\/www.erresse-shop.it\/es\/wp-json\/wp\/v2\/product_tag?post=413386"}],"curies":[{"name":"wp","href":"https:\/\/api.w.org\/{rel}","templated":true}]}}