{"id":413193,"date":"2024-06-20T07:51:46","date_gmt":"2024-06-20T07:51:48","guid":{"rendered":"https:\/\/www.erresse-shop.it\/?post_type=product&#038;p=413193"},"modified":"2024-06-20T08:10:35","modified_gmt":"2024-06-20T08:10:35","slug":"wd-lifestyle-vaso-de-cristal-tiburon-copia","status":"publish","type":"product","link":"https:\/\/www.erresse-shop.it\/es\/shop\/tabla\/tazas\/wd-lifestyle-vaso-de-cristal-tiburon-copia\/","title":{"rendered":"WD LIFESTYLE Set de 2 tazas de caf\u00e9 Abeja"},"content":{"rendered":"<p>Set de 2 vasos de vidrio borosilicato con asa de color y decoraci\u00f3n exterior de vidrio de color.<\/p>\n<p>Cada objeto est\u00e1 fabricado artesanalmente en vidrio soplado, lo que lo hace \u00fanico.<\/p>\n<p>Capacidad: 130 ml<br \/>\nTama\u00f1o: \u00d8 5 x 5 cm<\/p>\n","protected":false},"excerpt":{"rendered":"<p>Set de 2 vasos de vidrio borosilicato con asa de color y decoraci\u00f3n exterior de vidrio de color. Cada objeto<\/p>\n","protected":false},"featured_media":491158,"template":"","meta":{"_acf_changed":false,"inline_featured_image":false},"product_cat":[16027,16034],"product_tag":[24605,16909,16308,21296],"acf":[],"yoast_head":"<!-- This site is optimized with the Yoast SEO Premium plugin v18.6 (Yoast SEO v19.13) - https:\/\/yoast.com\/wordpress\/plugins\/seo\/ -->\n<title>WD LIFESTYLE Set de 2 tazas de caf\u00e9 Abeja - Erresse Shop<\/title>\n<meta name=\"description\" content=\"Set de 2 vasos de vidrio borosilicato con asa de color y decoraci\u00f3n exterior de vidrio de color. Cada objeto est\u00e1 fabricado artesanalmente en vidrio\" \/>\n<meta name=\"robots\" content=\"index, follow, max-snippet:-1, max-image-preview:large, max-video-preview:-1\" \/>\n<link rel=\"canonical\" href=\"https:\/\/www.erresse-shop.it\/es\/shop\/tabla\/tazas\/wd-lifestyle-vaso-de-cristal-tiburon-copia\/\" \/>\n<meta property=\"og:locale\" content=\"es_ES\" \/>\n<meta property=\"og:type\" content=\"article\" \/>\n<meta property=\"og:title\" content=\"WD LIFESTYLE Set de 2 tazas de caf\u00e9 Abeja\" \/>\n<meta property=\"og:description\" content=\"Set de 2 vasos de vidrio borosilicato con asa de color y decoraci\u00f3n exterior de vidrio de color. Cada objeto est\u00e1 fabricado artesanalmente en vidrio\" \/>\n<meta property=\"og:url\" content=\"https:\/\/www.erresse-shop.it\/es\/shop\/tabla\/tazas\/wd-lifestyle-vaso-de-cristal-tiburon-copia\/\" \/>\n<meta property=\"og:site_name\" content=\"Erresse Shop\" \/>\n<meta property=\"article:modified_time\" content=\"2024-06-20T08:10:35+00:00\" \/>\n<meta property=\"og:image\" content=\"https:\/\/www.erresse-shop.it\/wp-content\/uploads\/2024\/06\/WD-LIFESTYLE-Set-2-Tazzine-da-Caffe-Ape.png\" \/>\n\t<meta property=\"og:image:width\" content=\"800\" \/>\n\t<meta property=\"og:image:height\" content=\"800\" \/>\n\t<meta property=\"og:image:type\" content=\"image\/png\" \/>\n<meta name=\"twitter:card\" content=\"summary_large_image\" \/>\n<script type=\"application\/ld+json\" class=\"yoast-schema-graph\">{\"@context\":\"https:\/\/schema.org\",\"@graph\":[{\"@type\":\"WebPage\",\"@id\":\"https:\/\/www.erresse-shop.it\/es\/shop\/tabla\/tazas\/wd-lifestyle-vaso-de-cristal-tiburon-copia\/\",\"url\":\"https:\/\/www.erresse-shop.it\/es\/shop\/tabla\/tazas\/wd-lifestyle-vaso-de-cristal-tiburon-copia\/\",\"name\":\"WD LIFESTYLE Set de 2 tazas de caf\u00e9 Abeja - Erresse Shop\",\"isPartOf\":{\"@id\":\"https:\/\/www.erresse-shop.it\/es\/#website\"},\"datePublished\":\"2024-06-20T07:51:48+00:00\",\"dateModified\":\"2024-06-20T08:10:35+00:00\",\"description\":\"Set de 2 vasos de vidrio borosilicato con asa de color y decoraci\u00f3n exterior de vidrio de color. Cada objeto est\u00e1 fabricado artesanalmente en vidrio\",\"breadcrumb\":{\"@id\":\"https:\/\/www.erresse-shop.it\/es\/shop\/tabla\/tazas\/wd-lifestyle-vaso-de-cristal-tiburon-copia\/#breadcrumb\"},\"inLanguage\":\"es\",\"potentialAction\":[{\"@type\":\"ReadAction\",\"target\":[\"https:\/\/www.erresse-shop.it\/es\/shop\/tabla\/tazas\/wd-lifestyle-vaso-de-cristal-tiburon-copia\/\"]}]},{\"@type\":\"BreadcrumbList\",\"@id\":\"https:\/\/www.erresse-shop.it\/es\/shop\/tabla\/tazas\/wd-lifestyle-vaso-de-cristal-tiburon-copia\/#breadcrumb\",\"itemListElement\":[{\"@type\":\"ListItem\",\"position\":1,\"name\":\"Home\",\"item\":\"https:\/\/www.erresse-shop.it\/es\/\"},{\"@type\":\"ListItem\",\"position\":2,\"name\":\"Shop\",\"item\":\"https:\/\/www.erresse-shop.it\/es\/shop\/\"},{\"@type\":\"ListItem\",\"position\":3,\"name\":\"WD LIFESTYLE Set de 2 tazas de caf\u00e9 Abeja\"}]},{\"@type\":\"WebSite\",\"@id\":\"https:\/\/www.erresse-shop.it\/es\/#website\",\"url\":\"https:\/\/www.erresse-shop.it\/es\/\",\"name\":\"Erresse Shop\",\"description\":\"Articoli di qualit\u00e0 per la casa\",\"potentialAction\":[{\"@type\":\"SearchAction\",\"target\":{\"@type\":\"EntryPoint\",\"urlTemplate\":\"https:\/\/www.erresse-shop.it\/es\/?s={search_term_string}\"},\"query-input\":\"required name=search_term_string\"}],\"inLanguage\":\"es\"}]}<\/script>\n<!-- \/ Yoast SEO Premium plugin. -->","yoast_head_json":{"title":"WD LIFESTYLE Set de 2 tazas de caf\u00e9 Abeja - Erresse Shop","description":"Set de 2 vasos de vidrio borosilicato con asa de color y decoraci\u00f3n exterior de vidrio de color. Cada objeto est\u00e1 fabricado artesanalmente en vidrio","robots":{"index":"index","follow":"follow","max-snippet":"max-snippet:-1","max-image-preview":"max-image-preview:large","max-video-preview":"max-video-preview:-1"},"canonical":"https:\/\/www.erresse-shop.it\/es\/shop\/tabla\/tazas\/wd-lifestyle-vaso-de-cristal-tiburon-copia\/","og_locale":"es_ES","og_type":"article","og_title":"WD LIFESTYLE Set de 2 tazas de caf\u00e9 Abeja","og_description":"Set de 2 vasos de vidrio borosilicato con asa de color y decoraci\u00f3n exterior de vidrio de color. Cada objeto est\u00e1 fabricado artesanalmente en vidrio","og_url":"https:\/\/www.erresse-shop.it\/es\/shop\/tabla\/tazas\/wd-lifestyle-vaso-de-cristal-tiburon-copia\/","og_site_name":"Erresse Shop","article_modified_time":"2024-06-20T08:10:35+00:00","og_image":[{"width":800,"height":800,"url":"https:\/\/www.erresse-shop.it\/wp-content\/uploads\/2024\/06\/WD-LIFESTYLE-Set-2-Tazzine-da-Caffe-Ape.png","type":"image\/png"}],"twitter_card":"summary_large_image","schema":{"@context":"https:\/\/schema.org","@graph":[{"@type":"WebPage","@id":"https:\/\/www.erresse-shop.it\/es\/shop\/tabla\/tazas\/wd-lifestyle-vaso-de-cristal-tiburon-copia\/","url":"https:\/\/www.erresse-shop.it\/es\/shop\/tabla\/tazas\/wd-lifestyle-vaso-de-cristal-tiburon-copia\/","name":"WD LIFESTYLE Set de 2 tazas de caf\u00e9 Abeja - Erresse Shop","isPartOf":{"@id":"https:\/\/www.erresse-shop.it\/es\/#website"},"datePublished":"2024-06-20T07:51:48+00:00","dateModified":"2024-06-20T08:10:35+00:00","description":"Set de 2 vasos de vidrio borosilicato con asa de color y decoraci\u00f3n exterior de vidrio de color. Cada objeto est\u00e1 fabricado artesanalmente en vidrio","breadcrumb":{"@id":"https:\/\/www.erresse-shop.it\/es\/shop\/tabla\/tazas\/wd-lifestyle-vaso-de-cristal-tiburon-copia\/#breadcrumb"},"inLanguage":"es","potentialAction":[{"@type":"ReadAction","target":["https:\/\/www.erresse-shop.it\/es\/shop\/tabla\/tazas\/wd-lifestyle-vaso-de-cristal-tiburon-copia\/"]}]},{"@type":"BreadcrumbList","@id":"https:\/\/www.erresse-shop.it\/es\/shop\/tabla\/tazas\/wd-lifestyle-vaso-de-cristal-tiburon-copia\/#breadcrumb","itemListElement":[{"@type":"ListItem","position":1,"name":"Home","item":"https:\/\/www.erresse-shop.it\/es\/"},{"@type":"ListItem","position":2,"name":"Shop","item":"https:\/\/www.erresse-shop.it\/es\/shop\/"},{"@type":"ListItem","position":3,"name":"WD LIFESTYLE Set de 2 tazas de caf\u00e9 Abeja"}]},{"@type":"WebSite","@id":"https:\/\/www.erresse-shop.it\/es\/#website","url":"https:\/\/www.erresse-shop.it\/es\/","name":"Erresse Shop","description":"Articoli di qualit\u00e0 per la casa","potentialAction":[{"@type":"SearchAction","target":{"@type":"EntryPoint","urlTemplate":"https:\/\/www.erresse-shop.it\/es\/?s={search_term_string}"},"query-input":"required name=search_term_string"}],"inLanguage":"es"}]}},"df_price":10.139999999999999,"df_sale_price":10.139999999999999,"df_regular_price":16.9,"df_image_link":"https:\/\/www.erresse-shop.it\/wp-content\/uploads\/2024\/06\/WD-LIFESTYLE-Set-2-Tazzine-da-Caffe-Ape-300x300.jpg","_links":{"self":[{"href":"https:\/\/www.erresse-shop.it\/es\/wp-json\/wp\/v2\/product\/413193"}],"collection":[{"href":"https:\/\/www.erresse-shop.it\/es\/wp-json\/wp\/v2\/product"}],"about":[{"href":"https:\/\/www.erresse-shop.it\/es\/wp-json\/wp\/v2\/types\/product"}],"wp:featuredmedia":[{"embeddable":true,"href":"https:\/\/www.erresse-shop.it\/es\/wp-json\/wp\/v2\/media\/491158"}],"wp:attachment":[{"href":"https:\/\/www.erresse-shop.it\/es\/wp-json\/wp\/v2\/media?parent=413193"}],"wp:term":[{"taxonomy":"product_cat","embeddable":true,"href":"https:\/\/www.erresse-shop.it\/es\/wp-json\/wp\/v2\/product_cat?post=413193"},{"taxonomy":"product_tag","embeddable":true,"href":"https:\/\/www.erresse-shop.it\/es\/wp-json\/wp\/v2\/product_tag?post=413193"}],"curies":[{"name":"wp","href":"https:\/\/api.w.org\/{rel}","templated":true}]}}