{"id":412082,"date":"2024-06-10T06:44:15","date_gmt":"2024-06-10T06:44:17","guid":{"rendered":"https:\/\/www.erresse-shop.it\/?post_type=product&#038;p=412082"},"modified":"2024-10-28T09:19:07","modified_gmt":"2024-10-28T09:19:07","slug":"la-pavoni-maquina-de-cafe-new-cellini-evoluzione","status":"publish","type":"product","link":"https:\/\/www.erresse-shop.it\/es\/shop\/pequenos-electrodomesticos\/maquinas-de-cafe\/manual-es\/la-pavoni-maquina-de-cafe-new-cellini-evoluzione\/","title":{"rendered":"LA PAVONI M\u00e1quina de Caf\u00e9 New Cellini Evoluzione"},"content":{"rendered":"<p>El modelo <strong>Cellini<\/strong> <strong>Evoluzione<\/strong> tiene una caldera de cobre con brida de lat\u00f3n. Caldera con aislamiento exterior para una mayor estabilidad t\u00e9rmica y ahorro de energ\u00eda.<\/p>\n<p>Bastidor y topes de acero inoxidable AISI 304.<\/p>\n<p>Dos man\u00f3metros profesionales, uno para el control de la presi\u00f3n de la bomba y otro para la presi\u00f3n de la caldera, que garantizan el correcto proceso de extracci\u00f3n, la electrobomba rotativa profesional con posibilidad de uso con dep\u00f3sito o conexi\u00f3n a la red de agua, y el presostato mec\u00e1nico comercial completan las avanzadas caracter\u00edsticas t\u00e9cnicas de este modelo.<\/p>\n<p>Todas las m\u00e1quinas semiprofesionales La Pavoni 230V est\u00e1n certificadas por:<\/p>\n<p><a href=\"https:\/\/www.erresse-shop.it\/wp-content\/uploads\/2021\/02\/La-Pavoni-Certificato-150x150.png\"><img decoding=\"async\" class=\"alignnone size-thumbnail wp-image-118276\" src=\"https:\/\/www.erresse-shop.it\/wp-content\/uploads\/2021\/02\/La-Pavoni-Certificato-150x150.png\" alt=\"La Pavoni Certificato\" width=\"150\" height=\"150\" \/><\/a><br \/>\n<strong>EST\u00c9TICA<\/strong><\/p>\n<p><strong>Color<\/strong>: Acero inoxidable<br \/>\n<strong>Acabado<\/strong>: Pulido<br \/>\n<strong>Est\u00e9tica<\/strong>: Evoluci\u00f3n<br \/>\n<strong>Serie<\/strong>: Cellini<br \/>\n<strong>Color de la carrocer\u00eda<\/strong>: Acero pulido<br \/>\n<strong>Material del cuerpo<\/strong>: Acero inoxidable<br \/>\n<strong>Material de la rejilla<\/strong> <strong>apoyavasos<\/strong>: Acero<br \/>\n<strong>Material de la varilla de vapor<\/strong>: Acero inoxidable &#8211; Toque fr\u00edo<br \/>\n<strong>Material de la boquilla dispensadora de agua caliente<\/strong>: Acero inoxidable-Cool Touch<br \/>\n<strong>Grupo Dispensador<\/strong>: E61<br \/>\n<strong>Material del grupo dispensador<\/strong>: Lat\u00f3n<br \/>\n<strong>Color del grupo del dispensador<\/strong>: Cromo<br \/>\n<strong>Tipo de mando<\/strong>: Palanca<\/p>\n<p><strong>PROGRAMAS \/ FUNCIONES<\/strong><\/p>\n<p><strong>Funci\u00f3n de dispensaci\u00f3n de caf\u00e9<\/strong>: S\u00ed<br \/>\n<strong>Funci\u00f3n vapor<\/strong>: S\u00ed<br \/>\n<strong>Funci\u00f3n de agua caliente<\/strong>: S\u00ed<br \/>\n<strong>Advertencia de falta de agua<\/strong>: S\u00ed<\/p>\n<p><strong>CARACTER\u00cdSTICAS T\u00c9CNICAS<\/strong><\/p>\n<p><strong>Autonivel electr\u00f3nico<\/strong>: S\u00ed<br \/>\n<strong>Dispositivo antivaho<\/strong>: S\u00ed<br \/>\n<strong>Tipo de caldera<\/strong>: Caldera individual con intercambiador de calor<br \/>\n<strong>Material de la caldera<\/strong>: Cobre y Lat\u00f3n<br \/>\n<strong>Capacidad de la caldera<\/strong>: 1,8 l<br \/>\n<strong>Tipo de bomba<\/strong>: Rotativa<br \/>\n<strong>Presi\u00f3n de la bomba<\/strong>: 20 bar<br \/>\n<strong>Capacidad del dep\u00f3sito de agua<\/strong>: 2,9 l<br \/>\n<strong>Contenedor de agua extra\u00edble<\/strong>: S\u00ed<br \/>\n<strong>Conexi\u00f3n a la red de agua<\/strong>: S\u00ed<br \/>\n<strong>Man\u00f3metro de la bomba<\/strong>: S\u00ed<br \/>\n<strong>Man\u00f3metro de caldera<\/strong>: S\u00ed<br \/>\n<strong>Luz indicadora de temperatura<\/strong>: S\u00ed<br \/>\n<strong>Calentador de tazas<\/strong>: Pasivo<br \/>\n<strong>Varita dispensadora de vapor<\/strong>: Yes-Cool Touch<br \/>\n<strong>Boquilla de suministro de agua caliente<\/strong>: S\u00ed<\/p>\n<p><strong>ACCESORIOS INCLUIDOS<\/strong><\/p>\n<p><strong>Filtros<\/strong>: 1 taza\/ 2 tazas\/ Ciego<br \/>\n<strong>Cepillo de limpieza<\/strong>: S\u00ed<br \/>\n<strong>Pressino<\/strong>: S\u00ed<br \/>\n<strong>Vaso medidor<\/strong>: S\u00ed<br \/>\n<strong>Portafiltro<\/strong>: Ca\u00f1o doble, Ca\u00f1o simple<br \/>\n<strong>Di\u00e1metro interior del portafiltro (con filtro)<\/strong>: 58 mm<br \/>\n<strong>Junta portafiltro<\/strong>: S\u00ed<br \/>\n<strong>Conexi\u00f3n de manguera a la red de agua<\/strong>: S\u00ed<br \/>\n<strong>Manguera de drenaje de agua<\/strong>: S\u00ed<\/p>\n<p><strong>CONEXI\u00d3N EL\u00c9CTRICA<\/strong><\/p>\n<p><strong>Espina<\/strong>: (F;E) Schuko<br \/>\n<strong>Voltaje<\/strong> (V): 220-240 V<br \/>\n<strong>Frecuencia<\/strong> Hz: 50\/60 Hz<br \/>\n<strong>Longitud<\/strong> <strong>Cable de alimentaci\u00f3n<\/strong> <strong>: 1,8 m<\/strong><\/p>\n<p><span style=\"text-decoration: underline;\"><strong>No est\u00e1 a la venta fuera de Europa<\/strong><\/span><\/p>\n","protected":false},"excerpt":{"rendered":"<p>El modelo Cellini Evoluzione tiene una caldera de cobre con brida de lat\u00f3n. Caldera con aislamiento exterior para una mayor<\/p>\n","protected":false},"featured_media":456795,"template":"","meta":{"_acf_changed":false,"inline_featured_image":false},"product_cat":[25367,16076,16073],"product_tag":[23574,24682,16307,23583],"acf":[],"yoast_head":"<!-- This site is optimized with the Yoast SEO Premium plugin v18.6 (Yoast SEO v19.13) - https:\/\/yoast.com\/wordpress\/plugins\/seo\/ -->\n<title>LA PAVONI M\u00e1quina de Caf\u00e9 New Cellini Evoluzione - Erresse Shop<\/title>\n<meta name=\"description\" content=\"El modelo Cellini Evoluzione tiene una caldera de cobre con brida de lat\u00f3n. Caldera con aislamiento exterior para una mayor estabilidad t\u00e9rmica y ahorro\" \/>\n<meta name=\"robots\" content=\"index, follow, max-snippet:-1, max-image-preview:large, max-video-preview:-1\" \/>\n<link rel=\"canonical\" href=\"https:\/\/www.erresse-shop.it\/es\/shop\/pequenos-electrodomesticos\/maquinas-de-cafe\/manual-es\/la-pavoni-maquina-de-cafe-new-cellini-evoluzione\/\" \/>\n<meta property=\"og:locale\" content=\"es_ES\" \/>\n<meta property=\"og:type\" content=\"article\" \/>\n<meta property=\"og:title\" content=\"LA PAVONI M\u00e1quina de Caf\u00e9 New Cellini Evoluzione\" \/>\n<meta property=\"og:description\" content=\"El modelo Cellini Evoluzione tiene una caldera de cobre con brida de lat\u00f3n. Caldera con aislamiento exterior para una mayor estabilidad t\u00e9rmica y ahorro\" \/>\n<meta property=\"og:url\" content=\"https:\/\/www.erresse-shop.it\/es\/shop\/pequenos-electrodomesticos\/maquinas-de-cafe\/manual-es\/la-pavoni-maquina-de-cafe-new-cellini-evoluzione\/\" \/>\n<meta property=\"og:site_name\" content=\"Erresse Shop\" \/>\n<meta property=\"article:modified_time\" content=\"2024-10-28T09:19:07+00:00\" \/>\n<meta property=\"og:image\" content=\"https:\/\/www.erresse-shop.it\/wp-content\/uploads\/2024\/06\/LA-PAVONI-Macchina-da-Caffe-Nuova-Cellini-Evoluzione.png\" \/>\n\t<meta property=\"og:image:width\" content=\"800\" \/>\n\t<meta property=\"og:image:height\" content=\"800\" \/>\n\t<meta property=\"og:image:type\" content=\"image\/png\" \/>\n<meta name=\"twitter:card\" content=\"summary_large_image\" \/>\n<script type=\"application\/ld+json\" class=\"yoast-schema-graph\">{\"@context\":\"https:\/\/schema.org\",\"@graph\":[{\"@type\":\"WebPage\",\"@id\":\"https:\/\/www.erresse-shop.it\/es\/shop\/pequenos-electrodomesticos\/maquinas-de-cafe\/manual-es\/la-pavoni-maquina-de-cafe-new-cellini-evoluzione\/\",\"url\":\"https:\/\/www.erresse-shop.it\/es\/shop\/pequenos-electrodomesticos\/maquinas-de-cafe\/manual-es\/la-pavoni-maquina-de-cafe-new-cellini-evoluzione\/\",\"name\":\"LA PAVONI M\u00e1quina de Caf\u00e9 New Cellini Evoluzione - Erresse Shop\",\"isPartOf\":{\"@id\":\"https:\/\/www.erresse-shop.it\/es\/#website\"},\"datePublished\":\"2024-06-10T06:44:17+00:00\",\"dateModified\":\"2024-10-28T09:19:07+00:00\",\"description\":\"El modelo Cellini Evoluzione tiene una caldera de cobre con brida de lat\u00f3n. Caldera con aislamiento exterior para una mayor estabilidad t\u00e9rmica y ahorro\",\"breadcrumb\":{\"@id\":\"https:\/\/www.erresse-shop.it\/es\/shop\/pequenos-electrodomesticos\/maquinas-de-cafe\/manual-es\/la-pavoni-maquina-de-cafe-new-cellini-evoluzione\/#breadcrumb\"},\"inLanguage\":\"es\",\"potentialAction\":[{\"@type\":\"ReadAction\",\"target\":[\"https:\/\/www.erresse-shop.it\/es\/shop\/pequenos-electrodomesticos\/maquinas-de-cafe\/manual-es\/la-pavoni-maquina-de-cafe-new-cellini-evoluzione\/\"]}]},{\"@type\":\"BreadcrumbList\",\"@id\":\"https:\/\/www.erresse-shop.it\/es\/shop\/pequenos-electrodomesticos\/maquinas-de-cafe\/manual-es\/la-pavoni-maquina-de-cafe-new-cellini-evoluzione\/#breadcrumb\",\"itemListElement\":[{\"@type\":\"ListItem\",\"position\":1,\"name\":\"Home\",\"item\":\"https:\/\/www.erresse-shop.it\/es\/\"},{\"@type\":\"ListItem\",\"position\":2,\"name\":\"Shop\",\"item\":\"https:\/\/www.erresse-shop.it\/es\/shop\/\"},{\"@type\":\"ListItem\",\"position\":3,\"name\":\"LA PAVONI M\u00e1quina de Caf\u00e9 New Cellini Evoluzione\"}]},{\"@type\":\"WebSite\",\"@id\":\"https:\/\/www.erresse-shop.it\/es\/#website\",\"url\":\"https:\/\/www.erresse-shop.it\/es\/\",\"name\":\"Erresse Shop\",\"description\":\"Articoli di qualit\u00e0 per la casa\",\"potentialAction\":[{\"@type\":\"SearchAction\",\"target\":{\"@type\":\"EntryPoint\",\"urlTemplate\":\"https:\/\/www.erresse-shop.it\/es\/?s={search_term_string}\"},\"query-input\":\"required name=search_term_string\"}],\"inLanguage\":\"es\"}]}<\/script>\n<!-- \/ Yoast SEO Premium plugin. -->","yoast_head_json":{"title":"LA PAVONI M\u00e1quina de Caf\u00e9 New Cellini Evoluzione - Erresse Shop","description":"El modelo Cellini Evoluzione tiene una caldera de cobre con brida de lat\u00f3n. Caldera con aislamiento exterior para una mayor estabilidad t\u00e9rmica y ahorro","robots":{"index":"index","follow":"follow","max-snippet":"max-snippet:-1","max-image-preview":"max-image-preview:large","max-video-preview":"max-video-preview:-1"},"canonical":"https:\/\/www.erresse-shop.it\/es\/shop\/pequenos-electrodomesticos\/maquinas-de-cafe\/manual-es\/la-pavoni-maquina-de-cafe-new-cellini-evoluzione\/","og_locale":"es_ES","og_type":"article","og_title":"LA PAVONI M\u00e1quina de Caf\u00e9 New Cellini Evoluzione","og_description":"El modelo Cellini Evoluzione tiene una caldera de cobre con brida de lat\u00f3n. Caldera con aislamiento exterior para una mayor estabilidad t\u00e9rmica y ahorro","og_url":"https:\/\/www.erresse-shop.it\/es\/shop\/pequenos-electrodomesticos\/maquinas-de-cafe\/manual-es\/la-pavoni-maquina-de-cafe-new-cellini-evoluzione\/","og_site_name":"Erresse Shop","article_modified_time":"2024-10-28T09:19:07+00:00","og_image":[{"width":800,"height":800,"url":"https:\/\/www.erresse-shop.it\/wp-content\/uploads\/2024\/06\/LA-PAVONI-Macchina-da-Caffe-Nuova-Cellini-Evoluzione.png","type":"image\/png"}],"twitter_card":"summary_large_image","schema":{"@context":"https:\/\/schema.org","@graph":[{"@type":"WebPage","@id":"https:\/\/www.erresse-shop.it\/es\/shop\/pequenos-electrodomesticos\/maquinas-de-cafe\/manual-es\/la-pavoni-maquina-de-cafe-new-cellini-evoluzione\/","url":"https:\/\/www.erresse-shop.it\/es\/shop\/pequenos-electrodomesticos\/maquinas-de-cafe\/manual-es\/la-pavoni-maquina-de-cafe-new-cellini-evoluzione\/","name":"LA PAVONI M\u00e1quina de Caf\u00e9 New Cellini Evoluzione - Erresse Shop","isPartOf":{"@id":"https:\/\/www.erresse-shop.it\/es\/#website"},"datePublished":"2024-06-10T06:44:17+00:00","dateModified":"2024-10-28T09:19:07+00:00","description":"El modelo Cellini Evoluzione tiene una caldera de cobre con brida de lat\u00f3n. Caldera con aislamiento exterior para una mayor estabilidad t\u00e9rmica y ahorro","breadcrumb":{"@id":"https:\/\/www.erresse-shop.it\/es\/shop\/pequenos-electrodomesticos\/maquinas-de-cafe\/manual-es\/la-pavoni-maquina-de-cafe-new-cellini-evoluzione\/#breadcrumb"},"inLanguage":"es","potentialAction":[{"@type":"ReadAction","target":["https:\/\/www.erresse-shop.it\/es\/shop\/pequenos-electrodomesticos\/maquinas-de-cafe\/manual-es\/la-pavoni-maquina-de-cafe-new-cellini-evoluzione\/"]}]},{"@type":"BreadcrumbList","@id":"https:\/\/www.erresse-shop.it\/es\/shop\/pequenos-electrodomesticos\/maquinas-de-cafe\/manual-es\/la-pavoni-maquina-de-cafe-new-cellini-evoluzione\/#breadcrumb","itemListElement":[{"@type":"ListItem","position":1,"name":"Home","item":"https:\/\/www.erresse-shop.it\/es\/"},{"@type":"ListItem","position":2,"name":"Shop","item":"https:\/\/www.erresse-shop.it\/es\/shop\/"},{"@type":"ListItem","position":3,"name":"LA PAVONI M\u00e1quina de Caf\u00e9 New Cellini Evoluzione"}]},{"@type":"WebSite","@id":"https:\/\/www.erresse-shop.it\/es\/#website","url":"https:\/\/www.erresse-shop.it\/es\/","name":"Erresse Shop","description":"Articoli di qualit\u00e0 per la casa","potentialAction":[{"@type":"SearchAction","target":{"@type":"EntryPoint","urlTemplate":"https:\/\/www.erresse-shop.it\/es\/?s={search_term_string}"},"query-input":"required name=search_term_string"}],"inLanguage":"es"}]}},"df_price":1016.95,"df_sale_price":1016.95,"df_regular_price":1849,"df_image_link":"https:\/\/www.erresse-shop.it\/wp-content\/uploads\/2024\/06\/LA-PAVONI-Macchina-da-Caffe-Nuova-Cellini-Evoluzione-300x300.jpg","_links":{"self":[{"href":"https:\/\/www.erresse-shop.it\/es\/wp-json\/wp\/v2\/product\/412082"}],"collection":[{"href":"https:\/\/www.erresse-shop.it\/es\/wp-json\/wp\/v2\/product"}],"about":[{"href":"https:\/\/www.erresse-shop.it\/es\/wp-json\/wp\/v2\/types\/product"}],"wp:featuredmedia":[{"embeddable":true,"href":"https:\/\/www.erresse-shop.it\/es\/wp-json\/wp\/v2\/media\/456795"}],"wp:attachment":[{"href":"https:\/\/www.erresse-shop.it\/es\/wp-json\/wp\/v2\/media?parent=412082"}],"wp:term":[{"taxonomy":"product_cat","embeddable":true,"href":"https:\/\/www.erresse-shop.it\/es\/wp-json\/wp\/v2\/product_cat?post=412082"},{"taxonomy":"product_tag","embeddable":true,"href":"https:\/\/www.erresse-shop.it\/es\/wp-json\/wp\/v2\/product_tag?post=412082"}],"curies":[{"name":"wp","href":"https:\/\/api.w.org\/{rel}","templated":true}]}}