{"id":412019,"date":"2024-06-10T06:03:54","date_gmt":"2024-06-10T06:04:11","guid":{"rendered":"https:\/\/www.erresse-shop.it\/?post_type=product&#038;p=412019"},"modified":"2024-10-28T09:29:56","modified_gmt":"2024-10-28T09:29:56","slug":"smeg-placa-de-induccion-portatil-verde","status":"publish","type":"product","link":"https:\/\/www.erresse-shop.it\/es\/shop\/pequenos-electrodomesticos\/parrillas-y-barbacoas\/smeg-placa-de-induccion-portatil-verde\/","title":{"rendered":"SMEG Placa de inducci\u00f3n port\u00e1til Verde"},"content":{"rendered":"<div class=\"main__description\">Placa de inducci\u00f3n port\u00e1til con sonda de temperatura externa, para controlar con precisi\u00f3n los resultados de la cocci\u00f3n y experimentar con preparaciones de nivel profesional. Crea siempre nuevos platos gracias a los programas de barbacoa y fritura preestablecidos.<\/div>\n<p><strong>EST\u00c9TICA<\/strong><br \/>\n<strong>Color<\/strong>: Verde esmeralda<br \/>\n<strong>Acabado<\/strong>: Mate<br \/>\n<strong>Est\u00e9tica<\/strong>: Colecci\u00f3n<br \/>\n<strong>Material del cuerpo<\/strong>: Pl\u00e1stico<br \/>\n<strong>Material del panel frontal<\/strong>: Aluminio<br \/>\n<strong>Color del panel frontal<\/strong>: Aluminio<br \/>\n<strong>Acabado del panel frontal<\/strong>: Cepillado con borde pulido<br \/>\n<strong>Acabado de la carrocer\u00eda<\/strong>: Mate<br \/>\n<strong>Material pies antideslizantes<\/strong>: Goma<br \/>\n<strong>Tipo de vidrio<\/strong>: Cer\u00e1mica<br \/>\n<strong>Posici\u00f3n de control<\/strong>: Delantero<br \/>\n<strong>Control deslizante<\/strong>: S\u00ed<br \/>\n<strong>Color del LED de control<\/strong>: Rojo<br \/>\n<strong>Borde del vidrio<\/strong>: Biselado<br \/>\n<strong>Color serigraf\u00eda<\/strong>: Gris<\/p>\n<p><strong>PROGRAMAS \/ FUNCIONES<\/strong><br \/>\n<strong>Funci\u00f3n de pausa<\/strong>: S\u00ed<br \/>\n<strong>Se\u00f1ales audibles<\/strong>: Opcional<br \/>\n<strong>Apagado autom\u00e1tico<\/strong>: S\u00ed<br \/>\n<strong>N\u00famero de zonas de cocci\u00f3n por inducci\u00f3n<\/strong>: 1<br \/>\n<strong>Niveles de potencia<\/strong>: 9<\/p>\n<p><strong>COMANDOS<\/strong><br \/>\n<strong>Pantalla<\/strong>: S\u00ed<br \/>\n<strong>Tipo de controles<\/strong>: Tocar<br \/>\n<strong>Bot\u00f3n ON\/OFF<\/strong>: S\u00ed<\/p>\n<p><strong>CARACTER\u00cdSTICAS T\u00c9CNICAS<\/strong><br \/>\n<strong>Tecnolog\u00eda de visualizaci\u00f3n<\/strong>: LED<br \/>\n<strong>Detecci\u00f3n de presencia de marihuana<\/strong>: S\u00ed<br \/>\n<strong>Apagado autom\u00e1tico en caso de sobrecalentamiento<\/strong>: S\u00ed<br \/>\n<strong>Parada autom\u00e1tica en caso de desbordamiento<\/strong>: S\u00ed<br \/>\n<strong>Indicador de calor residual<\/strong>: S\u00ed<\/p>\n<p><strong>CONEXI\u00d3N EL\u00c9CTRICA<\/strong><br \/>\n<strong>Voltaje (V):<\/strong> 220-240 V<br \/>\n<strong>Frecuencia Hz:<\/strong> 50\/60 Hz<br \/>\n<strong>Longitud del cable de alimentaci\u00f3n:<\/strong> 1 m<\/p>\n<p><u><strong>No est\u00e1 a la venta fuera de Europa<\/strong><\/u><\/p>\n","protected":false},"excerpt":{"rendered":"<p>Placa de inducci\u00f3n port\u00e1til con sonda de temperatura externa, para controlar con precisi\u00f3n los resultados de la cocci\u00f3n y experimentar<\/p>\n","protected":false},"featured_media":489015,"template":"","meta":{"_acf_changed":false,"inline_featured_image":false},"product_cat":[16083,16073],"product_tag":[25183,23912,23574,25023],"acf":[],"yoast_head":"<!-- This site is optimized with the Yoast SEO Premium plugin v18.6 (Yoast SEO v19.13) - https:\/\/yoast.com\/wordpress\/plugins\/seo\/ -->\n<title>SMEG Placa de inducci\u00f3n port\u00e1til Verde - Erresse Shop<\/title>\n<meta name=\"description\" content=\"Placa de inducci\u00f3n port\u00e1til con sonda de temperatura externa, para controlar con precisi\u00f3n los resultados de la cocci\u00f3n y experimentar con preparaciones\" \/>\n<meta name=\"robots\" content=\"index, follow, max-snippet:-1, max-image-preview:large, max-video-preview:-1\" \/>\n<link rel=\"canonical\" href=\"https:\/\/www.erresse-shop.it\/es\/shop\/pequenos-electrodomesticos\/parrillas-y-barbacoas\/smeg-placa-de-induccion-portatil-verde\/\" \/>\n<meta property=\"og:locale\" content=\"es_ES\" \/>\n<meta property=\"og:type\" content=\"article\" \/>\n<meta property=\"og:title\" content=\"SMEG Placa de inducci\u00f3n port\u00e1til Verde\" \/>\n<meta property=\"og:description\" content=\"Placa de inducci\u00f3n port\u00e1til con sonda de temperatura externa, para controlar con precisi\u00f3n los resultados de la cocci\u00f3n y experimentar con preparaciones\" \/>\n<meta property=\"og:url\" content=\"https:\/\/www.erresse-shop.it\/es\/shop\/pequenos-electrodomesticos\/parrillas-y-barbacoas\/smeg-placa-de-induccion-portatil-verde\/\" \/>\n<meta property=\"og:site_name\" content=\"Erresse Shop\" \/>\n<meta property=\"article:modified_time\" content=\"2024-10-28T09:29:56+00:00\" \/>\n<meta property=\"og:image\" content=\"https:\/\/www.erresse-shop.it\/wp-content\/uploads\/2024\/05\/SMEG-Piastra-a-Induzione-Portatile.png\" \/>\n\t<meta property=\"og:image:width\" content=\"800\" \/>\n\t<meta property=\"og:image:height\" content=\"800\" \/>\n\t<meta property=\"og:image:type\" content=\"image\/png\" \/>\n<meta name=\"twitter:card\" content=\"summary_large_image\" \/>\n<script type=\"application\/ld+json\" class=\"yoast-schema-graph\">{\"@context\":\"https:\/\/schema.org\",\"@graph\":[{\"@type\":\"WebPage\",\"@id\":\"https:\/\/www.erresse-shop.it\/es\/shop\/pequenos-electrodomesticos\/parrillas-y-barbacoas\/smeg-placa-de-induccion-portatil-verde\/\",\"url\":\"https:\/\/www.erresse-shop.it\/es\/shop\/pequenos-electrodomesticos\/parrillas-y-barbacoas\/smeg-placa-de-induccion-portatil-verde\/\",\"name\":\"SMEG Placa de inducci\u00f3n port\u00e1til Verde - Erresse Shop\",\"isPartOf\":{\"@id\":\"https:\/\/www.erresse-shop.it\/es\/#website\"},\"datePublished\":\"2024-06-10T06:04:11+00:00\",\"dateModified\":\"2024-10-28T09:29:56+00:00\",\"description\":\"Placa de inducci\u00f3n port\u00e1til con sonda de temperatura externa, para controlar con precisi\u00f3n los resultados de la cocci\u00f3n y experimentar con preparaciones\",\"breadcrumb\":{\"@id\":\"https:\/\/www.erresse-shop.it\/es\/shop\/pequenos-electrodomesticos\/parrillas-y-barbacoas\/smeg-placa-de-induccion-portatil-verde\/#breadcrumb\"},\"inLanguage\":\"es\",\"potentialAction\":[{\"@type\":\"ReadAction\",\"target\":[\"https:\/\/www.erresse-shop.it\/es\/shop\/pequenos-electrodomesticos\/parrillas-y-barbacoas\/smeg-placa-de-induccion-portatil-verde\/\"]}]},{\"@type\":\"BreadcrumbList\",\"@id\":\"https:\/\/www.erresse-shop.it\/es\/shop\/pequenos-electrodomesticos\/parrillas-y-barbacoas\/smeg-placa-de-induccion-portatil-verde\/#breadcrumb\",\"itemListElement\":[{\"@type\":\"ListItem\",\"position\":1,\"name\":\"Home\",\"item\":\"https:\/\/www.erresse-shop.it\/es\/\"},{\"@type\":\"ListItem\",\"position\":2,\"name\":\"Shop\",\"item\":\"https:\/\/www.erresse-shop.it\/es\/shop\/\"},{\"@type\":\"ListItem\",\"position\":3,\"name\":\"SMEG Placa de inducci\u00f3n port\u00e1til Verde\"}]},{\"@type\":\"WebSite\",\"@id\":\"https:\/\/www.erresse-shop.it\/es\/#website\",\"url\":\"https:\/\/www.erresse-shop.it\/es\/\",\"name\":\"Erresse Shop\",\"description\":\"Articoli di qualit\u00e0 per la casa\",\"potentialAction\":[{\"@type\":\"SearchAction\",\"target\":{\"@type\":\"EntryPoint\",\"urlTemplate\":\"https:\/\/www.erresse-shop.it\/es\/?s={search_term_string}\"},\"query-input\":\"required name=search_term_string\"}],\"inLanguage\":\"es\"}]}<\/script>\n<!-- \/ Yoast SEO Premium plugin. -->","yoast_head_json":{"title":"SMEG Placa de inducci\u00f3n port\u00e1til Verde - Erresse Shop","description":"Placa de inducci\u00f3n port\u00e1til con sonda de temperatura externa, para controlar con precisi\u00f3n los resultados de la cocci\u00f3n y experimentar con preparaciones","robots":{"index":"index","follow":"follow","max-snippet":"max-snippet:-1","max-image-preview":"max-image-preview:large","max-video-preview":"max-video-preview:-1"},"canonical":"https:\/\/www.erresse-shop.it\/es\/shop\/pequenos-electrodomesticos\/parrillas-y-barbacoas\/smeg-placa-de-induccion-portatil-verde\/","og_locale":"es_ES","og_type":"article","og_title":"SMEG Placa de inducci\u00f3n port\u00e1til Verde","og_description":"Placa de inducci\u00f3n port\u00e1til con sonda de temperatura externa, para controlar con precisi\u00f3n los resultados de la cocci\u00f3n y experimentar con preparaciones","og_url":"https:\/\/www.erresse-shop.it\/es\/shop\/pequenos-electrodomesticos\/parrillas-y-barbacoas\/smeg-placa-de-induccion-portatil-verde\/","og_site_name":"Erresse Shop","article_modified_time":"2024-10-28T09:29:56+00:00","og_image":[{"width":800,"height":800,"url":"https:\/\/www.erresse-shop.it\/wp-content\/uploads\/2024\/05\/SMEG-Piastra-a-Induzione-Portatile.png","type":"image\/png"}],"twitter_card":"summary_large_image","schema":{"@context":"https:\/\/schema.org","@graph":[{"@type":"WebPage","@id":"https:\/\/www.erresse-shop.it\/es\/shop\/pequenos-electrodomesticos\/parrillas-y-barbacoas\/smeg-placa-de-induccion-portatil-verde\/","url":"https:\/\/www.erresse-shop.it\/es\/shop\/pequenos-electrodomesticos\/parrillas-y-barbacoas\/smeg-placa-de-induccion-portatil-verde\/","name":"SMEG Placa de inducci\u00f3n port\u00e1til Verde - Erresse Shop","isPartOf":{"@id":"https:\/\/www.erresse-shop.it\/es\/#website"},"datePublished":"2024-06-10T06:04:11+00:00","dateModified":"2024-10-28T09:29:56+00:00","description":"Placa de inducci\u00f3n port\u00e1til con sonda de temperatura externa, para controlar con precisi\u00f3n los resultados de la cocci\u00f3n y experimentar con preparaciones","breadcrumb":{"@id":"https:\/\/www.erresse-shop.it\/es\/shop\/pequenos-electrodomesticos\/parrillas-y-barbacoas\/smeg-placa-de-induccion-portatil-verde\/#breadcrumb"},"inLanguage":"es","potentialAction":[{"@type":"ReadAction","target":["https:\/\/www.erresse-shop.it\/es\/shop\/pequenos-electrodomesticos\/parrillas-y-barbacoas\/smeg-placa-de-induccion-portatil-verde\/"]}]},{"@type":"BreadcrumbList","@id":"https:\/\/www.erresse-shop.it\/es\/shop\/pequenos-electrodomesticos\/parrillas-y-barbacoas\/smeg-placa-de-induccion-portatil-verde\/#breadcrumb","itemListElement":[{"@type":"ListItem","position":1,"name":"Home","item":"https:\/\/www.erresse-shop.it\/es\/"},{"@type":"ListItem","position":2,"name":"Shop","item":"https:\/\/www.erresse-shop.it\/es\/shop\/"},{"@type":"ListItem","position":3,"name":"SMEG Placa de inducci\u00f3n port\u00e1til Verde"}]},{"@type":"WebSite","@id":"https:\/\/www.erresse-shop.it\/es\/#website","url":"https:\/\/www.erresse-shop.it\/es\/","name":"Erresse Shop","description":"Articoli di qualit\u00e0 per la casa","potentialAction":[{"@type":"SearchAction","target":{"@type":"EntryPoint","urlTemplate":"https:\/\/www.erresse-shop.it\/es\/?s={search_term_string}"},"query-input":"required name=search_term_string"}],"inLanguage":"es"}]}},"df_price":244.29999999999998,"df_sale_price":244.29999999999998,"df_regular_price":349,"df_image_link":"https:\/\/www.erresse-shop.it\/wp-content\/uploads\/2024\/05\/SMEG-Piastra-a-Induzione-Portatile-300x300.jpg","_links":{"self":[{"href":"https:\/\/www.erresse-shop.it\/es\/wp-json\/wp\/v2\/product\/412019"}],"collection":[{"href":"https:\/\/www.erresse-shop.it\/es\/wp-json\/wp\/v2\/product"}],"about":[{"href":"https:\/\/www.erresse-shop.it\/es\/wp-json\/wp\/v2\/types\/product"}],"wp:featuredmedia":[{"embeddable":true,"href":"https:\/\/www.erresse-shop.it\/es\/wp-json\/wp\/v2\/media\/489015"}],"wp:attachment":[{"href":"https:\/\/www.erresse-shop.it\/es\/wp-json\/wp\/v2\/media?parent=412019"}],"wp:term":[{"taxonomy":"product_cat","embeddable":true,"href":"https:\/\/www.erresse-shop.it\/es\/wp-json\/wp\/v2\/product_cat?post=412019"},{"taxonomy":"product_tag","embeddable":true,"href":"https:\/\/www.erresse-shop.it\/es\/wp-json\/wp\/v2\/product_tag?post=412019"}],"curies":[{"name":"wp","href":"https:\/\/api.w.org\/{rel}","templated":true}]}}