{"id":410304,"date":"2024-05-30T14:40:20","date_gmt":"2024-05-30T14:40:24","guid":{"rendered":"https:\/\/www.erresse-shop.it\/?post_type=product&#038;p=410304"},"modified":"2025-07-18T18:20:35","modified_gmt":"2025-07-18T18:20:35","slug":"stadler-form-finn-ventilador-movil","status":"publish","type":"product","link":"https:\/\/www.erresse-shop.it\/es\/shop\/pequenos-electrodomesticos\/ventiladores\/stadler-form-finn-ventilador-movil\/","title":{"rendered":"STADLER FORM Finn Ventilador m\u00f3vil"},"content":{"rendered":"<p><strong>Finn mobile informaci\u00f3n de producto<\/strong><\/p>\n<p>El ventilador Finn mobile es perfecto para los d\u00edas calurosos. Gracias a su bater\u00eda recargable y a su certificaci\u00f3n IP44, proporciona una brisa fresca tanto en interiores como en zonas exteriores cubiertas de forma silenciosa y energ\u00e9ticamente eficiente. Su funci\u00f3n de oscilaci\u00f3n horizontal, sus 8 niveles de velocidad con una distancia del viento de hasta 8 metros y su pr\u00e1ctico mando a distancia ofrecen una comodidad individual. Gracias al temporizador de desconexi\u00f3n de 1 a 8 horas, puede seleccionar el tiempo de funcionamiento de Finn mobile. El modo nocturno silencioso garantiza un sue\u00f1o reparador.<\/p>\n<ul>\n<li>En interiores y exteriores: Fresco en cualquier momento y lugar<\/li>\n<li>Funcionamiento inal\u00e1mbrico con bater\u00eda hasta 7 horas<\/li>\n<li>Refrigeraci\u00f3n vers\u00e1til y silenciosa con funci\u00f3n de oscilaci\u00f3n<\/li>\n<\/ul>\n<p><strong>Informaci\u00f3n t\u00e9cnica<\/strong><\/p>\n<p><strong>Sistema<\/strong> Ventilador de pedestal<br \/>\n<strong>Color:<\/strong> blanco<br \/>\n<strong>Capacidad:<\/strong> 361 m3\/h<br \/>\n<strong>Nivel de potencia:<\/strong> 8<br \/>\n<strong>Consumo de energ\u00eda<\/strong> 1,6 W &#8211; 28 W<br \/>\n<strong>Nivel de ruido:<\/strong> 24 &#8211; 53 dB(A)<br \/>\n<strong>Peso:<\/strong> 4,6 kg<br \/>\n<strong>Dimensiones:<\/strong> 349 x 954 x 226 mm<\/p>\n","protected":false},"excerpt":{"rendered":"<p>Finn mobile informaci\u00f3n de producto El ventilador Finn mobile es perfecto para los d\u00edas calurosos. Gracias a su bater\u00eda recargable<\/p>\n","protected":false},"featured_media":500683,"template":"","meta":{"_acf_changed":false,"inline_featured_image":false},"product_cat":[16073,25277],"product_tag":[25023],"acf":[],"yoast_head":"<!-- This site is optimized with the Yoast SEO Premium plugin v18.6 (Yoast SEO v19.13) - https:\/\/yoast.com\/wordpress\/plugins\/seo\/ -->\n<title>STADLER FORM Finn Ventilador m\u00f3vil - Erresse Shop<\/title>\n<meta name=\"description\" content=\"Finn mobile informaci\u00f3n de producto El ventilador Finn mobile es perfecto para los d\u00edas calurosos. Gracias a su bater\u00eda recargable y a su certificaci\u00f3n\" \/>\n<meta name=\"robots\" content=\"index, follow, max-snippet:-1, max-image-preview:large, max-video-preview:-1\" \/>\n<link rel=\"canonical\" href=\"https:\/\/www.erresse-shop.it\/es\/shop\/pequenos-electrodomesticos\/ventiladores\/stadler-form-finn-ventilador-movil\/\" \/>\n<meta property=\"og:locale\" content=\"es_ES\" \/>\n<meta property=\"og:type\" content=\"article\" \/>\n<meta property=\"og:title\" content=\"STADLER FORM Finn Ventilador m\u00f3vil\" \/>\n<meta property=\"og:description\" content=\"Finn mobile informaci\u00f3n de producto El ventilador Finn mobile es perfecto para los d\u00edas calurosos. Gracias a su bater\u00eda recargable y a su certificaci\u00f3n\" \/>\n<meta property=\"og:url\" content=\"https:\/\/www.erresse-shop.it\/es\/shop\/pequenos-electrodomesticos\/ventiladores\/stadler-form-finn-ventilador-movil\/\" \/>\n<meta property=\"og:site_name\" content=\"Erresse Shop\" \/>\n<meta property=\"article:modified_time\" content=\"2025-07-18T18:20:35+00:00\" \/>\n<meta property=\"og:image\" content=\"https:\/\/www.erresse-shop.it\/wp-content\/uploads\/2024\/05\/STADLER-FORM-Ventilatore-Finn.png\" \/>\n\t<meta property=\"og:image:width\" content=\"800\" \/>\n\t<meta property=\"og:image:height\" content=\"800\" \/>\n\t<meta property=\"og:image:type\" content=\"image\/png\" \/>\n<meta name=\"twitter:card\" content=\"summary_large_image\" \/>\n<script type=\"application\/ld+json\" class=\"yoast-schema-graph\">{\"@context\":\"https:\/\/schema.org\",\"@graph\":[{\"@type\":\"WebPage\",\"@id\":\"https:\/\/www.erresse-shop.it\/es\/shop\/pequenos-electrodomesticos\/ventiladores\/stadler-form-finn-ventilador-movil\/\",\"url\":\"https:\/\/www.erresse-shop.it\/es\/shop\/pequenos-electrodomesticos\/ventiladores\/stadler-form-finn-ventilador-movil\/\",\"name\":\"STADLER FORM Finn Ventilador m\u00f3vil - Erresse Shop\",\"isPartOf\":{\"@id\":\"https:\/\/www.erresse-shop.it\/es\/#website\"},\"datePublished\":\"2024-05-30T14:40:24+00:00\",\"dateModified\":\"2025-07-18T18:20:35+00:00\",\"description\":\"Finn mobile informaci\u00f3n de producto El ventilador Finn mobile es perfecto para los d\u00edas calurosos. Gracias a su bater\u00eda recargable y a su certificaci\u00f3n\",\"breadcrumb\":{\"@id\":\"https:\/\/www.erresse-shop.it\/es\/shop\/pequenos-electrodomesticos\/ventiladores\/stadler-form-finn-ventilador-movil\/#breadcrumb\"},\"inLanguage\":\"es\",\"potentialAction\":[{\"@type\":\"ReadAction\",\"target\":[\"https:\/\/www.erresse-shop.it\/es\/shop\/pequenos-electrodomesticos\/ventiladores\/stadler-form-finn-ventilador-movil\/\"]}]},{\"@type\":\"BreadcrumbList\",\"@id\":\"https:\/\/www.erresse-shop.it\/es\/shop\/pequenos-electrodomesticos\/ventiladores\/stadler-form-finn-ventilador-movil\/#breadcrumb\",\"itemListElement\":[{\"@type\":\"ListItem\",\"position\":1,\"name\":\"Home\",\"item\":\"https:\/\/www.erresse-shop.it\/es\/\"},{\"@type\":\"ListItem\",\"position\":2,\"name\":\"Shop\",\"item\":\"https:\/\/www.erresse-shop.it\/es\/shop\/\"},{\"@type\":\"ListItem\",\"position\":3,\"name\":\"STADLER FORM Finn Ventilador m\u00f3vil\"}]},{\"@type\":\"WebSite\",\"@id\":\"https:\/\/www.erresse-shop.it\/es\/#website\",\"url\":\"https:\/\/www.erresse-shop.it\/es\/\",\"name\":\"Erresse Shop\",\"description\":\"Articoli di qualit\u00e0 per la casa\",\"potentialAction\":[{\"@type\":\"SearchAction\",\"target\":{\"@type\":\"EntryPoint\",\"urlTemplate\":\"https:\/\/www.erresse-shop.it\/es\/?s={search_term_string}\"},\"query-input\":\"required name=search_term_string\"}],\"inLanguage\":\"es\"}]}<\/script>\n<!-- \/ Yoast SEO Premium plugin. -->","yoast_head_json":{"title":"STADLER FORM Finn Ventilador m\u00f3vil - Erresse Shop","description":"Finn mobile informaci\u00f3n de producto El ventilador Finn mobile es perfecto para los d\u00edas calurosos. Gracias a su bater\u00eda recargable y a su certificaci\u00f3n","robots":{"index":"index","follow":"follow","max-snippet":"max-snippet:-1","max-image-preview":"max-image-preview:large","max-video-preview":"max-video-preview:-1"},"canonical":"https:\/\/www.erresse-shop.it\/es\/shop\/pequenos-electrodomesticos\/ventiladores\/stadler-form-finn-ventilador-movil\/","og_locale":"es_ES","og_type":"article","og_title":"STADLER FORM Finn Ventilador m\u00f3vil","og_description":"Finn mobile informaci\u00f3n de producto El ventilador Finn mobile es perfecto para los d\u00edas calurosos. Gracias a su bater\u00eda recargable y a su certificaci\u00f3n","og_url":"https:\/\/www.erresse-shop.it\/es\/shop\/pequenos-electrodomesticos\/ventiladores\/stadler-form-finn-ventilador-movil\/","og_site_name":"Erresse Shop","article_modified_time":"2025-07-18T18:20:35+00:00","og_image":[{"width":800,"height":800,"url":"https:\/\/www.erresse-shop.it\/wp-content\/uploads\/2024\/05\/STADLER-FORM-Ventilatore-Finn.png","type":"image\/png"}],"twitter_card":"summary_large_image","schema":{"@context":"https:\/\/schema.org","@graph":[{"@type":"WebPage","@id":"https:\/\/www.erresse-shop.it\/es\/shop\/pequenos-electrodomesticos\/ventiladores\/stadler-form-finn-ventilador-movil\/","url":"https:\/\/www.erresse-shop.it\/es\/shop\/pequenos-electrodomesticos\/ventiladores\/stadler-form-finn-ventilador-movil\/","name":"STADLER FORM Finn Ventilador m\u00f3vil - Erresse Shop","isPartOf":{"@id":"https:\/\/www.erresse-shop.it\/es\/#website"},"datePublished":"2024-05-30T14:40:24+00:00","dateModified":"2025-07-18T18:20:35+00:00","description":"Finn mobile informaci\u00f3n de producto El ventilador Finn mobile es perfecto para los d\u00edas calurosos. Gracias a su bater\u00eda recargable y a su certificaci\u00f3n","breadcrumb":{"@id":"https:\/\/www.erresse-shop.it\/es\/shop\/pequenos-electrodomesticos\/ventiladores\/stadler-form-finn-ventilador-movil\/#breadcrumb"},"inLanguage":"es","potentialAction":[{"@type":"ReadAction","target":["https:\/\/www.erresse-shop.it\/es\/shop\/pequenos-electrodomesticos\/ventiladores\/stadler-form-finn-ventilador-movil\/"]}]},{"@type":"BreadcrumbList","@id":"https:\/\/www.erresse-shop.it\/es\/shop\/pequenos-electrodomesticos\/ventiladores\/stadler-form-finn-ventilador-movil\/#breadcrumb","itemListElement":[{"@type":"ListItem","position":1,"name":"Home","item":"https:\/\/www.erresse-shop.it\/es\/"},{"@type":"ListItem","position":2,"name":"Shop","item":"https:\/\/www.erresse-shop.it\/es\/shop\/"},{"@type":"ListItem","position":3,"name":"STADLER FORM Finn Ventilador m\u00f3vil"}]},{"@type":"WebSite","@id":"https:\/\/www.erresse-shop.it\/es\/#website","url":"https:\/\/www.erresse-shop.it\/es\/","name":"Erresse Shop","description":"Articoli di qualit\u00e0 per la casa","potentialAction":[{"@type":"SearchAction","target":{"@type":"EntryPoint","urlTemplate":"https:\/\/www.erresse-shop.it\/es\/?s={search_term_string}"},"query-input":"required name=search_term_string"}],"inLanguage":"es"}]}},"df_price":139.95,"df_sale_price":139.95,"df_regular_price":179,"df_image_link":"https:\/\/www.erresse-shop.it\/wp-content\/uploads\/2024\/05\/STADLER-FORM-Ventilatore-Finn-Mobile-1-300x300.jpg","_links":{"self":[{"href":"https:\/\/www.erresse-shop.it\/es\/wp-json\/wp\/v2\/product\/410304"}],"collection":[{"href":"https:\/\/www.erresse-shop.it\/es\/wp-json\/wp\/v2\/product"}],"about":[{"href":"https:\/\/www.erresse-shop.it\/es\/wp-json\/wp\/v2\/types\/product"}],"wp:featuredmedia":[{"embeddable":true,"href":"https:\/\/www.erresse-shop.it\/es\/wp-json\/wp\/v2\/media\/500683"}],"wp:attachment":[{"href":"https:\/\/www.erresse-shop.it\/es\/wp-json\/wp\/v2\/media?parent=410304"}],"wp:term":[{"taxonomy":"product_cat","embeddable":true,"href":"https:\/\/www.erresse-shop.it\/es\/wp-json\/wp\/v2\/product_cat?post=410304"},{"taxonomy":"product_tag","embeddable":true,"href":"https:\/\/www.erresse-shop.it\/es\/wp-json\/wp\/v2\/product_tag?post=410304"}],"curies":[{"name":"wp","href":"https:\/\/api.w.org\/{rel}","templated":true}]}}