{"id":409789,"date":"2024-05-29T13:43:56","date_gmt":"2024-05-29T13:44:00","guid":{"rendered":"https:\/\/www.erresse-shop.it\/?post_type=product&#038;p=409789"},"modified":"2025-06-02T19:38:21","modified_gmt":"2025-06-02T19:38:21","slug":"joseph-joseph-tota-laundry-basket-90-litros-ecru","status":"publish","type":"product","link":"https:\/\/www.erresse-shop.it\/es\/shop\/mobiliario\/cuarto-de-bano\/joseph-joseph-tota-laundry-basket-90-litros-ecru\/","title":{"rendered":"JOSEPH JOSEPH Tota Laundry Basket 90 litros Ecru"},"content":{"rendered":"<p>Joseph Joseph, el mayor fabricante mundial de productos de cocina y hogar.<br \/>\nFundada en 2003, Joseph Joseph combina un dise\u00f1o innovador con un estilo moderno.<br \/>\nEl uso del color caracteriza inequ\u00edvocamente los productos y el cuidado dise\u00f1o<br \/>\nlos hace absolutamente funcionales y pr\u00e1cticos.<\/p>\n<p><strong>Caracter\u00edsticas:<\/strong><br \/>\nDos compartimentos de 45 litros para separar f\u00e1cilmente los tejidos<br \/>\nBolsas de lona desmontables con asas f\u00e1ciles de transportar<br \/>\nEl asa en el fondo de las bolsas facilita el vaciado<br \/>\nRetorno r\u00e1pido: las bolsas se devuelven autom\u00e1ticamente a la cesta<br \/>\nPerfecto para dormitorios, ba\u00f1os o lavander\u00edas<br \/>\nViene con instrucciones de montaje completas<\/p>\n<p><strong>Precauciones y uso<\/strong><br \/>\nBolsas de tela &#8211; lavables a m\u00e1quina, consulte las instrucciones de lavado en la etiqueta, retire la protecci\u00f3n de pl\u00e1stico antes de lavar<br \/>\nTejido exterior: limpiar s\u00f3lo con un pa\u00f1o, no lavar a m\u00e1quina.<br \/>\nTapa, bordes y marco: limpiar con un pa\u00f1o h\u00famedo.<br \/>\nPrecauci\u00f3n: no se siente en la cesta ni coloque objetos pesados sobre ella.<br \/>\nMantener fuera del alcance de los ni\u00f1os<\/p>\n<p><strong>Dimensiones:<\/strong><br \/>\nH71 x W56 x D39.5 cm (H28 x W22\u00bc x D15\u00be pulgadas).<br \/>\nComposici\u00f3n del tejido:<br \/>\nBolsas de lona &#8211; 100% algod\u00f3n<br \/>\nExterior &#8211; 100% poli\u00e9ster<br \/>\n<strong>Dise\u00f1ado por Joseph Joseph<\/strong><\/p>\n","protected":false},"excerpt":{"rendered":"<p>Joseph Joseph, el mayor fabricante mundial de productos de cocina y hogar. Fundada en 2003, Joseph Joseph combina un dise\u00f1o<\/p>\n","protected":false},"featured_media":506934,"template":"","meta":{"_acf_changed":false,"inline_featured_image":false},"product_cat":[19017,16016],"product_tag":[25029,16225,21376,21373,21231,18478,21374,21375,25023],"acf":[],"yoast_head":"<!-- This site is optimized with the Yoast SEO Premium plugin v18.6 (Yoast SEO v19.13) - https:\/\/yoast.com\/wordpress\/plugins\/seo\/ -->\n<title>JOSEPH JOSEPH Tota Laundry Basket 90 litros Ecru - Erresse Shop<\/title>\n<meta name=\"description\" content=\"Joseph Joseph, el mayor fabricante mundial de productos de cocina y hogar. Fundada en 2003, Joseph Joseph combina un dise\u00f1o innovador con un estilo\" \/>\n<meta name=\"robots\" content=\"index, follow, max-snippet:-1, max-image-preview:large, max-video-preview:-1\" \/>\n<link rel=\"canonical\" href=\"https:\/\/www.erresse-shop.it\/es\/shop\/mobiliario\/cuarto-de-bano\/joseph-joseph-tota-laundry-basket-90-litros-ecru\/\" \/>\n<meta property=\"og:locale\" content=\"es_ES\" \/>\n<meta property=\"og:type\" content=\"article\" \/>\n<meta property=\"og:title\" content=\"JOSEPH JOSEPH Tota Laundry Basket 90 litros Ecru\" \/>\n<meta property=\"og:description\" content=\"Joseph Joseph, el mayor fabricante mundial de productos de cocina y hogar. Fundada en 2003, Joseph Joseph combina un dise\u00f1o innovador con un estilo\" \/>\n<meta property=\"og:url\" content=\"https:\/\/www.erresse-shop.it\/es\/shop\/mobiliario\/cuarto-de-bano\/joseph-joseph-tota-laundry-basket-90-litros-ecru\/\" \/>\n<meta property=\"og:site_name\" content=\"Erresse Shop\" \/>\n<meta property=\"article:modified_time\" content=\"2025-06-02T19:38:21+00:00\" \/>\n<meta property=\"og:image\" content=\"https:\/\/www.erresse-shop.it\/wp-content\/uploads\/2024\/05\/JOSEPH-JOSEPH-Tota-Cesto-da-Biancheria-90-litri-Ecru.png\" \/>\n\t<meta property=\"og:image:width\" content=\"800\" \/>\n\t<meta property=\"og:image:height\" content=\"800\" \/>\n\t<meta property=\"og:image:type\" content=\"image\/png\" \/>\n<meta name=\"twitter:card\" content=\"summary_large_image\" \/>\n<script type=\"application\/ld+json\" class=\"yoast-schema-graph\">{\"@context\":\"https:\/\/schema.org\",\"@graph\":[{\"@type\":\"WebPage\",\"@id\":\"https:\/\/www.erresse-shop.it\/es\/shop\/mobiliario\/cuarto-de-bano\/joseph-joseph-tota-laundry-basket-90-litros-ecru\/\",\"url\":\"https:\/\/www.erresse-shop.it\/es\/shop\/mobiliario\/cuarto-de-bano\/joseph-joseph-tota-laundry-basket-90-litros-ecru\/\",\"name\":\"JOSEPH JOSEPH Tota Laundry Basket 90 litros Ecru - Erresse Shop\",\"isPartOf\":{\"@id\":\"https:\/\/www.erresse-shop.it\/es\/#website\"},\"datePublished\":\"2024-05-29T13:44:00+00:00\",\"dateModified\":\"2025-06-02T19:38:21+00:00\",\"description\":\"Joseph Joseph, el mayor fabricante mundial de productos de cocina y hogar. Fundada en 2003, Joseph Joseph combina un dise\u00f1o innovador con un estilo\",\"breadcrumb\":{\"@id\":\"https:\/\/www.erresse-shop.it\/es\/shop\/mobiliario\/cuarto-de-bano\/joseph-joseph-tota-laundry-basket-90-litros-ecru\/#breadcrumb\"},\"inLanguage\":\"es\",\"potentialAction\":[{\"@type\":\"ReadAction\",\"target\":[\"https:\/\/www.erresse-shop.it\/es\/shop\/mobiliario\/cuarto-de-bano\/joseph-joseph-tota-laundry-basket-90-litros-ecru\/\"]}]},{\"@type\":\"BreadcrumbList\",\"@id\":\"https:\/\/www.erresse-shop.it\/es\/shop\/mobiliario\/cuarto-de-bano\/joseph-joseph-tota-laundry-basket-90-litros-ecru\/#breadcrumb\",\"itemListElement\":[{\"@type\":\"ListItem\",\"position\":1,\"name\":\"Home\",\"item\":\"https:\/\/www.erresse-shop.it\/es\/\"},{\"@type\":\"ListItem\",\"position\":2,\"name\":\"Shop\",\"item\":\"https:\/\/www.erresse-shop.it\/es\/shop\/\"},{\"@type\":\"ListItem\",\"position\":3,\"name\":\"JOSEPH JOSEPH Tota Laundry Basket 90 litros Ecru\"}]},{\"@type\":\"WebSite\",\"@id\":\"https:\/\/www.erresse-shop.it\/es\/#website\",\"url\":\"https:\/\/www.erresse-shop.it\/es\/\",\"name\":\"Erresse Shop\",\"description\":\"Articoli di qualit\u00e0 per la casa\",\"potentialAction\":[{\"@type\":\"SearchAction\",\"target\":{\"@type\":\"EntryPoint\",\"urlTemplate\":\"https:\/\/www.erresse-shop.it\/es\/?s={search_term_string}\"},\"query-input\":\"required name=search_term_string\"}],\"inLanguage\":\"es\"}]}<\/script>\n<!-- \/ Yoast SEO Premium plugin. -->","yoast_head_json":{"title":"JOSEPH JOSEPH Tota Laundry Basket 90 litros Ecru - Erresse Shop","description":"Joseph Joseph, el mayor fabricante mundial de productos de cocina y hogar. Fundada en 2003, Joseph Joseph combina un dise\u00f1o innovador con un estilo","robots":{"index":"index","follow":"follow","max-snippet":"max-snippet:-1","max-image-preview":"max-image-preview:large","max-video-preview":"max-video-preview:-1"},"canonical":"https:\/\/www.erresse-shop.it\/es\/shop\/mobiliario\/cuarto-de-bano\/joseph-joseph-tota-laundry-basket-90-litros-ecru\/","og_locale":"es_ES","og_type":"article","og_title":"JOSEPH JOSEPH Tota Laundry Basket 90 litros Ecru","og_description":"Joseph Joseph, el mayor fabricante mundial de productos de cocina y hogar. Fundada en 2003, Joseph Joseph combina un dise\u00f1o innovador con un estilo","og_url":"https:\/\/www.erresse-shop.it\/es\/shop\/mobiliario\/cuarto-de-bano\/joseph-joseph-tota-laundry-basket-90-litros-ecru\/","og_site_name":"Erresse Shop","article_modified_time":"2025-06-02T19:38:21+00:00","og_image":[{"width":800,"height":800,"url":"https:\/\/www.erresse-shop.it\/wp-content\/uploads\/2024\/05\/JOSEPH-JOSEPH-Tota-Cesto-da-Biancheria-90-litri-Ecru.png","type":"image\/png"}],"twitter_card":"summary_large_image","schema":{"@context":"https:\/\/schema.org","@graph":[{"@type":"WebPage","@id":"https:\/\/www.erresse-shop.it\/es\/shop\/mobiliario\/cuarto-de-bano\/joseph-joseph-tota-laundry-basket-90-litros-ecru\/","url":"https:\/\/www.erresse-shop.it\/es\/shop\/mobiliario\/cuarto-de-bano\/joseph-joseph-tota-laundry-basket-90-litros-ecru\/","name":"JOSEPH JOSEPH Tota Laundry Basket 90 litros Ecru - Erresse Shop","isPartOf":{"@id":"https:\/\/www.erresse-shop.it\/es\/#website"},"datePublished":"2024-05-29T13:44:00+00:00","dateModified":"2025-06-02T19:38:21+00:00","description":"Joseph Joseph, el mayor fabricante mundial de productos de cocina y hogar. Fundada en 2003, Joseph Joseph combina un dise\u00f1o innovador con un estilo","breadcrumb":{"@id":"https:\/\/www.erresse-shop.it\/es\/shop\/mobiliario\/cuarto-de-bano\/joseph-joseph-tota-laundry-basket-90-litros-ecru\/#breadcrumb"},"inLanguage":"es","potentialAction":[{"@type":"ReadAction","target":["https:\/\/www.erresse-shop.it\/es\/shop\/mobiliario\/cuarto-de-bano\/joseph-joseph-tota-laundry-basket-90-litros-ecru\/"]}]},{"@type":"BreadcrumbList","@id":"https:\/\/www.erresse-shop.it\/es\/shop\/mobiliario\/cuarto-de-bano\/joseph-joseph-tota-laundry-basket-90-litros-ecru\/#breadcrumb","itemListElement":[{"@type":"ListItem","position":1,"name":"Home","item":"https:\/\/www.erresse-shop.it\/es\/"},{"@type":"ListItem","position":2,"name":"Shop","item":"https:\/\/www.erresse-shop.it\/es\/shop\/"},{"@type":"ListItem","position":3,"name":"JOSEPH JOSEPH Tota Laundry Basket 90 litros Ecru"}]},{"@type":"WebSite","@id":"https:\/\/www.erresse-shop.it\/es\/#website","url":"https:\/\/www.erresse-shop.it\/es\/","name":"Erresse Shop","description":"Articoli di qualit\u00e0 per la casa","potentialAction":[{"@type":"SearchAction","target":{"@type":"EntryPoint","urlTemplate":"https:\/\/www.erresse-shop.it\/es\/?s={search_term_string}"},"query-input":"required name=search_term_string"}],"inLanguage":"es"}]}},"df_price":109.95,"df_sale_price":109.95,"df_regular_price":139.99,"df_image_link":"https:\/\/www.erresse-shop.it\/wp-content\/uploads\/2024\/05\/JOSEPH-JOSEPH-Tota-Cesto-da-Biancheria-90-litri-Ecru-300x300.jpg","_links":{"self":[{"href":"https:\/\/www.erresse-shop.it\/es\/wp-json\/wp\/v2\/product\/409789"}],"collection":[{"href":"https:\/\/www.erresse-shop.it\/es\/wp-json\/wp\/v2\/product"}],"about":[{"href":"https:\/\/www.erresse-shop.it\/es\/wp-json\/wp\/v2\/types\/product"}],"wp:featuredmedia":[{"embeddable":true,"href":"https:\/\/www.erresse-shop.it\/es\/wp-json\/wp\/v2\/media\/506934"}],"wp:attachment":[{"href":"https:\/\/www.erresse-shop.it\/es\/wp-json\/wp\/v2\/media?parent=409789"}],"wp:term":[{"taxonomy":"product_cat","embeddable":true,"href":"https:\/\/www.erresse-shop.it\/es\/wp-json\/wp\/v2\/product_cat?post=409789"},{"taxonomy":"product_tag","embeddable":true,"href":"https:\/\/www.erresse-shop.it\/es\/wp-json\/wp\/v2\/product_tag?post=409789"}],"curies":[{"name":"wp","href":"https:\/\/api.w.org\/{rel}","templated":true}]}}